{"id":6737,"date":"2023-12-12T15:03:25","date_gmt":"2023-12-12T14:03:25","guid":{"rendered":"https:\/\/antcube.shop\/product\/antcube-starter-set-fur-weberameisen-gros\/"},"modified":"2026-01-12T12:38:07","modified_gmt":"2026-01-12T11:38:07","slug":"conjunto-inicial-para-formigas-tecelas-grande","status":"publish","type":"product","link":"https:\/\/clone.antcube.shop\/pt\/produto\/conjunto-inicial-para-formigas-tecelas-grande\/","title":{"rendered":"ANTCUBE - Conjunto inicial para formigas tecel\u00e3s - grande"},"content":{"rendered":"<p><span data-text-color=\"alert\"><strong>O envio s\u00f3 \u00e9 poss\u00edvel atrav\u00e9s de reencaminhamento na palete.<\/strong><\/span><\/p>\n<p><strong>Conte\u00fado:<\/strong><br \/>\n1x Honeydew Mix (HT) - Recarga 10ml<br \/>\n1x Grilos inteiros escaldados<\/p>\n<p>1x ANTCUBE Arena 30x30x60 com porta de correr<br \/>\n1x moldura para arena de formigas 30\u00d730 - 5cm<br \/>\n1x cobertura de arena de formigas 30\u00d730<br \/>\n1x ponto de fixa\u00e7\u00e3o para a cobertura da arena (4pcs.)<\/p>\n<p>1x caixilho para porta de correr<br \/>\nPulverizador de garrafa 0,5 litro - bico de lat\u00e3o<br \/>\n1x Fotomural - floresta tropical - 30\u00d760 - alto<br \/>\n1x Base de formic\u00e1rio 30\u00d730 cm<\/p>\n<p>1x substrato floresta tropical 1 kg<br \/>\n2x Ficha Formicarium para furo de 50mm<br \/>\n3x inser\u00e7\u00e3o da grelha - 50mm - a\u00e7o inoxid\u00e1vel<br \/>\nMini termo-higr\u00f3metro digital - branco - autocolante<br \/>\n1x pin\u00e7a de a\u00e7o para molas de largura - macia<br \/>\n1x Pin\u00e7a pl\u00e1stica padr\u00e3o<br \/>\n1x \u00d3leo de prote\u00e7\u00e3o contra os surtos de formigas<br \/>\n1x bebedouro transparente 20ml - esponja<br \/>\n1x bebedouro 2ml - 360 graus<br \/>\n1x tigela transparente 1\u00d720 - esponja<br \/>\n1x lupa de m\u00e3o - 2x - 30mm<br \/>\n1x limpador de espuma 150x18x2,5mm<\/p>\n<p><strong>Descri\u00e7\u00e3o:<\/strong><br \/>\nEste conjunto inicial expans\u00edvel, especialmente para v\u00e1rias esp\u00e9cies de formigas tecel\u00e3s, tais como Polyrhachis spec. ou Oecophylla spec. inclui n\u00e3o s\u00f3 o formic\u00e1rio otimamente adaptado, mas tamb\u00e9m os acess\u00f3rios adequados para manter esta esp\u00e9cie de formiga.<\/p>\n<p>A porta deslizante na frente (abertura 150x200mm) facilita o trabalho no formic\u00e1rio, mesmo com col\u00f3nias grandes ou a planta\u00e7\u00e3o do formic\u00e1rio com uma planta hospedeira, por exemplo Oecophylla smaragdina. Podem ser ligados outros formic\u00e1rios atrav\u00e9s dos dois orif\u00edcios de 50 mm na parte lateral. As grelhas de a\u00e7o inoxid\u00e1vel proporcionam uma boa ventila\u00e7\u00e3o e s\u00e3o robustas contra impactos mec\u00e2nicos. O termo-higr\u00f3metro e o higr\u00f3metro no interior do sistema s\u00e3o absolutamente seguros para crian\u00e7as e animais de estima\u00e7\u00e3o e permitem um controlo f\u00e1cil dos valores clim\u00e1ticos. Se necess\u00e1rio, a humidade pode ser aumentada com o frasco de spray. O bebedouro transparente 20ml - esponja destina-se ao fornecimento de \u00e1gua fresca, o bebedouro 2ml - 360 graus para mel ou solu\u00e7\u00e3o de a\u00e7\u00facar.<\/p>\n<p><strong>Importante:<\/strong> Humede\u00e7a o substrato antes de usar, para que a mistura possa ser combinada e desenvolver uma fixa\u00e7\u00e3o firme na quinta das formigas. Al\u00e9m disso, um substrato demasiado seco e poeirento pode levar ao bloqueio das vias respirat\u00f3rias das formigas e, no pior dos casos, os animais sufocam.<\/p>\n<p><strong>Nota importante sobre o caixilho da porta de correr:<\/strong><br \/>\nO caixilho pode ser facilmente fixado aos parafusos que se encontram nas calhas da porta de correr. Para o efeito, desapertar cuidadosamente <strong>apenas<\/strong> as porcas no interior. \u00c9 necess\u00e1ria uma chave de fendas Phillips pequena (chave de fendas cruzada). Monte a estrutura e pendure-a no interior dos parafusos. Em seguida, volte a colocar cuidadosamente as porcas e <strong>em caso algum rodar com demasiada for\u00e7a,<\/strong> caso contr\u00e1rio, o vidro pode ficar danificado.<\/p>\n<p><strong>Notas sobre a produ\u00e7\u00e3o<\/strong><br \/>\nO vidro \u00e9 cortado de acordo com a norma DIN 1249 com uma toler\u00e2ncia de +\/- 1 mm. Para esp\u00e9cies de formigas extremamente pequenas, \u00e9 necess\u00e1ria uma prote\u00e7\u00e3o adicional contra a fuga.<\/p>\n<p><strong>Nota sobre o melado:<\/strong><br \/>\nConte\u00fado: 10 ml<br \/>\nEste \u00e9 um produto natural, que aperfei\u00e7o\u00e1mos ap\u00f3s extensos testes no nosso laborat\u00f3rio e desenvolvemos para ser um alimento muito bem aceite pelas formigas. A raz\u00e3o \u00e9 que o mel de melada n\u00e3o processado na sua forma original concentrada n\u00e3o \u00e9 bem aceite pelas formigas e o seu metabolismo.<br \/>\nA nossa melada foi recolhida nas florestas selvagens de montanha n\u00e3o polu\u00eddas da Bulg\u00e1ria. O melada \u00e9 produzido apenas num per\u00edodo muito limitado, de cerca de dois meses no Ver\u00e3o. Por conseguinte, \u00e9 muito raro. Devido \u00e0s caracter\u00edsticas espec\u00edficas do solo das florestas e do clima, foram armazenados nutrientes existencialmente importantes nas folhas das \u00e1rvores, que s\u00e3o absorvidos pelos af\u00eddeos. Isto \u00e9 o que torna esta mistura de melada t\u00e3o desej\u00e1vel para as formigas.<\/p>\n<p><strong>Aplica\u00e7\u00e3o:<\/strong><br \/>\nA quantidade de alimentos deve ser consumida no prazo de cerca de 3 dias.<\/p>\n<p><strong>Descri\u00e7\u00e3o:<\/strong><br \/>\nO mel de mel, ao contr\u00e1rio do mel de flores, \u00e9 derivado de secre\u00e7\u00f5es de insectos sugadores de plantas como os af\u00eddeos. O mel de mel \u00e9 uma fonte alimentar favorita de muitos insectos tais como formigas, abelhas, e at\u00e9 mesmo abelhas. As abelhas e os abelh\u00f5es lambem-no das folhas ou agulhas de diferentes \u00e1rvores. Formigas como o Lasius niger mant\u00eam os af\u00eddeos regularmente. Defendem-nos at\u00e9 contra predadores e transportam-nos para rebentos frescos.<\/p>\n<p>O mel \u00e9 popular entre as formigas, principalmente devido aos seus componentes um pouco diferentes. Os principais a\u00e7\u00facares no mel-dew s\u00e3o a sacarose e a frutose, mas tamb\u00e9m est\u00e3o presentes pequenas quantidades de maltose, trealose, melezitose, rafinose e outros oligossacar\u00eddeos. Al\u00e9m de a\u00e7\u00facares e \u00e1gua, a melada cont\u00e9m tamb\u00e9m amino\u00e1cidos, minerais, oligoelementos, fosfatos de adenosina e outros ingredientes, tais como vitaminas.<\/p>\n<p><strong>Utiliza\u00e7\u00f5es:<\/strong><br \/>\nPara esp\u00e9cies de formiga comedora de mel (Meliphagidae).<br \/>\nTrata-se de um alimento complementar<br \/>\nPode ser oferecido aos animais no estado de entrega. Uma vez que a humidade reduz a concentra\u00e7\u00e3o de a\u00e7\u00facar e inicia um processo de fermenta\u00e7\u00e3o, o alimento deve ser mudado de 3 em 3 dias. Limpar bem o comedouro\/tubo antes de o voltar a utilizar.<br \/>\nUm pacote aberto deve ser utilizado bem fechado at\u00e9 \u00e0 data indicada (melhor antes da data).<\/p>\n<p><strong>Valores nutricionais por 100 g:<\/strong><br \/>\naprox. 2,7 % gorduras<br \/>\ndo mesmo saturado ca. 0,45 %<br \/>\nca 95 % hidratos de carbono<br \/>\ndo seu a\u00e7\u00facar ca. 71%<br \/>\naprox. 2.85% prote\u00edna<br \/>\nMinerais (pot\u00e1ssio, c\u00e1lcio, cobre, ferro, s\u00f3dio, magn\u00e9sio, f\u00f3sforo, zinco e outros oligoelementos) Amino\u00e1cidos (prolina, leucina, fenilalanina, alanina, histidina, isoleucina, \u00e1cido glut\u00e2mico, arginina, \u00e1cido asp\u00e1rtico, etc.) \u00c1cidos org\u00e2nicos Enzimas (fermentos)Aromas Inibidores (subst\u00e2ncias antibacterianas) P\u00f3len floral<\/p>\n<p><strong>Armazenamento:<\/strong><br \/>\nPara garantir a qualidade dos alimentos, estes devem ser armazenados num local escuro e seco.<\/p>\n<p><strong>Aviso:<\/strong><br \/>\nAlimento suplementar para formigas comedoras de mel.<br \/>\nConsulte o folheto informativo sobre a composi\u00e7\u00e3o, ingredientes anal\u00edticos, data de validade e n\u00famero do lote.<\/p>\n<p>Linha direta de informa\u00e7\u00f5es +49 30 439703870<\/p>\n<p><strong>Autoridade veterin\u00e1ria e de supervis\u00e3o alimentar respons\u00e1vel:<\/strong><br \/>\nEscrit\u00f3rio Veterin\u00e1rio Steglitz<br \/>\nK\u00f6nigin-Luise-Str. 92<br \/>\n14195 Berlim<\/p>\n<p><strong>Nota sobre os grilos escaldados:<\/strong><br \/>\nOs nossos Grilo Coberto s\u00e3o uma forma f\u00e1cil de fornecer \u00e0s suas formigas alimentos proteicos recentemente preservados sem ter de alimentar insectos vivos. Os grilos inclu\u00eddos (Acheta domesticus) foram suavemente branqueados para garantir que o valor nutricional, sabor e aroma sejam preservados. Al\u00e9m disso, a casca quitinosa dos insectos \u00e9 amaciada desta forma, de modo a poder ser digerida mais facilmente. Os compostos das prote\u00ednas do colag\u00e9nio s\u00e3o decompostos para que as formigas possam utiliz\u00e1-los melhor. As conservas de Acheta domesticus t\u00eam o mesmo valor nutricional que os grilos vivos, mas s\u00e3o mais f\u00e1ceis de digerir.<\/p>\n<p>Os grilos escaldados n\u00e3o s\u00e3o adequados para ca\u00e7ar esp\u00e9cies de formigas que necessitam de alimento vivo (por exemplo, ponerines (formigas primordiais) como Harpegnathos ou Odontomachus).<\/p>\n<p><strong>Outras vantagens:<\/strong><br \/>\nGarantia de aus\u00eancia de \u00e1caros<br \/>\nPorcion\u00e1vel<br \/>\nEsterilizado e aspirado<br \/>\nSem aditivos<br \/>\nGrilos de cria\u00e7\u00e3o sustent\u00e1vel puramente org\u00e2nica, alimentados com res\u00edduos org\u00e2nicos<\/p>\n<p><strong>Aviso:<\/strong><br \/>\nUma vez aberto, mant\u00e9m-se durante cerca de quatro dias no frigor\u00edfico. Maior tempo de conserva\u00e7\u00e3o se congelado.<\/p>","protected":false},"excerpt":{"rendered":"<p>O conjunto \u00e9 composto por 25 pe\u00e7as.<br \/>\nTamanho: XL<\/p>","protected":false},"featured_media":6710,"comment_status":"open","ping_status":"closed","template":"","meta":{"_acf_changed":false,"content-type":"","_monsterinsights_skip_tracking":false,"_monsterinsights_sitenote_active":false,"_monsterinsights_sitenote_note":"","_monsterinsights_sitenote_category":0},"product_brand":[],"product_cat":[354,73],"product_tag":[],"class_list":{"0":"post-6737","1":"product","2":"type-product","3":"status-publish","4":"has-post-thumbnail","6":"product_cat-starter-sets-for-weaver-ants","7":"product_cat-starter-sets","8":"product_shipping_class-forwarding-on-pallet","10":"first","11":"instock","12":"taxable","13":"shipping-taxable","14":"purchasable","15":"product-type-simple"},"acf":[],"aioseo_notices":[],"jetpack_sharing_enabled":true,"_links":{"self":[{"href":"https:\/\/clone.antcube.shop\/pt\/wp-json\/wp\/v2\/product\/6737","targetHints":{"allow":["GET"]}}],"collection":[{"href":"https:\/\/clone.antcube.shop\/pt\/wp-json\/wp\/v2\/product"}],"about":[{"href":"https:\/\/clone.antcube.shop\/pt\/wp-json\/wp\/v2\/types\/product"}],"replies":[{"embeddable":true,"href":"https:\/\/clone.antcube.shop\/pt\/wp-json\/wp\/v2\/comments?post=6737"}],"wp:featuredmedia":[{"embeddable":true,"href":"https:\/\/clone.antcube.shop\/pt\/wp-json\/wp\/v2\/media\/6710"}],"wp:attachment":[{"href":"https:\/\/clone.antcube.shop\/pt\/wp-json\/wp\/v2\/media?parent=6737"}],"wp:term":[{"taxonomy":"product_brand","embeddable":true,"href":"https:\/\/clone.antcube.shop\/pt\/wp-json\/wp\/v2\/product_brand?post=6737"},{"taxonomy":"product_cat","embeddable":true,"href":"https:\/\/clone.antcube.shop\/pt\/wp-json\/wp\/v2\/product_cat?post=6737"},{"taxonomy":"product_tag","embeddable":true,"href":"https:\/\/clone.antcube.shop\/pt\/wp-json\/wp\/v2\/product_tag?post=6737"}],"curies":[{"name":"wp","href":"https:\/\/api.w.org\/{rel}","templated":true}]}}