{"id":702,"date":"2021-08-17T10:58:14","date_gmt":"2021-08-17T08:58:14","guid":{"rendered":"https:\/\/antcube.shop\/?page_id=702"},"modified":"2024-09-09T17:06:06","modified_gmt":"2024-09-09T15:06:06","slug":"catch-queen-ants-2","status":"publish","type":"page","link":"https:\/\/clone.antcube.shop\/ro\/catch-queen-ants-2\/","title":{"rendered":"Prinderea furnicilor regine"},"content":{"rendered":"<div id=\"gap-1674751857\" class=\"gap-element clearfix\" style=\"display:block; height:auto;\">\n\t\t\n<style>\n#gap-1674751857 {\n  padding-top: 177px;\n}\n@media (min-width:550px) {\n  #gap-1674751857 {\n    padding-top: 178px;\n  }\n}\n@media (min-width:850px) {\n  #gap-1674751857 {\n    padding-top: 75px;\n  }\n}\n<\/style>\n\t<\/div>\n\t\n\n\n  <div class=\"banner has-hover\" id=\"banner-612756652\">\n          <div class=\"banner-inner fill\">\n        <div class=\"banner-bg fill\" >\n            <img loading=\"lazy\" decoding=\"async\" width=\"1020\" height=\"571\" src=\"https:\/\/i0.wp.com\/clone.antcube.shop\/wp-content\/uploads\/2021\/09\/Screenshot-2021-09-16-150304.png?fit=1020%2C571&amp;ssl=1\" class=\"bg attachment-large size-large\" alt=\"Cum s\u0103 prinde\u021bi o furnic\u0103 regin\u0103 cu un tub de testare \u0219i o penset\u0103 de o\u021bel cu arc\" \/>                        <div class=\"overlay\"><\/div>            \n                    <\/div>\n\t\t\n        <div class=\"banner-layers container\">\n            <div class=\"fill banner-link\"><\/div>            \n\n   <div id=\"text-box-1008370861\" class=\"text-box banner-layer x50 md-x50 lg-x50 y50 md-y50 lg-y50 res-text\">\n                                <div class=\"text-box-content text dark text-shadow-3\">\n              \n              <div class=\"text-inner text-center\">\n                  \n\n<h3 class=\"uppercase\"><strong>cum s\u0103 prinzi propria furnic\u0103 regin\u0103<\/strong><\/h3>\n\n              <\/div>\n           <\/div>\n                            \n<style>\n#text-box-1008370861 {\n  width: 60%;\n}\n#text-box-1008370861 .text-box-content {\n  font-size: 100%;\n}\n<\/style>\n    <\/div>\n \n\n        <\/div>\n      <\/div>\n\n            \n<style>\n#banner-612756652 {\n  padding-top: 400px;\n}\n#banner-612756652 .overlay {\n  background-color: rgba(0, 0, 0, 0.17);\n}\n#banner-612756652 .banner-bg img {\n  object-position: 56% 82%;\n}\n@media (min-width:550px) {\n  #banner-612756652 {\n    padding-top: 500px;\n  }\n}\n<\/style>\n  <\/div>\n\n\n\t<div id=\"gap-63536624\" class=\"gap-element clearfix\" style=\"display:block; height:auto;\">\n\t\t\n<style>\n#gap-63536624 {\n  padding-top: 30px;\n}\n<\/style>\n\t<\/div>\n\t\n\n<div class=\"row\"  id=\"row-833795773\">\n\n\n\t<div id=\"col-1982757779\" class=\"col medium-6 small-12 large-6\"  >\n\t\t\t\t<div class=\"col-inner\"  >\n\t\t\t\n\t\t\t\n\n<h3>Prinde\u021bi-v\u0103 propria regin\u0103 furnic\u0103<\/h3>\n<p>Dac\u0103 dori\u021bi s\u0103 v\u0103 prinde\u021bi propria furnic\u0103 regin\u0103, este nevoie fie de noroc, fie de preg\u0103tire \u0219i cercetare.\u00a0<\/p>\n<p>Furnicile \u00ee\u0219i fac de obicei zborul nup\u021bial o dat\u0103 pe an. Numai \u00een acest moment colonia formeaz\u0103 a\u0219a-numitele animale reproductive, adic\u0103 regine tinere \u0219i tr\u00e2ntori (furnici masculi). Acestea sunt singurele furnici capabile s\u0103 zboare. Reginele \u00ee\u0219i pierd aripile dup\u0103 ce s-au \u00eemperecheat cu unul sau mai mul\u021bi masculi. Masculii mor dup\u0103 o perioad\u0103 scurt\u0103 de timp (maximum c\u00e2teva zile), indiferent dac\u0103 s-au \u00eemperecheat sau nu. <br \/>Dup\u0103 ce tinerele regine \u0219i-au \u00eencheiat zborul nup\u021bial, ele caut\u0103 un loc potrivit pentru a-\u0219i stabili colonia. \u00ce\u0219i pierd aripile \u0219i \u00eencep s\u0103 se \u00eengroape. Acesta este momentul perfect pentru a le colecta. C\u00e2nd nu mai au aripi, pute\u021bi fi siguri c\u0103 s-au \u00eemperecheat.<\/p>\n<p>Cel mai bun mod de a le colecta este de a folosi o penset\u0103 din o\u021bel cu arc. Cu acestea pute\u021bi apuca animalele f\u0103r\u0103 s\u0103 le r\u0103ni\u021bi.<\/p>\n<p>A\u0219eza\u021bi-le \u00eentr-o eprubet\u0103 sau \u00eentr-o cutie mic\u0103 cu g\u0103uri pentru ventila\u021bie. Unele specii trebuie transportate individual, altele pot fi \u021binute \u00eempreun\u0103 pentru o perioad\u0103 scurt\u0103 de timp \u00eentr-un container, deoarece sunt mai pu\u021bin agresive \u00eentre ele. Speciile diferite ar trebui s\u0103 fie \u00eentotdeauna \u021binute separat.<\/p>\n<p>Pentru a afla c\u00e2nd \u0219i unde v\u0103 pute\u021bi g\u0103si furnicile regin\u0103, exist\u0103 acum multe \"diagrame de zboruri nup\u021biale\" online. Mai jos, pe aceast\u0103 pagin\u0103, v\u0103 oferim dou\u0103 exemple.<\/p>\n<p>V\u0103 rug\u0103m s\u0103 v\u0103 asigura\u021bi c\u0103 nu colecta\u021bi o specie protejat\u0103 sau pe cale de dispari\u021bie; exist\u0103 mai mult dec\u00e2t suficiente specii \u00een toate \u021b\u0103rile lumii care au popula\u021bii foarte s\u0103n\u0103toase.<\/p>\n<p><strong>Grafic de zbor nup\u021bial \u00een limba german\u0103:<\/strong><\/p>\n<p><a href=\"https:\/\/www.ameisenforum.de\/schwarmflug.php\">Ameisenforum.de<\/a><\/p>\n<p><strong>Grafic de zbor nup\u021bial \u00een limba englez\u0103:<\/strong><\/p>\n<p><a href=\"https:\/\/antflights.com\/stats\/flights\">Antflights.com<\/a><\/p>\n\n\t\t<\/div>\n\t\t\t\t\t<\/div>\n\n\t\n\n\t<div id=\"col-1106899519\" class=\"col medium-6 small-12 large-6\"  >\n\t\t\t\t<div class=\"col-inner\"  >\n\t\t\t\n\t\t\t\n\n\t<div class=\"img has-hover x md-x lg-x y md-y lg-y\" id=\"image_740738943\">\n\t\t<a class=\"image-lightbox lightbox-gallery\" title=\"\" href=\"https:\/\/i0.wp.com\/clone.antcube.shop\/wp-content\/uploads\/2021\/07\/Lasius-niger.jpg?ssl=1\">\t\t\t\t\t\t<div class=\"img-inner dark\" >\n\t\t\t<img data-recalc-dims=\"1\" loading=\"lazy\" decoding=\"async\" width=\"1000\" height=\"1000\" src=\"https:\/\/i0.wp.com\/clone.antcube.shop\/wp-content\/uploads\/2021\/07\/Lasius-niger.jpg?resize=1000%2C1000&#038;ssl=1\" class=\"attachment-original size-original\" alt=\"Lasius niger regina furnic\u0103 macro pe fundal alb\" srcset=\"https:\/\/i0.wp.com\/clone.antcube.shop\/wp-content\/uploads\/2021\/07\/Lasius-niger.jpg?w=1000&amp;ssl=1 1000w, https:\/\/i0.wp.com\/clone.antcube.shop\/wp-content\/uploads\/2021\/07\/Lasius-niger.jpg?resize=247%2C247&amp;ssl=1 247w, https:\/\/i0.wp.com\/clone.antcube.shop\/wp-content\/uploads\/2021\/07\/Lasius-niger.jpg?resize=100%2C100&amp;ssl=1 100w, https:\/\/i0.wp.com\/clone.antcube.shop\/wp-content\/uploads\/2021\/07\/Lasius-niger.jpg?resize=510%2C510&amp;ssl=1 510w, https:\/\/i0.wp.com\/clone.antcube.shop\/wp-content\/uploads\/2021\/07\/Lasius-niger.jpg?resize=400%2C400&amp;ssl=1 400w, https:\/\/i0.wp.com\/clone.antcube.shop\/wp-content\/uploads\/2021\/07\/Lasius-niger.jpg?resize=800%2C800&amp;ssl=1 800w, https:\/\/i0.wp.com\/clone.antcube.shop\/wp-content\/uploads\/2021\/07\/Lasius-niger.jpg?resize=280%2C280&amp;ssl=1 280w, https:\/\/i0.wp.com\/clone.antcube.shop\/wp-content\/uploads\/2021\/07\/Lasius-niger.jpg?resize=768%2C768&amp;ssl=1 768w\" sizes=\"auto, (max-width: 1000px) 100vw, 1000px\" \/>\t\t\t\t\t\t\n\t\t\t\t\t<\/div>\n\t\t\t\t\t\t<\/a>\t\t\n<style>\n#image_740738943 {\n  width: 100%;\n}\n<\/style>\n\t<\/div>\n\t\n\n\t<div id=\"text-4287652422\" class=\"text\">\n\t\t\n\n<p>Lasius niger regina<\/p>\n\t\t\n<style>\n#text-4287652422 {\n  text-align: center;\n}\n<\/style>\n\t<\/div>\n\t\n\n\t\t<\/div>\n\t\t\t\t\t<\/div>\n\n\t\n\n<\/div>","protected":false},"excerpt":{"rendered":"","protected":false},"author":1,"featured_media":0,"parent":0,"menu_order":0,"comment_status":"closed","ping_status":"closed","template":"","meta":{"_acf_changed":false,"content-type":"","_monsterinsights_skip_tracking":false,"_monsterinsights_sitenote_active":false,"_monsterinsights_sitenote_note":"","_monsterinsights_sitenote_category":0,"footnotes":""},"class_list":["post-702","page","type-page","status-publish","hentry"],"acf":[],"aioseo_notices":[],"jetpack_sharing_enabled":true,"_links":{"self":[{"href":"https:\/\/clone.antcube.shop\/ro\/wp-json\/wp\/v2\/pages\/702","targetHints":{"allow":["GET"]}}],"collection":[{"href":"https:\/\/clone.antcube.shop\/ro\/wp-json\/wp\/v2\/pages"}],"about":[{"href":"https:\/\/clone.antcube.shop\/ro\/wp-json\/wp\/v2\/types\/page"}],"author":[{"embeddable":true,"href":"https:\/\/clone.antcube.shop\/ro\/wp-json\/wp\/v2\/users\/1"}],"replies":[{"embeddable":true,"href":"https:\/\/clone.antcube.shop\/ro\/wp-json\/wp\/v2\/comments?post=702"}],"version-history":[{"count":10,"href":"https:\/\/clone.antcube.shop\/ro\/wp-json\/wp\/v2\/pages\/702\/revisions"}],"predecessor-version":[{"id":9149,"href":"https:\/\/clone.antcube.shop\/ro\/wp-json\/wp\/v2\/pages\/702\/revisions\/9149"}],"wp:attachment":[{"href":"https:\/\/clone.antcube.shop\/ro\/wp-json\/wp\/v2\/media?parent=702"}],"curies":[{"name":"wp","href":"https:\/\/api.w.org\/{rel}","templated":true}]}}