{"id":899,"date":"2021-08-22T15:12:45","date_gmt":"2021-08-22T13:12:45","guid":{"rendered":"https:\/\/antcube.shop\/?page_id=899"},"modified":"2023-12-14T13:30:00","modified_gmt":"2023-12-14T12:30:00","slug":"faq-shop","status":"publish","type":"page","link":"https:\/\/clone.antcube.shop\/ro\/faq-shop\/","title":{"rendered":"FAQ Magazin"},"content":{"rendered":"<div id=\"gap-2114384263\" class=\"gap-element clearfix\" style=\"display:block; height:auto;\">\n\t\t\n<style>\n#gap-2114384263 {\n  padding-top: 200px;\n}\n@media (min-width:850px) {\n  #gap-2114384263 {\n    padding-top: 175px;\n  }\n}\n<\/style>\n\t<\/div>\n\t\n\n\t<div id=\"text-4174239519\" class=\"text\">\n\t\t\n\n<h1>FAQ Magazin \u00a0<\/h1>\n<h2>\u00centreb\u0103ri frecvente despre produsele noastre sau despre magazinul nostru \u00een general<\/h2>\n\t\t\n<style>\n#text-4174239519 {\n  text-align: center;\n}\n<\/style>\n\t<\/div>\n\t\n<div class=\"row align-center\"  id=\"row-392423130\">\n\n\n\t<div id=\"col-1043152168\" class=\"col small-12 large-12\"  >\n\t\t\t\t<div class=\"col-inner\"  >\n\t\t\t\n\t\t\t\n\n<div class=\"accordion\">\n\n\t<div id=\"accordion-40135607\" class=\"accordion-item\">\n\t\t<a id=\"accordion-40135607-label\" class=\"accordion-title plain\" href=\"#accordion-item-you-do-not-know-what-ant-species-to-keep-or-which-formicarium-you-should-use?\" aria-expanded=\"false\" aria-controls=\"accordion-40135607-content\">\n\t\t\t<button class=\"toggle\" aria-label=\"Toggle\"><i class=\"icon-angle-down\" aria-hidden=\"true\"><\/i><\/button>\n\t\t\t<span>Nu \u0219ti\u021bi ce specii de furnici s\u0103 p\u0103stra\u021bi sau ce formicarium s\u0103 folosi\u021bi?<\/span>\n\t\t<\/a>\n\t\t<div id=\"accordion-40135607-content\" class=\"accordion-inner\" aria-labelledby=\"accordion-40135607-label\">\n\t\t\t\n\n<p>\u00cencerca\u021bi \"Furnica Finder\" sau \"Formicarium Finder\" - Serviciul nostru online pentru clien\u021bi<\/p>\n<p><a href=\"https:\/\/clone.antcube.shop\/ant-finder\/\">G\u0103se\u0219te-\u021bi specia de furnici<\/a><\/p>\n<p><a href=\"https:\/\/clone.antcube.shop\/formicarium-finder\/\">G\u0103se\u0219te-\u021bi Formicarium<\/a><\/p>\n\n\t\t<\/div>\n\t<\/div>\n\t\n\t<div id=\"accordion-1201922841\" class=\"accordion-item\">\n\t\t<a id=\"accordion-1201922841-label\" class=\"accordion-title plain\" href=\"#accordion-item-what-are-the-delivery-times-and-charges-for-orders-from-the-online-shop?\" aria-expanded=\"false\" aria-controls=\"accordion-1201922841-content\">\n\t\t\t<button class=\"toggle\" aria-label=\"Toggle\"><i class=\"icon-angle-down\" aria-hidden=\"true\"><\/i><\/button>\n\t\t\t<span>Care sunt termenele \u0219i taxele de livrare pentru comenzile din magazinul online?<\/span>\n\t\t<\/a>\n\t\t<div id=\"accordion-1201922841-content\" class=\"accordion-inner\" aria-labelledby=\"accordion-1201922841-label\">\n\t\t\t\n\n<p>Pute\u021bi g\u0103si informa\u021bii despre termenele de livrare estimate aici:<\/p>\n<p><a href=\"https:\/\/clone.antcube.shop\/delivery-times\/\">Timpii de livrare<\/a><\/p>\n<p>Dac\u0103 dori\u021bi s\u0103 afla\u021bi despre costurile estimate de transport \u0219i restric\u021biile de livrare, v\u0103 rug\u0103m s\u0103 v\u0103 uita\u021bi aici:<\/p>\n<p><a href=\"https:\/\/clone.antcube.shop\/shipping-costs-delivery-restrictions\/\">Costuri de expediere\/restric\u021bii de livrare<\/a><\/p>\n\n\t\t<\/div>\n\t<\/div>\n\t\n\t<div id=\"accordion-1768662321\" class=\"accordion-item\">\n\t\t<a id=\"accordion-1768662321-label\" class=\"accordion-title plain\" href=\"#accordion-item-you-have-questions-about-returns-or-refunds?\" aria-expanded=\"false\" aria-controls=\"accordion-1768662321-content\">\n\t\t\t<button class=\"toggle\" aria-label=\"Toggle\"><i class=\"icon-angle-down\" aria-hidden=\"true\"><\/i><\/button>\n\t\t\t<span>Ave\u021bi \u00eentreb\u0103ri despre retururi sau ramburs\u0103ri?<\/span>\n\t\t<\/a>\n\t\t<div id=\"accordion-1768662321-content\" class=\"accordion-inner\" aria-labelledby=\"accordion-1768662321-label\">\n\t\t\t\n\n<p><a href=\"https:\/\/clone.antcube.shop\/refund-policy\/\">Politica de rambursare<\/a><\/p>\n<p><a href=\"https:\/\/clone.antcube.shop\/terms-and-conditions\/\">Termeni \u0219i condi\u021bii<\/a><\/p>\n\n\t\t<\/div>\n\t<\/div>\n\t\n\t<div id=\"accordion-4046192856\" class=\"accordion-item\">\n\t\t<a id=\"accordion-4046192856-label\" class=\"accordion-title plain\" href=\"#accordion-item-which-payment-methods-are-accepted-in-the-online-shop?\" aria-expanded=\"false\" aria-controls=\"accordion-4046192856-content\">\n\t\t\t<button class=\"toggle\" aria-label=\"Toggle\"><i class=\"icon-angle-down\" aria-hidden=\"true\"><\/i><\/button>\n\t\t\t<span>Ce metode de plat\u0103 sunt acceptate \u00een magazinul online?<\/span>\n\t\t<\/a>\n\t\t<div id=\"accordion-4046192856-content\" class=\"accordion-inner\" aria-labelledby=\"accordion-4046192856-label\">\n\t\t\t\n\n<p>Pute\u021bi g\u0103si o prezentare general\u0103 a metodelor de plat\u0103 acceptate aici:<\/p>\n<p><a href=\"https:\/\/clone.antcube.shop\/payment-methods\/\">Metode de plat\u0103<\/a><\/p>\n\n\t\t<\/div>\n\t<\/div>\n\t\n\t<div id=\"accordion-4272105019\" class=\"accordion-item\">\n\t\t<a id=\"accordion-4272105019-label\" class=\"accordion-title plain\" href=\"#accordion-item-you-are-looking-for-user-manuals-for-your-starter-set?\" aria-expanded=\"false\" aria-controls=\"accordion-4272105019-content\">\n\t\t\t<button class=\"toggle\" aria-label=\"Toggle\"><i class=\"icon-angle-down\" aria-hidden=\"true\"><\/i><\/button>\n\t\t\t<span>C\u0103uta\u021bi manuale de utilizare pentru setul dvs. de pornire?<\/span>\n\t\t<\/a>\n\t\t<div id=\"accordion-4272105019-content\" class=\"accordion-inner\" aria-labelledby=\"accordion-4272105019-label\">\n\t\t\t\n\n<p>G\u0103si\u021bi aici manuale de utilizare \u00een format PDF pe care s\u0103 le imprima\u021bi sau s\u0103 le desc\u0103rca\u021bi:<\/p>\n<p><a href=\"https:\/\/clone.antcube.shop\/download\/\">Desc\u0103rca\u021bi<\/a><\/p>\n\n\t\t<\/div>\n\t<\/div>\n\t\n\t<div id=\"accordion-3457118175\" class=\"accordion-item\">\n\t\t<a id=\"accordion-3457118175-label\" class=\"accordion-title plain\" href=\"#accordion-item-you-need-more-information-about-certain-ant-species-or-ant-keeping-in-general?\" aria-expanded=\"false\" aria-controls=\"accordion-3457118175-content\">\n\t\t\t<button class=\"toggle\" aria-label=\"Toggle\"><i class=\"icon-angle-down\" aria-hidden=\"true\"><\/i><\/button>\n\t\t\t<span>Ave\u021bi nevoie de mai multe informa\u021bii despre anumite specii de furnici sau despre cre\u0219terea furnicilor \u00een general?<\/span>\n\t\t<\/a>\n\t\t<div id=\"accordion-3457118175-content\" class=\"accordion-inner\" aria-labelledby=\"accordion-3457118175-label\">\n\t\t\t\n\n<p>G\u0103si\u021bi aici \u00eentreb\u0103ri frecvente despre furnici \u0219i despre cre\u0219terea furnicilor:<\/p>\n<p><a href=\"https:\/\/clone.antcube.shop\/faq-ants\/\">\u00centreb\u0103ri frecvente furnici<\/a><\/p>\n<p><a href=\"https:\/\/clone.antcube.shop\/catching-queen-ants\/\">Cum s\u0103-\u021bi prinzi furnica regin\u0103<\/a><\/p>\n<p><a href=\"https:\/\/clone.antcube.shop\/ant-species\/\">Afla\u021bi mai multe despre furnici<\/a><\/p>\n<p><a href=\"https:\/\/clone.antcube.shop\/social-media\/\">Consulta\u021bi canalele noastre YouTube, unde pute\u021bi g\u0103si sfaturi \u0219i informa\u021bii utile.<\/a><\/p>\n\n\t\t<\/div>\n\t<\/div>\n\t\n\t<div id=\"accordion-3732367607\" class=\"accordion-item\">\n\t\t<a id=\"accordion-3732367607-label\" class=\"accordion-title plain\" href=\"#accordion-item-you-have-questions-about-our-products?\" aria-expanded=\"false\" aria-controls=\"accordion-3732367607-content\">\n\t\t\t<button class=\"toggle\" aria-label=\"Toggle\"><i class=\"icon-angle-down\" aria-hidden=\"true\"><\/i><\/button>\n\t\t\t<span>Ave\u021bi \u00eentreb\u0103ri despre produsele noastre?<\/span>\n\t\t<\/a>\n\t\t<div id=\"accordion-3732367607-content\" class=\"accordion-inner\" aria-labelledby=\"accordion-3732367607-label\">\n\t\t\t\n\n<p>Dac\u0103 ave\u021bi \u00eentreb\u0103ri despre produsele noastre, v\u0103 rug\u0103m s\u0103 consulta\u021bi mai \u00eent\u00e2i descrierea produsului respectiv \u00een magazinul nostru.<\/p>\n<p>\u00cen caz contrar, pute\u021bi g\u0103si mai multe informa\u021bii aici:<\/p>\n<p><a href=\"https:\/\/clone.antcube.shop\/product-information\/\">Informa\u021bii despre produs<\/a><\/p>\n\n\t\t<\/div>\n\t<\/div>\n\t\n\n<\/div>\n\n\t\t<\/div>\n\t\t\t\t\t<\/div>\n\n\t\n\n<\/div>","protected":false},"excerpt":{"rendered":"","protected":false},"author":1,"featured_media":0,"parent":0,"menu_order":0,"comment_status":"closed","ping_status":"closed","template":"","meta":{"_acf_changed":false,"content-type":"","_monsterinsights_skip_tracking":false,"_monsterinsights_sitenote_active":false,"_monsterinsights_sitenote_note":"","_monsterinsights_sitenote_category":0,"footnotes":""},"class_list":["post-899","page","type-page","status-publish","hentry"],"acf":[],"aioseo_notices":[],"jetpack_sharing_enabled":true,"_links":{"self":[{"href":"https:\/\/clone.antcube.shop\/ro\/wp-json\/wp\/v2\/pages\/899","targetHints":{"allow":["GET"]}}],"collection":[{"href":"https:\/\/clone.antcube.shop\/ro\/wp-json\/wp\/v2\/pages"}],"about":[{"href":"https:\/\/clone.antcube.shop\/ro\/wp-json\/wp\/v2\/types\/page"}],"author":[{"embeddable":true,"href":"https:\/\/clone.antcube.shop\/ro\/wp-json\/wp\/v2\/users\/1"}],"replies":[{"embeddable":true,"href":"https:\/\/clone.antcube.shop\/ro\/wp-json\/wp\/v2\/comments?post=899"}],"version-history":[{"count":8,"href":"https:\/\/clone.antcube.shop\/ro\/wp-json\/wp\/v2\/pages\/899\/revisions"}],"predecessor-version":[{"id":6791,"href":"https:\/\/clone.antcube.shop\/ro\/wp-json\/wp\/v2\/pages\/899\/revisions\/6791"}],"wp:attachment":[{"href":"https:\/\/clone.antcube.shop\/ro\/wp-json\/wp\/v2\/media?parent=899"}],"curies":[{"name":"wp","href":"https:\/\/api.w.org\/{rel}","templated":true}]}}