{"id":6737,"date":"2023-12-12T15:03:25","date_gmt":"2023-12-12T14:03:25","guid":{"rendered":"https:\/\/antcube.shop\/product\/antcube-starter-set-fur-weberameisen-gros\/"},"modified":"2026-01-12T12:38:07","modified_gmt":"2026-01-12T11:38:07","slug":"set-de-pornire-pentru-furnici-tesatoare-mari","status":"publish","type":"product","link":"https:\/\/clone.antcube.shop\/ro\/produs\/set-de-pornire-pentru-furnici-tesatoare-mari\/","title":{"rendered":"ANTCUBE - Set de pornire pentru furnici \u021bes\u0103toare - mare"},"content":{"rendered":"<p><span data-text-color=\"alert\"><strong>Transportul este posibil numai prin expediere pe palet\u0103.<\/strong><\/span><\/p>\n<p><strong>Cuprins:<\/strong><br \/>\n1x Honeydew Mix (HT) - Re\u00eenc\u0103rcare 10ml<br \/>\n1x Greieri \u00eentregi albiti<\/p>\n<p>1x ANTCUBE Arena 30x30x60 cu u\u0219\u0103 glisant\u0103<br \/>\n1x cadru pentru arena furnicilor 30\u00d730 - 5cm<br \/>\n1x capacul arenei pentru furnici 30\u00d730<br \/>\n1x punct de fixare pentru capacul arenei (4 buc.)<\/p>\n<p>1x cadru pentru u\u0219a glisant\u0103<br \/>\n1x Sticl\u0103 de pulverizare pulverizator 0,5 litri - duz\u0103 din alam\u0103<br \/>\n1x Perete spate foto - rainforest - 30\u00d760 - mare<br \/>\n1x Formicarium baz\u0103 30\u00d730 cm<\/p>\n<p>1x substrat rainforest 1 kg<br \/>\n2x dopuri de formicarium pentru g\u0103uri de 50 mm<br \/>\n3x inser\u021bie gril\u0103 - 50mm - o\u021bel inoxidabil<br \/>\nMini termo-higrometru digital - alb - autoadeziv<br \/>\n1x penset\u0103 din o\u021bel cu arc, larg\u0103 - moale<br \/>\n1x Penset\u0103 de plastic standard<br \/>\n1x Ulei de protec\u021bie \u00eempotriva focarelor de furnici<br \/>\n1x be\u021bi\u0219or transparent 20ml - burete<br \/>\n1x be\u021bi\u0219or 2ml - 360 de grade<br \/>\n1x bol transparent 1\u00d720 - burete<br \/>\n1x lup\u0103 de m\u00e2n\u0103 - 2x - 30mm<br \/>\n1x \u0219terg\u0103tor de spum\u0103 150x18x2,5mm<\/p>\n<p><strong>Descriere:<\/strong><br \/>\nAcest set de pornire extensibil, special pentru diferite specii de furnici \u021bes\u0103toare, cum ar fi Polyrhachis spec. sau Oecophylla spec. include nu numai formicarul optim adaptat, ci \u0219i accesoriile adecvate pentru cre\u0219terea acestei specii de furnici.<\/p>\n<p>U\u0219a glisant\u0103 din fa\u021b\u0103 (deschidere de 150x200 mm) faciliteaz\u0103 munca \u00een formicariu, chiar \u0219i \u00een cazul coloniilor mari sau al plant\u0103rii formicariului cu o plant\u0103 gazd\u0103, de exemplu Oecophylla smaragdina. Formicarii suplimentare pot fi conectate prin cele dou\u0103 orificii de 50 mm din lateral. Inser\u021biile de gril\u0103 din o\u021bel inoxidabil asigur\u0103 o bun\u0103 ventila\u021bie \u0219i sunt robuste \u00eempotriva impactului mecanic. Termometrul \u0219i higrometrul din interiorul sistemului este absolut sigur pentru copii \u0219i animale de companie \u0219i permite un control u\u0219or al valorilor climatice. Dac\u0103 este necesar, umiditatea poate fi crescut\u0103 cu ajutorul flaconului cu pulverizator. Be\u021biga\u0219ul transparent de 20 ml - burete este destinat furniz\u0103rii de ap\u0103 proasp\u0103t\u0103, iar be\u021biga\u0219ul de 2 ml - 360 de grade pentru miere sau solu\u021bie de zah\u0103r.<\/p>\n<p><strong>Important:<\/strong> V\u0103 rug\u0103m s\u0103 umezi\u021bi substratul \u00eenainte de utilizare, astfel \u00eenc\u00e2t amestecul s\u0103 se combine \u0219i s\u0103 se fixeze bine \u00een furnicar. \u00cen plus, un substrat prea uscat \u0219i pr\u0103fuit poate duce la blocarea tractului respirator al furnicilor \u0219i, \u00een cel mai r\u0103u caz, la sufocarea animalelor.<\/p>\n<p><strong>Not\u0103 important\u0103 cu privire la cadrul u\u0219ii glisante:<\/strong><br \/>\nCadrul poate fi ata\u0219at cu u\u0219urin\u021b\u0103 la \u0219uruburile fixate pe \u0219inele u\u0219ii glisante. Pentru a face acest lucru, sl\u0103bi\u021bi cu grij\u0103 <strong>doar<\/strong> piuli\u021bele din interior. Este necesar\u0103 o \u0219urubelni\u021b\u0103 Phillips mic\u0103 (\u0219urubelni\u021b\u0103 cu cap \u00een cruce). Monta\u021bi cadrul \u0219i at\u00e2rna\u021bi-l \u00een interior pe \u0219uruburi. Apoi, refixa\u021bi cu grij\u0103 piuli\u021bele \u0219i <strong>\u00een nici un caz nu trebuie s\u0103 se roteasc\u0103 prea str\u00e2ns,<\/strong> \u00een caz contrar, sticla poate fi deteriorat\u0103.<\/p>\n<p><strong>Note privind produc\u021bia<\/strong><br \/>\nSticla este t\u0103iat\u0103 \u00een conformitate cu DIN 1249 cu o toleran\u021b\u0103 de +\/- 1 mm. Pentru speciile de furnici extrem de mici, este necesar\u0103 o protec\u021bie suplimentar\u0103 \u00eempotriva spargerii.<\/p>\n<p><strong>Not\u0103 privind mierea de albine:<\/strong><br \/>\nCon\u021binut: 10 ml<br \/>\nAcesta este un produs natural, pe care l-am rafinat \u00een urma unor teste extinse \u00een laboratorul nostru \u0219i l-am transformat \u00eentr-un aliment foarte bine acceptat de furnici. Motivul este c\u0103 mierea de miere de albine neprocesat\u0103 \u00een forma sa original\u0103 concentrat\u0103 nu este bine acceptat\u0103 de furnici \u0219i de metabolismul acestora.<br \/>\nMierea noastr\u0103 a fost colectat\u0103 \u00een p\u0103durile s\u0103lbatice \u0219i nepoluate de munte din Bulgaria. Mierea de albine este produs\u0103 doar \u00eentr-o perioad\u0103 foarte limitat\u0103, de aproximativ dou\u0103 luni \u00een timpul verii. Prin urmare, este foarte rar\u0103. Datorit\u0103 caracteristicilor specifice ale solului p\u0103durilor \u0219i climei, \u00een frunzele copacilor au fost stocate substan\u021be nutritive importante din punct de vedere existen\u021bial, care sunt absorbite de afide. Aceasta este ceea ce face ca acest amestec de miere de albine s\u0103 fie at\u00e2t de dorit de furnici.<\/p>\n<p><strong>Cerere:<\/strong><br \/>\nCantitatea de alimente trebuie consumat\u0103 \u00een aproximativ 3 zile.<\/p>\n<p><strong>Descriere:<\/strong><br \/>\nSpre deosebire de mierea din flori, mierea de miere provine din secre\u021biile insectelor care sug plante, cum ar fi afidele. Mierea de miere este o surs\u0103 de hran\u0103 preferat\u0103 de multe insecte, cum ar fi furnicile, albinele \u0219i chiar bondarii. Albinele \u0219i bondarii o ling de pe frunzele sau acele diferitelor copaci. Furnicile, cum ar fi Lasius niger, p\u0103streaz\u0103 afidele \u00een mod regulat. Ele chiar le ap\u0103r\u0103 \u00eempotriva pr\u0103d\u0103torilor \u0219i le transport\u0103 la l\u0103starii proaspe\u021bi.<\/p>\n<p>Mierea de albine este popular\u0103 \u00een r\u00e2ndul furnicilor, \u00een special datorit\u0103 componentelor sale oarecum diferite. Principalele zaharuri din mierea de albine sunt zaharoza \u0219i fructoza, dar sunt prezente \u0219i cantit\u0103\u021bi mai mici de maltoz\u0103, trehaloz\u0103, melezitoz\u0103, rafinoz\u0103 \u0219i alte oligozaharide. Pe l\u00e2ng\u0103 zaharuri \u0219i ap\u0103, mierea de albine con\u021bine, de asemenea, aminoacizi de importan\u021b\u0103 existen\u021bial\u0103, minerale, oligoelemente, adenofosfa\u021bi \u0219i alte ingrediente, cum ar fi vitaminele.<\/p>\n<p><strong>Utiliz\u0103ri:<\/strong><br \/>\nPentru speciile de furnici m\u00e2nc\u0103toare de miere (Meliphagidae).<br \/>\nEste un furaj suplimentar<br \/>\nAcesta poate fi oferit animalelor \u00een stare de livrare. Deoarece umiditatea reduce concentra\u021bia de zah\u0103r \u0219i \u00eencepe un proces de fermenta\u021bie, hrana trebuie schimbat\u0103 la fiecare 3 zile. Cur\u0103\u021ba\u021bi temeinic bolul\/tubul de hr\u0103nire \u00eenainte de reutilizare.<br \/>\nUn ambalaj deschis trebuie folosit bine \u00eenchis p\u00e2n\u0103 la data indicat\u0103 (data limit\u0103 de consum).<\/p>\n<p><strong>Valori nutri\u021bionale la 100 g:<\/strong><br \/>\naprox. 2,7 % gr\u0103simi<br \/>\nsaturat ca. 0,45 %<br \/>\ncca 95 % carbohidra\u021bi<br \/>\nzah\u0103rul acestora ca. 71%<br \/>\naproximativ 2,85% proteine<br \/>\nMinerale (potasiu, calciu, cupru, fier, fier, sodiu, magneziu, fosfor, zinc \u0219i alte oligoelemente) Aminoacizi (prolin\u0103, leucin\u0103, fenilalanin\u0103, alanin\u0103, histidin\u0103, izoleucin\u0103, acid glutamic, arginin\u0103, acid aspartic etc.) Acizi organici Enzime (fermen\u021bi)Arome Inhibitori (substan\u021be antibacteriene) Flori Polen<\/p>\n<p><strong>Depozitare:<\/strong><br \/>\nPentru a asigura calitatea furajelor, acestea trebuie depozitate \u00eentr-un loc \u00eentunecat \u0219i uscat.<\/p>\n<p><strong>Aviz:<\/strong><br \/>\nHran\u0103 suplimentar\u0103 pentru furnicile m\u00e2nc\u0103toare de miere.<br \/>\nV\u0103 rug\u0103m s\u0103 consulta\u021bi prospectul pentru compozi\u021bie, ingrediente analitice, data limit\u0103 de consum \u0219i num\u0103rul de lot.<\/p>\n<p>Linia telefonic\u0103 pentru informa\u021bii +49 30 439703870<\/p>\n<p><strong>Autoritatea veterinar\u0103 \u0219i de supraveghere alimentar\u0103 responsabil\u0103:<\/strong><br \/>\nCabinet veterinar Steglitz<br \/>\nK\u00f6nigin-Luise-Str. 92<br \/>\n14195 Berlin<\/p>\n<p><strong>Not\u0103 privind greierii albiti:<\/strong><br \/>\nGreierii no\u0219tri albicio\u0219i sunt o modalitate u\u0219oar\u0103 de a oferi furnicilor o hran\u0103 proteic\u0103 proasp\u0103t conservat\u0103, f\u0103r\u0103 a fi nevoie s\u0103 le hr\u0103ni\u021bi cu insecte vii. Greierii inclu\u0219i (Acheta domesticus) au fost blan\u0219ati u\u0219or pentru a se asigura c\u0103 valoarea nutritiv\u0103, gustul \u0219i aroma sunt p\u0103strate. \u00cen plus, \u00eenveli\u0219ul chitinos al insectelor este \u00eenmuiat \u00een acest mod, astfel \u00eenc\u00e2t s\u0103 poat\u0103 fi digerat mai u\u0219or. Compu\u0219ii proteinelor colagenice sunt descompuse, astfel \u00eenc\u00e2t furnicile s\u0103 le poat\u0103 utiliza mai bine. Conservele de Acheta domesticus au aceea\u0219i valoare nutritiv\u0103 ca \u0219i greierii vii, dar sunt mai u\u0219or de digerat.<\/p>\n<p>Greierii albicio\u0219i nu sunt potrivi\u021bi pentru v\u00e2narea speciilor de furnici care necesit\u0103 hran\u0103 vie (de exemplu, ponarine (furnici primordiale), cum ar fi Harpegnathos sau Odontomachus).<\/p>\n<p><strong>Alte avantaje:<\/strong><br \/>\nGarantat c\u0103 nu con\u021bine acarieni<br \/>\nPor\u021bionabil<br \/>\nSterilizat \u0219i vidat<br \/>\nF\u0103r\u0103 aditivi<br \/>\nGreieri proveni\u021bi din cre\u0219terea sustenabil\u0103 pur organic\u0103, hr\u0103ni\u021bi cu de\u0219euri organice<\/p>\n<p><strong>Aviz:<\/strong><br \/>\nOdat\u0103 deschis, se p\u0103streaz\u0103 aproximativ patru zile la frigider. Termen de valabilitate mai lung dac\u0103 este congelat.<\/p>","protected":false},"excerpt":{"rendered":"<p>Setul este format din 25 de piese.<br \/>\nDimensiune: XL<\/p>","protected":false},"featured_media":6710,"comment_status":"open","ping_status":"closed","template":"","meta":{"_acf_changed":false,"content-type":"","_monsterinsights_skip_tracking":false,"_monsterinsights_sitenote_active":false,"_monsterinsights_sitenote_note":"","_monsterinsights_sitenote_category":0},"product_brand":[],"product_cat":[354,73],"product_tag":[],"class_list":{"0":"post-6737","1":"product","2":"type-product","3":"status-publish","4":"has-post-thumbnail","6":"product_cat-starter-sets-for-weaver-ants","7":"product_cat-starter-sets","8":"product_shipping_class-forwarding-on-pallet","10":"first","11":"instock","12":"taxable","13":"shipping-taxable","14":"purchasable","15":"product-type-simple"},"acf":[],"aioseo_notices":[],"jetpack_sharing_enabled":true,"_links":{"self":[{"href":"https:\/\/clone.antcube.shop\/ro\/wp-json\/wp\/v2\/product\/6737","targetHints":{"allow":["GET"]}}],"collection":[{"href":"https:\/\/clone.antcube.shop\/ro\/wp-json\/wp\/v2\/product"}],"about":[{"href":"https:\/\/clone.antcube.shop\/ro\/wp-json\/wp\/v2\/types\/product"}],"replies":[{"embeddable":true,"href":"https:\/\/clone.antcube.shop\/ro\/wp-json\/wp\/v2\/comments?post=6737"}],"wp:featuredmedia":[{"embeddable":true,"href":"https:\/\/clone.antcube.shop\/ro\/wp-json\/wp\/v2\/media\/6710"}],"wp:attachment":[{"href":"https:\/\/clone.antcube.shop\/ro\/wp-json\/wp\/v2\/media?parent=6737"}],"wp:term":[{"taxonomy":"product_brand","embeddable":true,"href":"https:\/\/clone.antcube.shop\/ro\/wp-json\/wp\/v2\/product_brand?post=6737"},{"taxonomy":"product_cat","embeddable":true,"href":"https:\/\/clone.antcube.shop\/ro\/wp-json\/wp\/v2\/product_cat?post=6737"},{"taxonomy":"product_tag","embeddable":true,"href":"https:\/\/clone.antcube.shop\/ro\/wp-json\/wp\/v2\/product_tag?post=6737"}],"curies":[{"name":"wp","href":"https:\/\/api.w.org\/{rel}","templated":true}]}}