{"id":10607,"date":"2024-11-29T12:11:26","date_gmt":"2024-11-29T11:11:26","guid":{"rendered":"https:\/\/antcube.shop\/?page_id=10607"},"modified":"2024-12-03T12:53:14","modified_gmt":"2024-12-03T11:53:14","slug":"usmernenia-pre-chov-mravcov","status":"publish","type":"page","link":"https:\/\/clone.antcube.shop\/sk\/usmernenia-pre-chov-mravcov\/","title":{"rendered":"Usmernenia pre chov mravcov"},"content":{"rendered":"<div id=\"gap-1037535158\" class=\"gap-element clearfix\" style=\"display:block; height:auto;\">\n\t\t\n<style>\n#gap-1037535158 {\n  padding-top: 190px;\n}\n<\/style>\n\t<\/div>\n\t\n\n<div class=\"row\"  id=\"row-1455802002\">\n\n\n\t<div id=\"col-252337530\" class=\"col small-12 large-12\"  >\n\t\t\t\t<div class=\"col-inner\"  >\n\t\t\t\n\t\t\t\n\n<h1><b>Pokyny na chov mravcov<\/b><\/h1>\n<h2><b>D\u00f4le\u017eit\u00e9 upozornenie o ochrane druhov a pr\u00edrody<\/b><\/h2>\n<ul>\n<li style=\"font-weight: 400;\" aria-level=\"1\"><b>Riziko po\u0161kodenia a ochorenia:<\/b><span style=\"font-weight: 400;\"> \u017div\u00e9 zvierat\u00e1 m\u00f4\u017eu sp\u00f4sobi\u0165 \u0161kody alebo pren\u00e1\u0161a\u0165 choroby. Opatrn\u00ed by mali by\u0165 najm\u00e4 alergici.<\/span><\/li>\n<li style=\"font-weight: 400;\" aria-level=\"1\"><b>Uvo\u013enenie zak\u00e1zan\u00e9:<\/b><span style=\"font-weight: 400;\"> Mravce sa v \u017eiadnom pr\u00edpade nesm\u00fa vyp\u00fa\u0161\u0165a\u0165 do vo\u013enej pr\u00edrody, aby sa ochr\u00e1nila p\u00f4vodn\u00e1 a cudzokrajn\u00e1 fl\u00f3ra a fauna. Vyp\u00fa\u0161\u0165anie mravcov bez \u00faradn\u00e9ho povolenia je trestn\u00fdm \u010dinom pod\u013ea pr\u00e1vnych predpisov o ochrane pr\u00edrody. Star\u00e9 kol\u00f3nie mravcov pon\u00fakame na bezplatn\u00fd sp\u00e4tn\u00fd odber.<\/span><\/li>\n<li style=\"font-weight: 400;\" aria-level=\"1\"><b>Identifik\u00e1cia druhu: <\/b><span style=\"font-weight: 400;\">Druhy mravcov s\u00fa identifikovan\u00e9 pod\u013ea na\u0161ich najlep\u0161\u00edch vedomost\u00ed. V pr\u00edpade n\u00e1sledn\u00fdch zmien m\u00e1te pr\u00e1vo kol\u00f3niu vr\u00e1ti\u0165.<\/span><\/li>\n<\/ul>\n<h2><b>Odosielanie mravcov<\/b><\/h2>\n<ul>\n<li style=\"font-weight: 400;\" aria-level=\"1\"><b>Oblas\u0165 dodania: <\/b><span style=\"font-weight: 400;\">\u017div\u00e9 zvierat\u00e1 sa prepravuj\u00fa len v r\u00e1mci E\u00da. Region\u00e1lne dovozn\u00e9 predpisy je potrebn\u00e9 z\u00edska\u0165 na miestnom veterin\u00e1rnom \u00farade.<\/span><\/li>\n<li style=\"font-weight: 400;\" aria-level=\"1\"><b>Teploty po\u010das exped\u00edcie:<\/b>\n<ul>\n<li style=\"font-weight: 400;\" aria-level=\"2\"><b>No\u010dn\u00e9 teploty:<\/b>\n<ul>\n<li style=\"font-weight: 400;\" aria-level=\"3\"><span style=\"font-weight: 400;\">Severoeur\u00f3pske a stredoeur\u00f3pske druhy: <span data-text-color=\"alert\">&gt;0\u00b0C<\/span> (Express: <span data-text-color=\"alert\">&gt;-5\u00b0C<\/span> s izol\u00e1ciou)<\/span><\/li>\n<li style=\"font-weight: 400;\" aria-level=\"3\"><span style=\"font-weight: 400;\">Juhoeur\u00f3pske druhy: <span data-text-color=\"secondary\">&gt;+5\u00b0C<\/span> (Express: <span data-text-color=\"secondary\">&gt;0\u00b0C<\/span> s izol\u00e1ciou)<\/span><\/li>\n<li style=\"font-weight: 400;\" aria-level=\"3\"><span style=\"font-weight: 400;\">Tropick\u00e9 druhy: <span data-text-color=\"secondary\">&gt;+10\u00b0C<\/span> (Express: <span data-text-color=\"secondary\">&gt;+5\u00b0C<\/span> s tepeln\u00fdm bal\u00ed\u010dkom)<\/span><\/li>\n<\/ul>\n<\/li>\n<li style=\"font-weight: 400;\" aria-level=\"2\"><b>Denn\u00e9 teploty: <\/b><span style=\"font-weight: 400;\">Maximum <span data-text-color=\"alert\">+30\u00b0C<\/span> pre v\u0161etky druhy.<\/span><\/li>\n<\/ul>\n<\/li>\n<\/ul>\n<p><span style=\"font-weight: 400;\">Objednan\u00e9 mravce nebud\u00fa odoslan\u00e9 mimo uveden\u00fdch teplotn\u00fdch rozsahov. Bud\u00fa odoslan\u00e9 v najbli\u017e\u0161om mo\u017enom term\u00edne.<\/span><\/p>\n<p><span style=\"font-weight: 400;\">Budete o tom informovan\u00ed samostatne e-mailom.\u00a0<\/span><\/p>\n<h2><b>Chov mravcov<\/b><\/h2>\n<ul>\n<li style=\"font-weight: 400;\" aria-level=\"1\"><span style=\"font-weight: 400;\">Podrobn\u00e9 inform\u00e1cie o chove n\u00e1jdete v popisoch produktov pr\u00edslu\u0161n\u00fdch druhov.<\/span><\/li>\n<\/ul>\n<h3><b>Probl\u00e9my s chovom mravcov<\/b><\/h3>\n<ol>\n<li><b> \u00famrtnos\u0165 mravcov - mo\u017en\u00e9 pr\u00ed\u010diny<\/b><\/li>\n<\/ol>\n<ul>\n<li style=\"font-weight: 400;\" aria-level=\"1\"><b>Kvalita vody:<\/b>\n<ul>\n<li style=\"font-weight: 400;\" aria-level=\"2\"><span style=\"font-weight: 400;\">Voda z vodovodu m\u00f4\u017ee by\u0165 pre mravce toxick\u00e1 kv\u00f4li chl\u00f3ru alebo medi.<\/span><\/li>\n<li style=\"font-weight: 400;\" aria-level=\"2\"><b>Odpor\u00fa\u010danie: <\/b><span style=\"font-weight: 400;\">Pou\u017e\u00edvajte filtrovan\u00fa alebo da\u017e\u010fov\u00fa vodu, nie destilovan\u00fa.<\/span><\/li>\n<\/ul>\n<\/li>\n<li style=\"font-weight: 400;\" aria-level=\"1\"><b>Substr\u00e1t:<\/b>\n<ul>\n<li style=\"font-weight: 400;\" aria-level=\"2\"><span style=\"font-weight: 400;\">Vt\u00e1\u010d\u00ed piesok obsahuje dezinfek\u010dn\u00e9 l\u00e1tky, ktor\u00e9 m\u00f4\u017eu mravcom u\u0161kodi\u0165.<\/span><\/li>\n<li style=\"font-weight: 400;\" aria-level=\"2\"><b>Odpor\u00fa\u010danie: <\/b><span style=\"font-weight: 400;\">Pou\u017eite na\u0161e produkty pripraven\u00e9 na pou\u017eitie <\/span><b>podlahov\u00e9 podstavce <\/b><span style=\"font-weight: 400;\">alebo neo\u0161etren\u00fd kremenn\u00fd piesok a vopred ho umyte alebo upe\u010dte.<\/span><\/li>\n<\/ul>\n<\/li>\n<li style=\"font-weight: 400;\" aria-level=\"1\"><b>Rastliny:<\/b>\n<ul>\n<li style=\"font-weight: 400;\" aria-level=\"2\"><span style=\"font-weight: 400;\">\u017div\u00e9 rastliny z obchodov pre dom\u00e1cich majstrov alebo z\u00e1hradn\u00fdch centier s\u00fa \u010dasto o\u0161etren\u00e9 pestic\u00eddmi.<\/span><\/li>\n<li style=\"font-weight: 400;\" aria-level=\"2\"><b>Odpor\u00fa\u010danie: <\/b><span style=\"font-weight: 400;\">Pou\u017e\u00edvajte ekologick\u00e9 rastliny alebo rastliny zo \u0161pecializovan\u00fdch teraristick\u00fdch obchodov.<\/span><\/li>\n<li style=\"font-weight: 400;\" aria-level=\"2\"><span style=\"font-weight: 400;\">Pr\u00edpadne m\u00f4\u017eete pou\u017ei\u0165 rastliny, ktor\u00e9 ste doma pestovali aspo\u0148 rok bez pridania pestic\u00eddov alebo hnoj\u00edv.<\/span><\/li>\n<\/ul>\n<\/li>\n<li style=\"font-weight: 400;\" aria-level=\"1\"><b>\u010cistenie:<\/b>\n<ul>\n<li style=\"font-weight: 400;\" aria-level=\"2\"><span style=\"font-weight: 400;\">\u010cistiace prostriedky na sklo a chemick\u00e9 prostriedky s\u00fa \u0161kodliv\u00e9.<\/span><\/li>\n<li style=\"font-weight: 400;\" aria-level=\"2\"><b>Odpor\u00fa\u010danie: <\/b><span style=\"font-weight: 400;\">Pou\u017e\u00edvajte \u010distiacu vodu alebo organick\u00fd \u010distiaci prostriedok.<\/span><\/li>\n<\/ul>\n<\/li>\n<li style=\"font-weight: 400;\" aria-level=\"1\"><b>Kon\u0161trukcia formik\u00e1ria:<\/b>\n<ul>\n<li style=\"font-weight: 400;\" aria-level=\"2\"><span style=\"font-weight: 400;\">Materi\u00e1ly s rozp\u00fa\u0161\u0165adlami alebo antibakteri\u00e1lnym silik\u00f3nom s\u00fa nevhodn\u00e9.<\/span><\/li>\n<li style=\"font-weight: 400;\" aria-level=\"2\"><b>Odpor\u00fa\u010danie: <\/b><span style=\"font-weight: 400;\">Pou\u017e\u00edvajte l\u00e1tky bez rozp\u00fa\u0161\u0165adiel alebo akvarijn\u00fd silik\u00f3n.<\/span><\/li>\n<\/ul>\n<\/li>\n<li style=\"font-weight: 400;\" aria-level=\"1\"><b>K\u0155menie:<\/b>\n<ul>\n<li style=\"font-weight: 400;\" aria-level=\"2\"><span style=\"font-weight: 400;\">Konzerva\u010dn\u00e9 l\u00e1tky a parazity v potravin\u00e1ch pre zvierat\u00e1 m\u00f4\u017eu by\u0165 \u0161kodliv\u00e9. Okrem toho s\u00fa potravinov\u00e9 zvierat\u00e1 z hromadn\u00fdch chovov \u010dasto napadnut\u00e9 rozto\u010dmi, ktor\u00e9 by mohli mravcom u\u0161kodi\u0165.\u00a0<\/span><\/li>\n<li style=\"font-weight: 400;\" aria-level=\"2\"><b>Odpor\u00fa\u010danie: <\/b><span style=\"font-weight: 400;\">Pou\u017e\u00edvajte organick\u00e9 potraviny alebo hmyz z pr\u00edrody, zbieran\u00fd mimo ciest a pol\u00ed, ktor\u00e9 m\u00f4\u017eu by\u0165 kontaminovan\u00e9 pestic\u00eddmi.<\/span><\/li>\n<\/ul>\n<\/li>\n<li style=\"font-weight: 400;\" aria-level=\"1\"><b>Teplota:<\/b>\n<ul>\n<li style=\"font-weight: 400;\" aria-level=\"2\"><span style=\"font-weight: 400;\">Formik\u00e1r sa m\u00f4\u017ee vplyvom priameho slne\u010dn\u00e9ho \u017eiarenia zna\u010dne zahria\u0165.<\/span><\/li>\n<li style=\"font-weight: 400;\" aria-level=\"2\"><b>Odpor\u00fa\u010danie: <\/b><span style=\"font-weight: 400;\">Pou\u017e\u00edvajte teplomer s funkciou min\/max.<\/span><\/li>\n<\/ul>\n<\/li>\n<li style=\"font-weight: 400;\" aria-level=\"1\"><b>Hibern\u00e1cia:<\/b>\n<ul>\n<li style=\"font-weight: 400;\" aria-level=\"2\"><span style=\"font-weight: 400;\">Po\u010das hibern\u00e1cie dbajte na to, aby bolo hniezdo vlhk\u00e9 a nevyschlo.<\/span><\/li>\n<\/ul>\n<\/li>\n<\/ul>\n<ol start=\"2\">\n<li><b> kr\u00e1\u013eovn\u00e1 nenakladie vaj\u00ed\u010dka - mo\u017en\u00e9 pr\u00ed\u010diny<\/b><\/li>\n<\/ol>\n<ul>\n<li style=\"font-weight: 400;\" aria-level=\"1\"><b>Sez\u00f3na: <\/b><span style=\"font-weight: 400;\">Eur\u00f3pske druhy neklad\u00fa vaj\u00ed\u010dka na jese\u0148\/zimu<\/span><b>.<\/b><\/li>\n<li style=\"font-weight: 400;\" aria-level=\"1\"><b>Stres: <\/b><span style=\"font-weight: 400;\">Preprava alebo naru\u0161enie hniezda m\u00f4\u017ee kr\u00e1\u013eovn\u00fa rozru\u0161i\u0165.<\/span><\/li>\n<li style=\"font-weight: 400;\" aria-level=\"1\"><b>Nedostatok bielkov\u00edn: <\/b><span style=\"font-weight: 400;\">V\u00fdvoj ml\u00e1\u010fat si vy\u017eaduje potravu bohat\u00fa na bielkoviny.<\/span><\/li>\n<li style=\"font-weight: 400;\" aria-level=\"1\"><b>Skryt\u00e9 vajcia: <\/b><span style=\"font-weight: 400;\">Vaj\u00ed\u010dka sa m\u00f4\u017eu nach\u00e1dza\u0165 v prepravnej n\u00e1dobe alebo vo vate.<\/span><\/li>\n<li style=\"font-weight: 400;\" aria-level=\"1\"><b>Podnebie: <\/b><span style=\"font-weight: 400;\">Optim\u00e1lne podmienky (substr\u00e1t, tma, teplota, vlhkos\u0165) s\u00fa nevyhnutn\u00e9.<\/span><\/li>\n<li style=\"font-weight: 400;\" aria-level=\"1\"><b>Odpor\u00fa\u010danie: <\/b><span style=\"font-weight: 400;\">Za\u010diato\u010dn\u00edci by si mali vybera\u0165 druhy, pre ktor\u00e9 je k dispoz\u00edcii ve\u013ea sk\u00fasenost\u00ed.<\/span><\/li>\n<\/ul>\n<p><span style=\"font-weight: 400;\">Tieto pokyny poskytuj\u00fa z\u00e1kladn\u00e9 inform\u00e1cie o tom, ako \u00faspe\u0161ne chova\u0165 mravce. V pr\u00edpade ak\u00fdchko\u013evek ot\u00e1zok alebo probl\u00e9mov odpor\u00fa\u010dame obr\u00e1ti\u0165 sa na sk\u00fasen\u00fdch chovate\u013eov alebo \u0161pecializovan\u00e9 predajne.<\/span><\/p>\n\n\t\t<\/div>\n\t\t\t\t\t<\/div>\n\n\t\n\n<\/div>","protected":false},"excerpt":{"rendered":"","protected":false},"author":1,"featured_media":0,"parent":0,"menu_order":0,"comment_status":"closed","ping_status":"closed","template":"","meta":{"_acf_changed":false,"content-type":"","_monsterinsights_skip_tracking":false,"_monsterinsights_sitenote_active":false,"_monsterinsights_sitenote_note":"","_monsterinsights_sitenote_category":0,"footnotes":""},"class_list":["post-10607","page","type-page","status-publish","hentry"],"acf":[],"aioseo_notices":[],"jetpack_sharing_enabled":true,"_links":{"self":[{"href":"https:\/\/clone.antcube.shop\/sk\/wp-json\/wp\/v2\/pages\/10607","targetHints":{"allow":["GET"]}}],"collection":[{"href":"https:\/\/clone.antcube.shop\/sk\/wp-json\/wp\/v2\/pages"}],"about":[{"href":"https:\/\/clone.antcube.shop\/sk\/wp-json\/wp\/v2\/types\/page"}],"author":[{"embeddable":true,"href":"https:\/\/clone.antcube.shop\/sk\/wp-json\/wp\/v2\/users\/1"}],"replies":[{"embeddable":true,"href":"https:\/\/clone.antcube.shop\/sk\/wp-json\/wp\/v2\/comments?post=10607"}],"version-history":[{"count":5,"href":"https:\/\/clone.antcube.shop\/sk\/wp-json\/wp\/v2\/pages\/10607\/revisions"}],"predecessor-version":[{"id":10717,"href":"https:\/\/clone.antcube.shop\/sk\/wp-json\/wp\/v2\/pages\/10607\/revisions\/10717"}],"wp:attachment":[{"href":"https:\/\/clone.antcube.shop\/sk\/wp-json\/wp\/v2\/media?parent=10607"}],"curies":[{"name":"wp","href":"https:\/\/api.w.org\/{rel}","templated":true}]}}