{"id":500,"date":"2021-07-21T10:22:03","date_gmt":"2021-07-21T08:22:03","guid":{"rendered":"https:\/\/antcube.shop\/?page_id=500"},"modified":"2024-12-03T12:41:56","modified_gmt":"2024-12-03T11:41:56","slug":"podmienky","status":"publish","type":"page","link":"https:\/\/clone.antcube.shop\/sk\/podmienky\/","title":{"rendered":"Podmienky a pravidl\u00e1"},"content":{"rendered":"<div id=\"gap-1004678515\" class=\"gap-element clearfix\" style=\"display:block; height:auto;\">\n\t\t\n<style>\n#gap-1004678515 {\n  padding-top: 196px;\n}\n@media (min-width:850px) {\n  #gap-1004678515 {\n    padding-top: 190px;\n  }\n}\n<\/style>\n\t<\/div>\n\t\n\n<div class=\"row\"  id=\"row-736454413\">\n\n\n\t<div id=\"col-122708833\" class=\"col small-12 large-12\"  >\n\t\t\t\t<div class=\"col-inner\"  >\n\t\t\t\n\t\t\t\n\n<h1><b>V\u0161eobecn\u00e9 podmienky <\/b><\/h1>\n<p><b>pre <\/b><a href=\"http:\/\/www.clone.antcube.shop\"><b>www.clone.antcube.shop<\/b><\/a><span style=\"font-weight: 400;\"> ANTSTORE, Martin Sebesta, Selerweg 41, 12169 Berl\u00edn, \u010falej len \"pred\u00e1vaj\u00faci\".<\/span><\/p>\n<h2><b>\u00a7 1 Rozsah p\u00f4sobnosti, v\u0161eobecn\u00e9 inform\u00e1cie, defin\u00edcie<\/b><\/h2>\n<p><span style=\"font-weight: 400;\">(1) Tieto v\u0161eobecn\u00e9 obchodn\u00e9 podmienky (VOP) sa vz\u0165ahuj\u00fa na v\u0161etky objedn\u00e1vky tovaru a slu\u017eieb prostredn\u00edctvom internetov\u00e9ho obchodu na webovej str\u00e1nke <\/span><b>clone.antcube.shop<\/b><span style=\"font-weight: 400;\">, ktor\u00fa prev\u00e1dzkuje ANTSTORE, Martin Sebesta, Selerweg 41, 12169 Berl\u00edn. E-mail: <\/span><a href=\"mailto:verkauf@antstore.de\"><span style=\"font-weight: 400;\">verkauf@antstore.de<\/span><\/a><span style=\"font-weight: 400;\"> \/ law@ants.de\u00a0<\/span><\/p>\n<p><span style=\"font-weight: 400;\">(2) Pred\u00e1vaj\u00faci pon\u00faka v\u00fdrobky na chov mravcov a pr\u00edslu\u0161enstvo najm\u00e4 prostredn\u00edctvom svojho internetov\u00e9ho obchodu. Na obchodn\u00fd vz\u0165ah medzi pred\u00e1vaj\u00facim a z\u00e1kazn\u00edkom sa vz\u0165ahuj\u00fa VOP v znen\u00ed platnom v \u010dase objedn\u00e1vky.<\/span><\/p>\n<p><span style=\"font-weight: 400;\">(3) Spotrebite\u013eom v zmysle t\u00fdchto VOP je ka\u017ed\u00e1 fyzick\u00e1 osoba, ktor\u00e1 uzatv\u00e1ra pr\u00e1vny \u00fakon na \u00fa\u010dely, ktor\u00e9 preva\u017ene nes\u00favisia s jej obchodnou, podnikate\u013eskou alebo profesijnou \u010dinnos\u0165ou. Podnikatelia s\u00fa fyzick\u00e9 alebo pr\u00e1vnick\u00e9 osoby alebo obchodn\u00e9 spolo\u010dnosti, ktor\u00e9 pri uzatv\u00e1ran\u00ed pr\u00e1vneho \u00fakonu konaj\u00fa v r\u00e1mci svojej obchodnej alebo samostatnej z\u00e1robkovej \u010dinnosti.<\/span><\/p>\n<p><span style=\"font-weight: 400;\">(4) Jednotliv\u00e9 zmluvn\u00e9 dohody maj\u00fa prednos\u0165 pred t\u00fdmito VOP. Odch\u00fdlne podmienky z\u00e1kazn\u00edka sa uzn\u00e1vaj\u00fa len vtedy, ak s nimi pred\u00e1vaj\u00faci v\u00fdslovne s\u00fahlasil.<\/span><\/p>\n<h2><b>\u00a7 2 Uzavretie zmluvy<\/b><\/h2>\n<p><span style=\"font-weight: 400;\">(1) Pokia\u013e nie je na pr\u00edslu\u0161nej str\u00e1nke produktu uveden\u00e9 inak, dodacia oblas\u0165 zah\u0155\u0148a Eur\u00f3psku \u00faniu.<\/span><\/p>\n<p><span style=\"font-weight: 400;\">(2) Prezent\u00e1cia tovaru na webovej str\u00e1nke pred\u00e1vaj\u00faceho predstavuje z\u00e1v\u00e4zn\u00fa ponuku. Objednan\u00fd tovar sa m\u00f4\u017ee v primeran\u00fdch medziach mierne odli\u0161ova\u0165 od tovaru zobrazen\u00e9ho na internete vzh\u013eadom na technick\u00e9 mo\u017enosti prezent\u00e1cie, najm\u00e4 m\u00f4\u017eu existova\u0165 farebn\u00e9 odch\u00fdlky, pokia\u013e je to primeran\u00e9.<\/span><\/p>\n<p><span style=\"font-weight: 400;\">(3) Za\u0161krtnut\u00edm modr\u00e9ho pol\u00ed\u010dka \"<\/span><span style=\"font-weight: 400;\">Svojou objedn\u00e1vkou vyhlasujete, \u017ee ste si pre\u010d\u00edtali na\u0161u ponuku a porozumeli jej.<\/span><b>&#8221; <\/b><span style=\"font-weight: 400;\">a potom <\/span><span style=\"font-weight: 400;\">kliknut\u00edm na tla\u010didlo \"K\u00fapi\u0165 teraz\" alebo presmerovan\u00edm na PayPal prostredn\u00edctvom tla\u010didla \"Plati\u0165 cez PayPal\" a dokon\u010den\u00edm platobn\u00e9ho procesu v \u0148om z\u00e1kazn\u00edk pod\u00e1va z\u00e1v\u00e4zn\u00fa ponuku na n\u00e1kup tovaru v n\u00e1kupnom ko\u0161\u00edku a akceptuje platnos\u0165 t\u00fdchto VOP.<\/span><\/p>\n<p><span style=\"font-weight: 400;\">(4) Pred\u00e1vaj\u00faci potvrd\u00ed prijatie objedn\u00e1vky e-mailom (potvrdenie objedn\u00e1vky). Toto potvrdenie objedn\u00e1vky v\u0161ak nepredstavuje prijatie ponuky. Zmluva je uzavret\u00e1 a\u017e po zaslan\u00ed potvrdenia objedn\u00e1vky alebo potvrdenia o odoslan\u00ed.<\/span><\/p>\n<p><span style=\"font-weight: 400;\">(5) Pred\u00e1vaj\u00faci si vyhradzuje pr\u00e1vo prija\u0165 alebo odmietnu\u0165 objedn\u00e1vky do piatich pracovn\u00fdch dn\u00ed. Ak objedn\u00e1vka nebude prijat\u00e1, z\u00e1kazn\u00edk bude informovan\u00fd e-mailom.<\/span><\/p>\n<p><span style=\"font-weight: 400;\">(6) V pr\u00edpade nepredv\u00eddate\u013en\u00fdch probl\u00e9mov s dod\u00e1vkou alebo nedostupnosti tovaru, za ktor\u00e9 pred\u00e1vaj\u00faci nezodpoved\u00e1, m\u00f4\u017ee pred\u00e1vaj\u00faci aj z\u00e1kazn\u00edk odst\u00fapi\u0165 od zmluvy. Z\u00e1kazn\u00edk bude bezodkladne informovan\u00fd a uskuto\u010dnen\u00e9 platby mu bud\u00fa bezodkladne vr\u00e1ten\u00e9.<\/span><\/p>\n<p><span style=\"font-weight: 400;\">(7) Ak si z\u00e1kazn\u00edk objedn\u00e1 tovar elektronicky, pred\u00e1vaj\u00faci ulo\u017e\u00ed text zmluvy a po uzavret\u00ed zmluvy ho spolu s pr\u00e1vne \u00fa\u010dinn\u00fdmi VOP za\u0161le z\u00e1kazn\u00edkovi e-mailom.<\/span><\/p>\n<h2><b>\u00a7 3 \u00da\u010det z\u00e1kazn\u00edka<\/b><\/h2>\n<p><span style=\"font-weight: 400;\">(1) N\u00e1kup prostredn\u00edctvom na\u0161ej webovej str\u00e1nky je spravidla mo\u017en\u00fd len po registr\u00e1cii. Na pr\u00edstup k niektor\u00fdm funkci\u00e1m v\u0161ak m\u00f4\u017ee by\u0165 potrebn\u00e9 vytvori\u0165 si z\u00e1kazn\u00edcky \u00fa\u010det.<\/span><\/p>\n<p><span style=\"font-weight: 400;\">(2) Na z\u00e1kazn\u00edcky \u00fa\u010det nie je n\u00e1rok. Registrova\u0165 sa m\u00f4\u017eu len plnolet\u00e9 fyzick\u00e9 osoby, ktor\u00e9 pou\u017e\u00edvaj\u00fa \u00fa\u010det na s\u00fakromn\u00e9 \u00fa\u010dely, alebo podnikatelia a pr\u00e1vnick\u00e9 osoby alebo partnerstv\u00e1 s pr\u00e1vnou subjektivitou, ktor\u00e9 pri uzatv\u00e1ran\u00ed pr\u00e1vneho \u00fakonu konaj\u00fa v r\u00e1mci v\u00fdkonu svojej podnikate\u013eskej alebo samostatnej odbornej \u010dinnosti. S pr\u00edstupov\u00fdmi \u00fadajmi sa mus\u00ed zaobch\u00e1dza\u0165 d\u00f4verne a nesm\u00fa sa poskytn\u00fa\u0165 tret\u00edm stran\u00e1m.<\/span><\/p>\n<p><span style=\"font-weight: 400;\">(3) Viacn\u00e1sobn\u00e9 registr\u00e1cie nie s\u00fa povolen\u00e9. Z\u00e1kazn\u00edci m\u00f4\u017eu svoje konto kedyko\u013evek vymaza\u0165 prostredn\u00edctvom spr\u00e1vy konta.<\/span><\/p>\n<h2><b>\u00a7 4 Vyhradenie vlastn\u00edckeho pr\u00e1va<\/b><\/h2>\n<p><span style=\"font-weight: 400;\">(1) V pr\u00edpade spotrebite\u013eov si pred\u00e1vaj\u00faci ponech\u00e1va vlastn\u00edcke pr\u00e1vo k tovaru a\u017e do \u00fapln\u00e9ho zaplatenia k\u00fapnej ceny. V pr\u00edpade podnikate\u013eov to plat\u00ed a\u017e do vyrovnania v\u0161etk\u00fdch poh\u013ead\u00e1vok vypl\u00fdvaj\u00facich z aktu\u00e1lneho obchodn\u00e9ho vz\u0165ahu.<\/span><\/p>\n<p><span style=\"font-weight: 400;\">(2) V pr\u00edpade poru\u0161enia zmluvy zo strany z\u00e1kazn\u00edka, najm\u00e4 v pr\u00edpade ome\u0161kania s platbou, nepravdiv\u00fdch \u00fadajov poskytnut\u00fdch z\u00e1kazn\u00edkom o jeho bonite alebo v pr\u00edpade podania n\u00e1vrhu na za\u010datie konkurzn\u00e9ho konania, je pred\u00e1vaj\u00faci opr\u00e1vnen\u00fd - v pr\u00edpade potreby po stanoven\u00ed lehoty - odst\u00fapi\u0165 od zmluvy a po\u017eadova\u0165 vr\u00e1tenie tovaru, ak z\u00e1kazn\u00edk e\u0161te nezaplatil odplatu alebo ju nezaplatil v plnej v\u00fd\u0161ke.<\/span><\/p>\n<p><span style=\"font-weight: 400;\">(3) Podnikate\u013e je opr\u00e1vnen\u00fd \u010falej pred\u00e1va\u0165 tovar v r\u00e1mci be\u017enej obchodnej \u010dinnosti. T\u00fdmto postupuje na pred\u00e1vaj\u00faceho v\u0161etky poh\u013ead\u00e1vky vo v\u00fd\u0161ke fakturovanej sumy, ktor\u00e9 mu vznikn\u00fa vo\u010di tretej osobe v d\u00f4sledku \u010fal\u0161ieho predaja. Pred\u00e1vaj\u00faci toto post\u00fapenie prij\u00edma. Po post\u00fapen\u00ed je podnikate\u013e opr\u00e1vnen\u00fd poh\u013ead\u00e1vku vym\u00e1ha\u0165. Pred\u00e1vaj\u00faci si vyhradzuje pr\u00e1vo vym\u00e1ha\u0165 poh\u013ead\u00e1vku s\u00e1m, akon\u00e1hle si podnikate\u013e riadne nepln\u00ed svoje platobn\u00e9 povinnosti a je v ome\u0161kan\u00ed s platbou.<\/span><\/p>\n<p><span style=\"font-weight: 400;\">(4) Pred\u00e1vaj\u00faci sa zav\u00e4zuje na \u017eiados\u0165 z\u00e1kazn\u00edka uvo\u013eni\u0165 z\u00e1bezpeky, na ktor\u00e9 m\u00e1 n\u00e1rok, v rozsahu, v akom realizovate\u013en\u00e1 hodnota z\u00e1bezpek prevy\u0161uje zabezpe\u010dovan\u00fa poh\u013ead\u00e1vku o viac ako 10%. V\u00fdber z\u00e1bezpek, ktor\u00e9 maj\u00fa by\u0165 uvo\u013enen\u00e9, je povinn\u00fd vykona\u0165 Pred\u00e1vaj\u00faci.<\/span><\/p>\n<h2><b>\u00a7 5 Ceny a platobn\u00e9 podmienky<\/b><\/h2>\n<p><span style=\"font-weight: 400;\">(1) Uveden\u00e9 ceny s\u00fa brutto ceny, s\u00fa z\u00e1v\u00e4zn\u00e9 a zah\u0155\u0148aj\u00fa z\u00e1konn\u00fa DPH a s\u00fa bez ak\u00fdchko\u013evek <a href=\"https:\/\/clone.antcube.shop\/en\/shipping-costs-delivery-restrictions\/\">n\u00e1klady na dopravu<\/a> vr\u00e1tane DPH. Plat\u00ed suma uveden\u00e1 v \u010dase objedn\u00e1vky. Cena vr\u00e1tane DPH a n\u00e1kladov na dopravu sa zobraz\u00ed aj v objedn\u00e1vkovom formul\u00e1ri pred odoslan\u00edm objedn\u00e1vky z\u00e1kazn\u00edkom. N\u00e1klady na dopravu n\u00e1jdete aj v na\u0161ej <\/span><a href=\"https:\/\/clone.antcube.shop\/en\/shipping-costs-delivery-restrictions\/\"><b>preh\u013ead n\u00e1kladov na dopravu.<\/b><\/a><\/p>\n<p><span style=\"font-weight: 400;\">(2) Z\u00e1kazn\u00edk sa zav\u00e4zuje zaplati\u0165 celkov\u00fa cenu do 14 dn\u00ed odo d\u0148a doru\u010denia potvrdenia objedn\u00e1vky e-mailom alebo fakt\u00fary. Po uplynut\u00ed tejto lehoty je z\u00e1kazn\u00edk v ome\u0161kan\u00ed s platbou. Po\u010das doby ome\u0161kania je spotrebite\u013e povinn\u00fd zaplati\u0165 \u00farok z ome\u0161kania vo v\u00fd\u0161ke 5 percentu\u00e1lnych bodov nad z\u00e1kladn\u00fa \u00farokov\u00fa sadzbu. Po\u010das obdobia ome\u0161kania zaplat\u00ed podnikate\u013e \u00farok z dlhu vo v\u00fd\u0161ke 9 percentu\u00e1lnych bodov nad z\u00e1kladn\u00fa \u00farokov\u00fa sadzbu. V pr\u00edpade ome\u0161kania s \u00fahradou poh\u013ead\u00e1vky je podnikate\u013e povinn\u00fd zaplati\u0165 aj pau\u0161\u00e1lnu \u00fahradu vo v\u00fd\u0161ke 40 eur vr\u00e1tane DPH. To plat\u00ed aj v pr\u00edpade, ak je podnikate\u013e v ome\u0161kan\u00ed s platbou na \u00fa\u010det alebo inou spl\u00e1tkou. Pred\u00e1vaj\u00faci si vyhradzuje pr\u00e1vo po\u017eadova\u0165 od podnikate\u013ea vy\u0161\u0161iu n\u00e1hradu \u0161kody za ome\u0161kanie. Pau\u0161\u00e1lna suma pod\u013ea vety 5 sa zapo\u010d\u00edtava s poh\u013ead\u00e1vkou na n\u00e1hradu dl\u017enej \u0161kody, pokia\u013e \u0161koda vych\u00e1dza z n\u00e1kladov na s\u00fadne konanie.<\/span><\/p>\n<p><span style=\"font-weight: 400;\">(3) Z\u00e1kazn\u00edk m\u00e1 pr\u00e1vo na zapo\u010d\u00edtanie len vtedy, ak boli jeho protipoh\u013ead\u00e1vky pr\u00e1voplatne stanoven\u00e9, uznan\u00e9 alebo pred\u00e1vaj\u00facim nespochybnen\u00e9. T\u00fdm nie je dotknut\u00e9 pr\u00e1vo z\u00e1kazn\u00edka na zapo\u010d\u00edtanie zmluvn\u00fdch a in\u00fdch poh\u013ead\u00e1vok vypl\u00fdvaj\u00facich zo za\u010datia alebo plnenia tohto zmluvn\u00e9ho vz\u0165ahu. Z\u00e1kazn\u00edk m\u00f4\u017ee uplatni\u0165 pr\u00e1vo na z\u00e1dr\u017en\u00e9 len vtedy, ak sa jeho protipoh\u013ead\u00e1vka zaklad\u00e1 na tom istom zmluvnom vz\u0165ahu.<\/span><\/p>\n<p><span style=\"font-weight: 400;\">(4) Zmeny, roz\u0161\u00edrenia a obmedzenia objedn\u00e1vky po uzavret\u00ed zmluvy pred\u00e1vaj\u00faci zoh\u013eadn\u00ed v maxim\u00e1lnej mo\u017enej miere. Pred\u00e1vaj\u00faci si za ne bude \u00fa\u010dtova\u0165 manipula\u010dn\u00fd poplatok vo v\u00fd\u0161ke 10,00 \u20ac s DPH, pokia\u013e nep\u00f4jde o pr\u00edpady zru\u0161enia alebo reklam\u00e1cie. Za objedn\u00e1vky, ktor\u00e9 sa maj\u00fa vybavi\u0165 ru\u010dne a nie s\u00fa spracovan\u00e9 prostredn\u00edctvom internetov\u00e9ho obchodu, \u00fa\u010dtujeme spracovate\u013esk\u00fd poplatok vo v\u00fd\u0161ke 20,00 \u20ac s DPH. Z tohto poplatku s\u00fa vyl\u00fa\u010den\u00e9 objedn\u00e1vky s tovarom, ktor\u00fd nie je mo\u017en\u00e9 objedna\u0165 prostredn\u00edctvom internetov\u00e9ho obchodu, napr. v\u00fdrobky na mieru.<\/span><\/p>\n<p><span style=\"font-weight: 400;\">(5) Za objednan\u00e9 zvierat\u00e1, ktor\u00e9 maj\u00fa by\u0165 na \u017eiados\u0165 z\u00e1kazn\u00edka odoslan\u00e9 nesk\u00f4r, ako je zmluvne dohodnut\u00e9, sa \u00fa\u010dtuje poplatok 2,00 \u20ac s DPH za de\u0148 a gyne (\u00fasilie o starostlivos\u0165) odo d\u0148a objedn\u00e1vky do d\u0148a odoslania. Maxim\u00e1lna lehota je 30 dn\u00ed.<\/span><\/p>\n<h2><b>\u00a7 6 <a href=\"https:\/\/clone.antcube.shop\/en\/payment-methods-and-conditions\/\">Sp\u00f4soby platby<\/a><\/b><\/h2>\n<p><span style=\"font-weight: 400;\">(1) K\u00fapnu cenu je mo\u017en\u00e9 zaplati\u0165 vopred, bankov\u00fdm prevodom, kreditnou kartou alebo prostredn\u00edctvom slu\u017eby PayPal. Pri platbe cez PayPal platia ich podmienky pou\u017e\u00edvania. \u010eal\u0161ie inform\u00e1cie n\u00e1jdete v na\u0161ej <a href=\"https:\/\/clone.antcube.shop\/en\/privacy-policy\/\">z\u00e1sady ochrany osobn\u00fdch \u00fadajov<\/a>.<\/span><\/p>\n<h2><b>\u00a7 7 Prepravn\u00e9 a dodacie podmienky<\/b><\/h2>\n<p><span style=\"font-weight: 400;\">(1) Z\u00e1sielky zasielame len do \u010dlensk\u00fdch \u0161t\u00e1tov Eur\u00f3pskej \u00fanie s v\u00fdnimkou eur\u00f3pskych z\u00e1morsk\u00fdch \u00fazem\u00ed alebo exkl\u00e1v a regi\u00f3nov s da\u0148ovou auton\u00f3miou (ktor\u00e9 Eur\u00f3pska \u00fania ozna\u010duje ako \"najvzdialenej\u0161ie regi\u00f3ny\"). Predpokladan\u00fd \u010das dodania pre Nemecko a ostatn\u00e9 krajiny je uveden\u00fd v na\u0161ej <\/span><a href=\"https:\/\/clone.antcube.shop\/en\/shipping-costs-delivery-restrictions\/\"><b>preh\u013ead n\u00e1kladov na dopravu.<\/b><\/a><\/p>\n<p><span style=\"font-weight: 400;\">(2) Dodacia lehota za\u010d\u00edna plyn\u00fa\u0165 jeden de\u0148 po autoriz\u00e1cii platby v pr\u00edpade platby vopred\/bankov\u00fdm prevodom alebo PayPal. V pr\u00edpade in\u00fdch sp\u00f4sobov platby za\u010d\u00edna lehota plyn\u00fa\u0165 jeden de\u0148 po odoslan\u00ed objedn\u00e1vky.<\/span><\/p>\n<p><span style=\"font-weight: 400;\">(3) Ak za\u010diatok alebo koniec lehoty pripadne na sobotu, nede\u013eu alebo \u0161t\u00e1tny sviatok, za\u010diatok alebo koniec lehoty sa posunie na nasleduj\u00faci pracovn\u00fd de\u0148.<\/span><\/p>\n<p><span style=\"font-weight: 400;\">(4) Pred\u00e1vaj\u00faci je opr\u00e1vnen\u00fd realizova\u0165 \u010diastkov\u00e9 dod\u00e1vky, ak je to pre z\u00e1kazn\u00edka primeran\u00e9. Z\u00e1kazn\u00edkovi t\u00fdm nevznikn\u00fa \u017eiadne dodato\u010dn\u00e9 n\u00e1klady.<\/span><\/p>\n<p><span style=\"font-weight: 400;\">(5) Ak sa z\u00e1kazn\u00edk rozhodne vyzdvihn\u00fa\u0165 si svoju objedn\u00e1vku v na\u0161om obchode, bude informovan\u00fd e-mailom, \u017ee objedn\u00e1vka je pripraven\u00e1 na vyzdvihnutie.<\/span><\/p>\n<h2><b>\u00a7 8 Prevod rizika<\/b><\/h2>\n<p><span style=\"font-weight: 400;\">(1) V pr\u00edpade spotrebite\u013eov prech\u00e1dza riziko n\u00e1hodnej straty a po\u0161kodenia tovaru na z\u00e1kazn\u00edka pri jeho odovzdan\u00ed.<\/span><\/p>\n<p><span style=\"font-weight: 400;\">(2) V pr\u00edpade podnikate\u013eov prech\u00e1dza riziko na z\u00e1kazn\u00edka odovzdan\u00edm prepravnej spolo\u010dnosti.<\/span><\/p>\n<p><span style=\"font-weight: 400;\">(3) Ak je z\u00e1kazn\u00edk v ome\u0161kan\u00ed s prevzat\u00edm, pova\u017euje sa to za rovnocenn\u00e9 s odovzdan\u00edm.<\/span><\/p>\n<h2><b>\u00a7 9 Z\u00e1ruka<\/b><\/h2>\n<p><span style=\"font-weight: 400;\">(1) Z\u00e1ruka sa riadi z\u00e1konn\u00fdmi ustanoveniami. Z\u00e1ru\u010dn\u00e1 doba pre spotrebite\u013eov je 2 roky od dodania tovaru. Odchylne od toho je z\u00e1ru\u010dn\u00e1 doba pre podnikate\u013eov 1 rok od dodania tovaru. Z\u00e1ru\u010dn\u00e1 doba na pou\u017eit\u00fd tovar je tie\u017e 1 rok od dodania tovaru. Jednoro\u010dn\u00e1 z\u00e1ru\u010dn\u00e1 lehota neplat\u00ed, ak mo\u017eno pred\u00e1vaj\u00faceho obvini\u0165 z hrubej nedbanlivosti, ani v pr\u00edpade telesn\u00e9ho po\u0161kodenia a po\u0161kodenia zdravia zavinen\u00e9ho pred\u00e1vaj\u00facim a v pr\u00edpade straty \u017eivota z\u00e1kazn\u00edka, v pr\u00edpade z\u00e1ruky a v pr\u00edpade regresu pri dodan\u00ed v s\u00falade s \u00a7\u00a7 478, 479 BGB. Zodpovednos\u0165 pred\u00e1vaj\u00faceho pod\u013ea z\u00e1kona o zodpovednosti za \u0161kodu sp\u00f4soben\u00fa vadou v\u00fdrobku zost\u00e1va t\u00fdmto nedotknut\u00e1<\/span><\/p>\n<p><span style=\"font-weight: 400;\">(2) Bez oh\u013eadu na odsek. 1 sa be\u017en\u00e1 preml\u010dacia lehota uplatn\u00ed, ak pred\u00e1vaj\u00faci podvodne zatajil vadu<\/span><\/p>\n<p><span style=\"font-weight: 400;\">(3) Objednan\u00fd tovar sa m\u00f4\u017ee v primeran\u00fdch medziach mierne l\u00ed\u0161i\u0165 od tovaru uveden\u00e9ho na internete. Odkazuje sa na \u00a7 2 ods. 2 t\u00fdchto VOP.<\/span><\/p>\n<p><span style=\"font-weight: 400;\">(4) Spotrebitelia si m\u00f4\u017eu vybra\u0165 medzi opravou alebo v\u00fdmenou. Pred\u00e1vaj\u00faci m\u00f4\u017ee odmietnu\u0165 zvolen\u00fd typ n\u00e1sledn\u00e9ho plnenia, ak je to mo\u017en\u00e9 len s neprimeran\u00fdmi n\u00e1kladmi.<\/span><\/p>\n<p><span style=\"font-weight: 400;\">(5) Zjavn\u00e9 vady musia podnikatelia ozn\u00e1mi\u0165 do dvoch t\u00fd\u017ed\u0148ov od prevzatia tovaru. V opa\u010dnom pr\u00edpade je uplatnenie n\u00e1roku na z\u00e1ruku vyl\u00fa\u010den\u00e9. Na dodr\u017eanie lehoty posta\u010duje v\u010dasn\u00e9 odoslanie alebo ozn\u00e1menie. Pre obchodn\u00edkov plat\u00ed \u00a7 377 Obchodn\u00e9ho z\u00e1konn\u00edka.<\/span><\/p>\n<p><span style=\"font-weight: 400;\">(6) Z\u00e1ruka sa nevz\u0165ahuje na po\u0161kodenie sp\u00f4soben\u00e9 nespr\u00e1vnou manipul\u00e1ciou. Z\u00e1ruky v\u00fdrobcu zost\u00e1vaj\u00fa nedotknut\u00e9.<\/span><\/p>\n<h2><b>\u00a7 10 Obmedzenia zodpovednosti<\/b><\/h2>\n<p><span style=\"font-weight: 400;\">(1) V pr\u00edpade \u013eahkej nedbanlivosti zodpoved\u00e1 pred\u00e1vaj\u00faci len za predv\u00eddate\u013en\u00e9 \u0161kody typick\u00e9 pre zmluvu. Toto obmedzenie sa vz\u0165ahuje aj na z\u00e1stupcov pred\u00e1vaj\u00faceho.<\/span><\/p>\n<p><span style=\"font-weight: 400;\">(2) Obmedzenia zodpovednosti sa neuplat\u0148uj\u00fa v pr\u00edpade podvodn\u00e9ho \u00famyslu, poru\u0161enia podstatn\u00fdch zmluvn\u00fdch povinnost\u00ed alebo \u0161kody na \u017eivote, zdrav\u00ed alebo zdrav\u00ed.<\/span><\/p>\n<p><span style=\"font-weight: 400;\">(3) Z\u00e1kazn\u00edk je povinn\u00fd prija\u0165 primeran\u00e9 opatrenia na predch\u00e1dzanie a minimaliz\u00e1ciu \u0161k\u00f4d.<\/span><\/p>\n<p><span style=\"font-weight: 400;\">(4) Pred\u00e1vaj\u00faci zodpoved\u00e1 len za svoj vlastn\u00fd obsah na webovej str\u00e1nke svojho internetov\u00e9ho obchodu. Pokia\u013e odkazy umo\u017e\u0148uj\u00fa pr\u00edstup na in\u00e9 webov\u00e9 str\u00e1nky, pred\u00e1vaj\u00faci nezodpoved\u00e1 za obsah tret\u00edch str\u00e1n, ktor\u00fd sa na nich nach\u00e1dza. Obsah tret\u00edch str\u00e1n neprij\u00edma za svoj vlastn\u00fd. Ak sa pred\u00e1vaj\u00faci dozvie o nez\u00e1konnom obsahu na extern\u00fdch webov\u00fdch str\u00e1nkach, okam\u017eite zablokuje pr\u00edstup na tieto str\u00e1nky.<\/span><\/p>\n<h2><b>\u00a7 11 Ochrana \u00fadajov<\/b><\/h2>\n<p><span style=\"font-weight: 400;\">\u00dadaje zhroma\u017eden\u00e9 po\u010das procesu objedn\u00e1vania sa sprac\u00favaj\u00fa na \u00fa\u010dely plnenia zmluvy. \u010eal\u0161ie inform\u00e1cie, najm\u00e4 o prenose \u00fadajov tret\u00edm stran\u00e1m, n\u00e1jdete v <a href=\"https:\/\/clone.antcube.shop\/en\/privacy-policy\/\">z\u00e1sady ochrany osobn\u00fdch \u00fadajov<\/a> na na\u0161ej webovej str\u00e1nke.<\/span><\/p>\n<h2><b>\u00a7 12 Z\u00e1vere\u010dn\u00e9 ustanovenia a rie\u0161enie sporov<\/b><\/h2>\n<p><span style=\"font-weight: 400;\">(1) Uplat\u0148uje sa pr\u00e1vo Spolkovej republiky Nemecko. Pre spotrebite\u013eov plat\u00ed len do tej miery, pokia\u013e poskytnut\u00e1 ochrana nie je obmedzen\u00e1 kogentn\u00fdmi ustanoveniami krajiny, v ktorej m\u00e1 spotrebite\u013e obvykl\u00fd pobyt. Ustanovenia Dohovoru OSN o zmluv\u00e1ch o medzin\u00e1rodnej k\u00fape tovaru sa neuplat\u0148uj\u00fa. \u00a7 16 ods. 14 veta 2 \u010d. 6 TDSG zost\u00e1va nedotknut\u00fd.<\/span><\/p>\n<p><span style=\"font-weight: 400;\">(2) Eur\u00f3pska komisia poskytuje platformu na rie\u0161enie sporov online (OS), ktor\u00e1 je dostupn\u00e1 na adrese https:\/\/ec.europa.eu\/consumers\/odr. Na\u0161a e-mailov\u00e1 adresa je: law@ants.de\u00a0<\/span><\/p>\n<p><a href=\"https:\/\/clone.antcube.shop\/en\/shipping-costs-delivery-restrictions\/\"><b>Prepravn\u00e9 n\u00e1klady\/prepravn\u00e9 podmienky<\/b><\/a><\/p>\n<p><a href=\"https:\/\/clone.antcube.shop\/en\/privacy-policy\/\"><b>Z\u00e1sady ochrany osobn\u00fdch \u00fadajov<\/b><\/a><\/p>\n<p><a href=\"https:\/\/clone.antcube.shop\/en\/payment-methods-and-conditions\/\"><b>Mo\u017enosti platby<\/b><\/a><\/p>\n<p><a href=\"https:\/\/clone.antcube.shop\/en\/refund-policy\/\"><b>Pr\u00e1vo na zru\u0161enie<\/b><\/a><\/p>\n\n\t\t<\/div>\n\t\t\t\t\t<\/div>\n\n\t\n\n<\/div>","protected":false},"excerpt":{"rendered":"","protected":false},"author":1,"featured_media":0,"parent":0,"menu_order":0,"comment_status":"closed","ping_status":"closed","template":"","meta":{"_acf_changed":false,"content-type":"","_monsterinsights_skip_tracking":false,"_monsterinsights_sitenote_active":false,"_monsterinsights_sitenote_note":"","_monsterinsights_sitenote_category":0,"footnotes":""},"class_list":["post-500","page","type-page","status-publish","hentry"],"acf":[],"aioseo_notices":[],"jetpack_sharing_enabled":true,"_links":{"self":[{"href":"https:\/\/clone.antcube.shop\/sk\/wp-json\/wp\/v2\/pages\/500","targetHints":{"allow":["GET"]}}],"collection":[{"href":"https:\/\/clone.antcube.shop\/sk\/wp-json\/wp\/v2\/pages"}],"about":[{"href":"https:\/\/clone.antcube.shop\/sk\/wp-json\/wp\/v2\/types\/page"}],"author":[{"embeddable":true,"href":"https:\/\/clone.antcube.shop\/sk\/wp-json\/wp\/v2\/users\/1"}],"replies":[{"embeddable":true,"href":"https:\/\/clone.antcube.shop\/sk\/wp-json\/wp\/v2\/comments?post=500"}],"version-history":[{"count":10,"href":"https:\/\/clone.antcube.shop\/sk\/wp-json\/wp\/v2\/pages\/500\/revisions"}],"predecessor-version":[{"id":10710,"href":"https:\/\/clone.antcube.shop\/sk\/wp-json\/wp\/v2\/pages\/500\/revisions\/10710"}],"wp:attachment":[{"href":"https:\/\/clone.antcube.shop\/sk\/wp-json\/wp\/v2\/media?parent=500"}],"curies":[{"name":"wp","href":"https:\/\/api.w.org\/{rel}","templated":true}]}}