{"id":702,"date":"2021-08-17T10:58:14","date_gmt":"2021-08-17T08:58:14","guid":{"rendered":"https:\/\/antcube.shop\/?page_id=702"},"modified":"2024-09-09T17:06:06","modified_gmt":"2024-09-09T15:06:06","slug":"chytanie-kralovien-mladat","status":"publish","type":"page","link":"https:\/\/clone.antcube.shop\/sk\/chytanie-kralovien-mladat\/","title":{"rendered":"Chytanie kr\u00e1\u013eovnej mravcov"},"content":{"rendered":"<div id=\"gap-877798736\" class=\"gap-element clearfix\" style=\"display:block; height:auto;\">\n\t\t\n<style>\n#gap-877798736 {\n  padding-top: 177px;\n}\n@media (min-width:550px) {\n  #gap-877798736 {\n    padding-top: 178px;\n  }\n}\n@media (min-width:850px) {\n  #gap-877798736 {\n    padding-top: 75px;\n  }\n}\n<\/style>\n\t<\/div>\n\t\n\n\n  <div class=\"banner has-hover\" id=\"banner-1716170624\">\n          <div class=\"banner-inner fill\">\n        <div class=\"banner-bg fill\" >\n            <img loading=\"lazy\" decoding=\"async\" width=\"1020\" height=\"571\" src=\"https:\/\/i0.wp.com\/clone.antcube.shop\/wp-content\/uploads\/2021\/09\/Screenshot-2021-09-16-150304.png?fit=1020%2C571&amp;ssl=1\" class=\"bg attachment-large size-large\" alt=\"Ako chyti\u0165 kr\u00e1\u013eovn\u00fa mravcov pomocou sk\u00famavky a pinzety z pru\u017einovej ocele\" \/>                        <div class=\"overlay\"><\/div>            \n                    <\/div>\n\t\t\n        <div class=\"banner-layers container\">\n            <div class=\"fill banner-link\"><\/div>            \n\n   <div id=\"text-box-1759811604\" class=\"text-box banner-layer x50 md-x50 lg-x50 y50 md-y50 lg-y50 res-text\">\n                                <div class=\"text-box-content text dark text-shadow-3\">\n              \n              <div class=\"text-inner text-center\">\n                  \n\n<h3 class=\"uppercase\"><strong>AKO CHY\u0164TE VLASTN\u00c9HO mravca<\/strong><\/h3>\n\n              <\/div>\n           <\/div>\n                            \n<style>\n#text-box-1759811604 {\n  width: 60%;\n}\n#text-box-1759811604 .text-box-content {\n  font-size: 100%;\n}\n<\/style>\n    <\/div>\n \n\n        <\/div>\n      <\/div>\n\n            \n<style>\n#banner-1716170624 {\n  padding-top: 400px;\n}\n#banner-1716170624 .overlay {\n  background-color: rgba(0, 0, 0, 0.17);\n}\n#banner-1716170624 .banner-bg img {\n  object-position: 56% 82%;\n}\n@media (min-width:550px) {\n  #banner-1716170624 {\n    padding-top: 500px;\n  }\n}\n<\/style>\n  <\/div>\n\n\n\t<div id=\"gap-250194045\" class=\"gap-element clearfix\" style=\"display:block; height:auto;\">\n\t\t\n<style>\n#gap-250194045 {\n  padding-top: 30px;\n}\n<\/style>\n\t<\/div>\n\t\n\n<div class=\"row\"  id=\"row-1155313397\">\n\n\n\t<div id=\"col-1308963651\" class=\"col medium-6 small-12 large-6\"  >\n\t\t\t\t<div class=\"col-inner\"  >\n\t\t\t\n\t\t\t\n\n<h3>Chy\u0165te si vlastn\u00fa mrav\u010diu kr\u00e1\u013eovn\u00fa<\/h3>\n<p>Ak chcete chyti\u0165 vlastn\u00fa mrav\u010diu kr\u00e1\u013eovn\u00fa, potrebujete bu\u010f \u0161\u0165astie, alebo pr\u00edpravu a v\u00fdskum.\u00a0<\/p>\n<p>Mravce maj\u00fa svoj svadobn\u00fd let zvy\u010dajne raz za rok. A\u017e vtedy sa v kol\u00f3nii vytvoria tzv. reproduk\u010dn\u00e9 jedince, teda mlad\u00e9 kr\u00e1\u013eovn\u00e9 a tr\u00fady (samce mravcov). S\u00fa to jedin\u00e9 mravce schopn\u00e9 lieta\u0165. Kr\u00e1\u013eovn\u00e9 zhodia kr\u00eddla po tom, ako sa sp\u00e1ria s jedn\u00fdm alebo viacer\u00fdmi samcami. Samce po kr\u00e1tkom \u010dase (maxim\u00e1lne nieko\u013eko dn\u00ed) uhyn\u00fa bez oh\u013eadu na to, \u010di sa sp\u00e1rili alebo nie. <br \/>Po tom, ako mlad\u00e9 kr\u00e1\u013eovn\u00e9 dokon\u010dia svoj svadobn\u00fd let, h\u013eadaj\u00fa vhodn\u00e9 miesto na zalo\u017eenie kol\u00f3nie. Zbavia sa kr\u00eddel a za\u010dn\u00fa sa zahrab\u00e1va\u0165. To je ide\u00e1lny okamih na ich zber. Ke\u010f u\u017e nemaj\u00fa kr\u00eddla, m\u00f4\u017eete si by\u0165 ist\u00ed, \u017ee s\u00fa sp\u00e1ren\u00e9.<\/p>\n<p>Najlep\u0161\u00ed sp\u00f4sob, ako ich zbiera\u0165, je pou\u017ei\u0165 pinzetu z pru\u017einovej ocele. Pomocou nich m\u00f4\u017eete zvierat\u00e1 chyti\u0165 bez toho, aby ste ich poranili.<\/p>\n<p>Umiestnite ich do sk\u00famavky alebo malej \u0161katu\u013eky s otvormi na vetranie. Niektor\u00e9 druhy by sa mali prev\u00e1\u017ea\u0165 jednotlivo, in\u00e9 mo\u017eno kr\u00e1tkodobo dr\u017ea\u0165 spolu v n\u00e1dobe, preto\u017ee s\u00fa medzi sebou menej agres\u00edvne. R\u00f4zne druhy by sa mali v\u017edy dr\u017ea\u0165 oddelene.<\/p>\n<p>Ak chcete zisti\u0165, kedy a kde m\u00f4\u017eete n\u00e1js\u0165 kr\u00e1\u013eovn\u00fa mravcov, na internete je teraz k dispoz\u00edcii mnoho \"tabuliek svadobn\u00fdch letov\". Dva pr\u00edklady sme uviedli ni\u017e\u0161ie na tejto str\u00e1nke.<\/p>\n<p>Uistite sa, \u017ee nezbierate chr\u00e1nen\u00e9 alebo ohrozen\u00e9 druhy, vo v\u0161etk\u00fdch krajin\u00e1ch sveta je viac ne\u017e dos\u0165 druhov, ktor\u00fdch popul\u00e1cie s\u00fa ve\u013emi zdrav\u00e9.<\/p>\n<p><strong>Nuptial flight chart v nemeckom jazyku:<\/strong><\/p>\n<p><a href=\"https:\/\/www.ameisenforum.de\/schwarmflug.php\">Ameisenforum.de<\/a><\/p>\n<p><strong>Nuptial flight chart v anglickom jazyku:<\/strong><\/p>\n<p><a href=\"https:\/\/antflights.com\/stats\/flights\">Antflights.com<\/a><\/p>\n\n\t\t<\/div>\n\t\t\t\t\t<\/div>\n\n\t\n\n\t<div id=\"col-884478484\" class=\"col medium-6 small-12 large-6\"  >\n\t\t\t\t<div class=\"col-inner\"  >\n\t\t\t\n\t\t\t\n\n\t<div class=\"img has-hover x md-x lg-x y md-y lg-y\" id=\"image_51287675\">\n\t\t<a class=\"image-lightbox lightbox-gallery\" title=\"\" href=\"https:\/\/i0.wp.com\/clone.antcube.shop\/wp-content\/uploads\/2021\/07\/Lasius-niger.jpg?ssl=1\">\t\t\t\t\t\t<div class=\"img-inner dark\" >\n\t\t\t<img data-recalc-dims=\"1\" loading=\"lazy\" decoding=\"async\" width=\"1000\" height=\"1000\" src=\"https:\/\/i0.wp.com\/clone.antcube.shop\/wp-content\/uploads\/2021\/07\/Lasius-niger.jpg?resize=1000%2C1000&#038;ssl=1\" class=\"attachment-original size-original\" alt=\"Kr\u00e1\u013eovn\u00e1 mravcov Lasius niger makro na bielom pozad\u00ed\" srcset=\"https:\/\/i0.wp.com\/clone.antcube.shop\/wp-content\/uploads\/2021\/07\/Lasius-niger.jpg?w=1000&amp;ssl=1 1000w, https:\/\/i0.wp.com\/clone.antcube.shop\/wp-content\/uploads\/2021\/07\/Lasius-niger.jpg?resize=247%2C247&amp;ssl=1 247w, https:\/\/i0.wp.com\/clone.antcube.shop\/wp-content\/uploads\/2021\/07\/Lasius-niger.jpg?resize=100%2C100&amp;ssl=1 100w, https:\/\/i0.wp.com\/clone.antcube.shop\/wp-content\/uploads\/2021\/07\/Lasius-niger.jpg?resize=510%2C510&amp;ssl=1 510w, https:\/\/i0.wp.com\/clone.antcube.shop\/wp-content\/uploads\/2021\/07\/Lasius-niger.jpg?resize=400%2C400&amp;ssl=1 400w, https:\/\/i0.wp.com\/clone.antcube.shop\/wp-content\/uploads\/2021\/07\/Lasius-niger.jpg?resize=800%2C800&amp;ssl=1 800w, https:\/\/i0.wp.com\/clone.antcube.shop\/wp-content\/uploads\/2021\/07\/Lasius-niger.jpg?resize=280%2C280&amp;ssl=1 280w, https:\/\/i0.wp.com\/clone.antcube.shop\/wp-content\/uploads\/2021\/07\/Lasius-niger.jpg?resize=768%2C768&amp;ssl=1 768w\" sizes=\"auto, (max-width: 1000px) 100vw, 1000px\" \/>\t\t\t\t\t\t\n\t\t\t\t\t<\/div>\n\t\t\t\t\t\t<\/a>\t\t\n<style>\n#image_51287675 {\n  width: 100%;\n}\n<\/style>\n\t<\/div>\n\t\n\n\t<div id=\"text-474529070\" class=\"text\">\n\t\t\n\n<p>Lasius niger kr\u00e1\u013eovn\u00e1<\/p>\n\t\t\n<style>\n#text-474529070 {\n  text-align: center;\n}\n<\/style>\n\t<\/div>\n\t\n\n\t\t<\/div>\n\t\t\t\t\t<\/div>\n\n\t\n\n<\/div>","protected":false},"excerpt":{"rendered":"","protected":false},"author":1,"featured_media":0,"parent":0,"menu_order":0,"comment_status":"closed","ping_status":"closed","template":"","meta":{"_acf_changed":false,"content-type":"","_monsterinsights_skip_tracking":false,"_monsterinsights_sitenote_active":false,"_monsterinsights_sitenote_note":"","_monsterinsights_sitenote_category":0,"footnotes":""},"class_list":["post-702","page","type-page","status-publish","hentry"],"acf":[],"aioseo_notices":[],"jetpack_sharing_enabled":true,"_links":{"self":[{"href":"https:\/\/clone.antcube.shop\/sk\/wp-json\/wp\/v2\/pages\/702","targetHints":{"allow":["GET"]}}],"collection":[{"href":"https:\/\/clone.antcube.shop\/sk\/wp-json\/wp\/v2\/pages"}],"about":[{"href":"https:\/\/clone.antcube.shop\/sk\/wp-json\/wp\/v2\/types\/page"}],"author":[{"embeddable":true,"href":"https:\/\/clone.antcube.shop\/sk\/wp-json\/wp\/v2\/users\/1"}],"replies":[{"embeddable":true,"href":"https:\/\/clone.antcube.shop\/sk\/wp-json\/wp\/v2\/comments?post=702"}],"version-history":[{"count":10,"href":"https:\/\/clone.antcube.shop\/sk\/wp-json\/wp\/v2\/pages\/702\/revisions"}],"predecessor-version":[{"id":9149,"href":"https:\/\/clone.antcube.shop\/sk\/wp-json\/wp\/v2\/pages\/702\/revisions\/9149"}],"wp:attachment":[{"href":"https:\/\/clone.antcube.shop\/sk\/wp-json\/wp\/v2\/media?parent=702"}],"curies":[{"name":"wp","href":"https:\/\/api.w.org\/{rel}","templated":true}]}}