{"id":721,"date":"2021-08-17T11:04:38","date_gmt":"2021-08-17T09:04:38","guid":{"rendered":"https:\/\/antcube.shop\/?page_id=721"},"modified":"2023-12-15T12:45:13","modified_gmt":"2023-12-15T11:45:13","slug":"vyhladavac-mravcov","status":"publish","type":"page","link":"https:\/\/clone.antcube.shop\/sk\/vyhladavac-mravcov\/","title":{"rendered":"N\u00e1jdite svoj druh mravca"},"content":{"rendered":"<div id=\"gap-1957300834\" class=\"gap-element clearfix\" style=\"display:block; height:auto;\">\n\t\t\n<style>\n#gap-1957300834 {\n  padding-top: 195px;\n}\n@media (min-width:550px) {\n  #gap-1957300834 {\n    padding-top: 201px;\n  }\n}\n@media (min-width:850px) {\n  #gap-1957300834 {\n    padding-top: 175px;\n  }\n}\n<\/style>\n\t<\/div>\n\t\n\n\t<div id=\"text-4120486163\" class=\"text\">\n\t\t\n\n<h1>Vyh\u013ead\u00e1va\u010d mravcov ANTCUBE<\/h1>\n<h1>N\u00e1jdite dokonal\u00fa mrav\u010diu kr\u00e1\u013eovn\u00fa alebo kol\u00f3niu, ktor\u00fa si m\u00f4\u017eete ponecha\u0165<\/h1>\n<p>Aby sme v\u00e1m pomohli n\u00e1js\u0165 ide\u00e1lny druh mravca pre v\u00e1s, \u010di u\u017e ste za\u010diato\u010dn\u00edk, m\u00e1te u\u017e nejak\u00e9 sk\u00fasenosti alebo ste u\u017e odborn\u00edk na chov mravcov, navrhli sme n\u00e1\u0161 \"vyh\u013ead\u00e1va\u010d mravcov\".<\/p>\n\t\t\n<style>\n#text-4120486163 {\n  text-align: center;\n}\n<\/style>\n\t<\/div>\n\t\n\t<div id=\"gap-293621070\" class=\"gap-element clearfix\" style=\"display:block; height:auto;\">\n\t\t\n<style>\n#gap-293621070 {\n  padding-top: 30px;\n}\n<\/style>\n\t<\/div>\n\t\n\n\t<div id=\"text-1859628912\" class=\"text\">\n\t\t\n\n<p><strong>Ot\u00e1zka: Ak\u00e9 m\u00e1te sk\u00fasenosti s chovom mravcov?<\/strong><\/p>\n\t\t\n<style>\n#text-1859628912 {\n  font-size: 1.8rem;\n  text-align: center;\n}\n<\/style>\n\t<\/div>\n\t\n\t<div id=\"gap-1055824339\" class=\"gap-element clearfix\" style=\"display:block; height:auto;\">\n\t\t\n<style>\n#gap-1055824339 {\n  padding-top: 15px;\n}\n@media (min-width:550px) {\n  #gap-1055824339 {\n    padding-top: 50px;\n  }\n}\n<\/style>\n\t<\/div>\n\t\n\n<div class=\"row row-solid\"  id=\"row-856510522\">\n\n\n\t<div id=\"col-728892480\" class=\"col medium-4 small-12 large-4\"  >\n\t\t\t\t<div class=\"col-inner\"  >\n\t\t\t\n\t\t\t\n\n\n  <div class=\"banner has-hover\" id=\"banner-592073684\">\n          <div class=\"banner-inner fill\">\n        <div class=\"banner-bg fill\" >\n            <img loading=\"lazy\" decoding=\"async\" width=\"350\" height=\"350\" src=\"https:\/\/i0.wp.com\/clone.antcube.shop\/wp-content\/uploads\/2021\/09\/green.jpg?fit=350%2C350&amp;ssl=1\" class=\"bg attachment-large size-large\" alt=\"\" \/>                                    \n                    <\/div>\n\t\t\n        <div class=\"banner-layers container\">\n            <a class=\"fill\" href=\"https:\/\/clone.antcube.shop\/ant-finder\/beginner\/\"><div class=\"fill banner-link\"><\/div><\/a>            \n\n   <div id=\"text-box-361611271\" class=\"text-box banner-layer x50 md-x50 lg-x50 y10 md-y10 lg-y10 res-text\">\n                                <div class=\"text-box-content text dark\">\n              \n              <div class=\"text-inner text-center\">\n                  \n\n\t<div id=\"text-539180574\" class=\"text\">\n\t\t\n\n<h3 class=\"uppercase\"><strong>Za\u010diato\u010dn\u00edk<\/strong><\/h3>\n\t\t\n<style>\n#text-539180574 {\n  font-size: 1.05rem;\n  color: rgb(0,0,0);\n}\n#text-539180574 > * {\n  color: rgb(0,0,0);\n}\n<\/style>\n\t<\/div>\n\t\n\n              <\/div>\n           <\/div>\n                            \n<style>\n#text-box-361611271 {\n  width: 76%;\n}\n#text-box-361611271 .text-box-content {\n  font-size: 100%;\n}\n<\/style>\n    <\/div>\n \n\n        <\/div>\n      <\/div>\n\n            \n<style>\n#banner-592073684 {\n  padding-top: 75%;\n}\n#banner-592073684 .banner-bg img {\n  object-position: 50% 100%;\n}\n<\/style>\n  <\/div>\n\n\n\n\t\t<\/div>\n\t\t\t\t\t<\/div>\n\n\t\n\n\t<div id=\"col-2007549485\" class=\"col medium-4 small-12 large-4\"  >\n\t\t\t\t<div class=\"col-inner\"  >\n\t\t\t\n\t\t\t\n\n\n  <div class=\"banner has-hover\" id=\"banner-231880314\">\n          <div class=\"banner-inner fill\">\n        <div class=\"banner-bg fill\" >\n            <img loading=\"lazy\" decoding=\"async\" width=\"350\" height=\"350\" src=\"https:\/\/i0.wp.com\/clone.antcube.shop\/wp-content\/uploads\/2021\/09\/yellow.jpg?fit=350%2C350&amp;ssl=1\" class=\"bg attachment-large size-large\" alt=\"\" \/>                        <div class=\"overlay\"><\/div>            \n                    <\/div>\n\t\t\n        <div class=\"banner-layers container\">\n            <a class=\"fill\" href=\"https:\/\/clone.antcube.shop\/ant-finder\/intermediate\/\"><div class=\"fill banner-link\"><\/div><\/a>            \n\n   <div id=\"text-box-1247995708\" class=\"text-box banner-layer x50 md-x50 lg-x50 y10 md-y10 lg-y10 res-text\">\n                                <div class=\"text-box-content text dark\">\n              \n              <div class=\"text-inner text-center\">\n                  \n\n\t<div id=\"text-3653779982\" class=\"text\">\n\t\t\n\n<h3 class=\"uppercase\"><strong>Stredne pokro\u010dil\u00fd<\/strong><\/h3>\n\t\t\n<style>\n#text-3653779982 {\n  font-size: 1.05rem;\n  color: rgb(0, 0, 0);\n}\n#text-3653779982 > * {\n  color: rgb(0, 0, 0);\n}\n<\/style>\n\t<\/div>\n\t\n\n              <\/div>\n           <\/div>\n                            \n<style>\n#text-box-1247995708 {\n  width: 100%;\n}\n#text-box-1247995708 .text-box-content {\n  font-size: 100%;\n}\n<\/style>\n    <\/div>\n \n\n        <\/div>\n      <\/div>\n\n            \n<style>\n#banner-231880314 {\n  padding-top: 75%;\n}\n#banner-231880314 .overlay {\n  background-color: rgba(0, 0, 0, 0);\n}\n#banner-231880314 .banner-bg img {\n  object-position: 50% 100%;\n}\n<\/style>\n  <\/div>\n\n\n\n\t\t<\/div>\n\t\t\t\t\t<\/div>\n\n\t\n\n\t<div id=\"col-1602141378\" class=\"col medium-4 small-12 large-4\"  >\n\t\t\t\t<div class=\"col-inner\"  >\n\t\t\t\n\t\t\t\n\n\n  <div class=\"banner has-hover\" id=\"banner-779535420\">\n          <div class=\"banner-inner fill\">\n        <div class=\"banner-bg fill\" >\n            <img loading=\"lazy\" decoding=\"async\" width=\"350\" height=\"350\" src=\"https:\/\/i0.wp.com\/clone.antcube.shop\/wp-content\/uploads\/2021\/09\/red.jpg?fit=350%2C350&amp;ssl=1\" class=\"bg attachment-large size-large\" alt=\"\" \/>                                    \n                    <\/div>\n\t\t\n        <div class=\"banner-layers container\">\n            <a class=\"fill\" href=\"https:\/\/clone.antcube.shop\/ant-finder\/expert\/\"><div class=\"fill banner-link\"><\/div><\/a>            \n\n   <div id=\"text-box-1448339175\" class=\"text-box banner-layer x50 md-x50 lg-x50 y10 md-y10 lg-y10 res-text\">\n                                <div class=\"text-box-content text dark\">\n              \n              <div class=\"text-inner text-center\">\n                  \n\n\t<div id=\"text-4292346194\" class=\"text\">\n\t\t\n\n<h3 class=\"uppercase\"><strong>Odborn\u00edk<\/strong><\/h3>\n\t\t\n<style>\n#text-4292346194 {\n  font-size: 1.05rem;\n  color: rgb(0,0,0);\n}\n#text-4292346194 > * {\n  color: rgb(0,0,0);\n}\n<\/style>\n\t<\/div>\n\t\n\n              <\/div>\n           <\/div>\n                            \n<style>\n#text-box-1448339175 {\n  width: 72%;\n}\n#text-box-1448339175 .text-box-content {\n  font-size: 100%;\n}\n<\/style>\n    <\/div>\n \n\n        <\/div>\n      <\/div>\n\n            \n<style>\n#banner-779535420 {\n  padding-top: 75%;\n}\n#banner-779535420 .banner-bg img {\n  object-position: 50% 100%;\n}\n<\/style>\n  <\/div>\n\n\n\n\t\t<\/div>\n\t\t\t\t\t<\/div>\n\n\t\n\n<\/div>","protected":false},"excerpt":{"rendered":"","protected":false},"author":1,"featured_media":0,"parent":0,"menu_order":0,"comment_status":"closed","ping_status":"closed","template":"","meta":{"_acf_changed":false,"content-type":"","_monsterinsights_skip_tracking":false,"_monsterinsights_sitenote_active":false,"_monsterinsights_sitenote_note":"","_monsterinsights_sitenote_category":0,"footnotes":""},"class_list":["post-721","page","type-page","status-publish","hentry"],"acf":[],"aioseo_notices":[],"jetpack_sharing_enabled":true,"_links":{"self":[{"href":"https:\/\/clone.antcube.shop\/sk\/wp-json\/wp\/v2\/pages\/721","targetHints":{"allow":["GET"]}}],"collection":[{"href":"https:\/\/clone.antcube.shop\/sk\/wp-json\/wp\/v2\/pages"}],"about":[{"href":"https:\/\/clone.antcube.shop\/sk\/wp-json\/wp\/v2\/types\/page"}],"author":[{"embeddable":true,"href":"https:\/\/clone.antcube.shop\/sk\/wp-json\/wp\/v2\/users\/1"}],"replies":[{"embeddable":true,"href":"https:\/\/clone.antcube.shop\/sk\/wp-json\/wp\/v2\/comments?post=721"}],"version-history":[{"count":10,"href":"https:\/\/clone.antcube.shop\/sk\/wp-json\/wp\/v2\/pages\/721\/revisions"}],"predecessor-version":[{"id":6865,"href":"https:\/\/clone.antcube.shop\/sk\/wp-json\/wp\/v2\/pages\/721\/revisions\/6865"}],"wp:attachment":[{"href":"https:\/\/clone.antcube.shop\/sk\/wp-json\/wp\/v2\/media?parent=721"}],"curies":[{"name":"wp","href":"https:\/\/api.w.org\/{rel}","templated":true}]}}