{"id":899,"date":"2021-08-22T15:12:45","date_gmt":"2021-08-22T13:12:45","guid":{"rendered":"https:\/\/antcube.shop\/?page_id=899"},"modified":"2023-12-14T13:30:00","modified_gmt":"2023-12-14T12:30:00","slug":"faq-shop","status":"publish","type":"page","link":"https:\/\/clone.antcube.shop\/sk\/faq-shop\/","title":{"rendered":"\u010casto kladen\u00e9 ot\u00e1zky Obchod"},"content":{"rendered":"<div id=\"gap-1248792071\" class=\"gap-element clearfix\" style=\"display:block; height:auto;\">\n\t\t\n<style>\n#gap-1248792071 {\n  padding-top: 200px;\n}\n@media (min-width:850px) {\n  #gap-1248792071 {\n    padding-top: 175px;\n  }\n}\n<\/style>\n\t<\/div>\n\t\n\n\t<div id=\"text-3277762258\" class=\"text\">\n\t\t\n\n<h1>\u010casto kladen\u00e9 ot\u00e1zky Obchod \u00a0<\/h1>\n<h2>\u010casto kladen\u00e9 ot\u00e1zky t\u00fdkaj\u00face sa na\u0161ich produktov alebo n\u00e1\u0161ho obchodu v\u0161eobecne<\/h2>\n\t\t\n<style>\n#text-3277762258 {\n  text-align: center;\n}\n<\/style>\n\t<\/div>\n\t\n<div class=\"row align-center\"  id=\"row-568627407\">\n\n\n\t<div id=\"col-2074061318\" class=\"col small-12 large-12\"  >\n\t\t\t\t<div class=\"col-inner\"  >\n\t\t\t\n\t\t\t\n\n<div class=\"accordion\">\n\n\t<div id=\"accordion-1046224155\" class=\"accordion-item\">\n\t\t<a id=\"accordion-1046224155-label\" class=\"accordion-title plain\" href=\"#accordion-item-you-do-not-know-what-ant-species-to-keep-or-which-formicarium-you-should-use?\" aria-expanded=\"false\" aria-controls=\"accordion-1046224155-content\">\n\t\t\t<button class=\"toggle\" aria-label=\"Prep\u00edna\u010d\"><i class=\"icon-angle-down\" aria-hidden=\"true\"><\/i><\/button>\n\t\t\t<span>Neviete, ak\u00e9 druhy mravcov chova\u0165 alebo ak\u00e9 formik\u00e1rium pou\u017ei\u0165?<\/span>\n\t\t<\/a>\n\t\t<div id=\"accordion-1046224155-content\" class=\"accordion-inner\" aria-labelledby=\"accordion-1046224155-label\">\n\t\t\t\n\n<p>Vysk\u00fa\u0161ajte n\u00e1\u0161 \"Vyh\u013ead\u00e1va\u010d mravcov\" alebo \"Vyh\u013ead\u00e1va\u010d formik\u00e1ri\u00ed\" - N\u00e1\u0161 online z\u00e1kazn\u00edcky servis<\/p>\n<p><a href=\"https:\/\/clone.antcube.shop\/ant-finder\/\">N\u00e1jdite svoj druh mravca<\/a><\/p>\n<p><a href=\"https:\/\/clone.antcube.shop\/formicarium-finder\/\">N\u00e1jdite svoje formik\u00e1rium<\/a><\/p>\n\n\t\t<\/div>\n\t<\/div>\n\t\n\t<div id=\"accordion-4208901332\" class=\"accordion-item\">\n\t\t<a id=\"accordion-4208901332-label\" class=\"accordion-title plain\" href=\"#accordion-item-what-are-the-delivery-times-and-charges-for-orders-from-the-online-shop?\" aria-expanded=\"false\" aria-controls=\"accordion-4208901332-content\">\n\t\t\t<button class=\"toggle\" aria-label=\"Prep\u00edna\u010d\"><i class=\"icon-angle-down\" aria-hidden=\"true\"><\/i><\/button>\n\t\t\t<span>Ak\u00e9 s\u00fa dodacie lehoty a poplatky za objedn\u00e1vky z internetov\u00e9ho obchodu?<\/span>\n\t\t<\/a>\n\t\t<div id=\"accordion-4208901332-content\" class=\"accordion-inner\" aria-labelledby=\"accordion-4208901332-label\">\n\t\t\t\n\n<p>Inform\u00e1cie o predpokladanom \u010dase dodania n\u00e1jdete tu:<\/p>\n<p><a href=\"https:\/\/clone.antcube.shop\/delivery-times\/\">Dodacie lehoty<\/a><\/p>\n<p>Ak chcete vedie\u0165 o odhadovan\u00fdch n\u00e1kladoch na dopravu a obmedzeniach doru\u010denia, pozrite sa sem:<\/p>\n<p><a href=\"https:\/\/clone.antcube.shop\/shipping-costs-delivery-restrictions\/\">N\u00e1klady na dopravu\/obmedzenia t\u00fdkaj\u00face sa doru\u010denia<\/a><\/p>\n\n\t\t<\/div>\n\t<\/div>\n\t\n\t<div id=\"accordion-2555901034\" class=\"accordion-item\">\n\t\t<a id=\"accordion-2555901034-label\" class=\"accordion-title plain\" href=\"#accordion-item-you-have-questions-about-returns-or-refunds?\" aria-expanded=\"false\" aria-controls=\"accordion-2555901034-content\">\n\t\t\t<button class=\"toggle\" aria-label=\"Prep\u00edna\u010d\"><i class=\"icon-angle-down\" aria-hidden=\"true\"><\/i><\/button>\n\t\t\t<span>M\u00e1te ot\u00e1zky t\u00fdkaj\u00face sa vr\u00e1tenia alebo refund\u00e1cie?<\/span>\n\t\t<\/a>\n\t\t<div id=\"accordion-2555901034-content\" class=\"accordion-inner\" aria-labelledby=\"accordion-2555901034-label\">\n\t\t\t\n\n<p><a href=\"https:\/\/clone.antcube.shop\/refund-policy\/\">Z\u00e1sady vr\u00e1tenia pe\u0148az\u00ed<\/a><\/p>\n<p><a href=\"https:\/\/clone.antcube.shop\/terms-and-conditions\/\">Podmienky a pravidl\u00e1<\/a><\/p>\n\n\t\t<\/div>\n\t<\/div>\n\t\n\t<div id=\"accordion-1647822807\" class=\"accordion-item\">\n\t\t<a id=\"accordion-1647822807-label\" class=\"accordion-title plain\" href=\"#accordion-item-which-payment-methods-are-accepted-in-the-online-shop?\" aria-expanded=\"false\" aria-controls=\"accordion-1647822807-content\">\n\t\t\t<button class=\"toggle\" aria-label=\"Prep\u00edna\u010d\"><i class=\"icon-angle-down\" aria-hidden=\"true\"><\/i><\/button>\n\t\t\t<span>Ktor\u00e9 sp\u00f4soby platby s\u00fa akceptovan\u00e9 v online obchode?<\/span>\n\t\t<\/a>\n\t\t<div id=\"accordion-1647822807-content\" class=\"accordion-inner\" aria-labelledby=\"accordion-1647822807-label\">\n\t\t\t\n\n<p>Preh\u013ead na\u0161ich akceptovan\u00fdch sp\u00f4sobov platby n\u00e1jdete tu:<\/p>\n<p><a href=\"https:\/\/clone.antcube.shop\/payment-methods\/\">Sp\u00f4soby platby<\/a><\/p>\n\n\t\t<\/div>\n\t<\/div>\n\t\n\t<div id=\"accordion-3432430035\" class=\"accordion-item\">\n\t\t<a id=\"accordion-3432430035-label\" class=\"accordion-title plain\" href=\"#accordion-item-you-are-looking-for-user-manuals-for-your-starter-set?\" aria-expanded=\"false\" aria-controls=\"accordion-3432430035-content\">\n\t\t\t<button class=\"toggle\" aria-label=\"Prep\u00edna\u010d\"><i class=\"icon-angle-down\" aria-hidden=\"true\"><\/i><\/button>\n\t\t\t<span>H\u013ead\u00e1te pou\u017e\u00edvate\u013esk\u00e9 pr\u00edru\u010dky pre svoju \u0161tartovaciu s\u00fapravu?<\/span>\n\t\t<\/a>\n\t\t<div id=\"accordion-3432430035-content\" class=\"accordion-inner\" aria-labelledby=\"accordion-3432430035-label\">\n\t\t\t\n\n<p>Tu n\u00e1jdete n\u00e1vody na pou\u017e\u00edvanie vo form\u00e1te PDF na vytla\u010denie alebo stiahnutie:<\/p>\n<p><a href=\"https:\/\/clone.antcube.shop\/download\/\">Stiahnite si<\/a><\/p>\n\n\t\t<\/div>\n\t<\/div>\n\t\n\t<div id=\"accordion-3296800070\" class=\"accordion-item\">\n\t\t<a id=\"accordion-3296800070-label\" class=\"accordion-title plain\" href=\"#accordion-item-you-need-more-information-about-certain-ant-species-or-ant-keeping-in-general?\" aria-expanded=\"false\" aria-controls=\"accordion-3296800070-content\">\n\t\t\t<button class=\"toggle\" aria-label=\"Prep\u00edna\u010d\"><i class=\"icon-angle-down\" aria-hidden=\"true\"><\/i><\/button>\n\t\t\t<span>Potrebujete viac inform\u00e1ci\u00ed o ur\u010dit\u00fdch druhoch mravcov alebo o chove mravcov v\u0161eobecne?<\/span>\n\t\t<\/a>\n\t\t<div id=\"accordion-3296800070-content\" class=\"accordion-inner\" aria-labelledby=\"accordion-3296800070-label\">\n\t\t\t\n\n<p>Tu n\u00e1jdete \u010dasto kladen\u00e9 ot\u00e1zky o mravcoch a ich chove:<\/p>\n<p><a href=\"https:\/\/clone.antcube.shop\/faq-ants\/\">\u010casto kladen\u00e9 ot\u00e1zky o mravcoch<\/a><\/p>\n<p><a href=\"https:\/\/clone.antcube.shop\/catching-queen-ants\/\">Ako chyti\u0165 mrav\u010diu kr\u00e1\u013eovn\u00fa<\/a><\/p>\n<p><a href=\"https:\/\/clone.antcube.shop\/ant-species\/\">\u010eal\u0161ie inform\u00e1cie o mravcoch<\/a><\/p>\n<p><a href=\"https:\/\/clone.antcube.shop\/social-media\/\">Pozrite si na\u0161e kan\u00e1ly YouTube, kde n\u00e1jdete u\u017eito\u010dn\u00e9 tipy a inform\u00e1cie.<\/a><\/p>\n\n\t\t<\/div>\n\t<\/div>\n\t\n\t<div id=\"accordion-614677541\" class=\"accordion-item\">\n\t\t<a id=\"accordion-614677541-label\" class=\"accordion-title plain\" href=\"#accordion-item-you-have-questions-about-our-products?\" aria-expanded=\"false\" aria-controls=\"accordion-614677541-content\">\n\t\t\t<button class=\"toggle\" aria-label=\"Prep\u00edna\u010d\"><i class=\"icon-angle-down\" aria-hidden=\"true\"><\/i><\/button>\n\t\t\t<span>M\u00e1te ot\u00e1zky o na\u0161ich produktoch?<\/span>\n\t\t<\/a>\n\t\t<div id=\"accordion-614677541-content\" class=\"accordion-inner\" aria-labelledby=\"accordion-614677541-label\">\n\t\t\t\n\n<p>Ak m\u00e1te ot\u00e1zky t\u00fdkaj\u00face sa na\u0161ich produktov, pozrite sa najprv do pr\u00edslu\u0161n\u00e9ho popisu produktu v na\u0161om obchode.<\/p>\n<p>V opa\u010dnom pr\u00edpade n\u00e1jdete viac inform\u00e1ci\u00ed tu:<\/p>\n<p><a href=\"https:\/\/clone.antcube.shop\/product-information\/\">Inform\u00e1cie o v\u00fdrobku<\/a><\/p>\n\n\t\t<\/div>\n\t<\/div>\n\t\n\n<\/div>\n\n\t\t<\/div>\n\t\t\t\t\t<\/div>\n\n\t\n\n<\/div>","protected":false},"excerpt":{"rendered":"","protected":false},"author":1,"featured_media":0,"parent":0,"menu_order":0,"comment_status":"closed","ping_status":"closed","template":"","meta":{"_acf_changed":false,"content-type":"","_monsterinsights_skip_tracking":false,"_monsterinsights_sitenote_active":false,"_monsterinsights_sitenote_note":"","_monsterinsights_sitenote_category":0,"footnotes":""},"class_list":["post-899","page","type-page","status-publish","hentry"],"acf":[],"aioseo_notices":[],"jetpack_sharing_enabled":true,"_links":{"self":[{"href":"https:\/\/clone.antcube.shop\/sk\/wp-json\/wp\/v2\/pages\/899","targetHints":{"allow":["GET"]}}],"collection":[{"href":"https:\/\/clone.antcube.shop\/sk\/wp-json\/wp\/v2\/pages"}],"about":[{"href":"https:\/\/clone.antcube.shop\/sk\/wp-json\/wp\/v2\/types\/page"}],"author":[{"embeddable":true,"href":"https:\/\/clone.antcube.shop\/sk\/wp-json\/wp\/v2\/users\/1"}],"replies":[{"embeddable":true,"href":"https:\/\/clone.antcube.shop\/sk\/wp-json\/wp\/v2\/comments?post=899"}],"version-history":[{"count":8,"href":"https:\/\/clone.antcube.shop\/sk\/wp-json\/wp\/v2\/pages\/899\/revisions"}],"predecessor-version":[{"id":6791,"href":"https:\/\/clone.antcube.shop\/sk\/wp-json\/wp\/v2\/pages\/899\/revisions\/6791"}],"wp:attachment":[{"href":"https:\/\/clone.antcube.shop\/sk\/wp-json\/wp\/v2\/media?parent=899"}],"curies":[{"name":"wp","href":"https:\/\/api.w.org\/{rel}","templated":true}]}}