{"id":6737,"date":"2023-12-12T15:03:25","date_gmt":"2023-12-12T14:03:25","guid":{"rendered":"https:\/\/antcube.shop\/product\/antcube-starter-set-fur-weberameisen-gros\/"},"modified":"2026-01-12T12:38:07","modified_gmt":"2026-01-12T11:38:07","slug":"startovacia-sada-pre-mravce-tkacov-velke","status":"publish","type":"product","link":"https:\/\/clone.antcube.shop\/sk\/produkt\/startovacia-sada-pre-mravce-tkacov-velke\/","title":{"rendered":"ANTCUBE - \u0160tartovacia sada pre mravce tk\u00e1\u010dov - ve\u013ek\u00e1"},"content":{"rendered":"<p><span data-text-color=\"alert\"><strong>Preprava je mo\u017en\u00e1 len prostredn\u00edctvom preposlania na palete.<\/strong><\/span><\/p>\n<p><strong>Obsah:<\/strong><br \/>\n1x Honeydew Mix (HT) - n\u00e1pl\u0148 10ml<br \/>\n1x cel\u00e9 blan\u0161\u00edrovan\u00e9 cvr\u010dky<\/p>\n<p>1x ANTCUBE Arena 30x30x60 s posuvn\u00fdmi dverami<br \/>\n1x r\u00e1m mraveniska 30\u00d730 - 5cm<br \/>\n1x kryt na mravenisko 30\u00d730<br \/>\n1x fixa\u010dn\u00fd bod pre kryt ar\u00e9ny (4ks)<\/p>\n<p>1x r\u00e1m pre posuvn\u00e9 dvere<br \/>\n1x f\u013ea\u0161a s rozpra\u0161ova\u010dom Rozpra\u0161ova\u010d 0,5 l - mosadzn\u00e1 tryska<br \/>\n1x Fotostena - da\u017e\u010fov\u00fd prales - 30\u00d760 - vysok\u00e1<br \/>\n1x z\u00e1klad\u0148a formik\u00e1ria 30 \u00d7 30 cm<\/p>\n<p>1x substr\u00e1t Rainforest 1 kg<br \/>\n2x z\u00e1tka Formicarium pre 50 mm otvor<br \/>\n3x mrie\u017ekov\u00e1 vlo\u017eka - 50 mm - nerezov\u00e1 oce\u013e<br \/>\nMini termohygrometer digit\u00e1lny - biely - samolepiaci<br \/>\n1x pinzeta z pru\u017einovej ocele \u0161irok\u00e1 - m\u00e4kk\u00e1<br \/>\n1x plastov\u00e1 pinzeta \u0161tandard<br \/>\n1x olej na ochranu pred vypuknut\u00edm mrav\u010dej epid\u00e9mie<br \/>\n1x nap\u00e1ja\u010dka \u010d\u00edra 20ml - hubka<br \/>\n1x nap\u00e1ja\u010dka 2ml - 360 stup\u0148ov<br \/>\n1x miska \u010d\u00edra 1\u00d720 - huba<br \/>\n1x ru\u010dn\u00e1 lupa - 2x - 30 mm<br \/>\n1x penov\u00fd stiera\u010d 150x18x2,5mm<\/p>\n<p><strong>Popis: V s\u00fa\u010dasnosti je na trhu viac ako 10 000 zariaden\u00ed, ktor\u00e9 s\u00fa ur\u010den\u00e9 na predaj:<\/strong><br \/>\nT\u00e1to roz\u0161\u00edrite\u013en\u00e1 \u0161tartovacia s\u00faprava, \u0161peci\u00e1lne pre r\u00f4zne druhy tk\u00e1\u010dov, ako s\u00fa Polyrhachis spec. alebo Oecophylla spec., obsahuje nielen optim\u00e1lne prisp\u00f4soben\u00e9 formik\u00e1rium, ale aj vhodn\u00e9 pr\u00edslu\u0161enstvo na chov t\u00fdchto druhov mravcov.<\/p>\n<p>Posuvn\u00e9 dvierka v prednej \u010dasti (otv\u00e1ranie 150x200 mm) u\u013eah\u010duj\u00fa pr\u00e1cu vo formik\u00e1riu aj pri ve\u013ek\u00fdch kol\u00f3ni\u00e1ch alebo osaden\u00ed formik\u00e1ria hostite\u013eskou rastlinou, napr\u00edklad Oecophylla smaragdina. \u010eal\u0161ie formik\u00e1ri\u00e1 mo\u017eno pripoji\u0165 prostredn\u00edctvom dvoch 50 mm otvorov na bo\u010dnej strane. Mrie\u017ekov\u00e9 vlo\u017eky z nehrdzavej\u00facej ocele zabezpe\u010duj\u00fa dobr\u00e9 vetranie a s\u00fa odoln\u00e9 proti mechanick\u00fdm n\u00e1razom. Teplomer a vlhkomer vo vn\u00fatri syst\u00e9mu je absol\u00fatne bezpe\u010dn\u00fd pre deti a dom\u00e1ce zvierat\u00e1 a umo\u017e\u0148uje jednoduch\u00fa kontrolu hodn\u00f4t kl\u00edmy. V pr\u00edpade potreby mo\u017eno vlhkos\u0165 vzduchu zv\u00fd\u0161i\u0165 pomocou rozpra\u0161ova\u010da. Nap\u00e1ja\u010dka \u010d\u00edra 20 ml - hubka je ur\u010den\u00e1 na pr\u00edsun \u010derstvej vody, nap\u00e1ja\u010dka 2 ml - 360 stup\u0148ov na med alebo cukrov\u00fd roztok.<\/p>\n<p><strong>D\u00f4le\u017eit\u00e9:<\/strong> Pred pou\u017eit\u00edm substr\u00e1t navlh\u010dite, aby sa zmes mohla spoji\u0165 a v mravenisku sa pevne uchytila. Okrem toho pr\u00edli\u0161 such\u00fd a pra\u0161n\u00fd substr\u00e1t m\u00f4\u017ee vies\u0165 k zablokovaniu d\u00fdchac\u00edch ciest mravcov a v najhor\u0161om pr\u00edpade sa zvierat\u00e1 udusia.<\/p>\n<p><strong>D\u00f4le\u017eit\u00e9 upozornenie o r\u00e1me posuvn\u00fdch dver\u00ed:<\/strong><br \/>\nR\u00e1m sa d\u00e1 \u013eahko pripevni\u0165 na skrutky pripevnen\u00e9 na ko\u013eajniciach posuvn\u00fdch dver\u00ed. Za t\u00fdmto \u00fa\u010delom opatrne uvo\u013enite <strong>iba<\/strong> matice vo vn\u00fatri. Potrebn\u00fd je mal\u00fd kr\u00ed\u017eov\u00fd skrutkova\u010d. Zlo\u017ete r\u00e1m a zaveste ho dovn\u00fatra na skrutky. Potom opatrne nasa\u010fte matice a <strong>v \u017eiadnom pr\u00edpade neot\u00e1\u010dajte pr\u00edli\u0161 tesne,<\/strong> inak by sa sklo mohlo po\u0161kodi\u0165.<\/p>\n<p><strong>Pozn\u00e1mky k v\u00fdrobe<\/strong><br \/>\nSklo sa br\u00fasi pod\u013ea normy DIN 1249 s toleranciou +\/- 1 mm. V pr\u00edpade extr\u00e9mne mal\u00fdch druhov mravcov je potrebn\u00e1 dodato\u010dn\u00e1 ochrana proti vylomeniu.<\/p>\n<p><strong>Pozn\u00e1mka k medovici:<\/strong><br \/>\nObsah: 10 ml<br \/>\nIde o pr\u00edrodn\u00fd produkt, ktor\u00fd sme po rozsiahlom testovan\u00ed v na\u0161om laborat\u00f3riu zdokonalili a vyvinuli z neho potravu, ktor\u00fa mravce ve\u013emi dobre prij\u00edmaj\u00fa. D\u00f4vodom je, \u017ee nespracovan\u00fd medovicov\u00fd med v jeho koncentrovanej p\u00f4vodnej forme nie je dobre prij\u00edman\u00fd mravcami a ich metabolizmom.<br \/>\nNa\u0161a medovina bola zozbieran\u00e1 v nezne\u010disten\u00fdch divok\u00fdch horsk\u00fdch lesoch Bulharska. Medovica sa tvor\u00ed len ve\u013emi obmedzen\u00e9 obdobie, pribli\u017ene dva mesiace v lete. Preto je ve\u013emi vz\u00e1cny. Vzh\u013eadom na \u0161pecifick\u00e9 vlastnosti p\u00f4dy v lesoch a podnebie sa v listoch stromov ulo\u017eili existen\u010dne d\u00f4le\u017eit\u00e9 \u017eiviny, ktor\u00e9 m\u0161ice absorbuj\u00fa. Pr\u00e1ve preto je t\u00e1to medonosn\u00e1 zmes pre mravce tak\u00e1 \u017eiad\u00faca.<\/p>\n<p><strong>Pou\u017eitie:<\/strong><br \/>\nMno\u017estvo potrav\u00edn by sa malo spotrebova\u0165 pribli\u017ene do 3 dn\u00ed.<\/p>\n<p><strong>Popis: V s\u00fa\u010dasnosti je na trhu viac ako 10 000 zariaden\u00ed, ktor\u00e9 s\u00fa ur\u010den\u00e9 na predaj:<\/strong><br \/>\nMedovica na rozdiel od kvetov\u00e9ho medu poch\u00e1dza z v\u00fdlu\u010dkov hmyzu, ktor\u00fd sa pris\u00e1va na rastliny, ako s\u00fa napr\u00edklad m\u0161ice. Medovica je ob\u013e\u00faben\u00fdm zdrojom potravy mnoh\u00fdch druhov hmyzu, ako s\u00fa mravce, v\u010dely a dokonca aj \u010dmeliaky. V\u010dely a \u010dmeliaky ju olizuj\u00fa z listov alebo ihli\u010dia r\u00f4znych stromov. Mravce, ako napr\u00edklad Lasius niger, si pravidelne udr\u017eiavaj\u00fa m\u0161ice. Dokonca ich br\u00e1nia pred pred\u00e1tormi a pren\u00e1\u0161aj\u00fa ich na \u010derstv\u00e9 v\u00fdhonky.<\/p>\n<p>Medovica je u mravcov ob\u013e\u00faben\u00e1 najm\u00e4 v\u010faka svojim trochu odli\u0161n\u00fdm zlo\u017ek\u00e1m. Hlavn\u00fdmi cukrami v medovici s\u00fa sachar\u00f3za a frukt\u00f3za, ale v men\u0161om mno\u017estve s\u00fa pr\u00edtomn\u00e9 aj malt\u00f3za, trehal\u00f3za, melezit\u00f3za, rafin\u00f3za a in\u00e9 oligosacharidy. Okrem cukrov a vody obsahuje medovica aj existen\u010dne d\u00f4le\u017eit\u00e9 aminokyseliny, miner\u00e1lne l\u00e1tky, stopov\u00e9 prvky, adenoz\u00ednfosf\u00e1ty a \u010fal\u0161ie zlo\u017eky, ako s\u00fa vitam\u00edny.<\/p>\n<p><strong>Pou\u017eitie:<\/strong><br \/>\nPre druhy mravcov medo\u017erav\u00fdch (Meliphagidae).<br \/>\nJe to doplnkov\u00e9 krmivo<br \/>\nM\u00f4\u017ee sa pon\u00faka\u0165 zvierat\u00e1m v dodanom stave. Ke\u010f\u017ee vlhkos\u0165 zni\u017euje koncentr\u00e1ciu cukru a sp\u00fa\u0161\u0165a proces ferment\u00e1cie, krmivo by sa malo meni\u0165 ka\u017ed\u00e9 3 dni. Pred op\u00e4tovn\u00fdm pou\u017eit\u00edm d\u00f4kladne vy\u010distite k\u0155mnu misku\/r\u00farku.<br \/>\nOtvoren\u00e9 balenie by sa malo pou\u017e\u00edva\u0165 pevne uzavret\u00e9 a\u017e do uveden\u00e9ho d\u00e1tumu spotreby.<\/p>\n<p><strong>V\u00fd\u017eivov\u00e9 hodnoty na 100 g:<\/strong><br \/>\npribli\u017ene 2,7 % tukov<br \/>\nz toho nas\u00fdten\u00e9 cca 0,45 %<br \/>\ncca 95 % sacharidov<br \/>\nz toho cukor cca. 71%<br \/>\npribli\u017ene 2,85% prote\u00ednu<br \/>\nMiner\u00e1lne l\u00e1tky (drasl\u00edk, v\u00e1pnik, me\u010f, \u017eelezo, sod\u00edk, hor\u010d\u00edk, fosfor, zinok a in\u00e9 stopov\u00e9 prvky) Aminokyseliny (prol\u00edn, leuc\u00edn, fenylalan\u00edn, alan\u00edn, histid\u00edn, izoleuc\u00edn, kyselina glut\u00e1mov\u00e1, argin\u00edn, kyselina aspar\u00e1gov\u00e1 at\u010f.) Organick\u00e9 kyseliny Enz\u00fdmy (fermenty) Chu\u0165ov\u00e9 l\u00e1tky Inhib\u00edtory (antibakteri\u00e1lne l\u00e1tky) Kvety Pe\u013e<\/p>\n<p><strong>Skladovanie:<\/strong><br \/>\nAby sa zabezpe\u010dila kvalita krmiva, krmivo by sa malo skladova\u0165 na tmavom a suchom mieste.<\/p>\n<p><strong>Upozornenie:<\/strong><br \/>\nDoplnkov\u00e9 krmivo pre mravce \u017eiviace sa medom.<br \/>\nZlo\u017eenie, analytick\u00e9 zlo\u017eky, d\u00e1tum minim\u00e1lnej trvanlivosti a \u010d\u00edslo \u0161ar\u017ee n\u00e1jdete v pr\u00edbalovom let\u00e1ku.<\/p>\n<p>Informa\u010dn\u00e1 linka +49 30 439703870<\/p>\n<p><strong>Zodpovedn\u00fd org\u00e1n veterin\u00e1rneho a potravinov\u00e9ho dozoru:<\/strong><br \/>\nVeterin\u00e1rna kancel\u00e1ria Steglitz<br \/>\nK\u00f6nigin-Luise-Str. 92<br \/>\n14195 Berl\u00edn<\/p>\n<p><strong>Pozn\u00e1mka o blan\u0161\u00edrovan\u00fdch cvr\u010dkoch:<\/strong><br \/>\nNa\u0161e blan\u0161\u00edrovan\u00e9 cvr\u010dky s\u00fa jednoduch\u00fdm sp\u00f4sobom, ako poskytn\u00fa\u0165 mravcom \u010derstvo konzervovan\u00fa bielkovinov\u00fa potravu bez toho, aby ste museli k\u0155mi\u0165 \u017eiv\u00fdm hmyzom. Obsiahnut\u00e9 cvr\u010dky (Acheta domesticus) boli jemne blan\u0161\u00edrovan\u00e9, aby sa zabezpe\u010dilo zachovanie nutri\u010dnej hodnoty, chuti a v\u00f4ne. Okrem toho sa t\u00fdmto sp\u00f4sobom zm\u00e4k\u010duje chit\u00ednov\u00e1 schr\u00e1nka hmyzu, aby sa dala \u013eah\u0161ie str\u00e1vi\u0165. Zl\u00fa\u010deniny kolag\u00e9nov\u00fdch bielkov\u00edn sa rozlo\u017eia, aby ich mravce mohli lep\u0161ie vyu\u017ei\u0165. Konzervy Acheta domesticus maj\u00fa rovnak\u00fa v\u00fd\u017eivov\u00fa hodnotu ako \u017eiv\u00e9 cvr\u010dky, ale s\u00fa \u013eah\u0161ie str\u00e1vite\u013en\u00e9.<\/p>\n<p>Blan\u0161\u00edrovan\u00e9 cvr\u010dky nie s\u00fa vhodn\u00e9 na lov druhov mravcov, ktor\u00e9 vy\u017eaduj\u00fa \u017eiv\u00fa potravu (napr. poniklecov (prap\u00f4vodn\u00fdch mravcov), ako s\u00fa Harpegnathos alebo Odontomachus).<\/p>\n<p><strong>\u010eal\u0161ie v\u00fdhody:<\/strong><br \/>\nZaru\u010dene bez rozto\u010dov<br \/>\nPorciovate\u013en\u00e9<br \/>\nSterilizovan\u00e9 a v\u00e1kuovan\u00e9<br \/>\nBez pr\u00eddavn\u00fdch l\u00e1tok<br \/>\nCvr\u010dky z udr\u017eate\u013en\u00e9ho \u010disto ekologick\u00e9ho chovu, k\u0155men\u00e9 organick\u00fdm odpadom<\/p>\n<p><strong>Upozornenie:<\/strong><br \/>\nPo otvoren\u00ed vydr\u017e\u00ed v chladni\u010dke pribli\u017ene \u0161tyri dni. Pri zmrazen\u00ed je trvanlivos\u0165 dlh\u0161ia.<\/p>","protected":false},"excerpt":{"rendered":"<p>S\u00faprava obsahuje 25 kusov.<br \/>\nVe\u013ekos\u0165: XL<\/p>","protected":false},"featured_media":6710,"comment_status":"open","ping_status":"closed","template":"","meta":{"_acf_changed":false,"content-type":"","_monsterinsights_skip_tracking":false,"_monsterinsights_sitenote_active":false,"_monsterinsights_sitenote_note":"","_monsterinsights_sitenote_category":0},"product_brand":[],"product_cat":[354,73],"product_tag":[],"class_list":{"0":"post-6737","1":"product","2":"type-product","3":"status-publish","4":"has-post-thumbnail","6":"product_cat-starter-sets-for-weaver-ants","7":"product_cat-starter-sets","8":"product_shipping_class-forwarding-on-pallet","10":"first","11":"instock","12":"taxable","13":"shipping-taxable","14":"purchasable","15":"product-type-simple"},"acf":[],"aioseo_notices":[],"jetpack_sharing_enabled":true,"_links":{"self":[{"href":"https:\/\/clone.antcube.shop\/sk\/wp-json\/wp\/v2\/product\/6737","targetHints":{"allow":["GET"]}}],"collection":[{"href":"https:\/\/clone.antcube.shop\/sk\/wp-json\/wp\/v2\/product"}],"about":[{"href":"https:\/\/clone.antcube.shop\/sk\/wp-json\/wp\/v2\/types\/product"}],"replies":[{"embeddable":true,"href":"https:\/\/clone.antcube.shop\/sk\/wp-json\/wp\/v2\/comments?post=6737"}],"wp:featuredmedia":[{"embeddable":true,"href":"https:\/\/clone.antcube.shop\/sk\/wp-json\/wp\/v2\/media\/6710"}],"wp:attachment":[{"href":"https:\/\/clone.antcube.shop\/sk\/wp-json\/wp\/v2\/media?parent=6737"}],"wp:term":[{"taxonomy":"product_brand","embeddable":true,"href":"https:\/\/clone.antcube.shop\/sk\/wp-json\/wp\/v2\/product_brand?post=6737"},{"taxonomy":"product_cat","embeddable":true,"href":"https:\/\/clone.antcube.shop\/sk\/wp-json\/wp\/v2\/product_cat?post=6737"},{"taxonomy":"product_tag","embeddable":true,"href":"https:\/\/clone.antcube.shop\/sk\/wp-json\/wp\/v2\/product_tag?post=6737"}],"curies":[{"name":"wp","href":"https:\/\/api.w.org\/{rel}","templated":true}]}}