{"id":10607,"date":"2024-11-29T12:11:26","date_gmt":"2024-11-29T11:11:26","guid":{"rendered":"https:\/\/antcube.shop\/?page_id=10607"},"modified":"2024-12-03T12:53:14","modified_gmt":"2024-12-03T11:53:14","slug":"smernice-za-gojenje-mravelj","status":"publish","type":"page","link":"https:\/\/clone.antcube.shop\/sl\/smernice-za-gojenje-mravelj\/","title":{"rendered":"Smernice za gojenje mravelj"},"content":{"rendered":"<div id=\"gap-1983571938\" class=\"gap-element clearfix\" style=\"display:block; height:auto;\">\n\t\t\n<style>\n#gap-1983571938 {\n  padding-top: 190px;\n}\n<\/style>\n\t<\/div>\n\t\n\n<div class=\"row\"  id=\"row-100612206\">\n\n\n\t<div id=\"col-400565594\" class=\"col small-12 large-12\"  >\n\t\t\t\t<div class=\"col-inner\"  >\n\t\t\t\n\t\t\t\n\n<h1><b>Smernice za vzdr\u017eevanje mravelj<\/b><\/h1>\n<h2><b>Pomembna opomba o vrstah in ohranjanju narave<\/b><\/h2>\n<ul>\n<li style=\"font-weight: 400;\" aria-level=\"1\"><b>nevarnost po\u0161kodb in bolezni:<\/b><span style=\"font-weight: 400;\"> \u017dive \u017eivali lahko povzro\u010dijo \u0161kodo ali prena\u0161ajo bolezni. Zlasti alergiki morajo biti previdni.<\/span><\/li>\n<li style=\"font-weight: 400;\" aria-level=\"1\"><b>Izdaja je prepovedana:<\/b><span style=\"font-weight: 400;\"> V nobenem primeru se mravelj ne sme izpustiti v naravo, da bi za\u0161\u010ditili doma\u010de in tuje rastlinstvo in \u017eivalstvo. Spu\u0161\u010danje mravelj brez uradnega dovoljenja je kaznivo dejanje v skladu z naravovarstveno zakonodajo. Stare kolonije lahko brezpla\u010dno prevzamemo nazaj.<\/span><\/li>\n<li style=\"font-weight: 400;\" aria-level=\"1\"><b>Identifikacija vrste: <\/b><span style=\"font-weight: 400;\">Vrste mravelj so dolo\u010dene po na\u0161em najbolj\u0161em vedenju. V primeru naknadnih sprememb imate pravico vrniti kolonijo.<\/span><\/li>\n<\/ul>\n<h2><b>Odprava mravelj<\/b><\/h2>\n<ul>\n<li style=\"font-weight: 400;\" aria-level=\"1\"><b>Obmo\u010dje dostave: <\/b><span style=\"font-weight: 400;\">\u017dive \u017eivali se po\u0161iljajo samo znotraj EU. Regionalne predpise o uvozu je treba pridobiti pri lokalnem veterinarskem uradu.<\/span><\/li>\n<li style=\"font-weight: 400;\" aria-level=\"1\"><b>Temperature med odpremo:<\/b>\n<ul>\n<li style=\"font-weight: 400;\" aria-level=\"2\"><b>No\u010dne temperature:<\/b>\n<ul>\n<li style=\"font-weight: 400;\" aria-level=\"3\"><span style=\"font-weight: 400;\">Severnoevropske in srednjeevropske vrste: <span data-text-color=\"alert\">&gt;0\u00b0C<\/span> (Izrazito: <span data-text-color=\"alert\">&gt;-5\u00b0C<\/span> z izolacijo)<\/span><\/li>\n<li style=\"font-weight: 400;\" aria-level=\"3\"><span style=\"font-weight: 400;\">Ju\u017enoevropske vrste: <span data-text-color=\"secondary\">&gt;+5\u00b0C<\/span> (Izrazito: <span data-text-color=\"secondary\">&gt;0\u00b0C<\/span> z izolacijo)<\/span><\/li>\n<li style=\"font-weight: 400;\" aria-level=\"3\"><span style=\"font-weight: 400;\">Tropske vrste: <span data-text-color=\"secondary\">&gt;+10\u00b0C<\/span> (Izrazito: <span data-text-color=\"secondary\">&gt;+5\u00b0C<\/span> s toplotnim paketom)<\/span><\/li>\n<\/ul>\n<\/li>\n<li style=\"font-weight: 400;\" aria-level=\"2\"><b>Dnevne temperature: <\/b><span style=\"font-weight: 400;\">Najve\u010d <span data-text-color=\"alert\">+30\u00b0C<\/span> za vse vrste.<\/span><\/li>\n<\/ul>\n<\/li>\n<\/ul>\n<p><span style=\"font-weight: 400;\">Naro\u010dene mravlje ne bodo poslane izven navedenih temperaturnih obmo\u010dij. Odposlane bodo v najkraj\u0161em mo\u017enem \u010dasu.<\/span><\/p>\n<p><span style=\"font-weight: 400;\">O tem boste obve\u0161\u010deni po elektronski po\u0161ti.\u00a0<\/span><\/p>\n<h2><b>Hranjenje mravelj<\/b><\/h2>\n<ul>\n<li style=\"font-weight: 400;\" aria-level=\"1\"><span style=\"font-weight: 400;\">Podrobne informacije o gojenju so na voljo v opisih izdelkov za posamezne vrste.<\/span><\/li>\n<\/ul>\n<h3><b>Te\u017eave z zadr\u017eevanjem mravelj<\/b><\/h3>\n<ol>\n<li><b> smrtnost mravelj - mo\u017eni vzroki<\/b><\/li>\n<\/ol>\n<ul>\n<li style=\"font-weight: 400;\" aria-level=\"1\"><b>Kakovost vode:<\/b>\n<ul>\n<li style=\"font-weight: 400;\" aria-level=\"2\"><span style=\"font-weight: 400;\">Voda iz pipe je lahko za mravlje strupena zaradi klora ali bakra.<\/span><\/li>\n<li style=\"font-weight: 400;\" aria-level=\"2\"><b>Priporo\u010dilo: <\/b><span style=\"font-weight: 400;\">Uporabljajte filtrirano ali de\u017eevnico in ne destilirane vode.<\/span><\/li>\n<\/ul>\n<\/li>\n<li style=\"font-weight: 400;\" aria-level=\"1\"><b>Substrat:<\/b>\n<ul>\n<li style=\"font-weight: 400;\" aria-level=\"2\"><span style=\"font-weight: 400;\">Pti\u010dji pesek vsebuje razku\u017eila, ki lahko \u0161kodujejo mravljam.<\/span><\/li>\n<li style=\"font-weight: 400;\" aria-level=\"2\"><b>Priporo\u010dilo: <\/b><span style=\"font-weight: 400;\">Uporabite na\u0161e pripravljene za uporabo <\/span><b>talni podstavki <\/b><span style=\"font-weight: 400;\">ali neobdelanega kremen\u010devega peska in ga predhodno operite ali pope\u010dite.<\/span><\/li>\n<\/ul>\n<\/li>\n<li style=\"font-weight: 400;\" aria-level=\"1\"><b>Rastline:<\/b>\n<ul>\n<li style=\"font-weight: 400;\" aria-level=\"2\"><span style=\"font-weight: 400;\">\u017dive rastline iz trgovin za doma\u010do rabo ali vrtnih centrov so pogosto obdelane s pesticidi.<\/span><\/li>\n<li style=\"font-weight: 400;\" aria-level=\"2\"><b>Priporo\u010dilo: <\/b><span style=\"font-weight: 400;\">Uporabite ekolo\u0161ke rastline ali rastline iz specializiranih trgovin s terariji.<\/span><\/li>\n<li style=\"font-weight: 400;\" aria-level=\"2\"><span style=\"font-weight: 400;\">Uporabite lahko tudi rastline, ki so vsaj eno leto rasle doma brez pesticidov ali gnojil.<\/span><\/li>\n<\/ul>\n<\/li>\n<li style=\"font-weight: 400;\" aria-level=\"1\"><b>\u010ci\u0161\u010denje:<\/b>\n<ul>\n<li style=\"font-weight: 400;\" aria-level=\"2\"><span style=\"font-weight: 400;\">\u010cistila za steklo in kemi\u010dna sredstva so \u0161kodljiva.<\/span><\/li>\n<li style=\"font-weight: 400;\" aria-level=\"2\"><b>Priporo\u010dilo: <\/b><span style=\"font-weight: 400;\">Uporabite \u010distilo s \u010disto vodo ali organsko \u010distilo.<\/span><\/li>\n<\/ul>\n<\/li>\n<li style=\"font-weight: 400;\" aria-level=\"1\"><b>Gradnja formikarijev:<\/b>\n<ul>\n<li style=\"font-weight: 400;\" aria-level=\"2\"><span style=\"font-weight: 400;\">Materiali s topili ali antibakterijskim silikonom niso primerni.<\/span><\/li>\n<li style=\"font-weight: 400;\" aria-level=\"2\"><b>Priporo\u010dilo: <\/b><span style=\"font-weight: 400;\">Uporabite snovi brez topil ali akvarijski silikon.<\/span><\/li>\n<\/ul>\n<\/li>\n<li style=\"font-weight: 400;\" aria-level=\"1\"><b>Hranjenje:<\/b>\n<ul>\n<li style=\"font-weight: 400;\" aria-level=\"2\"><span style=\"font-weight: 400;\">Konzervansi in paraziti v \u017eivilih so lahko \u0161kodljivi. Poleg tega so \u017eivilske \u017eivali, ki se gojijo v mno\u017ei\u010dnih rejah, pogosto oku\u017eene s pr\u0161icami, ki lahko \u0161kodujejo mravljam.\u00a0<\/span><\/li>\n<li style=\"font-weight: 400;\" aria-level=\"2\"><b>Priporo\u010dilo: <\/b><span style=\"font-weight: 400;\">Uporabljajte ekolo\u0161ko hrano ali \u017eu\u017eelke iz narave, nabrane stran od cest in polj, ki so lahko onesna\u017eena s pesticidi.<\/span><\/li>\n<\/ul>\n<\/li>\n<li style=\"font-weight: 400;\" aria-level=\"1\"><b>Temperatura:<\/b>\n<ul>\n<li style=\"font-weight: 400;\" aria-level=\"2\"><span style=\"font-weight: 400;\">Formicaria se lahko zaradi neposredne son\u010dne svetlobe mo\u010dno segreje.<\/span><\/li>\n<li style=\"font-weight: 400;\" aria-level=\"2\"><b>Priporo\u010dilo: <\/b><span style=\"font-weight: 400;\">Uporabite termometer s funkcijo min\/max.<\/span><\/li>\n<\/ul>\n<\/li>\n<li style=\"font-weight: 400;\" aria-level=\"1\"><b>Hibernacija:<\/b>\n<ul>\n<li style=\"font-weight: 400;\" aria-level=\"2\"><span style=\"font-weight: 400;\">Med hibernacijo poskrbite, da je gnezdo vla\u017eno, da se ne izsu\u0161i.<\/span><\/li>\n<\/ul>\n<\/li>\n<\/ul>\n<ol start=\"2\">\n<li><b> matica ne odlaga jaj\u010dec - mo\u017eni vzroki<\/b><\/li>\n<\/ol>\n<ul>\n<li style=\"font-weight: 400;\" aria-level=\"1\"><b>Sezona: <\/b><span style=\"font-weight: 400;\">Evropske vrste ne odlagajo jaj\u010dec jeseni\/zimi<\/span><b>.<\/b><\/li>\n<li style=\"font-weight: 400;\" aria-level=\"1\"><b>Stres: <\/b><span style=\"font-weight: 400;\">Prevoz ali motnje v gnezdu lahko vznemirijo matico.<\/span><\/li>\n<li style=\"font-weight: 400;\" aria-level=\"1\"><b>Pomanjkanje beljakovin: <\/b><span style=\"font-weight: 400;\">Za razvoj mladi\u010dev je potrebna hrana, bogata z beljakovinami.<\/span><\/li>\n<li style=\"font-weight: 400;\" aria-level=\"1\"><b>Skrita jajca: <\/b><span style=\"font-weight: 400;\">Jajca lahko najdete v transportni posodi ali v vati.<\/span><\/li>\n<li style=\"font-weight: 400;\" aria-level=\"1\"><b>Podnebje: <\/b><span style=\"font-weight: 400;\">Bistveni so optimalni pogoji (substrat, tema, temperatura, vla\u017enost).<\/span><\/li>\n<li style=\"font-weight: 400;\" aria-level=\"1\"><b>Priporo\u010dilo: <\/b><span style=\"font-weight: 400;\">Za\u010detniki naj izberejo vrste, za katere je na voljo veliko poro\u010dil o izku\u0161njah.<\/span><\/li>\n<\/ul>\n<p><span style=\"font-weight: 400;\">Te smernice vsebujejo osnovne informacije o uspe\u0161nem zadr\u017eevanju mravelj. \u010ce imate kakr\u0161nakoli vpra\u0161anja ali te\u017eave, se obrnite na izku\u0161ene gojitelje ali specializirane trgovine.<\/span><\/p>\n\n\t\t<\/div>\n\t\t\t\t\t<\/div>\n\n\t\n\n<\/div>","protected":false},"excerpt":{"rendered":"","protected":false},"author":1,"featured_media":0,"parent":0,"menu_order":0,"comment_status":"closed","ping_status":"closed","template":"","meta":{"_acf_changed":false,"content-type":"","_monsterinsights_skip_tracking":false,"_monsterinsights_sitenote_active":false,"_monsterinsights_sitenote_note":"","_monsterinsights_sitenote_category":0,"footnotes":""},"class_list":["post-10607","page","type-page","status-publish","hentry"],"acf":[],"aioseo_notices":[],"jetpack_sharing_enabled":true,"_links":{"self":[{"href":"https:\/\/clone.antcube.shop\/sl\/wp-json\/wp\/v2\/pages\/10607","targetHints":{"allow":["GET"]}}],"collection":[{"href":"https:\/\/clone.antcube.shop\/sl\/wp-json\/wp\/v2\/pages"}],"about":[{"href":"https:\/\/clone.antcube.shop\/sl\/wp-json\/wp\/v2\/types\/page"}],"author":[{"embeddable":true,"href":"https:\/\/clone.antcube.shop\/sl\/wp-json\/wp\/v2\/users\/1"}],"replies":[{"embeddable":true,"href":"https:\/\/clone.antcube.shop\/sl\/wp-json\/wp\/v2\/comments?post=10607"}],"version-history":[{"count":5,"href":"https:\/\/clone.antcube.shop\/sl\/wp-json\/wp\/v2\/pages\/10607\/revisions"}],"predecessor-version":[{"id":10717,"href":"https:\/\/clone.antcube.shop\/sl\/wp-json\/wp\/v2\/pages\/10607\/revisions\/10717"}],"wp:attachment":[{"href":"https:\/\/clone.antcube.shop\/sl\/wp-json\/wp\/v2\/media?parent=10607"}],"curies":[{"name":"wp","href":"https:\/\/api.w.org\/{rel}","templated":true}]}}