{"id":632,"date":"2021-07-30T13:32:44","date_gmt":"2021-07-30T11:32:44","guid":{"rendered":"https:\/\/antcube.shop\/?page_id=632"},"modified":"2024-11-29T15:27:28","modified_gmt":"2024-11-29T14:27:28","slug":"politika-vracila","status":"publish","type":"page","link":"https:\/\/clone.antcube.shop\/sl\/politika-vracila\/","title":{"rendered":"Prito\u017ebe in pravica do umika"},"content":{"rendered":"<div id=\"gap-1729653648\" class=\"gap-element clearfix\" style=\"display:block; height:auto;\">\n\t\t\n<style>\n#gap-1729653648 {\n  padding-top: 200px;\n}\n@media (min-width:550px) {\n  #gap-1729653648 {\n    padding-top: 197px;\n  }\n}\n@media (min-width:850px) {\n  #gap-1729653648 {\n    padding-top: 190px;\n  }\n}\n<\/style>\n\t<\/div>\n\t\n\n<div class=\"row\"  id=\"row-1749463136\">\n\n\n\t<div id=\"col-489217646\" class=\"col small-12 large-12\"  >\n\t\t\t\t<div class=\"col-inner\"  >\n\t\t\t\n\t\t\t\n\n<h3><b>Obravnava prito\u017eb in pravica do odpovedi<\/b><\/h3>\n<h4><b>1. obdelava prito\u017eb<\/b><\/h4>\n<p><b>Splo\u0161ne informacije:<\/b><\/p>\n<ul>\n<li style=\"font-weight: 400;\" aria-level=\"1\"><span style=\"font-weight: 400;\">\u010ce z dostavljenim blagom ali \u017eivimi \u017eivalmi niste zadovoljni, nas o tem nemudoma obvestite.<\/span><\/li>\n<li style=\"font-weight: 400;\" aria-level=\"1\"><span style=\"font-weight: 400;\">Va\u0161 zakonsko predpisani <\/span><b>garancijske pravice <\/b><span style=\"font-weight: 400;\">v skladu s \u00a7\u00a7 434 in naslednjimi. BGB (nem\u0161ki civilni zakonik) ostajajo nespremenjeni.<\/span><\/li>\n<\/ul>\n<p><b>Prijavite prito\u017ebo:<\/b><\/p>\n<ul>\n<li style=\"font-weight: 400;\" aria-level=\"1\"><span style=\"font-weight: 400;\">Prito\u017ebe lahko prijavite prek ra\u010duna stranke: <\/span><span style=\"font-weight: 400;\"><br \/><\/span><b>Va\u0161 ra\u010dun \u2192 Va\u0161a naro\u010dila \u2192 Obvestila. <\/b><b><br \/><\/b><span style=\"font-weight: 400;\">Za hitro razjasnitev te\u017eav je na voljo pripravljen obrazec.<\/span><\/li>\n<\/ul>\n<p><b>Pomembni koraki za prito\u017ebe:<\/b><\/p>\n<ol>\n<li style=\"font-weight: 400;\" aria-level=\"1\"><b>Pred vrnitvijo blaga nas kontaktirajte:<\/b>\n<ul>\n<li style=\"font-weight: 400;\" aria-level=\"2\"><span style=\"font-weight: 400;\">Brez predhodnega dogovora blaga ne vra\u010dajte. Po\u0161kodbe je pogosto mogo\u010de dokumentirati s fotografijami in jih pojasniti po e-po\u0161ti.<\/span><\/li>\n<li style=\"font-weight: 400;\" aria-level=\"2\"><span style=\"font-weight: 400;\">Vra\u010dila bodo izvedena le po na\u0161ih navodilih.<\/span><\/li>\n<\/ul>\n<\/li>\n<li style=\"font-weight: 400;\" aria-level=\"1\"><b>\u017dive \u017eivali:<\/b>\n<ul>\n<li style=\"font-weight: 400;\" aria-level=\"2\"><span style=\"font-weight: 400;\">Ob prejemu preverite, ali je panj popoln (matica, zalega, delavke) in v dobrem stanju (npr. po\u0161kodbe, napadenost s pr\u0161icami).<\/span><\/li>\n<li style=\"font-weight: 400;\" aria-level=\"2\"><span style=\"font-weight: 400;\">Morebitna neskladja ali napake takoj sporo\u010dite po e-po\u0161ti na naslov verkauf@antstore.de, vklju\u010dno s fotografsko dokumentacijo.<\/span><\/li>\n<\/ul>\n<\/li>\n<li style=\"font-weight: 400;\" aria-level=\"1\"><b>Po\u0161kodbe pri prevozu:<\/b>\n<ul>\n<li style=\"font-weight: 400;\" aria-level=\"2\"><span style=\"font-weight: 400;\">da dostavljavec neposredno opazi zunanje po\u0161kodbe na embala\u017ei. Po\u0161kodbo dokumentirajte fotografsko in nas o tem obvestite po elektronski po\u0161ti na naslov verkauf@antstore.de.<\/span><\/li>\n<\/ul>\n<\/li>\n<li style=\"font-weight: 400;\" aria-level=\"1\"><b>Tehni\u010dne napake:<\/b>\n<ul>\n<li style=\"font-weight: 400;\" aria-level=\"2\"><span style=\"font-weight: 400;\">Tehni\u010dne te\u017eave sporo\u010dite nam ali neposredno proizvajalcu. Obrnite se na proizvajalca prek navedene telefonske \u0161tevilke ali po elektronski po\u0161ti.<\/span><\/li>\n<li style=\"font-weight: 400;\" aria-level=\"2\"><span style=\"font-weight: 400;\">V primeru napak ste upravi\u010deni do <\/span><b>popravek<\/b><span style=\"font-weight: 400;\">, <\/span><b>nadomestna dobava <\/b><span style=\"font-weight: 400;\">ali, \u010de je popravek neuspe\u0161en, odstop od pogodbe ali zni\u017eanje kupnine v skladu s \u010dlenom 439 BGB.<\/span><\/li>\n<\/ul>\n<\/li>\n<li style=\"font-weight: 400;\" aria-level=\"1\"><b>Nepravilni ali manjkajo\u010di \u010dlanki:<\/b>\n<ul>\n<li style=\"font-weight: 400;\" aria-level=\"2\"><span style=\"font-weight: 400;\">Takoj preverite pravilnost in popolnost dostave.<\/span><\/li>\n<li style=\"font-weight: 400;\" aria-level=\"2\"><span style=\"font-weight: 400;\">\u010ce manjkajo izdelki ali so bili pome\u0161ani, nam to sporo\u010dite, da bomo lahko napako takoj odpravili.<\/span><\/li>\n<\/ul>\n<\/li>\n<\/ol>\n<p><b>Zamenjava\/odpoved:<\/b><\/p>\n<ul>\n<li style=\"font-weight: 400;\" aria-level=\"1\"><span style=\"font-weight: 400;\">\u010ce izdelek ni po va\u0161em okusu, ga lahko vrnete pod pogojem, da <\/span><b>zakonska pravica do odpovedi <\/b><span style=\"font-weight: 400;\">(glej spodaj). Predpogoj je upo\u0161tevanje rokov in pogojev.<\/span><\/li>\n<\/ul>\n<h4><b>2. pravica do odpovedi<\/b><\/h4>\n<ol>\n<li><b> Pravilnik o odpovedi za potro\u0161nike (v skladu s \u00a7 355 BGB):<\/b><\/li>\n<li><b> splo\u0161na pravica do odstopa od pogodbe na daljavo:<\/b><\/li>\n<\/ol>\n<ul>\n<li style=\"font-weight: 400;\" aria-level=\"1\"><span style=\"font-weight: 400;\">Potro\u0161niki (\u00a7 13 BGB), tj. vsaka fizi\u010dna oseba, ki sklene pravni posel za namene, ki jih prete\u017eno ni mogo\u010de pripisati njeni poslovni ali neodvisni poklicni dejavnosti, imajo pravico v 14 dneh brez navedbe razlogov odstopiti od pogodbe o nakupu blaga.<\/span><\/li>\n<\/ul>\n<ol start=\"2\">\n<li><b> podrobnosti o obdobju odpovedi:<\/b><\/li>\n<\/ol>\n<ul>\n<li style=\"font-weight: 400;\" aria-level=\"1\"><b>Za\u010detek obdobja odpovedi:<\/b>\n<ul>\n<li style=\"font-weight: 400;\" aria-level=\"2\"><span style=\"font-weight: 400;\">Za blago, ki ga je mogo\u010de poslati s paketno po\u0161to: Na dan, ko potro\u0161nik ali tretja oseba, ki jo dolo\u010di, prejme zadnje blago iz po\u0161iljke.<\/span><\/li>\n<li style=\"font-weight: 400;\" aria-level=\"2\"><span style=\"font-weight: 400;\">Za po\u0161iljanje blaga: Od dneva, ko \u0161pediter izro\u010di zadnje blago.<\/span><\/li>\n<\/ul>\n<\/li>\n<\/ul>\n<ol start=\"3\">\n<li><b> izjava o preklicu: <\/b><b><br \/><\/b><span style=\"font-weight: 400;\">Odpoved se izvede z jasno pisno izjavo (pismo, e-po\u0161ta) na naslov:<\/span><\/li>\n<\/ol>\n<p><b>Kontaktna oseba: <\/b><b><br \/><\/b><span style=\"font-weight: 400;\">ANTSTORE, Martin Sebesta<\/span><span style=\"font-weight: 400;\"><br \/><\/span><span style=\"font-weight: 400;\">Selerweg 41, <\/span><span style=\"font-weight: 400;\">D-12169 Berlin<\/span><span style=\"font-weight: 400;\"><br \/><\/span><span style=\"font-weight: 400;\">Telefon: +49 30 439703870<\/span><span style=\"font-weight: 400;\"><br \/><\/span><span style=\"font-weight: 400;\">E-naslov: verkauf (at) antstore.de<\/span><\/p>\n<p><span style=\"font-weight: 400;\">Naslednje <\/span><b>vzorec obrazca za odpoved<\/b><span style=\"font-weight: 400;\">lahko uporabite (ni obvezno).<\/span><span style=\"font-weight: 400;\"><br \/><\/span><span style=\"font-weight: 400;\"> Za upo\u0161tevanje roka je dovolj, da obvestilo o preklicu po\u0161ljete pred iztekom roka.<\/span><\/p>\n<ol start=\"4\">\n<li><b> posledice preklica:<\/b><\/li>\n<\/ol>\n<ul>\n<li style=\"font-weight: 400;\" aria-level=\"1\"><span style=\"font-weight: 400;\">Vra\u010dilo vseh opravljenih pla\u010dil, vklju\u010dno s standardnimi stro\u0161ki dostave (vendar ne za dra\u017eje \u017eelene dostave), bo izvedeno najpozneje v 14 dneh po prejemu odpovedi.<\/span><\/li>\n<li style=\"font-weight: 400;\" aria-level=\"1\"><span style=\"font-weight: 400;\">Za vra\u010dilo se uporabi prvotno uporabljeno pla\u010dilno sredstvo, razen \u010de ni dogovorjeno druga\u010de. Za vra\u010dilo ni pristojbin.<\/span><\/li>\n<li style=\"font-weight: 400;\" aria-level=\"1\"><span style=\"font-weight: 400;\">Vra\u010dilo se lahko zavrne, dokler blago ni vrnjeno ali dokler ni predlo\u017eeno dokazilo o vrnitvi.<\/span><\/li>\n<\/ul>\n<p><b>Vra\u010dilo blaga:<\/b><\/p>\n<ul>\n<li style=\"font-weight: 400;\" aria-level=\"1\"><span style=\"font-weight: 400;\">Stro\u0161ke vra\u010dila nosi potro\u0161nik.<\/span><\/li>\n<li style=\"font-weight: 400;\" aria-level=\"1\"><span style=\"font-weight: 400;\">Blago je treba vrniti najpozneje v 14 dneh po izjavi o preklicu.<\/span><\/li>\n<li style=\"font-weight: 400;\" aria-level=\"1\"><span style=\"font-weight: 400;\">Potro\u0161nik je odgovoren za izgubo vrednosti le, \u010de je ta posledica neustreznega ravnanja, ki presega potreben pregled stanja in delovanja.<\/span><\/li>\n<\/ul>\n<p><b>Opomba:<\/b><\/p>\n<p><span style=\"font-weight: 400;\">Pri vra\u010danju ob\u010dutljivega blaga, kot je steklo, priporo\u010damo uporabo originalne embala\u017ee. Tako boste najla\u017eje zagotovili, da je embala\u017ea primerna za za\u0161\u010dito teh materialov. Originalna embala\u017ea je pogosto posebej zasnovana za prevoz ob\u010dutljivega blaga.<\/span><\/p>\n<p><span style=\"font-weight: 400;\">\u010ce nimate ve\u010d originalne embala\u017ee, je pomembno, da je izdelek dobro zapakiran in oblazinjen. Poleg tega mora biti izdelek v \u0161katli postavljen pokon\u010dno in sredinsko, prazni prostori pa morajo biti zapolnjeni s polnilom, da se izdelek med prevozom ne premakne in po\u0161koduje.<\/span><\/p>\n<p><span style=\"font-weight: 400;\">\u010ce imate kakr\u0161nakoli vpra\u0161anja, se obrnite na na\u0161o slu\u017ebo za pomo\u010d strankam, ki vam bo z veseljem pomagala najti pravo embala\u017eo za varno vrnitev blaga.<\/span><\/p>\n<ol>\n<li><b> Izklju\u010ditev in omejitev pravice do odpovedi (\u00a7 312g BGB): <\/b><b><br \/><\/b><span style=\"font-weight: 400;\">Pravica do odpovedi ne velja za:<\/span><\/li>\n<\/ol>\n<ul>\n<li style=\"font-weight: 400;\" aria-level=\"1\"><span style=\"font-weight: 400;\">Blago, ki je izdelano po specifikacijah stranke ali je jasno personalizirano.<\/span><\/li>\n<li style=\"font-weight: 400;\" aria-level=\"1\"><span style=\"font-weight: 400;\">hitro pokvarljivo blago ali blago s kratkim rokom uporabe.<\/span><\/li>\n<li style=\"font-weight: 400;\" aria-level=\"1\"><span style=\"font-weight: 400;\">zape\u010dateno blago, ki ga zaradi higienskih ali zdravstvenih razlogov ni mogo\u010de vrniti, ko je pe\u010dat odstranjen.<\/span><\/li>\n<li style=\"font-weight: 400;\" aria-level=\"1\"><span style=\"font-weight: 400;\">Blago, ki je zaradi svoje narave nelo\u010dljivo pome\u0161ano z drugim blagom.<\/span><\/li>\n<li style=\"font-weight: 400;\" aria-level=\"1\"><span style=\"font-weight: 400;\">\u010casopisi, revije ali periodi\u010dni tisk (razen naro\u010dnin).<\/span><\/li>\n<\/ul>\n<ol>\n<li><b> Pred\u010dasno prenehanje pravice do odpovedi (\u00a7 356 BGB): <\/b><b><br \/><\/b><span style=\"font-weight: 400;\">Pravica do odpovedi pred\u010dasno preneha veljati, \u010de:<\/span><\/li>\n<\/ol>\n<ul>\n<li style=\"font-weight: 400;\" aria-level=\"1\"><span style=\"font-weight: 400;\">Dostava zape\u010datenih avdio\/video posnetkov ali programske opreme, \u010de je bil pe\u010dat odstranjen.<\/span><\/li>\n<li style=\"font-weight: 400;\" aria-level=\"1\"><span style=\"font-weight: 400;\">Storitve, ki so bile opravljene v celoti, pod pogojem, da je potro\u0161nik dal izrecno predhodno soglasje.<\/span><\/li>\n<\/ul>\n<h4><b>Vzorec obrazca za preklic<\/b><\/h4>\n<p><span style=\"font-weight: 400;\">\u010ce \u017eelite odpovedati pogodbo, uporabite naslednji obrazec:<\/span><\/p>\n<p><b>Vzorec obrazca za odpoved:<\/b><\/p>\n<p><b>Za:<\/b><span style=\"font-weight: 400;\"><br \/><\/span><span style=\"font-weight: 400;\">ANTSTORE, Martin Sebesta<\/span><span style=\"font-weight: 400;\"><br \/><\/span><span style=\"font-weight: 400;\">Selerweg 41, D-12169 Berlin<\/span><span style=\"font-weight: 400;\"><br \/><\/span><span style=\"font-weight: 400;\">Email:verkauf@antstore.de\u00a0<\/span><\/p>\n<p><b>Zadeva: \"Vklju\u010devanje v sistem\":<\/b><\/p>\n<p><span style=\"font-weight: 400;\">Preklic naro\u010dila [\u0161tevilka naro\u010dila]<\/span><\/p>\n<p>\u00a0<\/p>\n<p><b>Vsebina:<\/b><\/p>\n<p><span style=\"font-weight: 400;\">Odpovedujem pogodbo o nakupu naslednjega blaga:<\/span><span style=\"font-weight: 400;\"><br \/><\/span><span style=\"font-weight: 400;\"> [vstavite opis blaga]<\/span><\/p>\n<p><b>Naro\u010deno na:<\/b><span style=\"font-weight: 400;\"> [datum]<\/span><\/p>\n<p><b>Prejeto dne: <\/b><span style=\"font-weight: 400;\">[datum]<\/span><\/p>\n<p><b>Ime potro\u0161nika: <\/b><span style=\"font-weight: 400;\">[Ime]<\/span><\/p>\n<p><b>Naslov potro\u0161nika: <\/b><span style=\"font-weight: 400;\">[naslov]<\/span><\/p>\n<p><span style=\"font-weight: 400;\">Datum in podpis (samo za pisno odpoved po po\u0161ti)<\/span><\/p>\n<p>\u00a0<\/p>\n<p><strong><span style=\"font-family: Verdana; font-size: small;\">Prenesite obrazec za preklic:<\/span><\/strong><br \/><a href=\"https:\/\/www.antstore.net\/shop\/images\/documents\/Information-Reklamation-de.pdf\" target=\"_blank\" rel=\"noopener\"><span style=\"font-family: verdana,arial,helvetica,sans-serif;\"><img data-recalc-dims=\"1\" decoding=\"async\" src=\"https:\/\/i0.wp.com\/www.antstore.net\/shop\/images\/pdf_logo.gif?w=1020&#038;ssl=1\" alt=\"\" border=\"0\" \/>Informacije in povratne informacije<\/span><\/a> (v nem\u0161\u010dini), (PDF 0,4 MB)<br \/><span style=\"color: #666666; font-family: arial,helvetica,sans-serif; font-size: xx-small;\">(Vsebuje: informacije \/ obrazec)<\/span>\u00a0<\/p>\n<h2>Vra\u010dilo\/ preklic izdelkov z blagom<\/h2>\n<p>Za dostavo in proizvodnjo izdelkov iz kategorije Merchandise skrbi na\u0161 partner PRINTFUL. Z naro\u010dilom enega od teh izdelkov se strinjate s splo\u0161nimi pogoji, politiko zasebnosti in politiko vra\u010danja izdelkov podjetja PRINTFUL.\u00a0<\/p>\n<p><a href=\"https:\/\/www.printful.com\/policies\/terms-of-service\">Tukaj najdete splo\u0161ne pogoje poslovanja dru\u017ebe PRINTFUL.<\/a><\/p>\n<p><a href=\"https:\/\/www.printful.com\/policies\/returns\">Pravilnik o vra\u010danju izdelkov PRINTFUL najdete tukaj.<\/a><\/p>\n<p><a href=\"https:\/\/www.printful.com\/policies\/privacy\">Pravilnik o zasebnosti dru\u017ebe PRINTFUL najdete tukaj.<\/a><\/p>\n\n\t\t<\/div>\n\t\t\t\t\t<\/div>\n\n\t\n\n<\/div>","protected":false},"excerpt":{"rendered":"","protected":false},"author":1,"featured_media":0,"parent":0,"menu_order":0,"comment_status":"closed","ping_status":"closed","template":"","meta":{"_acf_changed":false,"content-type":"","_monsterinsights_skip_tracking":false,"_monsterinsights_sitenote_active":false,"_monsterinsights_sitenote_note":"","_monsterinsights_sitenote_category":0,"footnotes":""},"class_list":["post-632","page","type-page","status-publish","hentry"],"acf":[],"aioseo_notices":[],"jetpack_sharing_enabled":true,"_links":{"self":[{"href":"https:\/\/clone.antcube.shop\/sl\/wp-json\/wp\/v2\/pages\/632","targetHints":{"allow":["GET"]}}],"collection":[{"href":"https:\/\/clone.antcube.shop\/sl\/wp-json\/wp\/v2\/pages"}],"about":[{"href":"https:\/\/clone.antcube.shop\/sl\/wp-json\/wp\/v2\/types\/page"}],"author":[{"embeddable":true,"href":"https:\/\/clone.antcube.shop\/sl\/wp-json\/wp\/v2\/users\/1"}],"replies":[{"embeddable":true,"href":"https:\/\/clone.antcube.shop\/sl\/wp-json\/wp\/v2\/comments?post=632"}],"version-history":[{"count":10,"href":"https:\/\/clone.antcube.shop\/sl\/wp-json\/wp\/v2\/pages\/632\/revisions"}],"predecessor-version":[{"id":10639,"href":"https:\/\/clone.antcube.shop\/sl\/wp-json\/wp\/v2\/pages\/632\/revisions\/10639"}],"wp:attachment":[{"href":"https:\/\/clone.antcube.shop\/sl\/wp-json\/wp\/v2\/media?parent=632"}],"curies":[{"name":"wp","href":"https:\/\/api.w.org\/{rel}","templated":true}]}}