{"id":727,"date":"2021-08-17T11:06:10","date_gmt":"2021-08-17T09:06:10","guid":{"rendered":"https:\/\/antcube.shop\/?page_id=727"},"modified":"2023-12-14T13:35:17","modified_gmt":"2023-12-14T12:35:17","slug":"iskalnik-formicarium-finder","status":"publish","type":"page","link":"https:\/\/clone.antcube.shop\/sl\/iskalnik-formicarium-finder\/","title":{"rendered":"Poi\u0161\u010dite svoj formikarij"},"content":{"rendered":"<div id=\"gap-1375692801\" class=\"gap-element clearfix\" style=\"display:block; height:auto;\">\n\t\t\n<style>\n#gap-1375692801 {\n  padding-top: 201px;\n}\n@media (min-width:550px) {\n  #gap-1375692801 {\n    padding-top: 201px;\n  }\n}\n@media (min-width:850px) {\n  #gap-1375692801 {\n    padding-top: 165px;\n  }\n}\n<\/style>\n\t<\/div>\n\t\n\n<div class=\"row\"  id=\"row-143296972\">\n\n\n\t<div id=\"col-1753127801\" class=\"col small-12 large-12\"  >\n\t\t\t\t<div class=\"col-inner\"  >\n\t\t\t\n\t\t\t\n\n\t<div id=\"text-3093087837\" class=\"text\">\n\t\t\n\n<h3>Iskalnik\/konfigurator formikarijev ANTCUBE<\/h3>\n<h1>Poi\u0161\u010dite popoln formikarij za svojo kolonijo mravelj<\/h1>\n<p>Da bi se la\u017eje odlo\u010dili, katero vrsto formikarija morate uporabiti za vrsto mravelj, ki jo \u017eelite gojiti, lahko uporabite na\u0161 \"iskalnik formikarijev\". Ta vas bo vodil skozi razli\u010dne korake in vas pripeljal do najprimernej\u0161ega za\u010detnega kompleta.\u00a0<\/p>\n<p>\u00a0<\/p>\n\t\t\n<style>\n#text-3093087837 {\n  text-align: center;\n}\n<\/style>\n\t<\/div>\n\t\n\t<div id=\"text-1494399615\" class=\"text\">\n\t\t\n\n<p><strong>Vpra\u0161anje: Ali va\u0161a \u017eelena vrsta mravlje spada v enega od naslednjih rodov?<\/strong><\/p>\n\t\t\n<style>\n#text-1494399615 {\n  font-size: 1.45rem;\n  text-align: center;\n}\n@media (min-width:550px) {\n  #text-1494399615 {\n    font-size: 1.95rem;\n  }\n}\n<\/style>\n\t<\/div>\n\t\n\n\t\t<\/div>\n\t\t\t\t\t<\/div>\n\n\t\n\n<\/div>\n<div class=\"row row-box-shadow-3\"  id=\"row-1349794914\">\n\n\n\t<div id=\"col-963572718\" class=\"col medium-3 small-6 large-3\"  >\n\t\t\t\t<div class=\"col-inner\"  >\n\t\t\t\n\t\t\t\n\n\n  <div class=\"banner has-hover\" id=\"banner-859702217\">\n          <div class=\"banner-inner fill\">\n        <div class=\"banner-bg fill\" >\n            <img data-recalc-dims=\"1\" loading=\"lazy\" decoding=\"async\" width=\"1020\" height=\"765\" src=\"https:\/\/i0.wp.com\/clone.antcube.shop\/wp-content\/uploads\/2021\/07\/Messor-minor-hesperius-Startbild.jpg?resize=1020%2C765&#038;ssl=1\" class=\"bg attachment-original size-original\" alt=\"Messor minor hesperius kraljica mravelj z delavko makro ANTSTORE ANTCUBE\" \/>                        <div class=\"overlay\"><\/div>            \n                    <\/div>\n\t\t\n        <div class=\"banner-layers container\">\n            <a class=\"fill\" href=\"https:\/\/clone.antcube.shop\/formicarium-finder\/harvester-ant-formicarium\/\"><div class=\"fill banner-link\"><\/div><\/a>            \n\n   <div id=\"text-box-1193371687\" class=\"text-box banner-layer x50 md-x50 lg-x50 y0 md-y0 lg-y0 res-text\">\n                                <div class=\"text-box-content text dark text-shadow-5\">\n              \n              <div class=\"text-inner text-center\">\n                  \n\n\t<div id=\"text-2171103655\" class=\"text\">\n\t\t\n\n<h5 class=\"uppercase\" data-line-height=\"xs\"><strong>Mravljica Harvester<\/strong><\/h5>\n<h5 class=\"uppercase\" data-padding=\"10px\" data-line-height=\"xs\"><strong>Messor<\/strong><\/h5>\n\t\t\n<style>\n#text-2171103655 {\n  font-size: 0.75rem;\n  color: rgb(0,0,0);\n}\n#text-2171103655 > * {\n  color: rgb(0,0,0);\n}\n@media (min-width:550px) {\n  #text-2171103655 {\n    font-size: 0.75rem;\n  }\n}\n@media (min-width:850px) {\n  #text-2171103655 {\n    font-size: 1.15rem;\n  }\n}\n<\/style>\n\t<\/div>\n\t\n\n              <\/div>\n           <\/div>\n                            \n<style>\n#text-box-1193371687 {\n  width: 100%;\n}\n#text-box-1193371687 .text-box-content {\n  font-size: 100%;\n}\n<\/style>\n    <\/div>\n \n\n        <\/div>\n      <\/div>\n\n            \n<style>\n#banner-859702217 {\n  padding-top: 99.99%;\n}\n#banner-859702217 .overlay {\n  background-color: rgba(0, 0, 0, 0);\n}\n#banner-859702217 .banner-bg img {\n  object-position: 40% 35%;\n}\n<\/style>\n  <\/div>\n\n\n\n\t\t<\/div>\n\t\t\t\t\t<\/div>\n\n\t\n\n\t<div id=\"col-1840245651\" class=\"col medium-3 small-6 large-3\"  >\n\t\t\t\t<div class=\"col-inner\"  >\n\t\t\t\n\t\t\t\n\n\n  <div class=\"banner has-hover\" id=\"banner-110425452\">\n          <div class=\"banner-inner fill\">\n        <div class=\"banner-bg fill\" >\n            <img data-recalc-dims=\"1\" loading=\"lazy\" decoding=\"async\" width=\"1000\" height=\"1000\" src=\"https:\/\/i0.wp.com\/clone.antcube.shop\/wp-content\/uploads\/2021\/07\/Atta-mexicana.jpg?resize=1000%2C1000&#038;ssl=1\" class=\"bg attachment-original size-original\" alt=\"Atta mexicana goba z delavkami in kraljico mravlje listne mravlje ANTCUBE ANTSTORE\" \/>                        <div class=\"overlay\"><\/div>            \n                    <\/div>\n\t\t\n        <div class=\"banner-layers container\">\n            <a class=\"fill\" href=\"https:\/\/clone.antcube.shop\/formicarium-finder\/leafcutter-formicarium\/\"><div class=\"fill banner-link\"><\/div><\/a>            \n\n   <div id=\"text-box-1885127857\" class=\"text-box banner-layer x50 md-x50 lg-x50 y0 md-y0 lg-y0 res-text\">\n                                <div class=\"text-box-content text dark text-shadow-5\">\n              \n              <div class=\"text-inner text-center\">\n                  \n\n\t<div id=\"text-3179242059\" class=\"text\">\n\t\t\n\n<h5 class=\"uppercase\" data-line-height=\"xs\"><strong>Mravljin\u010dar<\/strong><\/h5>\n<h5 data-line-height=\"xs\"><strong>Atta ali Acromyrmex<\/strong><\/h5>\n\t\t\n<style>\n#text-3179242059 {\n  font-size: 0.75rem;\n  line-height: 0.75;\n  text-align: center;\n  color: rgb(0,0,0);\n}\n#text-3179242059 > * {\n  color: rgb(0,0,0);\n}\n@media (min-width:550px) {\n  #text-3179242059 {\n    font-size: 0.75rem;\n  }\n}\n@media (min-width:850px) {\n  #text-3179242059 {\n    font-size: 1.15rem;\n  }\n}\n<\/style>\n\t<\/div>\n\t\n\n              <\/div>\n           <\/div>\n                            \n<style>\n#text-box-1885127857 {\n  width: 100%;\n}\n#text-box-1885127857 .text-box-content {\n  font-size: 100%;\n}\n<\/style>\n    <\/div>\n \n\n        <\/div>\n      <\/div>\n\n              <div class=\"height-fix is-invisible\"><img data-recalc-dims=\"1\" loading=\"lazy\" decoding=\"async\" width=\"1000\" height=\"1000\" src=\"https:\/\/i0.wp.com\/clone.antcube.shop\/wp-content\/uploads\/2021\/07\/Atta-mexicana.jpg?resize=1000%2C1000&#038;ssl=1\" class=\"attachment-original size-original\" alt=\"Atta mexicana goba z delavkami in kraljico mravlje listne mravlje ANTCUBE ANTSTORE\" srcset=\"https:\/\/i0.wp.com\/clone.antcube.shop\/wp-content\/uploads\/2021\/07\/Atta-mexicana.jpg?w=1000&amp;ssl=1 1000w, https:\/\/i0.wp.com\/clone.antcube.shop\/wp-content\/uploads\/2021\/07\/Atta-mexicana.jpg?resize=247%2C247&amp;ssl=1 247w, https:\/\/i0.wp.com\/clone.antcube.shop\/wp-content\/uploads\/2021\/07\/Atta-mexicana.jpg?resize=100%2C100&amp;ssl=1 100w, https:\/\/i0.wp.com\/clone.antcube.shop\/wp-content\/uploads\/2021\/07\/Atta-mexicana.jpg?resize=510%2C510&amp;ssl=1 510w, https:\/\/i0.wp.com\/clone.antcube.shop\/wp-content\/uploads\/2021\/07\/Atta-mexicana.jpg?resize=400%2C400&amp;ssl=1 400w, https:\/\/i0.wp.com\/clone.antcube.shop\/wp-content\/uploads\/2021\/07\/Atta-mexicana.jpg?resize=800%2C800&amp;ssl=1 800w, https:\/\/i0.wp.com\/clone.antcube.shop\/wp-content\/uploads\/2021\/07\/Atta-mexicana.jpg?resize=280%2C280&amp;ssl=1 280w, https:\/\/i0.wp.com\/clone.antcube.shop\/wp-content\/uploads\/2021\/07\/Atta-mexicana.jpg?resize=768%2C768&amp;ssl=1 768w\" sizes=\"auto, (max-width: 1000px) 100vw, 1000px\" \/><\/div>\n            \n<style>\n#banner-110425452 .overlay {\n  background-color: rgba(0, 0, 0, 0);\n}\n#banner-110425452 .banner-bg img {\n  object-position: 48% 30%;\n}\n<\/style>\n  <\/div>\n\n\n\n\t\t<\/div>\n\t\t\t\t\t<\/div>\n\n\t\n\n\t<div id=\"col-1206493151\" class=\"col medium-3 small-6 large-3\"  >\n\t\t\t\t<div class=\"col-inner\"  >\n\t\t\t\n\t\t\t\n\n\n  <div class=\"banner has-hover\" id=\"banner-1140414203\">\n          <div class=\"banner-inner fill\">\n        <div class=\"banner-bg fill\" >\n            <img data-recalc-dims=\"1\" loading=\"lazy\" decoding=\"async\" width=\"1000\" height=\"1000\" src=\"https:\/\/i0.wp.com\/clone.antcube.shop\/wp-content\/uploads\/2021\/07\/Oecophylla-smaragdina-1.jpg?resize=1000%2C1000&#038;ssl=1\" class=\"bg attachment-original size-original\" alt=\"Oecophylla smaragdina kraljica mravelj z delavko in mladi\u010di makro na belem ozadju ANTSTORE ANTCUBE\" \/>                        <div class=\"overlay\"><\/div>            \n                    <\/div>\n\t\t\n        <div class=\"banner-layers container\">\n            <a class=\"fill\" href=\"https:\/\/clone.antcube.shop\/formicarium-finder\/weaver-ant-formicarium\/\"><div class=\"fill banner-link\"><\/div><\/a>            \n\n   <div id=\"text-box-1325062391\" class=\"text-box banner-layer x0 md-x0 lg-x0 y0 md-y0 lg-y0 res-text\">\n                                <div class=\"text-box-content text dark text-shadow-5\">\n              \n              <div class=\"text-inner text-center\">\n                  \n\n\t<div id=\"text-3029473948\" class=\"text\">\n\t\t\n\n<h5 class=\"uppercase\" data-line-height=\"xs\"><strong>Mravlja Weaver<\/strong><\/h5>\n<p data-line-height=\"xs\"><strong>Oecophylla ali Polyrhachis<\/strong><\/p>\n\t\t\n<style>\n#text-3029473948 {\n  font-size: 0.75rem;\n  color: rgb(0,0,0);\n}\n#text-3029473948 > * {\n  color: rgb(0,0,0);\n}\n@media (min-width:550px) {\n  #text-3029473948 {\n    font-size: 0.75rem;\n  }\n}\n@media (min-width:850px) {\n  #text-3029473948 {\n    font-size: 1.15rem;\n  }\n}\n<\/style>\n\t<\/div>\n\t\n\n              <\/div>\n           <\/div>\n                            \n<style>\n#text-box-1325062391 {\n  width: 96%;\n}\n#text-box-1325062391 .text-box-content {\n  font-size: 100%;\n}\n<\/style>\n    <\/div>\n \n\n        <\/div>\n      <\/div>\n\n              <div class=\"height-fix is-invisible\"><img data-recalc-dims=\"1\" loading=\"lazy\" decoding=\"async\" width=\"1000\" height=\"1000\" src=\"https:\/\/i0.wp.com\/clone.antcube.shop\/wp-content\/uploads\/2021\/07\/Oecophylla-smaragdina-1.jpg?resize=1000%2C1000&#038;ssl=1\" class=\"attachment-original size-original\" alt=\"Oecophylla smaragdina kraljica mravelj z delavko in mladi\u010di makro na belem ozadju ANTSTORE ANTCUBE\" srcset=\"https:\/\/i0.wp.com\/clone.antcube.shop\/wp-content\/uploads\/2021\/07\/Oecophylla-smaragdina-1.jpg?w=1000&amp;ssl=1 1000w, https:\/\/i0.wp.com\/clone.antcube.shop\/wp-content\/uploads\/2021\/07\/Oecophylla-smaragdina-1.jpg?resize=247%2C247&amp;ssl=1 247w, https:\/\/i0.wp.com\/clone.antcube.shop\/wp-content\/uploads\/2021\/07\/Oecophylla-smaragdina-1.jpg?resize=100%2C100&amp;ssl=1 100w, https:\/\/i0.wp.com\/clone.antcube.shop\/wp-content\/uploads\/2021\/07\/Oecophylla-smaragdina-1.jpg?resize=510%2C510&amp;ssl=1 510w, https:\/\/i0.wp.com\/clone.antcube.shop\/wp-content\/uploads\/2021\/07\/Oecophylla-smaragdina-1.jpg?resize=400%2C400&amp;ssl=1 400w, https:\/\/i0.wp.com\/clone.antcube.shop\/wp-content\/uploads\/2021\/07\/Oecophylla-smaragdina-1.jpg?resize=800%2C800&amp;ssl=1 800w, https:\/\/i0.wp.com\/clone.antcube.shop\/wp-content\/uploads\/2021\/07\/Oecophylla-smaragdina-1.jpg?resize=280%2C280&amp;ssl=1 280w, https:\/\/i0.wp.com\/clone.antcube.shop\/wp-content\/uploads\/2021\/07\/Oecophylla-smaragdina-1.jpg?resize=768%2C768&amp;ssl=1 768w\" sizes=\"auto, (max-width: 1000px) 100vw, 1000px\" \/><\/div>\n            \n<style>\n#banner-1140414203 .overlay {\n  background-color: rgba(0, 0, 0, 0);\n}\n#banner-1140414203 .banner-bg img {\n  object-position: 48% 53%;\n}\n<\/style>\n  <\/div>\n\n\n\n\t\t<\/div>\n\t\t\t\t\t<\/div>\n\n\t\n\n\t<div id=\"col-154312660\" class=\"col medium-3 small-6 large-3\"  >\n\t\t\t\t<div class=\"col-inner\"  >\n\t\t\t\n\t\t\t\n\n\n  <div class=\"banner has-hover\" id=\"banner-2014804986\">\n          <div class=\"banner-inner fill\">\n        <div class=\"banner-bg fill\" >\n            <img data-recalc-dims=\"1\" loading=\"lazy\" decoding=\"async\" width=\"1020\" height=\"765\" src=\"https:\/\/i0.wp.com\/clone.antcube.shop\/wp-content\/uploads\/2021\/07\/Lasius-brunneus-Startbild.jpg?resize=1020%2C765&#038;ssl=1\" class=\"bg attachment-original size-original\" alt=\"Lasius brunneus kraljica mravelj z delavkami makro na belem ozadju ANTSTORE ANTCUBE\" \/>                        <div class=\"overlay\"><\/div>            \n                    <\/div>\n\t\t\n        <div class=\"banner-layers container\">\n            <a class=\"fill\" href=\"https:\/\/clone.antcube.shop\/formicarium-finder\/nest-type\/\"><div class=\"fill banner-link\"><\/div><\/a>            \n\n   <div id=\"text-box-458984015\" class=\"text-box banner-layer x0 md-x0 lg-x0 y0 md-y0 lg-y0 res-text\">\n                                <div class=\"text-box-content text dark text-shadow-5\">\n              \n              <div class=\"text-inner text-center\">\n                  \n\n\t<div id=\"text-51770272\" class=\"text\">\n\t\t\n\n<h5 class=\"uppercase\" data-line-height=\"xs\"><strong>Nobeden od teh rodov<\/strong><\/h5>\n<p>\u00a0<\/p>\n\t\t\n<style>\n#text-51770272 {\n  font-size: 0.75rem;\n  color: rgb(0,0,0);\n}\n#text-51770272 > * {\n  color: rgb(0,0,0);\n}\n@media (min-width:550px) {\n  #text-51770272 {\n    font-size: 0.9rem;\n  }\n}\n@media (min-width:850px) {\n  #text-51770272 {\n    font-size: 1.15rem;\n  }\n}\n<\/style>\n\t<\/div>\n\t\n\n              <\/div>\n           <\/div>\n                            \n<style>\n#text-box-458984015 {\n  width: 100%;\n}\n#text-box-458984015 .text-box-content {\n  font-size: 100%;\n}\n<\/style>\n    <\/div>\n \n\n        <\/div>\n      <\/div>\n\n            \n<style>\n#banner-2014804986 {\n  padding-top: 99.99%;\n}\n#banner-2014804986 .overlay {\n  background-color: rgba(0, 0, 0, 0);\n}\n#banner-2014804986 .banner-bg img {\n  object-position: 21% 59%;\n}\n<\/style>\n  <\/div>\n\n\n\n\t\t<\/div>\n\t\t\t\t\t<\/div>\n\n\t\n\n<\/div>","protected":false},"excerpt":{"rendered":"","protected":false},"author":1,"featured_media":0,"parent":0,"menu_order":0,"comment_status":"closed","ping_status":"closed","template":"","meta":{"_acf_changed":false,"content-type":"","_monsterinsights_skip_tracking":false,"_monsterinsights_sitenote_active":false,"_monsterinsights_sitenote_note":"","_monsterinsights_sitenote_category":0,"footnotes":""},"class_list":["post-727","page","type-page","status-publish","hentry"],"acf":[],"aioseo_notices":[],"jetpack_sharing_enabled":true,"_links":{"self":[{"href":"https:\/\/clone.antcube.shop\/sl\/wp-json\/wp\/v2\/pages\/727","targetHints":{"allow":["GET"]}}],"collection":[{"href":"https:\/\/clone.antcube.shop\/sl\/wp-json\/wp\/v2\/pages"}],"about":[{"href":"https:\/\/clone.antcube.shop\/sl\/wp-json\/wp\/v2\/types\/page"}],"author":[{"embeddable":true,"href":"https:\/\/clone.antcube.shop\/sl\/wp-json\/wp\/v2\/users\/1"}],"replies":[{"embeddable":true,"href":"https:\/\/clone.antcube.shop\/sl\/wp-json\/wp\/v2\/comments?post=727"}],"version-history":[{"count":10,"href":"https:\/\/clone.antcube.shop\/sl\/wp-json\/wp\/v2\/pages\/727\/revisions"}],"predecessor-version":[{"id":6799,"href":"https:\/\/clone.antcube.shop\/sl\/wp-json\/wp\/v2\/pages\/727\/revisions\/6799"}],"wp:attachment":[{"href":"https:\/\/clone.antcube.shop\/sl\/wp-json\/wp\/v2\/media?parent=727"}],"curies":[{"name":"wp","href":"https:\/\/api.w.org\/{rel}","templated":true}]}}