{"id":899,"date":"2021-08-22T15:12:45","date_gmt":"2021-08-22T13:12:45","guid":{"rendered":"https:\/\/antcube.shop\/?page_id=899"},"modified":"2023-12-14T13:30:00","modified_gmt":"2023-12-14T12:30:00","slug":"faq-shop","status":"publish","type":"page","link":"https:\/\/clone.antcube.shop\/sl\/faq-shop\/","title":{"rendered":"Pogosta vpra\u0161anja Trgovina"},"content":{"rendered":"<div id=\"gap-1322132618\" class=\"gap-element clearfix\" style=\"display:block; height:auto;\">\n\t\t\n<style>\n#gap-1322132618 {\n  padding-top: 200px;\n}\n@media (min-width:850px) {\n  #gap-1322132618 {\n    padding-top: 175px;\n  }\n}\n<\/style>\n\t<\/div>\n\t\n\n\t<div id=\"text-2783783102\" class=\"text\">\n\t\t\n\n<h1>Pogosta vpra\u0161anja Trgovina \u00a0<\/h1>\n<h2>Pogosto zastavljena vpra\u0161anja o na\u0161ih izdelkih ali trgovini na splo\u0161no<\/h2>\n\t\t\n<style>\n#text-2783783102 {\n  text-align: center;\n}\n<\/style>\n\t<\/div>\n\t\n<div class=\"row align-center\"  id=\"row-121541879\">\n\n\n\t<div id=\"col-1147345705\" class=\"col small-12 large-12\"  >\n\t\t\t\t<div class=\"col-inner\"  >\n\t\t\t\n\t\t\t\n\n<div class=\"accordion\">\n\n\t<div id=\"accordion-2599313987\" class=\"accordion-item\">\n\t\t<a id=\"accordion-2599313987-label\" class=\"accordion-title plain\" href=\"#accordion-item-you-do-not-know-what-ant-species-to-keep-or-which-formicarium-you-should-use?\" aria-expanded=\"false\" aria-controls=\"accordion-2599313987-content\">\n\t\t\t<button class=\"toggle\" aria-label=\"Toggle\"><i class=\"icon-angle-down\" aria-hidden=\"true\"><\/i><\/button>\n\t\t\t<span>Ne veste, katere vrste mravelj gojiti ali kateri formikarij uporabiti?<\/span>\n\t\t<\/a>\n\t\t<div id=\"accordion-2599313987-content\" class=\"accordion-inner\" aria-labelledby=\"accordion-2599313987-label\">\n\t\t\t\n\n<p>Poskusite z na\u0161im \"iskalnikom mravelj\" ali \"iskalnikom formikarijev\" - Na\u0161a spletna storitev za stranke<\/p>\n<p><a href=\"https:\/\/clone.antcube.shop\/ant-finder\/\">Poi\u0161\u010dite svojo vrsto mravelj<\/a><\/p>\n<p><a href=\"https:\/\/clone.antcube.shop\/formicarium-finder\/\">Poi\u0161\u010dite svoj formikarij<\/a><\/p>\n\n\t\t<\/div>\n\t<\/div>\n\t\n\t<div id=\"accordion-22795545\" class=\"accordion-item\">\n\t\t<a id=\"accordion-22795545-label\" class=\"accordion-title plain\" href=\"#accordion-item-what-are-the-delivery-times-and-charges-for-orders-from-the-online-shop?\" aria-expanded=\"false\" aria-controls=\"accordion-22795545-content\">\n\t\t\t<button class=\"toggle\" aria-label=\"Toggle\"><i class=\"icon-angle-down\" aria-hidden=\"true\"><\/i><\/button>\n\t\t\t<span>Kak\u0161ni so dobavni roki in stro\u0161ki za naro\u010dila iz spletne trgovine?<\/span>\n\t\t<\/a>\n\t\t<div id=\"accordion-22795545-content\" class=\"accordion-inner\" aria-labelledby=\"accordion-22795545-label\">\n\t\t\t\n\n<p>Informacije o predvidenem \u010dasu dostave najdete tukaj:<\/p>\n<p><a href=\"https:\/\/clone.antcube.shop\/delivery-times\/\">\u010cas dostave<\/a><\/p>\n<p>\u010ce \u017eelite izvedeti o predvidenih stro\u0161kih dostave in omejitvah dostave, si oglejte tukaj:<\/p>\n<p><a href=\"https:\/\/clone.antcube.shop\/shipping-costs-delivery-restrictions\/\">Stro\u0161ki dostave\/omejitve dostave<\/a><\/p>\n\n\t\t<\/div>\n\t<\/div>\n\t\n\t<div id=\"accordion-349969849\" class=\"accordion-item\">\n\t\t<a id=\"accordion-349969849-label\" class=\"accordion-title plain\" href=\"#accordion-item-you-have-questions-about-returns-or-refunds?\" aria-expanded=\"false\" aria-controls=\"accordion-349969849-content\">\n\t\t\t<button class=\"toggle\" aria-label=\"Toggle\"><i class=\"icon-angle-down\" aria-hidden=\"true\"><\/i><\/button>\n\t\t\t<span>Imate vpra\u0161anja o vra\u010dilih ali povra\u010dilih?<\/span>\n\t\t<\/a>\n\t\t<div id=\"accordion-349969849-content\" class=\"accordion-inner\" aria-labelledby=\"accordion-349969849-label\">\n\t\t\t\n\n<p><a href=\"https:\/\/clone.antcube.shop\/refund-policy\/\">Pravilnik o vra\u010dilu denarja<\/a><\/p>\n<p><a href=\"https:\/\/clone.antcube.shop\/terms-and-conditions\/\">Pogoji in dolo\u010dila<\/a><\/p>\n\n\t\t<\/div>\n\t<\/div>\n\t\n\t<div id=\"accordion-499788446\" class=\"accordion-item\">\n\t\t<a id=\"accordion-499788446-label\" class=\"accordion-title plain\" href=\"#accordion-item-which-payment-methods-are-accepted-in-the-online-shop?\" aria-expanded=\"false\" aria-controls=\"accordion-499788446-content\">\n\t\t\t<button class=\"toggle\" aria-label=\"Toggle\"><i class=\"icon-angle-down\" aria-hidden=\"true\"><\/i><\/button>\n\t\t\t<span>Kateri na\u010dini pla\u010dila so sprejeti v spletni trgovini?<\/span>\n\t\t<\/a>\n\t\t<div id=\"accordion-499788446-content\" class=\"accordion-inner\" aria-labelledby=\"accordion-499788446-label\">\n\t\t\t\n\n<p>Pregled na\u0161ih sprejetih na\u010dinov pla\u010dila najdete tukaj:<\/p>\n<p><a href=\"https:\/\/clone.antcube.shop\/payment-methods\/\">Na\u010dini pla\u010dila<\/a><\/p>\n\n\t\t<\/div>\n\t<\/div>\n\t\n\t<div id=\"accordion-2987734295\" class=\"accordion-item\">\n\t\t<a id=\"accordion-2987734295-label\" class=\"accordion-title plain\" href=\"#accordion-item-you-are-looking-for-user-manuals-for-your-starter-set?\" aria-expanded=\"false\" aria-controls=\"accordion-2987734295-content\">\n\t\t\t<button class=\"toggle\" aria-label=\"Toggle\"><i class=\"icon-angle-down\" aria-hidden=\"true\"><\/i><\/button>\n\t\t\t<span>I\u0161\u010dete uporabni\u0161ka navodila za za\u010detni komplet?<\/span>\n\t\t<\/a>\n\t\t<div id=\"accordion-2987734295-content\" class=\"accordion-inner\" aria-labelledby=\"accordion-2987734295-label\">\n\t\t\t\n\n<p>Tu poi\u0161\u010dite uporabni\u0161ka navodila PDF za tiskanje ali prenos:<\/p>\n<p><a href=\"https:\/\/clone.antcube.shop\/download\/\">Prenesi<\/a><\/p>\n\n\t\t<\/div>\n\t<\/div>\n\t\n\t<div id=\"accordion-2486175956\" class=\"accordion-item\">\n\t\t<a id=\"accordion-2486175956-label\" class=\"accordion-title plain\" href=\"#accordion-item-you-need-more-information-about-certain-ant-species-or-ant-keeping-in-general?\" aria-expanded=\"false\" aria-controls=\"accordion-2486175956-content\">\n\t\t\t<button class=\"toggle\" aria-label=\"Toggle\"><i class=\"icon-angle-down\" aria-hidden=\"true\"><\/i><\/button>\n\t\t\t<span>Potrebujete ve\u010d informacij o dolo\u010denih vrstah mravelj ali o mravlji\u0161\u010darstvu na splo\u0161no?<\/span>\n\t\t<\/a>\n\t\t<div id=\"accordion-2486175956-content\" class=\"accordion-inner\" aria-labelledby=\"accordion-2486175956-label\">\n\t\t\t\n\n<p>Tukaj najdete pogosto zastavljena vpra\u0161anja o mravljah in njihovem gojenju:<\/p>\n<p><a href=\"https:\/\/clone.antcube.shop\/faq-ants\/\">Pogosta vpra\u0161anja o mravljah<\/a><\/p>\n<p><a href=\"https:\/\/clone.antcube.shop\/catching-queen-ants\/\">Kako ujeti mravljinjo kraljico<\/a><\/p>\n<p><a href=\"https:\/\/clone.antcube.shop\/ant-species\/\">Preberite ve\u010d o mravljah<\/a><\/p>\n<p><a href=\"https:\/\/clone.antcube.shop\/social-media\/\">Oglejte si na\u0161e kanale YouTube, kjer lahko najdete koristne nasvete in informacije.<\/a><\/p>\n\n\t\t<\/div>\n\t<\/div>\n\t\n\t<div id=\"accordion-2184295028\" class=\"accordion-item\">\n\t\t<a id=\"accordion-2184295028-label\" class=\"accordion-title plain\" href=\"#accordion-item-you-have-questions-about-our-products?\" aria-expanded=\"false\" aria-controls=\"accordion-2184295028-content\">\n\t\t\t<button class=\"toggle\" aria-label=\"Toggle\"><i class=\"icon-angle-down\" aria-hidden=\"true\"><\/i><\/button>\n\t\t\t<span>Imate vpra\u0161anja o na\u0161ih izdelkih?<\/span>\n\t\t<\/a>\n\t\t<div id=\"accordion-2184295028-content\" class=\"accordion-inner\" aria-labelledby=\"accordion-2184295028-label\">\n\t\t\t\n\n<p>\u010ce imate vpra\u0161anja o na\u0161ih izdelkih, si najprej oglejte ustrezen opis izdelka v na\u0161i trgovini.<\/p>\n<p>Sicer pa lahko ve\u010d informacij najdete tukaj:<\/p>\n<p><a href=\"https:\/\/clone.antcube.shop\/product-information\/\">Informacije o izdelku<\/a><\/p>\n\n\t\t<\/div>\n\t<\/div>\n\t\n\n<\/div>\n\n\t\t<\/div>\n\t\t\t\t\t<\/div>\n\n\t\n\n<\/div>","protected":false},"excerpt":{"rendered":"","protected":false},"author":1,"featured_media":0,"parent":0,"menu_order":0,"comment_status":"closed","ping_status":"closed","template":"","meta":{"_acf_changed":false,"content-type":"","_monsterinsights_skip_tracking":false,"_monsterinsights_sitenote_active":false,"_monsterinsights_sitenote_note":"","_monsterinsights_sitenote_category":0,"footnotes":""},"class_list":["post-899","page","type-page","status-publish","hentry"],"acf":[],"aioseo_notices":[],"jetpack_sharing_enabled":true,"_links":{"self":[{"href":"https:\/\/clone.antcube.shop\/sl\/wp-json\/wp\/v2\/pages\/899","targetHints":{"allow":["GET"]}}],"collection":[{"href":"https:\/\/clone.antcube.shop\/sl\/wp-json\/wp\/v2\/pages"}],"about":[{"href":"https:\/\/clone.antcube.shop\/sl\/wp-json\/wp\/v2\/types\/page"}],"author":[{"embeddable":true,"href":"https:\/\/clone.antcube.shop\/sl\/wp-json\/wp\/v2\/users\/1"}],"replies":[{"embeddable":true,"href":"https:\/\/clone.antcube.shop\/sl\/wp-json\/wp\/v2\/comments?post=899"}],"version-history":[{"count":8,"href":"https:\/\/clone.antcube.shop\/sl\/wp-json\/wp\/v2\/pages\/899\/revisions"}],"predecessor-version":[{"id":6791,"href":"https:\/\/clone.antcube.shop\/sl\/wp-json\/wp\/v2\/pages\/899\/revisions\/6791"}],"wp:attachment":[{"href":"https:\/\/clone.antcube.shop\/sl\/wp-json\/wp\/v2\/media?parent=899"}],"curies":[{"name":"wp","href":"https:\/\/api.w.org\/{rel}","templated":true}]}}