{"id":906,"date":"2021-08-22T15:25:28","date_gmt":"2021-08-22T13:25:28","guid":{"rendered":"https:\/\/antcube.shop\/?page_id=906"},"modified":"2024-09-09T17:06:59","modified_gmt":"2024-09-09T15:06:59","slug":"mravlje-in-izobrazevanje","status":"publish","type":"page","link":"https:\/\/clone.antcube.shop\/sl\/mravlje-in-izobrazevanje\/","title":{"rendered":"Mravlje v izobra\u017eevanju"},"content":{"rendered":"<div id=\"gap-1132030213\" class=\"gap-element clearfix\" style=\"display:block; height:auto;\">\n\t\t\n<style>\n#gap-1132030213 {\n  padding-top: 178px;\n}\n@media (min-width:550px) {\n  #gap-1132030213 {\n    padding-top: 187px;\n  }\n}\n@media (min-width:850px) {\n  #gap-1132030213 {\n    padding-top: 75px;\n  }\n}\n<\/style>\n\t<\/div>\n\t\n\n\n  <div class=\"banner has-hover\" id=\"banner-2065622655\">\n          <div class=\"banner-inner fill\">\n        <div class=\"banner-bg fill\" >\n            <img data-recalc-dims=\"1\" loading=\"lazy\" decoding=\"async\" width=\"1020\" height=\"574\" src=\"https:\/\/i0.wp.com\/clone.antcube.shop\/wp-content\/uploads\/2021\/09\/20201112-ANTSTORE-Schulerprojekt-im-Glasernen-Labor-Berlin-Buch.00_01_08_21.Still001.jpg?resize=1020%2C574&#038;ssl=1\" class=\"bg attachment-original size-original\" alt=\"ANTSTORE - \u0161olski projekt v Gl\u00e4sernes Labor Berlin Buch\" \/>                        <div class=\"overlay\"><\/div>            \n                    <\/div>\n\t\t\n        <div class=\"banner-layers container\">\n            <div class=\"fill banner-link\"><\/div>            \n\n   <div id=\"text-box-1027949593\" class=\"text-box banner-layer x50 md-x50 lg-x50 y15 md-y10 lg-y10 res-text\">\n                                <div class=\"text-box-content text dark text-shadow-5\">\n              \n              <div class=\"text-inner text-center\">\n                  \n\n<h1 class=\"uppercase\"><strong>Mravlje v izobra\u017eevanju<\/strong><\/h1>\n\n              <\/div>\n           <\/div>\n                            \n<style>\n#text-box-1027949593 {\n  width: 60%;\n}\n#text-box-1027949593 .text-box-content {\n  font-size: 100%;\n}\n<\/style>\n    <\/div>\n \n\n        <\/div>\n      <\/div>\n\n            \n<style>\n#banner-2065622655 {\n  padding-top: 56.25%;\n}\n#banner-2065622655 .overlay {\n  background-color: rgba(0, 0, 0, 0.17);\n}\n#banner-2065622655 .banner-bg img {\n  object-position: 53% 1%;\n}\n@media (min-width:550px) {\n  #banner-2065622655 {\n    padding-top: 50%;\n  }\n}\n@media (min-width:850px) {\n  #banner-2065622655 {\n    padding-top: 625px;\n  }\n}\n<\/style>\n  <\/div>\n\n\n\t<div id=\"gap-1463538169\" class=\"gap-element clearfix\" style=\"display:block; height:auto;\">\n\t\t\n<style>\n#gap-1463538169 {\n  padding-top: 30px;\n}\n<\/style>\n\t<\/div>\n\t\n\n<div class=\"row\"  id=\"row-494095237\">\n\n\n\t<div id=\"col-2038648315\" class=\"col medium-6 small-12 large-6\"  >\n\t\t\t\t<div class=\"col-inner\"  >\n\t\t\t\n\t\t\t\n\n<h3>Kako se u\u010diti od mravelj in z njimi<\/h3>\n<p>Mravlje v u\u010dilnici ali v vrtcu? Obi\u010dajno precej nadle\u017ene. Vendar pogosto spregledamo, koliko se lahko nau\u010dimo od mravelj in z njimi. Njihovo socialno vedenje in u\u010dinkovito razdeljevanje nalog je zelo zanimivo in pou\u010dno opazovati.<\/p>\n<p>V zadnjih letih vse ve\u010d \u0161ol in vrtcev, izobra\u017eevalnih ustanov na splo\u0161no ali celo raziskovalnih ustanov dobiva mravlji\u0161\u010da. Te ponujajo veliko mo\u017enosti za pou\u010devanje biolo\u0161kih povezav, evolucije, socialnega vedenja ali odgovornega ravnanja z na\u0161o naravo na nazoren in zanimiv na\u010din.<\/p>\n<p>Mnogim za predstavitev zadostuje za\u010detni set, ki ga uporabljajo tudi na\u0161e zasebne stranke. \u010ce pa je treba biti nekoliko bolj poseben, vam ponujamo tudi izdelke po meri. Ti so na voljo tudi v razli\u010dici z varnostnim steklom in mo\u017enostjo zaklepanja, za\u0161\u010diteni pred otroki.<\/p>\n<p>\u00a0<\/p>\n\n\t\t<\/div>\n\t\t\t\t\t<\/div>\n\n\t\n\n\t<div id=\"col-913555374\" class=\"col medium-6 small-12 large-6\"  >\n\t\t\t\t<div class=\"col-inner\"  >\n\t\t\t\n\t\t\t\n\n\t<div class=\"img has-hover x md-x lg-x y md-y lg-y\" id=\"image_1269089759\">\n\t\t<a class=\"image-lightbox lightbox-gallery\" title=\"\" href=\"https:\/\/i0.wp.com\/clone.antcube.shop\/wp-content\/uploads\/2021\/09\/IMG_6373-scaled.jpg?fit=800%2C600&#038;ssl=1\">\t\t\t\t\t\t<div class=\"img-inner dark\" >\n\t\t\t<img data-recalc-dims=\"1\" loading=\"lazy\" decoding=\"async\" width=\"1020\" height=\"765\" src=\"https:\/\/i0.wp.com\/clone.antcube.shop\/wp-content\/uploads\/2021\/09\/IMG_6373-scaled.jpg?resize=1020%2C765&#038;ssl=1\" class=\"attachment-original size-original\" alt=\"Po meri izdelan formikarij za listavce, ki ga je ANTSTORE izdelal za vrtec\" srcset=\"https:\/\/i0.wp.com\/clone.antcube.shop\/wp-content\/uploads\/2021\/09\/IMG_6373-scaled.jpg?w=2560&amp;ssl=1 2560w, https:\/\/i0.wp.com\/clone.antcube.shop\/wp-content\/uploads\/2021\/09\/IMG_6373-scaled.jpg?resize=510%2C383&amp;ssl=1 510w, https:\/\/i0.wp.com\/clone.antcube.shop\/wp-content\/uploads\/2021\/09\/IMG_6373-scaled.jpg?resize=533%2C400&amp;ssl=1 533w, https:\/\/i0.wp.com\/clone.antcube.shop\/wp-content\/uploads\/2021\/09\/IMG_6373-scaled.jpg?resize=1067%2C800&amp;ssl=1 1067w, https:\/\/i0.wp.com\/clone.antcube.shop\/wp-content\/uploads\/2021\/09\/IMG_6373-scaled.jpg?resize=768%2C576&amp;ssl=1 768w, https:\/\/i0.wp.com\/clone.antcube.shop\/wp-content\/uploads\/2021\/09\/IMG_6373-scaled.jpg?resize=1536%2C1152&amp;ssl=1 1536w, https:\/\/i0.wp.com\/clone.antcube.shop\/wp-content\/uploads\/2021\/09\/IMG_6373-scaled.jpg?resize=2048%2C1536&amp;ssl=1 2048w\" sizes=\"auto, (max-width: 1020px) 100vw, 1020px\" \/>\t\t\t\t\t\t\n\t\t\t\t\t<\/div>\n\t\t\t\t\t\t<\/a>\t\t\n<style>\n#image_1269089759 {\n  width: 100%;\n}\n<\/style>\n\t<\/div>\n\t\n\n<p>Izdelava formikarija za listne u\u0161i za vrtec po meri<\/p>\n\n\t\t<\/div>\n\t\t\t\t\t<\/div>\n\n\t\n\n<\/div>\n<div class=\"row\"  id=\"row-1804253969\">\n\n\n\t<div id=\"col-1003527265\" class=\"col small-12 large-12\"  >\n\t\t\t\t<div class=\"col-inner\"  >\n\t\t\t\n\t\t\t\n\n\t<div id=\"text-838499911\" class=\"text\">\n\t\t\n\n<h3>Nekateri na\u0161i projekti za \u0161ole in vrtce<\/h3>\n\t\t\n<style>\n#text-838499911 {\n  font-size: 1.85rem;\n  text-align: center;\n}\n<\/style>\n\t<\/div>\n\t\n<div class=\"slider-wrapper relative\" id=\"slider-1627184187\" >\n    <div class=\"slider slider-nav-circle slider-nav-large slider-nav-light slider-style-normal\"\n        data-flickity-options='{            \"cellAlign\": \"center\",            \"imagesLoaded\": true,            \"lazyLoad\": 1,            \"freeScroll\": false,            \"wrapAround\": true,            \"autoPlay\": false,            \"pauseAutoPlayOnHover\" : true,            \"prevNextButtons\": true,            \"contain\" : true,            \"adaptiveHeight\" : true,            \"dragThreshold\" : 10,            \"percentPosition\": true,            \"pageDots\": true,            \"rightToLeft\": false,            \"draggable\": true,            \"selectedAttraction\": 0.1,            \"parallax\" : 0,            \"friction\": 0.6        }'\n        >\n        \n\n\n  <div class=\"banner has-hover\" id=\"banner-1598466571\">\n          <div class=\"banner-inner fill\">\n        <div class=\"banner-bg fill\" >\n                        \t<div class=\"video-overlay no-click fill\"><\/div>\n\t<div id=\"ytplayer-46\" class=\"ux-youtube fill object-fit visible\" data-videoid=\"lBi4yheYoEI\" data-loop=\"1\" data-audio=\"0\"><\/div>\n                        \n                    <\/div>\n\t\t\n        <div class=\"banner-layers container\">\n            <a class=\"fill\" href=\"https:\/\/www.youtube.com\/watch?v=lBi4yheYoEI\" target=\"_blank\" rel=\"noopener\"><div class=\"fill banner-link\"><\/div><\/a>            \n\n   <div id=\"text-box-1164835018\" class=\"text-box banner-layer x50 md-x50 lg-x50 y50 md-y50 lg-y50 res-text\">\n                                <div class=\"text-box-content text dark\">\n              \n              <div class=\"text-inner text-center\">\n                  \n\n\n              <\/div>\n           <\/div>\n                            \n<style>\n#text-box-1164835018 {\n  width: 60%;\n}\n#text-box-1164835018 .text-box-content {\n  font-size: 100%;\n}\n<\/style>\n    <\/div>\n \n\n        <\/div>\n      <\/div>\n\n            \n<style>\n#banner-1598466571 {\n  padding-top: 50%;\n}\n<\/style>\n  <\/div>\n\n\n\n  <div class=\"banner has-hover\" id=\"banner-1823481516\">\n          <div class=\"banner-inner fill\">\n        <div class=\"banner-bg fill\" >\n                        \t<div class=\"video-overlay no-click fill\"><\/div>\n\t<div id=\"ytplayer-683\" class=\"ux-youtube fill object-fit visible\" data-videoid=\"XclvRncC6jg\" data-loop=\"1\" data-audio=\"0\"><\/div>\n                        \n                    <\/div>\n\t\t\n        <div class=\"banner-layers container\">\n            <a class=\"fill\" href=\"https:\/\/www.youtube.com\/watch?v=XclvRncC6jg\" target=\"_blank\" rel=\"noopener\"><div class=\"fill banner-link\"><\/div><\/a>            \n\n   <div id=\"text-box-1975387966\" class=\"text-box banner-layer x50 md-x50 lg-x50 y50 md-y50 lg-y50 res-text\">\n                                <div class=\"text-box-content text dark\">\n              \n              <div class=\"text-inner text-center\">\n                  \n\n\n              <\/div>\n           <\/div>\n                            \n<style>\n#text-box-1975387966 {\n  width: 60%;\n}\n#text-box-1975387966 .text-box-content {\n  font-size: 100%;\n}\n<\/style>\n    <\/div>\n \n\n        <\/div>\n      <\/div>\n\n            \n<style>\n#banner-1823481516 {\n  padding-top: 50%;\n}\n<\/style>\n  <\/div>\n\n\n\n  <div class=\"banner has-hover\" id=\"banner-1177104302\">\n          <div class=\"banner-inner fill\">\n        <div class=\"banner-bg fill\" >\n                        \t<div class=\"video-overlay no-click fill\"><\/div>\n\t<div id=\"ytplayer-439\" class=\"ux-youtube fill object-fit visible\" data-videoid=\"jxMCXa8b8GQ\" data-loop=\"1\" data-audio=\"0\"><\/div>\n                        \n                    <\/div>\n\t\t\n        <div class=\"banner-layers container\">\n            <a class=\"fill\" href=\"https:\/\/www.youtube.com\/watch?v=jxMCXa8b8GQ\" target=\"_blank\" rel=\"noopener\"><div class=\"fill banner-link\"><\/div><\/a>            \n\n   <div id=\"text-box-17141233\" class=\"text-box banner-layer x50 md-x50 lg-x50 y50 md-y50 lg-y50 res-text\">\n                                <div class=\"text-box-content text dark\">\n              \n              <div class=\"text-inner text-center\">\n                  \n\n\n              <\/div>\n           <\/div>\n                            \n<style>\n#text-box-17141233 {\n  width: 60%;\n}\n#text-box-17141233 .text-box-content {\n  font-size: 100%;\n}\n<\/style>\n    <\/div>\n \n\n        <\/div>\n      <\/div>\n\n            \n<style>\n#banner-1177104302 {\n  padding-top: 50%;\n}\n<\/style>\n  <\/div>\n\n\n\n     <\/div>\n\n     <div class=\"loading-spin dark large centered\"><\/div>\n\n\t<\/div>\n\n\n\n\t\t<\/div>\n\t\t\t\t\t<\/div>\n\n\t\n\n<\/div>","protected":false},"excerpt":{"rendered":"","protected":false},"author":1,"featured_media":0,"parent":0,"menu_order":0,"comment_status":"closed","ping_status":"closed","template":"","meta":{"_acf_changed":false,"content-type":"","_monsterinsights_skip_tracking":false,"_monsterinsights_sitenote_active":false,"_monsterinsights_sitenote_note":"","_monsterinsights_sitenote_category":0,"footnotes":""},"class_list":["post-906","page","type-page","status-publish","hentry"],"acf":[],"aioseo_notices":[],"jetpack_sharing_enabled":true,"_links":{"self":[{"href":"https:\/\/clone.antcube.shop\/sl\/wp-json\/wp\/v2\/pages\/906","targetHints":{"allow":["GET"]}}],"collection":[{"href":"https:\/\/clone.antcube.shop\/sl\/wp-json\/wp\/v2\/pages"}],"about":[{"href":"https:\/\/clone.antcube.shop\/sl\/wp-json\/wp\/v2\/types\/page"}],"author":[{"embeddable":true,"href":"https:\/\/clone.antcube.shop\/sl\/wp-json\/wp\/v2\/users\/1"}],"replies":[{"embeddable":true,"href":"https:\/\/clone.antcube.shop\/sl\/wp-json\/wp\/v2\/comments?post=906"}],"version-history":[{"count":10,"href":"https:\/\/clone.antcube.shop\/sl\/wp-json\/wp\/v2\/pages\/906\/revisions"}],"predecessor-version":[{"id":9150,"href":"https:\/\/clone.antcube.shop\/sl\/wp-json\/wp\/v2\/pages\/906\/revisions\/9150"}],"wp:attachment":[{"href":"https:\/\/clone.antcube.shop\/sl\/wp-json\/wp\/v2\/media?parent=906"}],"curies":[{"name":"wp","href":"https:\/\/api.w.org\/{rel}","templated":true}]}}