{"id":6737,"date":"2023-12-12T15:03:25","date_gmt":"2023-12-12T14:03:25","guid":{"rendered":"https:\/\/antcube.shop\/product\/antcube-starter-set-fur-weberameisen-gros\/"},"modified":"2026-01-12T12:38:07","modified_gmt":"2026-01-12T11:38:07","slug":"zacetni-set-za-tkalske-mravlje-velik","status":"publish","type":"product","link":"https:\/\/clone.antcube.shop\/sl\/izdelek\/zacetni-set-za-tkalske-mravlje-velik\/","title":{"rendered":"ANTCUBE - Za\u010detni set za tkalske mravlje - velik"},"content":{"rendered":"<p><span data-text-color=\"alert\"><strong>Dostava je mogo\u010da le prek posredovanja na paleti.<\/strong><\/span><\/p>\n<p><strong>Vsebina:<\/strong><br \/>\n1x Medena me\u0161anica (HT) - polnilo 10ml<br \/>\n1x celi blan\u0161irani \u010dri\u010dki<\/p>\n<p>1x ANTCUBE Arena 30x30x60 z drsnimi vrati<br \/>\n1x okvir za mravlji\u0161\u010de 30\u00d730 - 5 cm<br \/>\n1x pokrov za mravlji\u0161\u010de 30\u00d730<br \/>\n1x pritrdilna to\u010dka za pokrov arene (4 kosi)<\/p>\n<p>1x okvir za drsna vrata<br \/>\nRazpr\u0161ilna steklenica z razpr\u0161ilnikom 0,5 litra - medeninasta \u0161oba<br \/>\n1x Foto hrbtna stena - de\u017eevni gozd - 30\u00d760 - visoka<br \/>\n1x podstavek za formikarij 30\u00d730 cm<\/p>\n<p>1x substrat rainforest 1 kg<br \/>\n2x Formicarium \u010dep za 50 mm luknjo<br \/>\n3x mre\u017eni vlo\u017eek - 50 mm - nerjave\u010de jeklo<br \/>\nMini digitalni termometer - bela barva - samolepilni<br \/>\n1x pinceta iz vzmetnega jekla \u0161iroka - mehka<br \/>\n1x standardna plasti\u010dna pinceta<br \/>\n1x olje za za\u0161\u010dito pred izbruhom mravelj<br \/>\n1x pitnik prozoren 20ml - gobica<br \/>\n1x pitnik 2ml - 360 stopinj<br \/>\n1x skleda brezbarvna 1\u00d720 - gobica<br \/>\n1x ro\u010dna lupa - 2x - 30 mm<br \/>\n1x penasti brisalec 150x18x2,5 mm<\/p>\n<p><strong>Opis:<\/strong><br \/>\nTa raz\u0161irljivi za\u010detni set, posebej za razli\u010dne vrste tkalskih mravelj, kot sta Polyrhachis spec. ali Oecophylla spec., vklju\u010duje ne le optimalno prilagojen formikarij, temve\u010d tudi ustrezne pripomo\u010dke za gojenje teh vrst mravelj.<\/p>\n<p>Drsna vrata spredaj (odprtina 150x200 mm) olaj\u0161ajo delo v formikariju, tudi pri velikih kolonijah ali zasaditvi formikarija z gostiteljsko rastlino, na primer Oecophylla smaragdina. Dodatne formikarije lahko priklju\u010dite z dvema 50-milimetrskima odprtinama na strani. Mre\u017eni vlo\u017eki iz nerjavnega jekla zagotavljajo dobro prezra\u010devanje in so odporni proti mehanskim udarcem. Termo- in higrometer v sistemu je popolnoma varen za otroke in hi\u0161ne ljubljen\u010dke ter omogo\u010da enostaven nadzor klimatskih vrednosti. Po potrebi lahko vla\u017enost zraka pove\u010date z razpr\u0161ilno stekleni\u010dko. Napajalnik prozoren 20 ml - goba je namenjen dovajanju sve\u017ee vode, napajalnik 2 ml - 360 stopinj za med ali sladkorno raztopino.<\/p>\n<p><strong>Pomembno:<\/strong> Pred uporabo substrat navla\u017eite, da se me\u0161anica lahko zdru\u017ei in trdno oprime v mravlji\u0161\u010du. Poleg tega lahko presuh in pra\u0161en substrat povzro\u010di zama\u0161itev dihalnih poti mravelj in v najslab\u0161em primeru se \u017eivali zadu\u0161ijo.<\/p>\n<p><strong>Pomembno opozorilo o okvirju drsnih vrat:<\/strong><br \/>\nOkvir lahko preprosto pritrdite na vijake, pritrjene na vodila drsnih vrat. To storite tako, da previdno sprostite <strong>samo<\/strong> matice v notranjosti. Potreben je majhen kri\u017eni izvija\u010d (Phillipsov izvija\u010d). Sestavite okvir in ga obesite v notranjost na vijake. Nato previdno ponovno pritrdite matice in <strong>v nobenem primeru ne obra\u010dajte premo\u010dno,<\/strong> sicer se lahko steklo po\u0161koduje.<\/p>\n<p><strong>Opombe o proizvodnji<\/strong><br \/>\nSteklo je bru\u0161eno v skladu z DIN 1249 s toleranco +\/- 1 mm. Za izjemno majhne vrste mravelj je potrebna dodatna za\u0161\u010dita pred razbitjem.<\/p>\n<p><strong>Opomba o medeni rosnici:<\/strong><br \/>\nVsebina: Vsebnost: 10 ml<br \/>\nTo je naravni proizvod, ki smo ga po obse\u017enih testiranjih v na\u0161em laboratoriju izpopolnili in razvili v hrano, ki jo mravlje zelo dobro sprejemajo. Razlog za to je, da nepredelanega medu v njegovi koncentrirani prvotni obliki mravlje in njihova presnova ne sprejemajo dobro.<br \/>\nNa\u0161a medi\u010dina je bila nabrana v neonesna\u017eenih divjih gorskih gozdovih Bolgarije. Medena rosa nastane le v zelo omejenem obdobju, pribli\u017eno dva meseca poleti. Zato je zelo redek. Zaradi posebnih zna\u010dilnosti tal v gozdovih in podnebja so se v listih dreves shranila eksisten\u010dno pomembna hranila, ki jih absorbirajo afide. Zato je ta me\u0161anica medi\u010dine tako za\u017eelena za mravlje.<\/p>\n<p><strong>Uporaba:<\/strong><br \/>\nKoli\u010dino hrane je treba zau\u017eiti v pribli\u017eno 3 dneh.<\/p>\n<p><strong>Opis:<\/strong><br \/>\nMedena rosa je v nasprotju s cvetli\u010dnim medom izlo\u010dek \u017eu\u017eelk, ki sesajo rastline, na primer m\u0161ic. Medena rosa je priljubljen vir hrane \u0161tevilnih \u017eu\u017eelk, kot so mravlje, \u010debele in celo \u010dmrlji. \u010cebele in \u010dmrlji jo li\u017eejo z listov ali iglic razli\u010dnih dreves. Mravlje, kot je Lasius niger, redno hranijo afide. Branijo jih celo pred plenilci in jih prena\u0161ajo na sve\u017ee poganjke.<\/p>\n<p>Medena rosa je med mravljami priljubljena predvsem zaradi nekoliko druga\u010dnih sestavin. Glavna sladkorja v medici sta saharoza in fruktoza, v manj\u0161ih koli\u010dinah pa so prisotni tudi maltoza, trehaloza, melezitoza, rafinoza in drugi oligosaharidi. Poleg sladkorjev in vode vsebuje medena rosa tudi eksisten\u010dno pomembne aminokisline, minerale, elemente v sledovih, adenozin fosfate in druge sestavine, kot so vitamini.<\/p>\n<p><strong>Uporaba:<\/strong><br \/>\nZa vrste medojedih mravelj (Meliphagidae).<br \/>\nJe dopolnilna krma<br \/>\n\u017divalim ga lahko ponudite v dostavljenem stanju. Ker vlaga zmanj\u0161a koncentracijo sladkorja in spro\u017ei proces fermentacije, je treba hrano zamenjati vsake tri dni. Pred ponovno uporabo temeljito o\u010distite posodo za hranjenje\/teko\u010dino.<br \/>\nOdprto embala\u017eo je treba uporabljati tesno zaprto do navedenega datuma (datum uporabnosti).<\/p>\n<p><strong>Hranilne vrednosti na 100 g:<\/strong><br \/>\npribli\u017eno 2,7 % ma\u0161\u010dobe<br \/>\nod tega nasi\u010dene ca. 0,45 %<br \/>\npribli\u017eno 95 % ogljikovih hidratov<br \/>\niz tega sladkorja ca. 71%<br \/>\npribli\u017eno 2,85% beljakovin<br \/>\nMinerali (kalij, kalcij, baker, \u017eelezo, natrij, magnezij, fosfor, cink in drugi elementi v sledovih) Aminokisline (prolin, levcin, fenilalanin, alanin, histidin, izolevcin, glutaminska kislina, arginin, asparaginska kislina itd.) Organske kisline Encimi (fermenti) Arome Inhibini (antibakterijske snovi) Cvetovi Cvetni prah<\/p>\n<p><strong>Shranjevanje:<\/strong><br \/>\nDa bi zagotovili kakovost krme, jo je treba hraniti v temnem in suhem prostoru.<\/p>\n<p><strong>Obvestilo:<\/strong><br \/>\nDopolnilna krma za mravlje, ki se prehranjujejo z medom.<br \/>\nSestavo, analiti\u010dne sestavine, datum uporabnosti in \u0161tevilko serije najdete v navodilih za uporabo.<\/p>\n<p>Informacijska telefonska \u0161tevilka +49 30 439703870<\/p>\n<p><strong>Pristojni veterinarski in \u017eivilski nadzorni organ:<\/strong><br \/>\nVeterinarski urad Steglitz<br \/>\nK\u00f6nigin-Luise-Str. 92<br \/>\n14195 Berlin<\/p>\n<p><strong>Opomba o blan\u0161iranih cvr\u010dkih:<\/strong><br \/>\nNa\u0161i blan\u0161irani \u010dri\u010dki so enostaven na\u010din, kako mravljam zagotoviti sve\u017ee konzervirano beljakovinsko hrano, ne da bi jim bilo treba hraniti \u017eive \u017eu\u017eelke. Prilo\u017eeni cvr\u010dki (Acheta domesticus) so bili ne\u017eno blan\u0161irani, da se ohranijo hranilna vrednost, okus in aroma. Poleg tega se na ta na\u010din zmeh\u010da tudi hitinska lupina \u017eu\u017eelk, tako da se la\u017eje prebavi. Spojine kolagenskih beljakovin se razgradijo, tako da jih mravlje lahko bolje izkoristijo. Konzerve Acheta domesticus imajo enako hranilno vrednost kot \u017eivi \u010dri\u010dki, vendar so la\u017eje prebavljive.<\/p>\n<p>Blan\u0161irani cvr\u010dki niso primerni za lov na vrste mravelj, ki potrebujejo \u017eivo hrano (npr. ponirki (prvobitne mravlje), kot sta Harpegnathos ali Odontomachus).<\/p>\n<p><strong>Druge prednosti:<\/strong><br \/>\nZagotovljeno brez pr\u0161ic<br \/>\nPorcijsko<br \/>\nSterilizirano in vakuumirano<br \/>\nBrez dodatkov<br \/>\nCvr\u010dki iz trajnostne ekolo\u0161ke vzreje, hranjeni z organskimi odpadki<\/p>\n<p><strong>Obvestilo:<\/strong><br \/>\nPo odprtju se v hladilniku ohrani pribli\u017eno \u0161tiri dni. \u010ce ga zamrznete, je rok trajanja dalj\u0161i.<\/p>","protected":false},"excerpt":{"rendered":"<p>Komplet sestavlja 25 kosov.<br \/>\nVelikost: XL<\/p>","protected":false},"featured_media":6710,"comment_status":"open","ping_status":"closed","template":"","meta":{"_acf_changed":false,"content-type":"","_monsterinsights_skip_tracking":false,"_monsterinsights_sitenote_active":false,"_monsterinsights_sitenote_note":"","_monsterinsights_sitenote_category":0},"product_brand":[],"product_cat":[354,73],"product_tag":[],"class_list":{"0":"post-6737","1":"product","2":"type-product","3":"status-publish","4":"has-post-thumbnail","6":"product_cat-starter-sets-for-weaver-ants","7":"product_cat-starter-sets","8":"product_shipping_class-forwarding-on-pallet","10":"first","11":"instock","12":"taxable","13":"shipping-taxable","14":"purchasable","15":"product-type-simple"},"acf":[],"aioseo_notices":[],"jetpack_sharing_enabled":true,"_links":{"self":[{"href":"https:\/\/clone.antcube.shop\/sl\/wp-json\/wp\/v2\/product\/6737","targetHints":{"allow":["GET"]}}],"collection":[{"href":"https:\/\/clone.antcube.shop\/sl\/wp-json\/wp\/v2\/product"}],"about":[{"href":"https:\/\/clone.antcube.shop\/sl\/wp-json\/wp\/v2\/types\/product"}],"replies":[{"embeddable":true,"href":"https:\/\/clone.antcube.shop\/sl\/wp-json\/wp\/v2\/comments?post=6737"}],"wp:featuredmedia":[{"embeddable":true,"href":"https:\/\/clone.antcube.shop\/sl\/wp-json\/wp\/v2\/media\/6710"}],"wp:attachment":[{"href":"https:\/\/clone.antcube.shop\/sl\/wp-json\/wp\/v2\/media?parent=6737"}],"wp:term":[{"taxonomy":"product_brand","embeddable":true,"href":"https:\/\/clone.antcube.shop\/sl\/wp-json\/wp\/v2\/product_brand?post=6737"},{"taxonomy":"product_cat","embeddable":true,"href":"https:\/\/clone.antcube.shop\/sl\/wp-json\/wp\/v2\/product_cat?post=6737"},{"taxonomy":"product_tag","embeddable":true,"href":"https:\/\/clone.antcube.shop\/sl\/wp-json\/wp\/v2\/product_tag?post=6737"}],"curies":[{"name":"wp","href":"https:\/\/api.w.org\/{rel}","templated":true}]}}