{"id":10604,"date":"2024-11-29T12:07:49","date_gmt":"2024-11-29T11:07:49","guid":{"rendered":"https:\/\/antcube.shop\/?page_id=10604"},"modified":"2025-10-16T12:04:26","modified_gmt":"2025-10-16T10:04:26","slug":"betalningsmetoder-och-villkor","status":"publish","type":"page","link":"https:\/\/clone.antcube.shop\/sv\/betalningsmetoder-och-villkor\/","title":{"rendered":"Betalningsmetoder och villkor"},"content":{"rendered":"<div id=\"gap-737452205\" class=\"gap-element clearfix\" style=\"display:block; height:auto;\">\n\t\t\n<style>\n#gap-737452205 {\n  padding-top: 190px;\n}\n<\/style>\n\t<\/div>\n\t\n\n<div class=\"row\"  id=\"row-500044622\">\n\n\n\t<div id=\"col-1718137379\" class=\"col small-12 large-12\"  >\n\t\t\t\t<div class=\"col-inner\"  >\n\t\t\t\n\t\t\t\n\n<h1><b>Betalningsalternativ och villkor i v\u00e5r butik<\/b><\/h1>\n<div class=\"row\"  id=\"row-1001554577\">\n\n\n\t<div id=\"col-358298198\" class=\"col medium-4 small-6 large-4\"  >\n\t\t\t\t<div class=\"col-inner\"  >\n\t\t\t\n\t\t\t\n\n\t<div class=\"img has-hover x md-x lg-x y md-y lg-y\" id=\"image_2138211767\">\n\t\t\t\t\t\t\t\t<div class=\"img-inner dark\" >\n\t\t\t<img data-recalc-dims=\"1\" loading=\"lazy\" decoding=\"async\" width=\"620\" height=\"200\" src=\"https:\/\/i0.wp.com\/clone.antcube.shop\/wp-content\/uploads\/2024\/11\/paypal.jpg?resize=620%2C200&#038;ssl=1\" class=\"attachment-original size-original\" alt=\"\" srcset=\"https:\/\/i0.wp.com\/clone.antcube.shop\/wp-content\/uploads\/2024\/11\/paypal.jpg?w=620&amp;ssl=1 620w, https:\/\/i0.wp.com\/clone.antcube.shop\/wp-content\/uploads\/2024\/11\/paypal.jpg?resize=18%2C6&amp;ssl=1 18w, https:\/\/i0.wp.com\/clone.antcube.shop\/wp-content\/uploads\/2024\/11\/paypal.jpg?resize=247%2C80&amp;ssl=1 247w, https:\/\/i0.wp.com\/clone.antcube.shop\/wp-content\/uploads\/2024\/11\/paypal.jpg?resize=510%2C165&amp;ssl=1 510w\" sizes=\"auto, (max-width: 620px) 100vw, 620px\" \/>\t\t\t\t\t\t\n\t\t\t\t\t<\/div>\n\t\t\t\t\t\t\t\t\n<style>\n#image_2138211767 {\n  width: 100%;\n}\n<\/style>\n\t<\/div>\n\t\n\n\n\t\t<\/div>\n\t\t\t\t\t<\/div>\n\n\t\n\n\t<div id=\"col-1202506167\" class=\"col medium-4 small-6 large-4\"  >\n\t\t\t\t<div class=\"col-inner\"  >\n\t\t\t\n\t\t\t\n\n\t<div class=\"img has-hover x md-x lg-x y md-y lg-y\" id=\"image_261934226\">\n\t\t\t\t\t\t\t\t<div class=\"img-inner dark\" >\n\t\t\t<img data-recalc-dims=\"1\" loading=\"lazy\" decoding=\"async\" width=\"620\" height=\"200\" src=\"https:\/\/i0.wp.com\/clone.antcube.shop\/wp-content\/uploads\/2024\/11\/visa-master.jpg?resize=620%2C200&#038;ssl=1\" class=\"attachment-original size-original\" alt=\"\" srcset=\"https:\/\/i0.wp.com\/clone.antcube.shop\/wp-content\/uploads\/2024\/11\/visa-master.jpg?w=620&amp;ssl=1 620w, https:\/\/i0.wp.com\/clone.antcube.shop\/wp-content\/uploads\/2024\/11\/visa-master.jpg?resize=18%2C6&amp;ssl=1 18w, https:\/\/i0.wp.com\/clone.antcube.shop\/wp-content\/uploads\/2024\/11\/visa-master.jpg?resize=247%2C80&amp;ssl=1 247w, https:\/\/i0.wp.com\/clone.antcube.shop\/wp-content\/uploads\/2024\/11\/visa-master.jpg?resize=510%2C165&amp;ssl=1 510w\" sizes=\"auto, (max-width: 620px) 100vw, 620px\" \/>\t\t\t\t\t\t\n\t\t\t\t\t<\/div>\n\t\t\t\t\t\t\t\t\n<style>\n#image_261934226 {\n  width: 100%;\n}\n<\/style>\n\t<\/div>\n\t\n\n\n\t\t<\/div>\n\t\t\t\t\t<\/div>\n\n\t\n\n\t<div id=\"col-2068457344\" class=\"col medium-4 small-6 large-4\"  >\n\t\t\t\t<div class=\"col-inner\"  >\n\t\t\t\n\t\t\t\n\n\t<div class=\"img has-hover x md-x lg-x y md-y lg-y\" id=\"image_1502184990\">\n\t\t\t\t\t\t\t\t<div class=\"img-inner dark\" >\n\t\t\t<img data-recalc-dims=\"1\" loading=\"lazy\" decoding=\"async\" width=\"620\" height=\"200\" src=\"https:\/\/i0.wp.com\/clone.antcube.shop\/wp-content\/uploads\/2024\/11\/vorkasse.jpg?resize=620%2C200&#038;ssl=1\" class=\"attachment-original size-original\" alt=\"\" srcset=\"https:\/\/i0.wp.com\/clone.antcube.shop\/wp-content\/uploads\/2024\/11\/vorkasse.jpg?w=620&amp;ssl=1 620w, https:\/\/i0.wp.com\/clone.antcube.shop\/wp-content\/uploads\/2024\/11\/vorkasse.jpg?resize=18%2C6&amp;ssl=1 18w, https:\/\/i0.wp.com\/clone.antcube.shop\/wp-content\/uploads\/2024\/11\/vorkasse.jpg?resize=247%2C80&amp;ssl=1 247w, https:\/\/i0.wp.com\/clone.antcube.shop\/wp-content\/uploads\/2024\/11\/vorkasse.jpg?resize=510%2C165&amp;ssl=1 510w\" sizes=\"auto, (max-width: 620px) 100vw, 620px\" \/>\t\t\t\t\t\t\n\t\t\t\t\t<\/div>\n\t\t\t\t\t\t\t\t\n<style>\n#image_1502184990 {\n  width: 100%;\n}\n<\/style>\n\t<\/div>\n\t\n\n\n\t\t<\/div>\n\t\t\t\t\t<\/div>\n\n\t\n\n<\/div>\n<ol>\n<li><b>betalningsmedel<\/b><\/li>\n<\/ol>\n<p><span style=\"font-weight: 400;\">Vi erbjuder f\u00f6ljande betalningsalternativ i v\u00e5r <\/span><b>webbutik<\/b><span style=\"font-weight: 400;\">:<\/span><\/p>\n<ul>\n<li style=\"font-weight: 400;\" aria-level=\"1\"><b>F\u00f6rskottsbetalning <\/b><span style=\"font-weight: 400;\">(betalning via bank\u00f6verf\u00f6ring)<\/span><\/li>\n<li style=\"font-weight: 400;\" aria-level=\"1\"><b>PayPal<\/b>\n<ul>\n<li style=\"font-weight: 400;\" aria-level=\"2\"><span style=\"font-weight: 400;\">Valfritt: kreditkort (Visa eller Mastercard) och autogiro (en PayPal+-tj\u00e4nst)<\/span><\/li>\n<\/ul>\n<\/li>\n<\/ul>\n<p><span style=\"font-weight: 400;\">Information om dataskydd och villkor finns i v\u00e5r <\/span><a href=\"https:\/\/clone.antcube.shop\/en\/privacy-policy\/\"><b>Integritetspolicy <\/b><\/a><span style=\"font-weight: 400;\">eller v\u00e5r <\/span><a href=\"https:\/\/clone.antcube.shop\/en\/terms-and-conditions\/\"><b>Villkor och best\u00e4mmelser<\/b><\/a><\/p>\n<p>\u00a0<\/p>\n<div class=\"row\"  id=\"row-315826022\">\n\n\n\t<div id=\"col-1685206216\" class=\"col medium-6 small-12 large-6\"  >\n\t\t\t\t<div class=\"col-inner\"  >\n\t\t\t\n\t\t\t\n\n<p><span style=\"font-weight: 400;\">Vi erbjuder f\u00f6ljande betalningsalternativ i v\u00e5r <\/span><b>butik:<\/b><\/p>\n<ul>\n<li style=\"font-weight: 400;\" aria-level=\"1\"><b>Kortbetalning med PayPal via Zettle <\/b><span style=\"font-weight: 400;\">(endast i butiken)<\/span>\n<ul>\n<li style=\"font-weight: 400;\" aria-level=\"2\"><span style=\"font-weight: 400;\">Kreditkort (Visa eller Mastercard) eller betalkort<\/span><\/li>\n<\/ul>\n<\/li>\n<li aria-level=\"2\"><b>Kontant betalning<\/b><\/li>\n<\/ul>\n\n\t\t<\/div>\n\t\t\t\t\t<\/div>\n\n\t\n\n\t<div id=\"col-267087006\" class=\"col medium-6 small-12 large-6\"  >\n\t\t\t\t<div class=\"col-inner\"  >\n\t\t\t\n\t\t\t\n\n\t<div class=\"img has-hover x md-x lg-x y md-y lg-y\" id=\"image_633670845\">\n\t\t\t\t\t\t\t\t<div class=\"img-inner dark\" >\n\t\t\t<img data-recalc-dims=\"1\" loading=\"lazy\" decoding=\"async\" width=\"946\" height=\"831\" src=\"https:\/\/i0.wp.com\/clone.antcube.shop\/wp-content\/uploads\/2024\/11\/payment-option-local.jpg?resize=946%2C831&#038;ssl=1\" class=\"attachment-original size-original\" alt=\"\" srcset=\"https:\/\/i0.wp.com\/clone.antcube.shop\/wp-content\/uploads\/2024\/11\/payment-option-local.jpg?w=946&amp;ssl=1 946w, https:\/\/i0.wp.com\/clone.antcube.shop\/wp-content\/uploads\/2024\/11\/payment-option-local.jpg?resize=455%2C400&amp;ssl=1 455w, https:\/\/i0.wp.com\/clone.antcube.shop\/wp-content\/uploads\/2024\/11\/payment-option-local.jpg?resize=683%2C600&amp;ssl=1 683w, https:\/\/i0.wp.com\/clone.antcube.shop\/wp-content\/uploads\/2024\/11\/payment-option-local.jpg?resize=768%2C675&amp;ssl=1 768w, https:\/\/i0.wp.com\/clone.antcube.shop\/wp-content\/uploads\/2024\/11\/payment-option-local.jpg?resize=14%2C12&amp;ssl=1 14w, https:\/\/i0.wp.com\/clone.antcube.shop\/wp-content\/uploads\/2024\/11\/payment-option-local.jpg?resize=247%2C217&amp;ssl=1 247w, https:\/\/i0.wp.com\/clone.antcube.shop\/wp-content\/uploads\/2024\/11\/payment-option-local.jpg?resize=510%2C448&amp;ssl=1 510w\" sizes=\"auto, (max-width: 946px) 100vw, 946px\" \/>\t\t\t\t\t\t\n\t\t\t\t\t<\/div>\n\t\t\t\t\t\t\t\t\n<style>\n#image_633670845 {\n  width: 44%;\n}\n<\/style>\n\t<\/div>\n\t\n\n\n\t\t<\/div>\n\t\t\t\t\t<\/div>\n\n\t\n\n<\/div>\n<ol start=\"2\">\n<li><b> avgifter <\/b><b><br \/><\/b><span style=\"font-weight: 400;\">Inom EU tillkommer inga ytterligare betalningsavgifter f\u00f6r de betalningsmetoder som erbjuds.<\/span><\/li>\n<li><b> valuta<\/b><\/li>\n<\/ol>\n<ul>\n<li style=\"font-weight: 400;\" aria-level=\"1\"><span style=\"font-weight: 400;\">Best\u00e4llningar och betalningar kan endast genomf\u00f6ras i euro (standardvaluta).<\/span><\/li>\n<li style=\"font-weight: 400;\" aria-level=\"1\"><span style=\"font-weight: 400;\">Andra valutor som visas \u00e4r endast f\u00f6r allm\u00e4n v\u00e4gledning. Vi garanterar inte att uppgifterna om valutakurser \u00e4r uppdaterade.<\/span><\/li>\n<\/ul>\n<ol start=\"4\">\n<li><b> priser och skatter<\/b><\/li>\n<\/ol>\n<ul>\n<li style=\"font-weight: 400;\" aria-level=\"1\"><b>Tyskland<\/b><span style=\"font-weight: 400;\">:\u00a0<\/span>\n<ul>\n<li style=\"font-weight: 400;\" aria-level=\"2\"><span style=\"font-weight: 400;\">Alla priser inkluderar till\u00e4mplig merv\u00e4rdesskatt (moms).<\/span><\/li>\n<li style=\"font-weight: 400;\" aria-level=\"2\"><span style=\"font-weight: 400;\">Kommersiella kunder med giltigt moms-ID: Priserna \u00e4r ber\u00e4knade netto (momsfritt).<\/span>\n<ul>\n<li style=\"font-weight: 400;\" aria-level=\"3\"><span style=\"font-weight: 400;\">V\u00e4nligen skicka ett e-postmeddelande till v\u00e5rt s\u00e4ljteam <\/span><span style=\"font-weight: 400;\">(<\/span><span style=\"font-weight: 400;\">verkauf@antstore.de) eller ring +49 30 4397038 70<\/span><\/li>\n<\/ul>\n<\/li>\n<\/ul>\n<\/li>\n<li style=\"font-weight: 400;\" aria-level=\"1\"><b>Europeiska unionen (utom Tyskland)<\/b><span style=\"font-weight: 400;\">:<\/span>\n<ul>\n<li style=\"font-weight: 400;\" aria-level=\"2\"><span style=\"font-weight: 400;\">Privatkunder: Alla priser inkluderar till\u00e4mplig merv\u00e4rdesskatt (moms).<\/span><\/li>\n<li style=\"font-weight: 400;\" aria-level=\"2\"><span style=\"font-weight: 400;\">Kommersiella kunder med giltigt moms-ID: Priserna \u00e4r ber\u00e4knade netto (momsfritt).<\/span>\n<ul>\n<li style=\"font-weight: 400;\" aria-level=\"3\"><span style=\"font-weight: 400;\">V\u00e4nligen skicka ett e-postmeddelande till v\u00e5rt s\u00e4ljteam <\/span><span style=\"font-weight: 400;\">(<\/span><span style=\"font-weight: 400;\">verkauf@antstore.de) eller ring +49 30 4397038 70<\/span><\/li>\n<\/ul>\n<\/li>\n<\/ul>\n<\/li>\n<\/ul>\n<p><span style=\"font-weight: 400;\">Om du har n\u00e5gra ytterligare fr\u00e5gor om betalningsalternativ eller villkor, tveka inte att kontakta oss!<\/span><\/p>\n\n\t\t<\/div>\n\t\t\t\t\t<\/div>\n\n\t\n\n<\/div>","protected":false},"excerpt":{"rendered":"","protected":false},"author":1,"featured_media":0,"parent":0,"menu_order":0,"comment_status":"closed","ping_status":"closed","template":"","meta":{"_acf_changed":false,"content-type":"","_monsterinsights_skip_tracking":false,"_monsterinsights_sitenote_active":false,"_monsterinsights_sitenote_note":"","_monsterinsights_sitenote_category":0,"footnotes":""},"class_list":["post-10604","page","type-page","status-publish","hentry"],"acf":[],"aioseo_notices":[],"jetpack_sharing_enabled":true,"_links":{"self":[{"href":"https:\/\/clone.antcube.shop\/sv\/wp-json\/wp\/v2\/pages\/10604","targetHints":{"allow":["GET"]}}],"collection":[{"href":"https:\/\/clone.antcube.shop\/sv\/wp-json\/wp\/v2\/pages"}],"about":[{"href":"https:\/\/clone.antcube.shop\/sv\/wp-json\/wp\/v2\/types\/page"}],"author":[{"embeddable":true,"href":"https:\/\/clone.antcube.shop\/sv\/wp-json\/wp\/v2\/users\/1"}],"replies":[{"embeddable":true,"href":"https:\/\/clone.antcube.shop\/sv\/wp-json\/wp\/v2\/comments?post=10604"}],"version-history":[{"count":10,"href":"https:\/\/clone.antcube.shop\/sv\/wp-json\/wp\/v2\/pages\/10604\/revisions"}],"predecessor-version":[{"id":10715,"href":"https:\/\/clone.antcube.shop\/sv\/wp-json\/wp\/v2\/pages\/10604\/revisions\/10715"}],"wp:attachment":[{"href":"https:\/\/clone.antcube.shop\/sv\/wp-json\/wp\/v2\/media?parent=10604"}],"curies":[{"name":"wp","href":"https:\/\/api.w.org\/{rel}","templated":true}]}}