{"id":500,"date":"2021-07-21T10:22:03","date_gmt":"2021-07-21T08:22:03","guid":{"rendered":"https:\/\/antcube.shop\/?page_id=500"},"modified":"2024-12-03T12:41:56","modified_gmt":"2024-12-03T11:41:56","slug":"villkor-och-forutsattningar","status":"publish","type":"page","link":"https:\/\/clone.antcube.shop\/sv\/villkor-och-forutsattningar\/","title":{"rendered":"Villkor och best\u00e4mmelser"},"content":{"rendered":"<div id=\"gap-1234812199\" class=\"gap-element clearfix\" style=\"display:block; height:auto;\">\n\t\t\n<style>\n#gap-1234812199 {\n  padding-top: 196px;\n}\n@media (min-width:850px) {\n  #gap-1234812199 {\n    padding-top: 190px;\n  }\n}\n<\/style>\n\t<\/div>\n\t\n\n<div class=\"row\"  id=\"row-2100482909\">\n\n\n\t<div id=\"col-806353485\" class=\"col small-12 large-12\"  >\n\t\t\t\t<div class=\"col-inner\"  >\n\t\t\t\n\t\t\t\n\n<h1><b>Allm\u00e4nna villkor <\/b><\/h1>\n<p><b>f\u00f6r <\/b><a href=\"http:\/\/www.clone.antcube.shop\"><b>www.clone.antcube.shop<\/b><\/a><span style=\"font-weight: 400;\"> ANTSTORE, Martin Sebesta, Selerweg 41, 12169 Berlin, nedan kallad \"S\u00e4ljaren\".<\/span><\/p>\n<h2><b>1 \u00a7 Till\u00e4mpningsomr\u00e5de, allm\u00e4n information, definitioner<\/b><\/h2>\n<p><span style=\"font-weight: 400;\">(1) Dessa allm\u00e4nna villkor (GTC) g\u00e4ller f\u00f6r alla best\u00e4llningar av varor och tj\u00e4nster via online-butiken p\u00e5 webbplatsen <\/span><b>clone.antcube.shop<\/b><span style=\"font-weight: 400;\">, som drivs av ANTSTORE, Martin Sebesta, Selerweg 41, 12169 Berlin. E-post: Martin Sebesta <\/span><a href=\"mailto:verkauf@antstore.de\"><span style=\"font-weight: 400;\">verkauf@antstore.de<\/span><\/a><span style=\"font-weight: 400;\"> \/ law@ants.de\u00a0<\/span><\/p>\n<p><span style=\"font-weight: 400;\">(2) S\u00e4ljaren erbjuder produkter f\u00f6r myrh\u00e5llning och tillbeh\u00f6r i synnerhet via sin onlinebutik. De allm\u00e4nna villkoren g\u00e4ller f\u00f6r aff\u00e4rsrelationen mellan s\u00e4ljaren och kunden i den version som \u00e4r giltig vid tidpunkten f\u00f6r best\u00e4llningen.<\/span><\/p>\n<p><span style=\"font-weight: 400;\">(3) En konsument i den mening som avses i dessa allm\u00e4nna villkor \u00e4r en fysisk person som ing\u00e5r en r\u00e4ttshandling f\u00f6r \u00e4ndam\u00e5l som huvudsakligen faller utanf\u00f6r den egna n\u00e4rings- eller yrkesverksamheten. F\u00f6retagare \u00e4r fysiska eller juridiska personer eller partnerskap som, n\u00e4r de ing\u00e5r en juridisk transaktion, agerar inom ramen f\u00f6r sin kommersiella verksamhet eller egenf\u00f6retagande.<\/span><\/p>\n<p><span style=\"font-weight: 400;\">(4) Enskilda avtals\u00f6verenskommelser ska ha f\u00f6retr\u00e4de framf\u00f6r dessa allm\u00e4nna villkor. Avvikande villkor fr\u00e5n kundens sida ska endast erk\u00e4nnas om s\u00e4ljaren uttryckligen har godk\u00e4nt dem.<\/span><\/p>\n<h2><b>2 \u00a7 Ing\u00e5ende av avtal<\/b><\/h2>\n<p><span style=\"font-weight: 400;\">(1) Om inte annat anges p\u00e5 respektive produktsida omfattar leveransomr\u00e5det Europeiska unionen.<\/span><\/p>\n<p><span style=\"font-weight: 400;\">(2) Presentationen av varorna p\u00e5 s\u00e4ljarens webbplats utg\u00f6r ett bindande erbjudande. De best\u00e4llda varorna kan avvika n\u00e5got fr\u00e5n de varor som visas p\u00e5 Internet inom rimliga gr\u00e4nser p\u00e5 grund av de tekniska presentationsm\u00f6jligheterna, i synnerhet kan det f\u00f6rekomma f\u00e4rgavvikelser, i den m\u00e5n detta \u00e4r rimligt.<\/span><\/p>\n<p><span style=\"font-weight: 400;\">(3) Genom att kryssa i den bl\u00e5 rutan \"<\/span><span style=\"font-weight: 400;\">Med din best\u00e4llning f\u00f6rklarar du att du har l\u00e4st och f\u00f6rst\u00e5tt v\u00e5rt erbjudande<\/span><b>&#8221; <\/b><span style=\"font-weight: 400;\">och sedan <\/span><span style=\"font-weight: 400;\">genom att klicka p\u00e5 knappen \"K\u00f6p nu\" eller genom att omdirigeras till PayPal via knappen \"Betala med PayPal\" och slutf\u00f6ra betalningsprocessen d\u00e4r, l\u00e4mnar kunden ett bindande erbjudande om att k\u00f6pa varorna i kundkorgen och accepterar giltigheten av dessa allm\u00e4nna villkor.<\/span><\/p>\n<p><span style=\"font-weight: 400;\">(4) S\u00e4ljaren bekr\u00e4ftar mottagandet av best\u00e4llningen via e-post (orderbekr\u00e4ftelse). Denna orderbekr\u00e4ftelse inneb\u00e4r dock inte att erbjudandet accepteras. Avtalet ing\u00e5s f\u00f6rst n\u00e4r en orderbekr\u00e4ftelse eller en leveransbekr\u00e4ftelse skickas.<\/span><\/p>\n<p><span style=\"font-weight: 400;\">(5) S\u00e4ljaren f\u00f6rbeh\u00e5ller sig r\u00e4tten att acceptera eller avvisa best\u00e4llningar inom fem arbetsdagar. Om ordern inte accepteras kommer kunden att informeras via e-post.<\/span><\/p>\n<p><span style=\"font-weight: 400;\">(6) I h\u00e4ndelse av of\u00f6rutsedda leveransproblem eller bristande tillg\u00e4nglighet av varorna som s\u00e4ljaren inte \u00e4r ansvarig f\u00f6r, kan b\u00e5de s\u00e4ljaren och kunden dra sig ur avtalet. Kunden kommer att informeras omedelbart och gjorda betalningar kommer att \u00e5terbetalas utan dr\u00f6jsm\u00e5l.<\/span><\/p>\n<p><span style=\"font-weight: 400;\">(7) Om kunden best\u00e4ller varorna elektroniskt, sparas avtalstexten av s\u00e4ljaren och skickas till kunden tillsammans med de r\u00e4ttsligt giltiga allm\u00e4nna villkoren via e-post efter avtalets ing\u00e5ende.<\/span><\/p>\n<h2><b>3 \u00a7 Kundkonto<\/b><\/h2>\n<p><span style=\"font-weight: 400;\">(1) Ink\u00f6p via v\u00e5r webbplats \u00e4r i allm\u00e4nhet endast m\u00f6jligt efter registrering. Det kan dock vara n\u00f6dv\u00e4ndigt att skapa ett kundkonto f\u00f6r att f\u00e5 tillg\u00e5ng till vissa funktioner.<\/span><\/p>\n<p><span style=\"font-weight: 400;\">(2) Det finns ingen r\u00e4tt till ett kundkonto. Endast myndiga fysiska personer som anv\u00e4nder kontot f\u00f6r privata \u00e4ndam\u00e5l eller f\u00f6retagare och juridiska personer eller partnerskap med r\u00e4ttskapacitet som agerar i ut\u00f6vandet av sin kommersiella eller oberoende yrkesverksamhet n\u00e4r de slutf\u00f6r den r\u00e4ttsliga transaktionen f\u00e5r registrera sig. \u00c5tkomstuppgifterna m\u00e5ste behandlas konfidentiellt och f\u00e5r inte vidarebefordras till tredje part.<\/span><\/p>\n<p><span style=\"font-weight: 400;\">(3) Flera registreringar \u00e4r inte till\u00e5tna. Kunder kan n\u00e4r som helst radera sitt konto via kontohanteringen.<\/span><\/p>\n<h2><b>4 \u00a7 Kvarh\u00e5llande av \u00e4gander\u00e4tt<\/b><\/h2>\n<p><span style=\"font-weight: 400;\">(1) F\u00f6r konsumenter g\u00e4ller att s\u00e4ljaren f\u00f6rbeh\u00e5ller sig \u00e4gander\u00e4tten till varan till dess att k\u00f6peskillingen har betalats i sin helhet. F\u00f6r n\u00e4ringsidkare g\u00e4ller detta till dess att alla fordringar som h\u00e4rr\u00f6r fr\u00e5n den p\u00e5g\u00e5ende aff\u00e4rsf\u00f6rbindelsen har reglerats.<\/span><\/p>\n<p><span style=\"font-weight: 400;\">(2) Vid avtalsbrott fr\u00e5n kundens sida, i synnerhet vid betalningsf\u00f6rsummelse, felaktig information fr\u00e5n kunden om dennes kreditv\u00e4rdighet eller om en ans\u00f6kan om att inleda ett insolvensf\u00f6rfarande l\u00e4mnas in, har s\u00e4ljaren r\u00e4tt att - om n\u00f6dv\u00e4ndigt efter att ha fastst\u00e4llt en tidsfrist - fr\u00e5ntr\u00e4da avtalet och kr\u00e4va \u00e5terl\u00e4mnande av varorna, f\u00f6rutsatt att kunden \u00e4nnu inte har betalat ers\u00e4ttningen eller inte har betalat den i sin helhet.<\/span><\/p>\n<p><span style=\"font-weight: 400;\">(3) F\u00f6retagaren har r\u00e4tt att s\u00e4lja varorna vidare inom ramen f\u00f6r den normala aff\u00e4rsverksamheten. Han \u00f6verl\u00e5ter h\u00e4rmed till s\u00e4ljaren alla anspr\u00e5k p\u00e5 fakturabeloppet som tillkommer honom mot tredje man till f\u00f6ljd av vidaref\u00f6rs\u00e4ljningen. S\u00e4ljaren accepterar uppdraget. Efter \u00f6verl\u00e5telsen \u00e4r entrepren\u00f6ren beh\u00f6rig att driva in fordran. S\u00e4ljaren f\u00f6rbeh\u00e5ller sig r\u00e4tten att sj\u00e4lv driva in fordran s\u00e5 snart entrepren\u00f6ren inte fullg\u00f6r sina betalningsf\u00f6rpliktelser p\u00e5 ett korrekt s\u00e4tt och \u00e4r i dr\u00f6jsm\u00e5l med betalningen.<\/span><\/p>\n<p><span style=\"font-weight: 400;\">(4. S\u00e4ljaren f\u00f6rbinder sig att p\u00e5 beg\u00e4ran av kunden frig\u00f6ra de s\u00e4kerheter som denne har r\u00e4tt till i den m\u00e5n s\u00e4kerheternas realisationsv\u00e4rde \u00f6verstiger den fordran som skall s\u00e4kerst\u00e4llas med mer \u00e4n 10%. Valet av vilka s\u00e4kerheter som skall frisl\u00e4ppas ankommer p\u00e5 S\u00e4ljaren.<\/span><\/p>\n<h2><b>5 \u00a7 Priser och betalningsvillkor<\/b><\/h2>\n<p><span style=\"font-weight: 400;\">(1) De angivna priserna \u00e4r bruttopriser, de \u00e4r bindande och inkluderar lagstadgad moms och \u00e4r exklusive eventuella <a href=\"https:\/\/clone.antcube.shop\/en\/shipping-costs-delivery-restrictions\/\">fraktkostnader<\/a> uppkommit, inklusive moms. Det belopp som visas vid best\u00e4llningstillf\u00e4llet ska g\u00e4lla. Priset inklusive moms och fraktkostnader kommer ocks\u00e5 att visas i best\u00e4llningsformul\u00e4ret innan kunden skickar in best\u00e4llningen. Fraktkostnaderna kan ocks\u00e5 hittas i v\u00e5r <\/span><a href=\"https:\/\/clone.antcube.shop\/en\/shipping-costs-delivery-restrictions\/\"><b>\u00f6versikt \u00f6ver fraktkostnader.<\/b><\/a><\/p>\n<p><span style=\"font-weight: 400;\">(2) Kunden f\u00f6rbinder sig att betala det totala priset inom 14 dagar efter mottagandet av orderbekr\u00e4ftelsen via e-post eller fakturan. Efter utg\u00e5ngen av denna period \u00e4r kunden i dr\u00f6jsm\u00e5l med betalningen. Under dr\u00f6jsm\u00e5lstiden ska konsumenten betala dr\u00f6jsm\u00e5lsr\u00e4nta p\u00e5 skulden med 5 procentenheter \u00f6ver basr\u00e4ntan. Under dr\u00f6jsm\u00e5lsperioden ska f\u00f6retagaren betala r\u00e4nta p\u00e5 skulden med 9 procentenheter \u00f6ver basr\u00e4ntan. Vid utebliven betalning av ett betalningskrav ska f\u00f6retagaren ocks\u00e5 betala ett eng\u00e5ngsbelopp p\u00e5 40 euro. Detta g\u00e4ller \u00e4ven om f\u00f6retagaren \u00e4r i dr\u00f6jsm\u00e5l med en f\u00f6rskottsbetalning eller annan delbetalning. S\u00e4ljaren f\u00f6rbeh\u00e5ller sig r\u00e4tten att kr\u00e4va ett h\u00f6gre skadest\u00e5nd av f\u00f6retagaren f\u00f6r dr\u00f6jsm\u00e5l. Eng\u00e5ngsbeloppet enligt punkt 5 ska kvittas mot ett krav p\u00e5 skadest\u00e5nd, i den m\u00e5n skadan grundar sig p\u00e5 kostnader f\u00f6r r\u00e4ttsliga \u00e5tg\u00e4rder.<\/span><\/p>\n<p><span style=\"font-weight: 400;\">(3) Kunden har endast r\u00e4tt till kvittning om hans motkrav har fastst\u00e4llts r\u00e4ttsligt, erk\u00e4nts eller inte bestridits av s\u00e4ljaren. Kundens r\u00e4tt att kvitta mot avtalsenliga och andra fordringar som uppst\u00e5r i samband med inledandet eller genomf\u00f6randet av detta avtalsf\u00f6rh\u00e5llande p\u00e5verkas inte av detta. Kunden kan endast ut\u00f6va en retentionsr\u00e4tt om hans motfordran grundar sig p\u00e5 samma avtalsf\u00f6rh\u00e5llande.<\/span><\/p>\n<p><span style=\"font-weight: 400;\">(4) \u00c4ndringar, utvidgningar och begr\u00e4nsningar av best\u00e4llningen efter avtalets ing\u00e5ende kommer att beaktas av s\u00e4ljaren s\u00e5 l\u00e5ngt det \u00e4r m\u00f6jligt. S\u00e4ljaren tar ut en behandlingsavgift p\u00e5 10,00 \u20ac inkl. moms f\u00f6r dessa, s\u00e5vida det inte r\u00f6r sig om avbest\u00e4llning eller garantianspr\u00e5k. F\u00f6r best\u00e4llningar som ska behandlas manuellt, och som inte behandlas via webbutiken, tar vi ut en behandlingsavgift p\u00e5 20,00 \u20ac. Undantagna fr\u00e5n detta \u00e4r best\u00e4llningar med varor som inte kan best\u00e4llas via webbutiken, t.ex. specialanpassade produkter.<\/span><\/p>\n<p><span style=\"font-weight: 400;\">(5) Best\u00e4llda djur som p\u00e5 kundens beg\u00e4ran ska skickas senare \u00e4n vad som avtalats debiteras med 2,00 \u20ac inkl. moms per dag &amp; gyne (v\u00e5rdinsats) fr\u00e5n best\u00e4llningsdagen till avs\u00e4ndningsdagen. Maximalt 30 dagar \u00e4r m\u00f6jligt.<\/span><\/p>\n<h2><b>\u00a7 6 <a href=\"https:\/\/clone.antcube.shop\/en\/payment-methods-and-conditions\/\">Betalningsmetoder<\/a><\/b><\/h2>\n<p><span style=\"font-weight: 400;\">(1) K\u00f6peskillingen kan betalas i f\u00f6rskott, via bank\u00f6verf\u00f6ring, kreditkort eller PayPal. Vid betalning med PayPal g\u00e4ller deras anv\u00e4ndarvillkor. Ytterligare information finns i v\u00e5r integritetspolicy. <a href=\"https:\/\/clone.antcube.shop\/en\/privacy-policy\/\">Integritetspolicy<\/a>.<\/span><\/p>\n<h2><b>7 \u00a7 Frakt- och leveransvillkor<\/b><\/h2>\n<p><span style=\"font-weight: 400;\">(1) Vi skickar endast till medlemsl\u00e4nder i Europeiska unionen med undantag f\u00f6r europeiska utomeuropeiska territorier eller exklaver och regioner med skattem\u00e4ssig autonomi (av Europeiska unionen kallade \"yttersta randomr\u00e5den\"). Den ber\u00e4knade leveranstiden f\u00f6r Tyskland och andra l\u00e4nder anges i v\u00e5r <\/span><a href=\"https:\/\/clone.antcube.shop\/en\/shipping-costs-delivery-restrictions\/\"><b>\u00f6versikt \u00f6ver fraktkostnader.<\/b><\/a><\/p>\n<p><span style=\"font-weight: 400;\">(2) Leveranstiden b\u00f6rjar l\u00f6pa en dag efter att betalningen har godk\u00e4nts vid f\u00f6rskottsbetalning\/bank\u00f6verf\u00f6ring eller PayPal. Vid andra betalningss\u00e4tt b\u00f6rjar fristen l\u00f6pa en dag efter det att best\u00e4llningen har gjorts.<\/span><\/p>\n<p><span style=\"font-weight: 400;\">(3) Om b\u00f6rjan eller slutet av tidsfristen infaller p\u00e5 en l\u00f6rdag, s\u00f6ndag eller allm\u00e4n helgdag, ska b\u00f6rjan eller slutet av tidsfristen skjutas upp till f\u00f6ljande arbetsdag.<\/span><\/p>\n<p><span style=\"font-weight: 400;\">(4) S\u00e4ljaren har r\u00e4tt att g\u00f6ra delleveranser om detta \u00e4r rimligt f\u00f6r kunden. Detta f\u00e5r inte leda till n\u00e5gra extra kostnader f\u00f6r kunden.<\/span><\/p>\n<p><span style=\"font-weight: 400;\">(5) Om kunden v\u00e4ljer att h\u00e4mta sin best\u00e4llning i v\u00e5r butik kommer kunden att informeras via e-post om att best\u00e4llningen \u00e4r klar f\u00f6r avh\u00e4mtning.<\/span><\/p>\n<h2><b>8 \u00a7 \u00d6verf\u00f6ring av risk<\/b><\/h2>\n<p><span style=\"font-weight: 400;\">(1) N\u00e4r det g\u00e4ller konsumenter ska risken f\u00f6r oavsiktlig f\u00f6rlust och f\u00f6rs\u00e4mring av varorna \u00f6verg\u00e5 till kunden vid \u00f6verl\u00e4mnandet.<\/span><\/p>\n<p><span style=\"font-weight: 400;\">(2) N\u00e4r det g\u00e4ller entrepren\u00f6rer ska risken \u00f6verg\u00e5 till kunden vid \u00f6verl\u00e4mnandet till transportf\u00f6retaget.<\/span><\/p>\n<p><span style=\"font-weight: 400;\">(3) Om best\u00e4llaren \u00e4r i dr\u00f6jsm\u00e5l med att ta emot uppdraget, ska detta anses motsvara ett \u00f6verl\u00e4mnande.<\/span><\/p>\n<h2><b>\u00a7 9 Garanti<\/b><\/h2>\n<p><span style=\"font-weight: 400;\">(1) Garantin ska regleras av lagstadgade best\u00e4mmelser. Garantitiden f\u00f6r konsumenter \u00e4r 2 \u00e5r fr\u00e5n det att varan levererats. Avvikande fr\u00e5n detta \u00e4r garantitiden f\u00f6r f\u00f6retagare 1 \u00e5r fr\u00e5n leveransen. Garantitiden f\u00f6r begagnade varor \u00e4r ocks\u00e5 1 \u00e5r fr\u00e5n det att varan levererats. Den ett\u00e5riga garantitiden g\u00e4ller inte om s\u00e4ljaren kan anklagas f\u00f6r grov v\u00e5rdsl\u00f6shet, inte heller i h\u00e4ndelse av fysisk skada och h\u00e4lsoskada som kan h\u00e4nf\u00f6ras till s\u00e4ljaren och i h\u00e4ndelse av f\u00f6rlust av kundens liv, i h\u00e4ndelse av en garanti och i h\u00e4ndelse av leveransregress i enlighet med \u00a7\u00a7 478, 479 BGB. S\u00e4ljarens ansvar enligt produktansvarslagen p\u00e5verkas inte av detta.<\/span><\/p>\n<p><span style=\"font-weight: 400;\">(2) Utan hinder av punkt. 1 ska den ordinarie preskriptionstiden g\u00e4lla om s\u00e4ljaren svikligen har dolt ett fel<\/span><\/p>\n<p><span style=\"font-weight: 400;\">(3) Best\u00e4llda varor kan inom rimliga gr\u00e4nser avvika n\u00e5got fr\u00e5n de varor som visas p\u00e5 Internet. H\u00e4nvisning g\u00f6rs till \u00a7 2 stycke 2 i dessa allm\u00e4nna villkor.<\/span><\/p>\n<p><span style=\"font-weight: 400;\">(4) Konsumenten kan v\u00e4lja mellan reparation eller utbyte. S\u00e4ljaren f\u00e5r v\u00e4gra den valda typen av efterf\u00f6ljande fullg\u00f6relse om det endast \u00e4r m\u00f6jligt till en oproportionerligt h\u00f6g kostnad.<\/span><\/p>\n<p><span style=\"font-weight: 400;\">(5) Uppenbara fel m\u00e5ste rapporteras av entrepren\u00f6rer inom tv\u00e5 veckor efter mottagandet av varorna. I annat fall \u00e4r garantianspr\u00e5ket uteslutet. F\u00f6r att h\u00e5lla tidsfristen r\u00e4cker det med avs\u00e4ndande eller anm\u00e4lan i r\u00e4tt tid. F\u00f6r n\u00e4ringsidkare g\u00e4ller \u00a7 377 HGB.<\/span><\/p>\n<p><span style=\"font-weight: 400;\">(6) Garantin t\u00e4cker inte skador som orsakats av felaktig hantering. Tillverkarens garantier p\u00e5verkas inte av detta.<\/span><\/p>\n<h2><b>10 \u00a7 Begr\u00e4nsningar av ansvar<\/b><\/h2>\n<p><span style=\"font-weight: 400;\">(1) Vid ringa v\u00e5rdsl\u00f6shet ansvarar s\u00e4ljaren endast f\u00f6r avtalstypiska, f\u00f6rutsebara skador. Denna begr\u00e4nsning g\u00e4ller \u00e4ven f\u00f6r s\u00e4ljarens st\u00e4llf\u00f6retr\u00e4dare.<\/span><\/p>\n<p><span style=\"font-weight: 400;\">(2) Ansvarsbegr\u00e4nsningarna ska inte g\u00e4lla vid bedr\u00e4gligt upps\u00e5t, brott mot v\u00e4sentliga avtalsf\u00f6rpliktelser eller skada p\u00e5 liv, lem eller h\u00e4lsa.<\/span><\/p>\n<p><span style=\"font-weight: 400;\">(3) Kunden \u00e4r skyldig att vidta l\u00e4mpliga \u00e5tg\u00e4rder f\u00f6r att f\u00f6rhindra och minimera skador.<\/span><\/p>\n<p><span style=\"font-weight: 400;\">(4) S\u00e4ljaren \u00e4r endast ansvarig f\u00f6r sitt eget inneh\u00e5ll p\u00e5 webbplatsen f\u00f6r sin onlinebutik. I den m\u00e5n l\u00e4nkar ger tillg\u00e5ng till andra webbplatser \u00e4r s\u00e4ljaren inte ansvarig f\u00f6r inneh\u00e5llet fr\u00e5n tredje part som finns d\u00e4r. Han g\u00f6r sig inte tredje parts inneh\u00e5ll till sitt eget. Om s\u00e4ljaren f\u00e5r k\u00e4nnedom om olagligt inneh\u00e5ll p\u00e5 externa webbplatser kommer han omedelbart att blockera \u00e5tkomsten till dessa sidor.<\/span><\/p>\n<h2><b>11 \u00a7 Dataskydd<\/b><\/h2>\n<p><span style=\"font-weight: 400;\">De uppgifter som samlas in under best\u00e4llningsprocessen behandlas f\u00f6r att fullg\u00f6ra avtalet. Ytterligare information, i synnerhet om \u00f6verf\u00f6ring av uppgifter till tredje part, finns i <a href=\"https:\/\/clone.antcube.shop\/en\/privacy-policy\/\">Integritetspolicy<\/a> p\u00e5 v\u00e5r webbplats.<\/span><\/p>\n<h2><b>12 \u00a7 Slutbest\u00e4mmelser och tvistel\u00f6sning<\/b><\/h2>\n<p><span style=\"font-weight: 400;\">(1) Lagen i F\u00f6rbundsrepubliken Tyskland ska till\u00e4mpas. F\u00f6r konsumenter g\u00e4ller detta endast i den m\u00e5n det beviljade skyddet inte begr\u00e4nsas av tvingande best\u00e4mmelser i det land d\u00e4r konsumenten har sin vanliga vistelseort. Best\u00e4mmelserna i FN:s konvention om avtal f\u00f6r internationell f\u00f6rs\u00e4ljning av varor skall inte till\u00e4mpas. \u00a7 16 \u00a7 andra stycket 14 mening 2 nr 6 TDSG f\u00f6rblir op\u00e5verkad.<\/span><\/p>\n<p><span style=\"font-weight: 400;\">(2) Europeiska kommissionen tillhandah\u00e5ller en plattform f\u00f6r tvistl\u00f6sning online (OS), som kan n\u00e5s p\u00e5 https:\/\/ec.europa.eu\/consumers\/odr. V\u00e5r e-postadress \u00e4r: law@ants.de\u00a0<\/span><\/p>\n<p><a href=\"https:\/\/clone.antcube.shop\/en\/shipping-costs-delivery-restrictions\/\"><b>Fraktkostnader\/fraktvillkor<\/b><\/a><\/p>\n<p><a href=\"https:\/\/clone.antcube.shop\/en\/privacy-policy\/\"><b>Integritetspolicy<\/b><\/a><\/p>\n<p><a href=\"https:\/\/clone.antcube.shop\/en\/payment-methods-and-conditions\/\"><b>Betalningsalternativ<\/b><\/a><\/p>\n<p><a href=\"https:\/\/clone.antcube.shop\/en\/refund-policy\/\"><b>R\u00e4tt till avbest\u00e4llning<\/b><\/a><\/p>\n\n\t\t<\/div>\n\t\t\t\t\t<\/div>\n\n\t\n\n<\/div>","protected":false},"excerpt":{"rendered":"","protected":false},"author":1,"featured_media":0,"parent":0,"menu_order":0,"comment_status":"closed","ping_status":"closed","template":"","meta":{"_acf_changed":false,"content-type":"","_monsterinsights_skip_tracking":false,"_monsterinsights_sitenote_active":false,"_monsterinsights_sitenote_note":"","_monsterinsights_sitenote_category":0,"footnotes":""},"class_list":["post-500","page","type-page","status-publish","hentry"],"acf":[],"aioseo_notices":[],"jetpack_sharing_enabled":true,"_links":{"self":[{"href":"https:\/\/clone.antcube.shop\/sv\/wp-json\/wp\/v2\/pages\/500","targetHints":{"allow":["GET"]}}],"collection":[{"href":"https:\/\/clone.antcube.shop\/sv\/wp-json\/wp\/v2\/pages"}],"about":[{"href":"https:\/\/clone.antcube.shop\/sv\/wp-json\/wp\/v2\/types\/page"}],"author":[{"embeddable":true,"href":"https:\/\/clone.antcube.shop\/sv\/wp-json\/wp\/v2\/users\/1"}],"replies":[{"embeddable":true,"href":"https:\/\/clone.antcube.shop\/sv\/wp-json\/wp\/v2\/comments?post=500"}],"version-history":[{"count":10,"href":"https:\/\/clone.antcube.shop\/sv\/wp-json\/wp\/v2\/pages\/500\/revisions"}],"predecessor-version":[{"id":10710,"href":"https:\/\/clone.antcube.shop\/sv\/wp-json\/wp\/v2\/pages\/500\/revisions\/10710"}],"wp:attachment":[{"href":"https:\/\/clone.antcube.shop\/sv\/wp-json\/wp\/v2\/media?parent=500"}],"curies":[{"name":"wp","href":"https:\/\/api.w.org\/{rel}","templated":true}]}}