{"id":700,"date":"2021-08-17T10:57:40","date_gmt":"2021-08-17T08:57:40","guid":{"rendered":"https:\/\/antcube.shop\/?page_id=700"},"modified":"2026-02-09T11:09:28","modified_gmt":"2026-02-09T10:09:28","slug":"myrskydd","status":"publish","type":"page","link":"https:\/\/clone.antcube.shop\/sv\/myrskydd\/","title":{"rendered":"Om myrh\u00e5llning"},"content":{"rendered":"<div id=\"page-header-978515833\" class=\"page-header-wrapper\">\n  <div class=\"page-title dark featured-title\">\n\n        <div class=\"page-title-bg\">\n      <div class=\"title-bg fill bg-fill\"\n        data-parallax-container=\".page-title\"\n        data-parallax-background\n data-parallax=\"-\">\n      <\/div>\n      <div class=\"title-overlay fill\"><\/div>\n    <\/div>\n    \n    <div class=\"page-title-inner container align-center flex-row medium-flex-wrap\" >\n              <div class=\"title-wrapper flex-col text-left medium-text-center\">\n          <h1 class=\"entry-title mb-0\">\n            Om myrh\u00e5llning          <\/h1>\n        <\/div>\n                    <div class=\"title-content flex-col flex-right text-right medium-text-center\">\n        <div class=\"title-share pt-half pb-half\"><div class=\"social-icons share-icons share-row relative icon-style-outline\" ><a href=\"whatsapp:\/\/send?text=About%20ant%20keeping - https:\/\/clone.antcube.shop\/sv\/myrskydd\/\" data-action=\"share\/whatsapp\/share\" class=\"icon button circle is-outline tooltip whatsapp show-for-medium\" title=\"Dela p\u00e5 WhatsApp\" aria-label=\"Dela p\u00e5 WhatsApp\"><i class=\"icon-whatsapp\" aria-hidden=\"true\"><\/i><\/a><a href=\"https:\/\/www.facebook.com\/sharer.php?u=https:\/\/clone.antcube.shop\/sv\/myrskydd\/\" data-label=\"Facebook\" onclick=\"window.open(this.href,this.title,'width=500,height=500,top=300px,left=300px'); return false;\" target=\"_blank\" class=\"icon button circle is-outline tooltip facebook\" title=\"Dela p\u00e5 Facebook\" aria-label=\"Dela p\u00e5 Facebook\" rel=\"noopener nofollow\"><i class=\"icon-facebook\" aria-hidden=\"true\"><\/i><\/a><a href=\"https:\/\/twitter.com\/share?url=https:\/\/clone.antcube.shop\/sv\/myrskydd\/\" onclick=\"window.open(this.href,this.title,'width=500,height=500,top=300px,left=300px'); return false;\" target=\"_blank\" class=\"icon button circle is-outline tooltip twitter\" title=\"Dela p\u00e5 Twitter\" aria-label=\"Dela p\u00e5 Twitter\" rel=\"noopener nofollow\"><i class=\"icon-twitter\" aria-hidden=\"true\"><\/i><\/a><a href=\"mailto:?subject=About%20ant%20keeping&body=Check%20this%20out%3A%20https%3A%2F%2Fclone.antcube.shop%2Fsv%2Fmyrskydd%2F\" class=\"icon button circle is-outline tooltip email\" title=\"Maila och kompis\" aria-label=\"Maila och kompis\" rel=\"nofollow\"><i class=\"icon-envelop\" aria-hidden=\"true\"><\/i><\/a><a href=\"https:\/\/pinterest.com\/pin\/create\/button?url=https:\/\/clone.antcube.shop\/sv\/myrskydd\/&media&description=About%20ant%20keeping\" onclick=\"window.open(this.href,this.title,'width=500,height=500,top=300px,left=300px'); return false;\" target=\"_blank\" class=\"icon button circle is-outline tooltip pinterest\" title=\"Pinnar p\u00e5 Pinterest\" aria-label=\"Pinnar p\u00e5 Pinterest\" rel=\"noopener nofollow\"><i class=\"icon-pinterest\" aria-hidden=\"true\"><\/i><\/a><\/div><\/div>      <\/div>\n    <\/div>\n\n     \n<style>\n#page-header-978515833 .page-title-inner {\n  min-height: 500px;\n}\n#page-header-978515833 {\n  margin-bottom: 0px;\n}\n#page-header-978515833 .title-bg {\n  background-image: url(https:\/\/clone.antcube.shop\/wp-content\/uploads\/2021\/08\/ant-5094995_1920.jpg);\n  background-position: 65% 56%;\n}\n#page-header-978515833 .title-overlay {\n  background-color: rgba(255, 255, 255, 0);\n}\n@media (min-width:550px) {\n  #page-header-978515833 .page-title-inner {\n    min-height: 500px;\n  }\n}\n<\/style>\n  <\/div>\n    <\/div>\n  \n\n\t<div id=\"gap-1280657016\" class=\"gap-element clearfix\" style=\"display:block; height:auto;\">\n\t\t\n<style>\n#gap-1280657016 {\n  padding-top: 15px;\n}\n<\/style>\n\t<\/div>\n\t\n\n<div class=\"row\"  id=\"row-2071648203\">\n\n\n\t<div id=\"col-399585390\" class=\"col medium-6 small-12 large-6\"  >\n\t\t\t\t<div class=\"col-inner\"  >\n\t\t\t\n\t\t\t\n\n<h3>Vad \u00e4r myrh\u00e5llning?<\/h3>\n<p>Myrsk\u00f6tsel \u00e4r att ta hand om och observera myror och myrkolonier. Att h\u00e5lla myror har blivit en mycket popul\u00e4r hobby p\u00e5 senare \u00e5r. \u00c4ven om det f\u00f6rsta k\u00e4nda formicarium (terrarium f\u00f6r myror) visades redan p\u00e5 v\u00e4rldsutst\u00e4llningen i Paris omkring 1900, var det inte f\u00f6rr\u00e4n \"Uncle Milton's Ant Farm\" omkring 1956 som de f\u00f6rsta formicarierna fanns fritt tillg\u00e4ngliga f\u00f6r k\u00f6p.<\/p>\n<p>Sedan n\u00e5gra \u00e5r tillbaka finns det m\u00e5nga olika leverant\u00f6rer av formicariums, varav de flesta \u00e4r tillverkade av plast. Normalt best\u00e5r ett formicarium av en g\u00e5rd, som fungerar som h\u00e4ckningsomr\u00e5de f\u00f6r djuren, och en arena, som anv\u00e4nds f\u00f6r att mata djuren och f\u00f6r att motionera.<\/p>\n\n\t\t<\/div>\n\t\t\t\t\t<\/div>\n\n\t\n\n\t<div id=\"col-181214671\" class=\"col medium-6 small-12 large-6\"  >\n\t\t\t\t<div class=\"col-inner\"  >\n\t\t\t\n\t\t\t\n\n\t<div class=\"img has-hover x md-x lg-x y md-y lg-y\" id=\"image_1980048059\">\n\t\t<a class=\"image-lightbox lightbox-gallery\" title=\"\" href=\"https:\/\/i0.wp.com\/clone.antcube.shop\/wp-content\/uploads\/2021\/07\/Meranoplus-Bicolor-scaled.jpg?fit=900%2C600&#038;ssl=1\">\t\t\t\t\t\t<div class=\"img-inner image-zoom-long dark\" >\n\t\t\t<img data-recalc-dims=\"1\" loading=\"lazy\" decoding=\"async\" width=\"1020\" height=\"680\" src=\"https:\/\/i0.wp.com\/clone.antcube.shop\/wp-content\/uploads\/2021\/07\/Meranoplus-Bicolor-scaled.jpg?resize=1020%2C680&#038;ssl=1\" class=\"attachment-original size-original\" alt=\"Meranoplus bicolor myrart p\u00e5 ett ormbunksblad makro ANTSTORE ANTCUBE\" srcset=\"https:\/\/i0.wp.com\/clone.antcube.shop\/wp-content\/uploads\/2021\/07\/Meranoplus-Bicolor-scaled.jpg?w=2560&amp;ssl=1 2560w, https:\/\/i0.wp.com\/clone.antcube.shop\/wp-content\/uploads\/2021\/07\/Meranoplus-Bicolor-scaled.jpg?resize=510%2C340&amp;ssl=1 510w, https:\/\/i0.wp.com\/clone.antcube.shop\/wp-content\/uploads\/2021\/07\/Meranoplus-Bicolor-scaled.jpg?resize=600%2C400&amp;ssl=1 600w, https:\/\/i0.wp.com\/clone.antcube.shop\/wp-content\/uploads\/2021\/07\/Meranoplus-Bicolor-scaled.jpg?resize=1200%2C800&amp;ssl=1 1200w, https:\/\/i0.wp.com\/clone.antcube.shop\/wp-content\/uploads\/2021\/07\/Meranoplus-Bicolor-scaled.jpg?resize=768%2C512&amp;ssl=1 768w, https:\/\/i0.wp.com\/clone.antcube.shop\/wp-content\/uploads\/2021\/07\/Meranoplus-Bicolor-scaled.jpg?resize=1536%2C1024&amp;ssl=1 1536w, https:\/\/i0.wp.com\/clone.antcube.shop\/wp-content\/uploads\/2021\/07\/Meranoplus-Bicolor-scaled.jpg?resize=2048%2C1365&amp;ssl=1 2048w\" sizes=\"auto, (max-width: 1020px) 100vw, 1020px\" \/>\t\t\t\t\t\t\n\t\t\t\t\t<\/div>\n\t\t\t\t\t\t<\/a>\t\t\n<style>\n#image_1980048059 {\n  width: 100%;\n}\n<\/style>\n\t<\/div>\n\t\n\n\t<div id=\"text-381258569\" class=\"text\">\n\t\t\n\n<p>Meranoplus bicolor<\/p>\n\t\t\n<style>\n#text-381258569 {\n  text-align: center;\n}\n<\/style>\n\t<\/div>\n\t\n\n\t\t<\/div>\n\t\t\t\t\t<\/div>\n\n\t\n\n<\/div>\n<div class=\"row\"  id=\"row-1203520868\">\n\n\n\t<div id=\"col-541266489\" class=\"col medium-6 small-12 large-6\"  >\n\t\t\t\t<div class=\"col-inner\"  >\n\t\t\t\n\t\t\t\n\n<h3>Vad \u00e4r faszinationen bakom myrh\u00e5llning?<\/h3>\n<p>Myror \u00e4r otroligt fascinerande. Att se en enda drottning f\u00f6da upp sina f\u00f6rsta arbetare under flera \u00e5r och sedan se sin koloni v\u00e4xa till tusentals medlemmar genom perfekt samarbete och anv\u00e4ndning av resurser \u00e4r en unik upplevelse. Myrorna \u00e4r extremt sociala djur och vissa arter bildar olika kaster, t.ex. arbetare, soldater, jordbrukare och till och med sjuksk\u00f6terskor. Och gissa vad, de \u00e4r alla honor.<\/p>\n<p>Myror \u00e4r otroligt viktiga f\u00f6r v\u00e5r milj\u00f6. De finns inte bara i alla beboeliga ekosystem i v\u00e4rlden, de \u00e4r ocks\u00e5 mer specialiserade och m\u00e5ngsidiga \u00e4n n\u00e5gon annan art. Myror liknar oss ocks\u00e5 i sitt s\u00e4tt att leva. Arbetsdelningen, att leva tillsammans i stora kolonier p\u00e5 ett begr\u00e4nsat utrymme och att anv\u00e4nda olika niv\u00e5er i n\u00e4ringskedjan i alla ekosystem g\u00f6r dem s\u00e5 framg\u00e5ngsrika, precis som oss m\u00e4nniskor. Den enda skillnaden \u00e4r att vi inte alls \u00e4r lika effektiva och att myror har funnits i \u00f6ver 130 miljoner \u00e5r, medan vi m\u00e4nniskor bara har funnits i cirka 300 000 \u00e5r.<\/p>\n<p>\u00a0<\/p>\n<p>F\u00f6r att hj\u00e4lpa dig att best\u00e4mma vilka myrarter du vill beh\u00e5lla kan du anv\u00e4nda v\u00e5r <a href=\"https:\/\/clone.antcube.shop\/ant-finder\/\">&#8220;<strong>Ant Finder<\/strong>&#8220;<\/a><\/p>\n\n\t\t<\/div>\n\t\t\t\t\t<\/div>\n\n\t\n\n\t<div id=\"col-526711779\" class=\"col medium-6 small-12 large-6\"  >\n\t\t\t\t<div class=\"col-inner\"  >\n\t\t\t\n\t\t\t\n\n\t<div class=\"img has-hover x md-x lg-x y md-y lg-y\" id=\"image_57954142\">\n\t\t<a class=\"image-lightbox lightbox-gallery\" title=\"\" href=\"https:\/\/i0.wp.com\/clone.antcube.shop\/wp-content\/uploads\/2021\/07\/Camponotus-micans-Startbild.jpg?fit=800%2C600&#038;ssl=1\">\t\t\t\t\t\t<div class=\"img-inner image-zoom-long dark\" >\n\t\t\t<img data-recalc-dims=\"1\" loading=\"lazy\" decoding=\"async\" width=\"1020\" height=\"765\" src=\"https:\/\/i0.wp.com\/clone.antcube.shop\/wp-content\/uploads\/2021\/07\/Camponotus-micans-Startbild.jpg?resize=1020%2C765&#038;ssl=1\" class=\"attachment-original size-original\" alt=\"Camponotus micans myrdrottning med yngel och arbetare makro p\u00e5 vit bakgrund\" srcset=\"https:\/\/i0.wp.com\/clone.antcube.shop\/wp-content\/uploads\/2021\/07\/Camponotus-micans-Startbild.jpg?w=2048&amp;ssl=1 2048w, https:\/\/i0.wp.com\/clone.antcube.shop\/wp-content\/uploads\/2021\/07\/Camponotus-micans-Startbild.jpg?resize=510%2C383&amp;ssl=1 510w, https:\/\/i0.wp.com\/clone.antcube.shop\/wp-content\/uploads\/2021\/07\/Camponotus-micans-Startbild.jpg?resize=533%2C400&amp;ssl=1 533w, https:\/\/i0.wp.com\/clone.antcube.shop\/wp-content\/uploads\/2021\/07\/Camponotus-micans-Startbild.jpg?resize=1067%2C800&amp;ssl=1 1067w, https:\/\/i0.wp.com\/clone.antcube.shop\/wp-content\/uploads\/2021\/07\/Camponotus-micans-Startbild.jpg?resize=768%2C576&amp;ssl=1 768w, https:\/\/i0.wp.com\/clone.antcube.shop\/wp-content\/uploads\/2021\/07\/Camponotus-micans-Startbild.jpg?resize=1536%2C1152&amp;ssl=1 1536w\" sizes=\"auto, (max-width: 1020px) 100vw, 1020px\" \/>\t\t\t\t\t\t\n\t\t\t\t\t<\/div>\n\t\t\t\t\t\t<\/a>\t\t\n<style>\n#image_57954142 {\n  width: 100%;\n}\n<\/style>\n\t<\/div>\n\t\n\n\t<div id=\"text-2598336065\" class=\"text\">\n\t\t\n\n<p>Camponotus micans<\/p>\n\t\t\n<style>\n#text-2598336065 {\n  text-align: center;\n}\n<\/style>\n\t<\/div>\n\t\n\n\t\t<\/div>\n\t\t\t\t\t<\/div>\n\n\t\n\n<\/div>\n<div class=\"row\"  id=\"row-580022396\">\n\n\n\t<div id=\"col-1252469653\" class=\"col medium-6 small-12 large-6\"  >\n\t\t\t\t<div class=\"col-inner\"  >\n\t\t\t\n\t\t\t\n\n<h3>Vilken typ av Formicarium beh\u00f6ver jag?<\/h3>\n<p>Eftersom myror finns i n\u00e4stan alla olika ekosystem \u00e4r deras behov av att h\u00e5llas i milj\u00f6n ocks\u00e5 olika. Det finns myror i v\u00e5ra st\u00e4der, skogar, \u00f6knar, berg, tropiska omr\u00e5den och till och med mangrover och subarktiska omr\u00e5den.<\/p>\n<p>P\u00e5 samma s\u00e4tt som de bebodda livsmilj\u00f6erna \u00e4r olika, \u00e4r det ocks\u00e5 olika typer av bon. Det vanligaste boet \u00e4r markboet. Andra arter bor t.ex. i d\u00f6d ved, i h\u00e5ligheter i tr\u00e4d och mellan stenar, i h\u00f6gbonade bon eller i s\u00e5 kallade myrv\u00e4xter. Andra mindre vanliga typer av bon \u00e4r bivackbon f\u00f6r fodermyror, silkesbon f\u00f6r v\u00e4vmyror eller kartongbon f\u00f6r Lasisus fuliginosus.<\/p>\n<p>F\u00f6r att h\u00e5lla myror p\u00e5 ett framg\u00e5ngsrikt s\u00e4tt har det visat sig att man m\u00e5ste efterlikna de naturliga f\u00f6rh\u00e5llandena s\u00e5 n\u00e4ra som m\u00f6jligt. D\u00e4rf\u00f6r har vi l\u00e4nge experimenterat med olika material och kombinationer av bo- och arenaomr\u00e5den och har utvecklat ett startpaket f\u00f6r alla kommersiellt tillg\u00e4ngliga myrarter.<\/p>\n<p>\u00a0<\/p>\n<p>F\u00f6r att hitta det startpaket som \u00e4r b\u00e4st l\u00e4mpat f\u00f6r den myrart du vill h\u00e5lla anv\u00e4nder du till exempel v\u00e5r \"<strong><a href=\"https:\/\/clone.antcube.shop\/formicarium-finder\/\">Startupps\u00e4ttning Finder<\/a><\/strong>&#8221;\u00a0<\/p>\n\n\t\t<\/div>\n\t\t\t\t\t<\/div>\n\n\t\n\n\t<div id=\"col-682976249\" class=\"col medium-6 small-12 large-6\"  >\n\t\t\t\t<div class=\"col-inner\"  >\n\t\t\t\n\t\t\t\n\n\t<div class=\"img has-hover x md-x lg-x y md-y lg-y\" id=\"image_247244255\">\n\t\t\t\t\t\t<div data-animate=\"fadeInUp\">\t\t<div class=\"img-inner image-zoom-long dark\" >\n\t\t\t<img data-recalc-dims=\"1\" loading=\"lazy\" decoding=\"async\" width=\"1020\" height=\"1020\" src=\"https:\/\/i0.wp.com\/clone.antcube.shop\/wp-content\/uploads\/2021\/07\/Starter-Set-Combi.jpg?resize=1020%2C1020&#038;ssl=1\" class=\"attachment-original size-original\" alt=\"ANTCUBE Starter Set Combi \u00e4r en prisv\u00e4rd start p\u00e5 myrh\u00e5llning. Detta set inneh\u00e5ller en arena med integrerat boomr\u00e5de f\u00f6r myrkolonin\" srcset=\"https:\/\/i0.wp.com\/clone.antcube.shop\/wp-content\/uploads\/2021\/07\/Starter-Set-Combi.jpg?w=2000&amp;ssl=1 2000w, https:\/\/i0.wp.com\/clone.antcube.shop\/wp-content\/uploads\/2021\/07\/Starter-Set-Combi.jpg?resize=247%2C247&amp;ssl=1 247w, https:\/\/i0.wp.com\/clone.antcube.shop\/wp-content\/uploads\/2021\/07\/Starter-Set-Combi.jpg?resize=100%2C100&amp;ssl=1 100w, https:\/\/i0.wp.com\/clone.antcube.shop\/wp-content\/uploads\/2021\/07\/Starter-Set-Combi.jpg?resize=510%2C510&amp;ssl=1 510w, https:\/\/i0.wp.com\/clone.antcube.shop\/wp-content\/uploads\/2021\/07\/Starter-Set-Combi.jpg?resize=400%2C400&amp;ssl=1 400w, https:\/\/i0.wp.com\/clone.antcube.shop\/wp-content\/uploads\/2021\/07\/Starter-Set-Combi.jpg?resize=800%2C800&amp;ssl=1 800w, https:\/\/i0.wp.com\/clone.antcube.shop\/wp-content\/uploads\/2021\/07\/Starter-Set-Combi.jpg?resize=280%2C280&amp;ssl=1 280w, https:\/\/i0.wp.com\/clone.antcube.shop\/wp-content\/uploads\/2021\/07\/Starter-Set-Combi.jpg?resize=768%2C768&amp;ssl=1 768w, https:\/\/i0.wp.com\/clone.antcube.shop\/wp-content\/uploads\/2021\/07\/Starter-Set-Combi.jpg?resize=1536%2C1536&amp;ssl=1 1536w\" sizes=\"auto, (max-width: 1020px) 100vw, 1020px\" \/>\t\t\t\t\t\t\n\t\t\t\t\t<\/div>\n\t\t<\/div>\t\t\t\t\t\t\n<style>\n#image_247244255 {\n  width: 100%;\n}\n<\/style>\n\t<\/div>\n\t\n\n\n\t\t<\/div>\n\t\t\t\t\t<\/div>\n\n\t\n\n<\/div>","protected":false},"excerpt":{"rendered":"","protected":false},"author":1,"featured_media":0,"parent":0,"menu_order":0,"comment_status":"closed","ping_status":"closed","template":"","meta":{"_acf_changed":false,"content-type":"","_monsterinsights_skip_tracking":false,"_monsterinsights_sitenote_active":false,"_monsterinsights_sitenote_note":"","_monsterinsights_sitenote_category":0,"footnotes":""},"class_list":["post-700","page","type-page","status-publish","hentry"],"acf":[],"aioseo_notices":[],"jetpack_sharing_enabled":true,"_links":{"self":[{"href":"https:\/\/clone.antcube.shop\/sv\/wp-json\/wp\/v2\/pages\/700","targetHints":{"allow":["GET"]}}],"collection":[{"href":"https:\/\/clone.antcube.shop\/sv\/wp-json\/wp\/v2\/pages"}],"about":[{"href":"https:\/\/clone.antcube.shop\/sv\/wp-json\/wp\/v2\/types\/page"}],"author":[{"embeddable":true,"href":"https:\/\/clone.antcube.shop\/sv\/wp-json\/wp\/v2\/users\/1"}],"replies":[{"embeddable":true,"href":"https:\/\/clone.antcube.shop\/sv\/wp-json\/wp\/v2\/comments?post=700"}],"version-history":[{"count":10,"href":"https:\/\/clone.antcube.shop\/sv\/wp-json\/wp\/v2\/pages\/700\/revisions"}],"predecessor-version":[{"id":7096,"href":"https:\/\/clone.antcube.shop\/sv\/wp-json\/wp\/v2\/pages\/700\/revisions\/7096"}],"wp:attachment":[{"href":"https:\/\/clone.antcube.shop\/sv\/wp-json\/wp\/v2\/media?parent=700"}],"curies":[{"name":"wp","href":"https:\/\/api.w.org\/{rel}","templated":true}]}}