{"id":702,"date":"2021-08-17T10:58:14","date_gmt":"2021-08-17T08:58:14","guid":{"rendered":"https:\/\/antcube.shop\/?page_id=702"},"modified":"2024-09-09T17:06:06","modified_gmt":"2024-09-09T15:06:06","slug":"fanga-drottning-oringar","status":"publish","type":"page","link":"https:\/\/clone.antcube.shop\/sv\/fanga-drottning-oringar\/","title":{"rendered":"Att f\u00e5nga myrdrottningen"},"content":{"rendered":"<div id=\"gap-1180960748\" class=\"gap-element clearfix\" style=\"display:block; height:auto;\">\n\t\t\n<style>\n#gap-1180960748 {\n  padding-top: 177px;\n}\n@media (min-width:550px) {\n  #gap-1180960748 {\n    padding-top: 178px;\n  }\n}\n@media (min-width:850px) {\n  #gap-1180960748 {\n    padding-top: 75px;\n  }\n}\n<\/style>\n\t<\/div>\n\t\n\n\n  <div class=\"banner has-hover\" id=\"banner-429148784\">\n          <div class=\"banner-inner fill\">\n        <div class=\"banner-bg fill\" >\n            <img loading=\"lazy\" decoding=\"async\" width=\"1020\" height=\"571\" src=\"https:\/\/i0.wp.com\/clone.antcube.shop\/wp-content\/uploads\/2021\/09\/Screenshot-2021-09-16-150304.png?fit=1020%2C571&amp;ssl=1\" class=\"bg attachment-large size-large\" alt=\"Hur man f\u00e5ngar en myrdrottning med provr\u00f6r och pincett av fj\u00e4derst\u00e5l\" \/>                        <div class=\"overlay\"><\/div>            \n                    <\/div>\n\t\t\n        <div class=\"banner-layers container\">\n            <div class=\"fill banner-link\"><\/div>            \n\n   <div id=\"text-box-1051316167\" class=\"text-box banner-layer x50 md-x50 lg-x50 y50 md-y50 lg-y50 res-text\">\n                                <div class=\"text-box-content text dark text-shadow-3\">\n              \n              <div class=\"text-inner text-center\">\n                  \n\n<h3 class=\"uppercase\"><strong>S\u00c5DAN F\u00c5NGER DU DIN EGEN qUEEN ANT<\/strong><\/h3>\n\n              <\/div>\n           <\/div>\n                            \n<style>\n#text-box-1051316167 {\n  width: 60%;\n}\n#text-box-1051316167 .text-box-content {\n  font-size: 100%;\n}\n<\/style>\n    <\/div>\n \n\n        <\/div>\n      <\/div>\n\n            \n<style>\n#banner-429148784 {\n  padding-top: 400px;\n}\n#banner-429148784 .overlay {\n  background-color: rgba(0, 0, 0, 0.17);\n}\n#banner-429148784 .banner-bg img {\n  object-position: 56% 82%;\n}\n@media (min-width:550px) {\n  #banner-429148784 {\n    padding-top: 500px;\n  }\n}\n<\/style>\n  <\/div>\n\n\n\t<div id=\"gap-171491440\" class=\"gap-element clearfix\" style=\"display:block; height:auto;\">\n\t\t\n<style>\n#gap-171491440 {\n  padding-top: 30px;\n}\n<\/style>\n\t<\/div>\n\t\n\n<div class=\"row\"  id=\"row-353360049\">\n\n\n\t<div id=\"col-1166921357\" class=\"col medium-6 small-12 large-6\"  >\n\t\t\t\t<div class=\"col-inner\"  >\n\t\t\t\n\t\t\t\n\n<h3>F\u00e5nga din egen myrdrottning<\/h3>\n<p>Om du vill f\u00e5nga din egen myrdrottning kr\u00e4vs antingen tur eller f\u00f6rberedelser och forskning.\u00a0<\/p>\n<p>Myror har vanligtvis sin br\u00f6llopsflygning en g\u00e5ng om \u00e5ret. Det \u00e4r f\u00f6rst d\u00e5 som kolonin bildar s\u00e5 kallade reproduktiva djur, det vill s\u00e4ga unga drottningar och dr\u00f6nare (hanmyror). De \u00e4r de enda myrorna som kan flyga. Drottningarna tappar sina vingar efter att de har parat sig med en eller flera hanar. Hannarna d\u00f6r efter en kort tid (h\u00f6gst n\u00e5gra dagar) oavsett om de har parat sig eller inte. <br \/>N\u00e4r de unga drottningarna har fullbordat sin br\u00f6llopsflygning letar de efter en l\u00e4mplig plats att etablera sin koloni p\u00e5. De tappar sina vingar och b\u00f6rjar gr\u00e4va. Detta \u00e4r det perfekta tillf\u00e4llet att samla in dem. N\u00e4r de inte l\u00e4ngre har n\u00e5gra vingar kan du vara s\u00e4ker p\u00e5 att de \u00e4r parade.<\/p>\n<p>Det b\u00e4sta s\u00e4ttet att samla in dem \u00e4r att anv\u00e4nda en pincett av fj\u00e4derst\u00e5l. Med den kan du ta tag i djuren utan att skada dem.<\/p>\n<p>Placera dem i ett provr\u00f6r eller en liten l\u00e5da med h\u00e5l f\u00f6r ventilation. Vissa arter b\u00f6r transporteras individuellt, andra kan h\u00e5llas tillsammans under en kortare tid i en beh\u00e5llare, eftersom de \u00e4r mindre aggressiva sinsemellan. Olika arter b\u00f6r alltid h\u00e5llas \u00e5tskilda.<\/p>\n<p>F\u00f6r att ta reda p\u00e5 n\u00e4r och var du kan hitta din myrdrottning finns det numera m\u00e5nga \"flygtabeller f\u00f6r br\u00f6llopet\" p\u00e5 n\u00e4tet. Vi har l\u00e4nkat tv\u00e5 exempel l\u00e4ngre ner p\u00e5 den h\u00e4r sidan.<\/p>\n<p>Se till att du inte samlar in en skyddad eller utrotningshotad art. Det finns mer \u00e4n tillr\u00e4ckligt m\u00e5nga arter i alla l\u00e4nder i v\u00e4rlden som har mycket v\u00e4lm\u00e5ende populationer.<\/p>\n<p><strong>Flygdiagram f\u00f6r br\u00f6llopet p\u00e5 tyska:<\/strong><\/p>\n<p><a href=\"https:\/\/www.ameisenforum.de\/schwarmflug.php\">Ameisenforum.de<\/a><\/p>\n<p><strong>Nuptial flight chart p\u00e5 engelska:<\/strong><\/p>\n<p><a href=\"https:\/\/antflights.com\/stats\/flights\">Antflights.com<\/a><\/p>\n\n\t\t<\/div>\n\t\t\t\t\t<\/div>\n\n\t\n\n\t<div id=\"col-370460318\" class=\"col medium-6 small-12 large-6\"  >\n\t\t\t\t<div class=\"col-inner\"  >\n\t\t\t\n\t\t\t\n\n\t<div class=\"img has-hover x md-x lg-x y md-y lg-y\" id=\"image_203226257\">\n\t\t<a class=\"image-lightbox lightbox-gallery\" title=\"\" href=\"https:\/\/i0.wp.com\/clone.antcube.shop\/wp-content\/uploads\/2021\/07\/Lasius-niger.jpg?ssl=1\">\t\t\t\t\t\t<div class=\"img-inner dark\" >\n\t\t\t<img data-recalc-dims=\"1\" loading=\"lazy\" decoding=\"async\" width=\"1000\" height=\"1000\" src=\"https:\/\/i0.wp.com\/clone.antcube.shop\/wp-content\/uploads\/2021\/07\/Lasius-niger.jpg?resize=1000%2C1000&#038;ssl=1\" class=\"attachment-original size-original\" alt=\"Lasius niger drottningmyra makro p\u00e5 vit bakgrund\" srcset=\"https:\/\/i0.wp.com\/clone.antcube.shop\/wp-content\/uploads\/2021\/07\/Lasius-niger.jpg?w=1000&amp;ssl=1 1000w, https:\/\/i0.wp.com\/clone.antcube.shop\/wp-content\/uploads\/2021\/07\/Lasius-niger.jpg?resize=247%2C247&amp;ssl=1 247w, https:\/\/i0.wp.com\/clone.antcube.shop\/wp-content\/uploads\/2021\/07\/Lasius-niger.jpg?resize=100%2C100&amp;ssl=1 100w, https:\/\/i0.wp.com\/clone.antcube.shop\/wp-content\/uploads\/2021\/07\/Lasius-niger.jpg?resize=510%2C510&amp;ssl=1 510w, https:\/\/i0.wp.com\/clone.antcube.shop\/wp-content\/uploads\/2021\/07\/Lasius-niger.jpg?resize=400%2C400&amp;ssl=1 400w, https:\/\/i0.wp.com\/clone.antcube.shop\/wp-content\/uploads\/2021\/07\/Lasius-niger.jpg?resize=800%2C800&amp;ssl=1 800w, https:\/\/i0.wp.com\/clone.antcube.shop\/wp-content\/uploads\/2021\/07\/Lasius-niger.jpg?resize=280%2C280&amp;ssl=1 280w, https:\/\/i0.wp.com\/clone.antcube.shop\/wp-content\/uploads\/2021\/07\/Lasius-niger.jpg?resize=768%2C768&amp;ssl=1 768w\" sizes=\"auto, (max-width: 1000px) 100vw, 1000px\" \/>\t\t\t\t\t\t\n\t\t\t\t\t<\/div>\n\t\t\t\t\t\t<\/a>\t\t\n<style>\n#image_203226257 {\n  width: 100%;\n}\n<\/style>\n\t<\/div>\n\t\n\n\t<div id=\"text-1099981534\" class=\"text\">\n\t\t\n\n<p>Lasius niger drottning<\/p>\n\t\t\n<style>\n#text-1099981534 {\n  text-align: center;\n}\n<\/style>\n\t<\/div>\n\t\n\n\t\t<\/div>\n\t\t\t\t\t<\/div>\n\n\t\n\n<\/div>","protected":false},"excerpt":{"rendered":"","protected":false},"author":1,"featured_media":0,"parent":0,"menu_order":0,"comment_status":"closed","ping_status":"closed","template":"","meta":{"_acf_changed":false,"content-type":"","_monsterinsights_skip_tracking":false,"_monsterinsights_sitenote_active":false,"_monsterinsights_sitenote_note":"","_monsterinsights_sitenote_category":0,"footnotes":""},"class_list":["post-702","page","type-page","status-publish","hentry"],"acf":[],"aioseo_notices":[],"jetpack_sharing_enabled":true,"_links":{"self":[{"href":"https:\/\/clone.antcube.shop\/sv\/wp-json\/wp\/v2\/pages\/702","targetHints":{"allow":["GET"]}}],"collection":[{"href":"https:\/\/clone.antcube.shop\/sv\/wp-json\/wp\/v2\/pages"}],"about":[{"href":"https:\/\/clone.antcube.shop\/sv\/wp-json\/wp\/v2\/types\/page"}],"author":[{"embeddable":true,"href":"https:\/\/clone.antcube.shop\/sv\/wp-json\/wp\/v2\/users\/1"}],"replies":[{"embeddable":true,"href":"https:\/\/clone.antcube.shop\/sv\/wp-json\/wp\/v2\/comments?post=702"}],"version-history":[{"count":10,"href":"https:\/\/clone.antcube.shop\/sv\/wp-json\/wp\/v2\/pages\/702\/revisions"}],"predecessor-version":[{"id":9149,"href":"https:\/\/clone.antcube.shop\/sv\/wp-json\/wp\/v2\/pages\/702\/revisions\/9149"}],"wp:attachment":[{"href":"https:\/\/clone.antcube.shop\/sv\/wp-json\/wp\/v2\/media?parent=702"}],"curies":[{"name":"wp","href":"https:\/\/api.w.org\/{rel}","templated":true}]}}