{"id":6737,"date":"2023-12-12T15:03:25","date_gmt":"2023-12-12T14:03:25","guid":{"rendered":"https:\/\/antcube.shop\/product\/antcube-starter-set-fur-weberameisen-gros\/"},"modified":"2026-01-12T12:38:07","modified_gmt":"2026-01-12T11:38:07","slug":"startset-for-vavarmyror-stor","status":"publish","type":"product","link":"https:\/\/clone.antcube.shop\/sv\/produkt\/startset-for-vavarmyror-stor\/","title":{"rendered":"ANTCUBE - Startset f\u00f6r v\u00e4varmyror - stor"},"content":{"rendered":"<p><span data-text-color=\"alert\"><strong>Frakt endast m\u00f6jlig via spedition p\u00e5 palett.<\/strong><\/span><\/p>\n<p><strong>Inneh\u00e5ll:<\/strong><br \/>\n1x Honeydew Mix (HT) - P\u00e5fyllning 10 ml<br \/>\n1x Hela blancherade syrsor<\/p>\n<p>1x ANTCUBE Arena 30x30x60 med skjutd\u00f6rr<br \/>\n1x ram f\u00f6r myrarena 30\u00d730 - 5cm<br \/>\n1x skydd f\u00f6r myrarena 30\u00d730<br \/>\n1x f\u00e4stpunkt f\u00f6r arenaskydd (4 st.)<\/p>\n<p>1x ram f\u00f6r skjutd\u00f6rr<br \/>\nSprutflaska 0,5 liter - m\u00e4ssingsmunstycke<br \/>\n1x Foto bakv\u00e4gg - regnskog - 30\u00d760 - h\u00f6g<br \/>\n1x Formicarium-bas 30\u00d730 cm<\/p>\n<p>1x substrat regnskog 1 kg<br \/>\n2x Formicarium plugg f\u00f6r 50mm h\u00e5l<br \/>\n3x gitterinsats - 50mm - rostfritt st\u00e5l<br \/>\n1x Mini Thermo- Hygrometer digital - vit - sj\u00e4lvh\u00e4ftande<br \/>\n1x pincett av fj\u00e4derst\u00e5l bred - mjuk<br \/>\n1x plastpincett standard<br \/>\n1x Olja f\u00f6r skydd mot myggutbrott<br \/>\n1x drinkare klar 20ml - svamp<br \/>\n1x dryckesflaska 2ml - 360 grader<br \/>\n1x sk\u00e5l klar 1\u00d720 - svamp<br \/>\n1x handf\u00f6rstoringsglas - 2x - 30mm<br \/>\n1x skumtorkare 150x18x2,5mm<\/p>\n<p><strong>Beskrivning:<\/strong><br \/>\nDetta expanderbara startset, speciellt f\u00f6r olika arter av v\u00e4vmyror som Polyrhachis spec. eller Oecophylla spec. inneh\u00e5ller inte bara det optimalt anpassade formikariet utan \u00e4ven l\u00e4mpliga tillbeh\u00f6r f\u00f6r att h\u00e5lla denna myrart.<\/p>\n<p>Skjutd\u00f6rren p\u00e5 framsidan (\u00f6ppning 150x200 mm) underl\u00e4ttar arbetet i formikariet, \u00e4ven med stora kolonier eller plantering av formikariet med en v\u00e4rdv\u00e4xt, t.ex. Oecophylla smaragdina. Ytterligare formicarier kan anslutas via de tv\u00e5 50 mm h\u00e5len p\u00e5 sidan. Gallerinsatserna i rostfritt st\u00e5l ger god ventilation och \u00e4r robusta mot mekanisk p\u00e5verkan. Termo- och hygrometern i systemet \u00e4r absolut barn- och husdjurss\u00e4ker och g\u00f6r det enkelt att kontrollera klimatv\u00e4rdena. Vid behov kan luftfuktigheten \u00f6kas med sprayflaskan. Drickaren Clear 20 ml - svamp \u00e4r avsedd f\u00f6r f\u00e4rskvatten, drickaren 2 ml - 360 grader f\u00f6r honung eller sockerl\u00f6sning.<\/p>\n<p><strong>Viktigt:<\/strong> Fukta substratet innan du anv\u00e4nder det, s\u00e5 att blandningen kan sm\u00e4lta samman och f\u00e5 ett fast grepp i myrstacken. Dessutom kan f\u00f6r torrt och dammigt substrat leda till att myrornas luftv\u00e4gar blockeras och i v\u00e4rsta fall kv\u00e4vs djuren.<\/p>\n<p><strong>Viktig anm\u00e4rkning om skjutd\u00f6rrsramen:<\/strong><br \/>\nRamen kan enkelt f\u00e4stas p\u00e5 skruvarna som \u00e4r f\u00e4sta p\u00e5 skjutd\u00f6rrens skenor. F\u00f6r att g\u00f6ra detta, lossa f\u00f6rsiktigt <strong>endast<\/strong> muttrarna inuti. En liten stj\u00e4rnskruvmejsel (kryssskruvmejsel) beh\u00f6vs. S\u00e4tt ihop ramen och h\u00e4ng upp insidan p\u00e5 skruvarna. S\u00e4tt sedan f\u00f6rsiktigt tillbaka muttrarna och <strong>Vrid under inga omst\u00e4ndigheter f\u00f6r h\u00e5rt,<\/strong> annars kan glaset skadas.<\/p>\n<p><strong>Anm\u00e4rkningar om produktionen<\/strong><br \/>\nGlaset \u00e4r skuret enligt DIN 1249 med en tolerans p\u00e5 +\/- 1 mm. F\u00f6r extremt sm\u00e5 myrarter \u00e4r det n\u00f6dv\u00e4ndigt med ytterligare utbrytningsskydd.<\/p>\n<p><strong>Anm\u00e4rkning om honungsdagg:<\/strong><br \/>\nInneh\u00e5ll: 10 ml<br \/>\nDetta \u00e4r en naturlig produkt som vi har f\u00f6rfinat efter omfattande tester i v\u00e5rt laboratorium och utvecklat till ett foder som myrorna accepterar mycket v\u00e4l. Anledningen \u00e4r att obearbetad honungsdagghonung i sin koncentrerade ursprungliga form inte accepteras v\u00e4l av myror och deras \u00e4mnesoms\u00e4ttning.<br \/>\nV\u00e5r honungsdagg har samlats in i de or\u00f6rda vilda bergsskogarna i Bulgarien. Honungsdagg produceras endast under en mycket begr\u00e4nsad period, cirka tv\u00e5 m\u00e5nader p\u00e5 sommaren. D\u00e4rf\u00f6r \u00e4r den mycket s\u00e4llsynt. P\u00e5 grund av skogarnas specifika markegenskaper och klimatet har existentiellt viktiga n\u00e4rings\u00e4mnen lagrats i tr\u00e4dens blad, vilka absorberas av bladl\u00f6ssen. Det \u00e4r detta som g\u00f6r denna honungsduggblandning s\u00e5 \u00e5tr\u00e5v\u00e4rd f\u00f6r myrorna.<\/p>\n<p><strong>Anv\u00e4ndning:<\/strong><br \/>\nM\u00e4ngden mat b\u00f6r konsumeras inom cirka 3 dagar.<\/p>\n<p><strong>Beskrivning:<\/strong><br \/>\nHonungsdagg kommer, till skillnad fr\u00e5n honung fr\u00e5n blommor, fr\u00e5n sekret fr\u00e5n v\u00e4xtsugande insekter, t.ex. bladl\u00f6ss. Honungsdagg \u00e4r en favoritf\u00f6da f\u00f6r m\u00e5nga insekter, t.ex. myror, bin och till och med humlor. Bin och humlor slickar det fr\u00e5n blad eller barr fr\u00e5n olika tr\u00e4d. Myror som Lasius niger h\u00e5ller bladl\u00f6ss regelbundet. De f\u00f6rsvarar dem till och med mot rovdjur och b\u00e4r dem till nya skott.<\/p>\n<p>Honungsmelon \u00e4r popul\u00e4r bland myror fr\u00e4mst p\u00e5 grund av dess n\u00e5got annorlunda best\u00e5ndsdelar. De viktigaste sockerarterna i honungsmelon \u00e4r sackaros och fruktos, men mindre m\u00e4ngder maltos, trehalos, melezitos, raffinos och andra oligosackarider f\u00f6rekommer ocks\u00e5. F\u00f6rutom sockerarter och vatten inneh\u00e5ller honungsmelon \u00e4ven existentiellt viktiga aminosyror, mineraler, sp\u00e5r\u00e4mnen, adenosinfosfater och andra ingredienser, t.ex. vitaminer.<\/p>\n<p><strong>Anv\u00e4ndning:<\/strong><br \/>\nF\u00f6r honungs\u00e4tande myrarter (Meliphagidae).<br \/>\nDet \u00e4r ett kompletterande foder<br \/>\nDet kan erbjudas till djuren i det levererade tillst\u00e5ndet. Eftersom fukt minskar sockerkoncentrationen och startar en j\u00e4sningsprocess b\u00f6r fodret bytas var 3:e dag. Reng\u00f6r fodersk\u00e5len\/r\u00f6ret noggrant f\u00f6re \u00e5teranv\u00e4ndning.<br \/>\nEn \u00f6ppnad f\u00f6rpackning ska anv\u00e4ndas t\u00e4tt st\u00e4ngd tills det angivna datumet (b\u00e4st f\u00f6re-datum).<\/p>\n<p><strong>N\u00e4ringsv\u00e4rde per 100 g:<\/strong><br \/>\nca 2,7 % fetter<br \/>\nd\u00e4rav m\u00e4ttad ca. 0,45 %<br \/>\nca 95 % kolhydrater<br \/>\nd\u00e4rav socker ca. 71%<br \/>\nca 2.85% protein<br \/>\nMineraler (kalium, kalcium, koppar, j\u00e4rn, natrium, magnesium, fosfor, zink och andra sp\u00e5r\u00e4mnen). Aminosyror (prolin, leucin, fenylalanin, alanin, histidin, isoleucin, glutaminsyra, arginin, asparaginsyra etc.) Organiska syror Enzymer (j\u00e4sningar)Aromer Inhibiner (antibakteriella \u00e4mnen) Blommor Pollen<\/p>\n<p><strong>F\u00f6rvaring:<\/strong><br \/>\nF\u00f6r att s\u00e4kerst\u00e4lla foderkvaliteten b\u00f6r foder lagras p\u00e5 en m\u00f6rk, torr plats.<\/p>\n<p><strong>Meddelande:<\/strong><br \/>\nTill\u00e4ggsfoder f\u00f6r honungs\u00e4tande myror.<br \/>\nSe bipacksedeln f\u00f6r sammans\u00e4ttning, analytiska ingredienser, b\u00e4st f\u00f6re-datum och partinummer.<\/p>\n<p>Informationshotline +49 30 439703870<\/p>\n<p><strong>Ansvarig veterin\u00e4r- och livsmedelsmyndighet:<\/strong><br \/>\nSteglitz Veterin\u00e4rbyr\u00e5<br \/>\nK\u00f6nigin-Luise-Str. 92<br \/>\n14195 Berlin<\/p>\n<p><strong>Anm\u00e4rkning om blancherade syrsor:<\/strong><br \/>\nV\u00e5ra blancherade syrsor \u00e4r ett enkelt s\u00e4tt att f\u00f6rse dina myror med nykonserverad proteinmat utan att beh\u00f6va mata levande insekter. De inkluderade syrsorna (Acheta domesticus) har blancherats f\u00f6rsiktigt f\u00f6r att s\u00e4kerst\u00e4lla att n\u00e4ringsv\u00e4rde, smak och arom bevaras. Dessutom mjukas insekternas kitinskal upp p\u00e5 detta s\u00e4tt s\u00e5 att det kan sm\u00e4lta l\u00e4ttare. F\u00f6reningarna i de kollagena proteinerna bryts ner s\u00e5 att myrorna kan utnyttja dem b\u00e4ttre. Acheta domesticus p\u00e5 burk har samma n\u00e4ringsv\u00e4rde som levande syrsor, men \u00e4r l\u00e4ttare att sm\u00e4lta.<\/p>\n<p>De blanka syrsorna \u00e4r inte l\u00e4mpliga f\u00f6r att jaga myrarter som kr\u00e4ver levande f\u00f6da (t.ex. poneriner (urmyror) som Harpegnathos eller Odontomachus).<\/p>\n<p><strong>Andra f\u00f6rdelar:<\/strong><br \/>\nGaranterat fri fr\u00e5n kvalster<br \/>\nPortionerbar<br \/>\nSteriliserat och vakuumiserat<br \/>\nUtan tillsatser<br \/>\nSyrsor fr\u00e5n h\u00e5llbar rent ekologisk uppf\u00f6dning, matade med organiskt avfall<\/p>\n<p><strong>Meddelande:<\/strong><br \/>\nN\u00e4r den har \u00f6ppnats h\u00e5ller den sig ungef\u00e4r fyra dagar i kylsk\u00e5p. L\u00e4ngre h\u00e5llbarhet om den fryses in.<\/p>","protected":false},"excerpt":{"rendered":"<p>Setet best\u00e5r av 25 delar.<br \/>\nStorlek:<\/p>","protected":false},"featured_media":6710,"comment_status":"open","ping_status":"closed","template":"","meta":{"_acf_changed":false,"content-type":"","_monsterinsights_skip_tracking":false,"_monsterinsights_sitenote_active":false,"_monsterinsights_sitenote_note":"","_monsterinsights_sitenote_category":0},"product_brand":[],"product_cat":[354,73],"product_tag":[],"class_list":{"0":"post-6737","1":"product","2":"type-product","3":"status-publish","4":"has-post-thumbnail","6":"product_cat-starter-sets-for-weaver-ants","7":"product_cat-starter-sets","8":"product_shipping_class-forwarding-on-pallet","10":"first","11":"instock","12":"taxable","13":"shipping-taxable","14":"purchasable","15":"product-type-simple"},"acf":[],"aioseo_notices":[],"jetpack_sharing_enabled":true,"_links":{"self":[{"href":"https:\/\/clone.antcube.shop\/sv\/wp-json\/wp\/v2\/product\/6737","targetHints":{"allow":["GET"]}}],"collection":[{"href":"https:\/\/clone.antcube.shop\/sv\/wp-json\/wp\/v2\/product"}],"about":[{"href":"https:\/\/clone.antcube.shop\/sv\/wp-json\/wp\/v2\/types\/product"}],"replies":[{"embeddable":true,"href":"https:\/\/clone.antcube.shop\/sv\/wp-json\/wp\/v2\/comments?post=6737"}],"wp:featuredmedia":[{"embeddable":true,"href":"https:\/\/clone.antcube.shop\/sv\/wp-json\/wp\/v2\/media\/6710"}],"wp:attachment":[{"href":"https:\/\/clone.antcube.shop\/sv\/wp-json\/wp\/v2\/media?parent=6737"}],"wp:term":[{"taxonomy":"product_brand","embeddable":true,"href":"https:\/\/clone.antcube.shop\/sv\/wp-json\/wp\/v2\/product_brand?post=6737"},{"taxonomy":"product_cat","embeddable":true,"href":"https:\/\/clone.antcube.shop\/sv\/wp-json\/wp\/v2\/product_cat?post=6737"},{"taxonomy":"product_tag","embeddable":true,"href":"https:\/\/clone.antcube.shop\/sv\/wp-json\/wp\/v2\/product_tag?post=6737"}],"curies":[{"name":"wp","href":"https:\/\/api.w.org\/{rel}","templated":true}]}}