{"id":10607,"date":"2024-11-29T12:11:26","date_gmt":"2024-11-29T11:11:26","guid":{"rendered":"https:\/\/antcube.shop\/?page_id=10607"},"modified":"2024-12-03T12:53:14","modified_gmt":"2024-12-03T11:53:14","slug":"karinca-bakimi-icin-kilavuz-ilkeler","status":"publish","type":"page","link":"https:\/\/clone.antcube.shop\/tr\/karinca-bakimi-icin-kilavuz-ilkeler\/","title":{"rendered":"Kar\u0131nca bak\u0131m\u0131 i\u00e7in y\u00f6nergeler"},"content":{"rendered":"<div id=\"gap-882805111\" class=\"gap-element clearfix\" style=\"display:block; height:auto;\">\n\t\t\n<style>\n#gap-882805111 {\n  padding-top: 190px;\n}\n<\/style>\n\t<\/div>\n\t\n\n<div class=\"row\"  id=\"row-1848229331\">\n\n\n\t<div id=\"col-1948086182\" class=\"col small-12 large-12\"  >\n\t\t\t\t<div class=\"col-inner\"  >\n\t\t\t\n\t\t\t\n\n<h1><b>Kar\u0131nca beslemek i\u00e7in y\u00f6nergeler<\/b><\/h1>\n<h2><b>T\u00fcrler ve do\u011fa koruma hakk\u0131nda \u00f6nemli not<\/b><\/h2>\n<ul>\n<li style=\"font-weight: 400;\" aria-level=\"1\"><b>Hasar ve hastal\u0131k riski:<\/b><span style=\"font-weight: 400;\"> Canl\u0131 hayvanlar hasara neden olabilir veya hastal\u0131k bula\u015ft\u0131rabilir. \u00d6zellikle alerjisi olanlar dikkatli olmal\u0131d\u0131r.<\/span><\/li>\n<li style=\"font-weight: 400;\" aria-level=\"1\"><b>Serbest b\u0131rakmak yasak:<\/b><span style=\"font-weight: 400;\"> Yerli ve yabanc\u0131 flora ve faunay\u0131 korumak amac\u0131yla kar\u0131ncalar hi\u00e7bir ko\u015ful alt\u0131nda do\u011faya sal\u0131namaz. Kar\u0131ncalar\u0131n resmi izin olmadan do\u011faya sal\u0131nmas\u0131, do\u011fa koruma mevzuat\u0131 kapsam\u0131nda cezaland\u0131r\u0131labilir bir su\u00e7tur. Eski kolonileri \u00fccretsiz olarak geri almay\u0131 teklif ediyoruz.<\/span><\/li>\n<li style=\"font-weight: 400;\" aria-level=\"1\"><b>T\u00fcr tan\u0131mlamas\u0131: <\/b><span style=\"font-weight: 400;\">Kar\u0131nca t\u00fcrleri bilgimiz dahilinde tespit edilmi\u015ftir. Daha sonra de\u011fi\u015fiklik olmas\u0131 durumunda, koloniyi iade etme hakk\u0131na sahipsiniz.<\/span><\/li>\n<\/ul>\n<h2><b>Kar\u0131ncalar\u0131n sevkiyat\u0131<\/b><\/h2>\n<ul>\n<li style=\"font-weight: 400;\" aria-level=\"1\"><b>Teslimat alan\u0131: <\/b><span style=\"font-weight: 400;\">Canl\u0131 hayvanlar sadece AB i\u00e7inde sevk edilir. B\u00f6lgesel ithalat y\u00f6netmelikleri yerel veterinerlik ofisinden al\u0131nmal\u0131d\u0131r.<\/span><\/li>\n<li style=\"font-weight: 400;\" aria-level=\"1\"><b>Sevkiyat s\u0131ras\u0131ndaki s\u0131cakl\u0131klar:<\/b>\n<ul>\n<li style=\"font-weight: 400;\" aria-level=\"2\"><b>Gece s\u0131cakl\u0131klar\u0131:<\/b>\n<ul>\n<li style=\"font-weight: 400;\" aria-level=\"3\"><span style=\"font-weight: 400;\">Kuzey ve Orta Avrupa t\u00fcrleri: <span data-text-color=\"alert\">&gt;0\u00b0C<\/span> (Express: <span data-text-color=\"alert\">&gt;-5\u00b0C<\/span> yal\u0131t\u0131m ile)<\/span><\/li>\n<li style=\"font-weight: 400;\" aria-level=\"3\"><span style=\"font-weight: 400;\">G\u00fcney Avrupa t\u00fcrleri: <span data-text-color=\"secondary\">&gt;+5\u00b0C<\/span> (Express: <span data-text-color=\"secondary\">&gt;0\u00b0C<\/span> yal\u0131t\u0131m ile)<\/span><\/li>\n<li style=\"font-weight: 400;\" aria-level=\"3\"><span style=\"font-weight: 400;\">Tropikal t\u00fcrler: <span data-text-color=\"secondary\">&gt;+10\u00b0C<\/span> (Express: <span data-text-color=\"secondary\">&gt;+5\u00b0C<\/span> \u0131s\u0131 paketi ile)<\/span><\/li>\n<\/ul>\n<\/li>\n<li style=\"font-weight: 400;\" aria-level=\"2\"><b>G\u00fcnd\u00fcz s\u0131cakl\u0131klar\u0131: <\/b><span style=\"font-weight: 400;\">Maksimum <span data-text-color=\"alert\">+30\u00b0C<\/span> t\u00fcm t\u00fcrler i\u00e7in.<\/span><\/li>\n<\/ul>\n<\/li>\n<\/ul>\n<p><span style=\"font-weight: 400;\">Sipari\u015f edilen kar\u0131ncalar belirtilen s\u0131cakl\u0131k aral\u0131klar\u0131 d\u0131\u015f\u0131nda g\u00f6nderilmeyecektir. M\u00fcmk\u00fcn olan en erken tarihte g\u00f6nderilecektir.<\/span><\/p>\n<p><span style=\"font-weight: 400;\">E-posta ile ayr\u0131ca bilgilendirileceksiniz.\u00a0<\/span><\/p>\n<h2><b>Kar\u0131nca tutma<\/b><\/h2>\n<ul>\n<li style=\"font-weight: 400;\" aria-level=\"1\"><span style=\"font-weight: 400;\">Ayr\u0131nt\u0131l\u0131 yeti\u015ftirme bilgileri, ilgili t\u00fcrlerin \u00fcr\u00fcn a\u00e7\u0131klamalar\u0131nda bulunabilir.<\/span><\/li>\n<\/ul>\n<h3><b>Kar\u0131nca beslemeyle ilgili sorunlar<\/b><\/h3>\n<ol>\n<li><b> kar\u0131nca \u00f6l\u00fcmleri - olas\u0131 nedenler<\/b><\/li>\n<\/ol>\n<ul>\n<li style=\"font-weight: 400;\" aria-level=\"1\"><b>Su kalitesi:<\/b>\n<ul>\n<li style=\"font-weight: 400;\" aria-level=\"2\"><span style=\"font-weight: 400;\">Musluk suyu, klor veya bak\u0131r nedeniyle kar\u0131ncalar i\u00e7in zehirli olabilir.<\/span><\/li>\n<li style=\"font-weight: 400;\" aria-level=\"2\"><b>\u00d6neri: <\/b><span style=\"font-weight: 400;\">Dam\u0131t\u0131lm\u0131\u015f su de\u011fil, filtrelenmi\u015f veya ya\u011fmur suyu kullan\u0131n.<\/span><\/li>\n<\/ul>\n<\/li>\n<li style=\"font-weight: 400;\" aria-level=\"1\"><b>Substrat:<\/b>\n<ul>\n<li style=\"font-weight: 400;\" aria-level=\"2\"><span style=\"font-weight: 400;\">Ku\u015f kumu kar\u0131ncalara zarar verebilecek dezenfektanlar i\u00e7erir.<\/span><\/li>\n<li style=\"font-weight: 400;\" aria-level=\"2\"><b>\u00d6neri: <\/b><span style=\"font-weight: 400;\">Kullan\u0131ma haz\u0131r \u00fcr\u00fcnlerimizi kullan\u0131n <\/span><b>zemin tabanlar\u0131 <\/b><span style=\"font-weight: 400;\">veya i\u015flenmemi\u015f kuvars kumu kullan\u0131n ve \u00f6nceden y\u0131kay\u0131n veya f\u0131r\u0131nlay\u0131n.<\/span><\/li>\n<\/ul>\n<\/li>\n<li style=\"font-weight: 400;\" aria-level=\"1\"><b>Bitkiler:<\/b>\n<ul>\n<li style=\"font-weight: 400;\" aria-level=\"2\"><span style=\"font-weight: 400;\">Yap\u0131 marketlerden veya bah\u00e7e merkezlerinden al\u0131nan canl\u0131 bitkiler genellikle pestisitlerle muamele edilir.<\/span><\/li>\n<li style=\"font-weight: 400;\" aria-level=\"2\"><b>\u00d6neri: <\/b><span style=\"font-weight: 400;\">Organik bitkiler veya \u00f6zel teraryum d\u00fckkanlar\u0131ndan al\u0131nan bitkiler kullan\u0131n.<\/span><\/li>\n<li style=\"font-weight: 400;\" aria-level=\"2\"><span style=\"font-weight: 400;\">Alternatif olarak, evinizde en az bir y\u0131l boyunca pestisit veya g\u00fcbre eklenmeden tutulan bitkileri de kullanabilirsiniz.<\/span><\/li>\n<\/ul>\n<\/li>\n<li style=\"font-weight: 400;\" aria-level=\"1\"><b>Temizlik:<\/b>\n<ul>\n<li style=\"font-weight: 400;\" aria-level=\"2\"><span style=\"font-weight: 400;\">Cam temizleyiciler ve kimyasal maddeler zararl\u0131d\u0131r.<\/span><\/li>\n<li style=\"font-weight: 400;\" aria-level=\"2\"><b>\u00d6neri: <\/b><span style=\"font-weight: 400;\">Temiz su ile temizleme veya organik temizleyici kullan\u0131n.<\/span><\/li>\n<\/ul>\n<\/li>\n<li style=\"font-weight: 400;\" aria-level=\"1\"><b>Formikaryum yap\u0131m\u0131:<\/b>\n<ul>\n<li style=\"font-weight: 400;\" aria-level=\"2\"><span style=\"font-weight: 400;\">Solvent veya antibakteriyel silikon i\u00e7eren malzemeler uygun de\u011fildir.<\/span><\/li>\n<li style=\"font-weight: 400;\" aria-level=\"2\"><b>\u00d6neri: <\/b><span style=\"font-weight: 400;\">Solvent i\u00e7ermeyen maddeler veya akvaryum silikonu kullan\u0131n.<\/span><\/li>\n<\/ul>\n<\/li>\n<li style=\"font-weight: 400;\" aria-level=\"1\"><b>Beslenme:<\/b>\n<ul>\n<li style=\"font-weight: 400;\" aria-level=\"2\"><span style=\"font-weight: 400;\">G\u0131da hayvanlar\u0131ndaki koruyucu maddeler ve parazitler zararl\u0131 olabilir. Buna ek olarak, toplu olarak yeti\u015ftirilen g\u0131da hayvanlar\u0131 genellikle kar\u0131ncalara zarar verebilecek akarlarla istila edilir.\u00a0<\/span><\/li>\n<li style=\"font-weight: 400;\" aria-level=\"2\"><b>\u00d6neri: <\/b><span style=\"font-weight: 400;\">Pestisitlerle kirlenmi\u015f olabilecek yollardan ve tarlalardan uzakta toplanm\u0131\u015f organik g\u0131dalar veya do\u011fadan gelen b\u00f6cekleri kullan\u0131n.<\/span><\/li>\n<\/ul>\n<\/li>\n<li style=\"font-weight: 400;\" aria-level=\"1\"><b>S\u0131cakl\u0131k:<\/b>\n<ul>\n<li style=\"font-weight: 400;\" aria-level=\"2\"><span style=\"font-weight: 400;\">Formikarya do\u011frudan g\u00fcne\u015f \u0131\u015f\u0131\u011f\u0131 nedeniyle \u00f6nemli \u00f6l\u00e7\u00fcde \u0131s\u0131nabilir.<\/span><\/li>\n<li style=\"font-weight: 400;\" aria-level=\"2\"><b>\u00d6neri: <\/b><span style=\"font-weight: 400;\">Min\/maks fonksiyonu olan bir termometre kullan\u0131n.<\/span><\/li>\n<\/ul>\n<\/li>\n<li style=\"font-weight: 400;\" aria-level=\"1\"><b>K\u0131\u015f uykusu:<\/b>\n<ul>\n<li style=\"font-weight: 400;\" aria-level=\"2\"><span style=\"font-weight: 400;\">K\u0131\u015f uykusu s\u0131ras\u0131nda, kurumay\u0131 \u00f6nlemek i\u00e7in yuvan\u0131n nemli oldu\u011fundan emin olun.<\/span><\/li>\n<\/ul>\n<\/li>\n<\/ul>\n<ol start=\"2\">\n<li><b> krali\u00e7e yumurtlam\u0131yor - olas\u0131 nedenler<\/b><\/li>\n<\/ol>\n<ul>\n<li style=\"font-weight: 400;\" aria-level=\"1\"><b>Sezon: <\/b><span style=\"font-weight: 400;\">Avrupa t\u00fcrleri sonbahar\/k\u0131\u015f aylar\u0131nda yumurta b\u0131rakmaz<\/span><b>.<\/b><\/li>\n<li style=\"font-weight: 400;\" aria-level=\"1\"><b>Stres: <\/b><span style=\"font-weight: 400;\">Ta\u015f\u0131ma veya yuva rahats\u0131zl\u0131klar\u0131 krali\u00e7eyi huzursuz edebilir.<\/span><\/li>\n<li style=\"font-weight: 400;\" aria-level=\"1\"><b>Protein eksikli\u011fi: <\/b><span style=\"font-weight: 400;\">Yavru geli\u015fimi protein a\u00e7\u0131s\u0131ndan zengin besin gerektirir.<\/span><\/li>\n<li style=\"font-weight: 400;\" aria-level=\"1\"><b>Gizli yumurtalar: <\/b><span style=\"font-weight: 400;\">Yumurtalar ta\u015f\u0131ma kab\u0131nda veya pamuk y\u00fcn\u00fcn\u00fcn i\u00e7inde bulunabilir.<\/span><\/li>\n<li style=\"font-weight: 400;\" aria-level=\"1\"><b>\u0130klim: <\/b><span style=\"font-weight: 400;\">Optimum ko\u015fullar (substrat, karanl\u0131k, s\u0131cakl\u0131k, nem) \u00e7ok \u00f6nemlidir.<\/span><\/li>\n<li style=\"font-weight: 400;\" aria-level=\"1\"><b>\u00d6neri: <\/b><span style=\"font-weight: 400;\">Yeni ba\u015flayanlar, \u00e7ok say\u0131da deneyim raporunun mevcut oldu\u011fu t\u00fcrleri se\u00e7melidir.<\/span><\/li>\n<\/ul>\n<p><span style=\"font-weight: 400;\">Bu k\u0131lavuz, kar\u0131ncalar\u0131n ba\u015far\u0131l\u0131 bir \u015fekilde nas\u0131l beslenece\u011fine dair temel bilgiler sunmaktad\u0131r. Herhangi bir sorunuz veya sorununuz varsa, deneyimli bak\u0131c\u0131lara veya uzman ma\u011fazalara ba\u015fvurman\u0131z \u00f6nerilir.<\/span><\/p>\n\n\t\t<\/div>\n\t\t\t\t\t<\/div>\n\n\t\n\n<\/div>","protected":false},"excerpt":{"rendered":"","protected":false},"author":1,"featured_media":0,"parent":0,"menu_order":0,"comment_status":"closed","ping_status":"closed","template":"","meta":{"_acf_changed":false,"content-type":"","_monsterinsights_skip_tracking":false,"_monsterinsights_sitenote_active":false,"_monsterinsights_sitenote_note":"","_monsterinsights_sitenote_category":0,"footnotes":""},"class_list":["post-10607","page","type-page","status-publish","hentry"],"acf":[],"aioseo_notices":[],"jetpack_sharing_enabled":true,"_links":{"self":[{"href":"https:\/\/clone.antcube.shop\/tr\/wp-json\/wp\/v2\/pages\/10607","targetHints":{"allow":["GET"]}}],"collection":[{"href":"https:\/\/clone.antcube.shop\/tr\/wp-json\/wp\/v2\/pages"}],"about":[{"href":"https:\/\/clone.antcube.shop\/tr\/wp-json\/wp\/v2\/types\/page"}],"author":[{"embeddable":true,"href":"https:\/\/clone.antcube.shop\/tr\/wp-json\/wp\/v2\/users\/1"}],"replies":[{"embeddable":true,"href":"https:\/\/clone.antcube.shop\/tr\/wp-json\/wp\/v2\/comments?post=10607"}],"version-history":[{"count":5,"href":"https:\/\/clone.antcube.shop\/tr\/wp-json\/wp\/v2\/pages\/10607\/revisions"}],"predecessor-version":[{"id":10717,"href":"https:\/\/clone.antcube.shop\/tr\/wp-json\/wp\/v2\/pages\/10607\/revisions\/10717"}],"wp:attachment":[{"href":"https:\/\/clone.antcube.shop\/tr\/wp-json\/wp\/v2\/media?parent=10607"}],"curies":[{"name":"wp","href":"https:\/\/api.w.org\/{rel}","templated":true}]}}