{"id":500,"date":"2021-07-21T10:22:03","date_gmt":"2021-07-21T08:22:03","guid":{"rendered":"https:\/\/antcube.shop\/?page_id=500"},"modified":"2024-12-03T12:41:56","modified_gmt":"2024-12-03T11:41:56","slug":"sartlar-ve-kosullar","status":"publish","type":"page","link":"https:\/\/clone.antcube.shop\/tr\/sartlar-ve-kosullar\/","title":{"rendered":"\u015eartlar ve ko\u015fullar"},"content":{"rendered":"<div id=\"gap-926493055\" class=\"gap-element clearfix\" style=\"display:block; height:auto;\">\n\t\t\n<style>\n#gap-926493055 {\n  padding-top: 196px;\n}\n@media (min-width:850px) {\n  #gap-926493055 {\n    padding-top: 190px;\n  }\n}\n<\/style>\n\t<\/div>\n\t\n\n<div class=\"row\"  id=\"row-1388885210\">\n\n\n\t<div id=\"col-533733111\" class=\"col small-12 large-12\"  >\n\t\t\t\t<div class=\"col-inner\"  >\n\t\t\t\n\t\t\t\n\n<h1><b>Genel H\u00fck\u00fcm ve Ko\u015fullar <\/b><\/h1>\n<p><b>i\u00e7in <\/b><a href=\"http:\/\/www.clone.antcube.shop\"><b>www.clone.antcube.shop<\/b><\/a><span style=\"font-weight: 400;\"> ANTSTORE, Martin Sebesta, Selerweg 41, 12169 Berlin, bundan b\u00f6yle \"Sat\u0131c\u0131\" olarak an\u0131lacakt\u0131r.<\/span><\/p>\n<h2><b>\u00a7 1 Uygulama kapsam\u0131, genel bilgiler, tan\u0131mlar<\/b><\/h2>\n<p><span style=\"font-weight: 400;\">(1) Bu Genel H\u00fck\u00fcm ve Ko\u015fullar (G\u015eK), web sitesindeki \u00e7evrimi\u00e7i ma\u011faza arac\u0131l\u0131\u011f\u0131yla yap\u0131lan t\u00fcm mal ve hizmet sipari\u015fleri i\u00e7in ge\u00e7erlidir <\/span><b>clone.antcube.shop<\/b><span style=\"font-weight: 400;\">ANTSTORE, Martin Sebesta, Selerweg 41, 12169 Berlin taraf\u0131ndan i\u015fletilmektedir. E-posta: <\/span><a href=\"mailto:verkauf@antstore.de\"><span style=\"font-weight: 400;\">verkauf@antstore.de<\/span><\/a><span style=\"font-weight: 400;\"> \/ law@ants.de\u00a0<\/span><\/p>\n<p><span style=\"font-weight: 400;\">(2) Sat\u0131c\u0131, \u00f6zellikle \u00e7evrimi\u00e7i ma\u011fazas\u0131 arac\u0131l\u0131\u011f\u0131yla kar\u0131nca muhafazas\u0131 ve aksesuarlar i\u00e7in \u00fcr\u00fcnler sunmaktad\u0131r. G\u015eK, sat\u0131c\u0131 ile m\u00fc\u015fteri aras\u0131ndaki i\u015f ili\u015fkisi i\u00e7in sipari\u015f s\u0131ras\u0131nda ge\u00e7erli olan versiyonda ge\u00e7erlidir.<\/span><\/p>\n<p><span style=\"font-weight: 400;\">(3) Bu G\u015eK kapsam\u0131nda t\u00fcketici, a\u011f\u0131rl\u0131kl\u0131 olarak ticareti, i\u015fi veya mesle\u011fi d\u0131\u015f\u0131nda kalan ama\u00e7lar i\u00e7in yasal bir i\u015flem yapan herhangi bir ger\u00e7ek ki\u015fidir. Giri\u015fimciler, yasal bir i\u015flem ger\u00e7ekle\u015ftirirken ticari veya serbest meslek faaliyetlerini icra eden ger\u00e7ek veya t\u00fczel ki\u015filer ya da ortakl\u0131klard\u0131r.<\/span><\/p>\n<p><span style=\"font-weight: 400;\">(4) M\u00fcnferit s\u00f6zle\u015fmesel anla\u015fmalar bu G\u015eK'ya g\u00f6re \u00f6nceliklidir. M\u00fc\u015fterinin farkl\u0131 h\u00fck\u00fcm ve ko\u015fullar\u0131 ancak sat\u0131c\u0131 bunlar\u0131 a\u00e7\u0131k\u00e7a kabul etmi\u015fse tan\u0131nacakt\u0131r.<\/span><\/p>\n<h2><b>\u00a7 2 S\u00f6zle\u015fmenin imzalanmas\u0131<\/b><\/h2>\n<p><span style=\"font-weight: 400;\">(1) \u0130lgili \u00fcr\u00fcn sayfas\u0131nda aksi belirtilmedik\u00e7e, teslimat alan\u0131 Avrupa Birli\u011fi'ni kapsamaktad\u0131r.<\/span><\/p>\n<p><span style=\"font-weight: 400;\">(2) Mallar\u0131n sat\u0131c\u0131n\u0131n web sitesindeki sunumu ba\u011flay\u0131c\u0131 bir teklif te\u015fkil eder. Sipari\u015f edilen mallar, teknik sunum olanaklar\u0131 nedeniyle makul s\u0131n\u0131rlar dahilinde internette g\u00f6sterilen mallardan biraz farkl\u0131 olabilir, \u00f6zellikle de makul oldu\u011fu \u00f6l\u00e7\u00fcde renk sapmalar\u0131 olabilir.<\/span><\/p>\n<p><span style=\"font-weight: 400;\">(3) Mavi kutuyu i\u015faretleyerek \"<\/span><span style=\"font-weight: 400;\">Sipari\u015finizle birlikte teklifimizi okudu\u011funuzu ve anlad\u0131\u011f\u0131n\u0131z\u0131 beyan etmi\u015f olursunuz<\/span><b>&#8221; <\/b><span style=\"font-weight: 400;\">ve sonra <\/span><span style=\"font-weight: 400;\">\"\u015eimdi sat\u0131n al\" d\u00fc\u011fmesine t\u0131klayan veya \"PayPal ile \u00f6de\" d\u00fc\u011fmesi arac\u0131l\u0131\u011f\u0131yla PayPal'a y\u00f6nlendirilen ve \u00f6deme i\u015flemini burada tamamlayan m\u00fc\u015fteri, al\u0131\u015fveri\u015f sepetindeki mallar\u0131 sat\u0131n almak i\u00e7in ba\u011flay\u0131c\u0131 bir teklif sunar ve bu G\u015eK'n\u0131n ge\u00e7erlili\u011fini kabul eder.<\/span><\/p>\n<p><span style=\"font-weight: 400;\">(4) Sat\u0131c\u0131, sipari\u015fin al\u0131nd\u0131\u011f\u0131n\u0131 e-posta ile teyit eder (sipari\u015f teyidi). Ancak bu sipari\u015f teyidi teklifin kabul edildi\u011fi anlam\u0131na gelmez. S\u00f6zle\u015fme ancak bir sipari\u015f onay\u0131 veya sevkiyat onay\u0131 g\u00f6nderildi\u011finde akdedilmi\u015f olur.<\/span><\/p>\n<p><span style=\"font-weight: 400;\">(5) Sat\u0131c\u0131, be\u015f i\u015f g\u00fcn\u00fc i\u00e7inde sipari\u015fleri kabul etme veya reddetme hakk\u0131n\u0131 sakl\u0131 tutar. Sipari\u015fin kabul edilmemesi durumunda m\u00fc\u015fteri e-posta ile bilgilendirilecektir.<\/span><\/p>\n<p><span style=\"font-weight: 400;\">(6) Sat\u0131c\u0131n\u0131n sorumlu olmad\u0131\u011f\u0131 \u00f6ng\u00f6r\u00fclemeyen teslimat sorunlar\u0131 veya mallar\u0131n mevcut olmamas\u0131 durumunda, hem sat\u0131c\u0131 hem de m\u00fc\u015fteri s\u00f6zle\u015fmeden cayabilir. M\u00fc\u015fteri derhal bilgilendirilecek ve yap\u0131lan \u00f6demeler gecikmeksizin iade edilecektir.<\/span><\/p>\n<p><span style=\"font-weight: 400;\">(7) M\u00fc\u015fteri mallar\u0131 elektronik ortamda sipari\u015f ederse, s\u00f6zle\u015fme metni sat\u0131c\u0131 taraf\u0131ndan kaydedilir ve s\u00f6zle\u015fmenin imzalanmas\u0131ndan sonra yasal olarak ge\u00e7erli G\u015eK ile birlikte m\u00fc\u015fteriye e-posta ile g\u00f6nderilir.<\/span><\/p>\n<h2><b>\u00a7 3 M\u00fc\u015fteri hesab\u0131<\/b><\/h2>\n<p><span style=\"font-weight: 400;\">(1) Web sitemiz \u00fczerinden sat\u0131n alma i\u015flemi genellikle sadece kay\u0131t ile m\u00fcmk\u00fcnd\u00fcr. Ancak, belirli i\u015flevlere eri\u015fmek i\u00e7in bir m\u00fc\u015fteri hesab\u0131 olu\u015fturmak gerekebilir.<\/span><\/p>\n<p><span style=\"font-weight: 400;\">(2) M\u00fc\u015fteri hesab\u0131 a\u00e7ma hakk\u0131 yoktur. Yaln\u0131zca hesab\u0131 \u00f6zel ama\u00e7lar i\u00e7in kullanan re\u015fit ger\u00e7ek ki\u015filer veya yasal i\u015flemi ger\u00e7ekle\u015ftirirken ticari veya ba\u011f\u0131ms\u0131z mesleki faaliyetlerini yerine getiren giri\u015fimciler ve t\u00fczel ki\u015filer veya yasal ehliyete sahip ortakl\u0131klar kay\u0131t yapt\u0131rabilir. Eri\u015fim verileri gizli tutulmal\u0131d\u0131r ve \u00fc\u00e7\u00fcnc\u00fc taraflara aktar\u0131lamaz.<\/span><\/p>\n<p><span style=\"font-weight: 400;\">(3) \u00c7oklu kay\u0131tlara izin verilmez. M\u00fc\u015fteriler hesaplar\u0131n\u0131 istedikleri zaman hesap y\u00f6netimi \u00fczerinden silebilirler.<\/span><\/p>\n<h2><b>\u00a7 4 Unvan\u0131n sakl\u0131 tutulmas\u0131<\/b><\/h2>\n<p><span style=\"font-weight: 400;\">(1) T\u00fcketiciler s\u00f6z konusu oldu\u011funda, sat\u0131c\u0131, sat\u0131n alma bedelinin tamam\u0131 \u00f6denene kadar mallar\u0131n m\u00fclkiyetini elinde tutar. Giri\u015fimciler s\u00f6z konusu oldu\u011funda, bu durum mevcut i\u015f ili\u015fkisinden kaynaklanan t\u00fcm talepler \u00e7\u00f6z\u00fclene kadar ge\u00e7erlidir.<\/span><\/p>\n<p><span style=\"font-weight: 400;\">(2) M\u00fc\u015fteri taraf\u0131ndan s\u00f6zle\u015fmenin ihlal edilmesi durumunda, \u00f6zellikle \u00f6demede temerr\u00fcde d\u00fc\u015f\u00fclmesi, m\u00fc\u015fterinin kredibilitesi hakk\u0131nda yanl\u0131\u015f bilgi vermesi veya iflas davas\u0131 a\u00e7\u0131lmas\u0131 i\u00e7in ba\u015fvuruda bulunulmas\u0131 halinde, sat\u0131c\u0131 - gerekirse bir s\u00fcre belirledikten sonra - m\u00fc\u015fterinin bedeli hen\u00fcz \u00f6dememi\u015f veya tam olarak \u00f6dememi\u015f olmas\u0131 ko\u015fuluyla s\u00f6zle\u015fmeden \u00e7ekilme ve mallar\u0131n iadesini talep etme hakk\u0131na sahiptir.<\/span><\/p>\n<p><span style=\"font-weight: 400;\">(3) Giri\u015fimci, mallar\u0131 ola\u011fan i\u015f ak\u0131\u015f\u0131 i\u00e7inde yeniden satma yetkisine sahiptir. Bu vesileyle, yeniden sat\u0131\u015f\u0131n bir sonucu olarak \u00fc\u00e7\u00fcnc\u00fc bir tarafa kar\u015f\u0131 kendisine tahakkuk eden fatura tutar\u0131 tutar\u0131ndaki t\u00fcm talepleri Sat\u0131c\u0131ya devreder. Sat\u0131c\u0131 temliki kabul eder. Devirden sonra, giri\u015fimci alaca\u011f\u0131 tahsil etmeye yetkilidir. Sat\u0131c\u0131, giri\u015fimcinin \u00f6deme y\u00fck\u00fcml\u00fcl\u00fcklerini d\u00fczg\u00fcn bir \u015fekilde yerine getirmemesi ve \u00f6deme temerr\u00fcd\u00fcne d\u00fc\u015fmesi halinde alaca\u011f\u0131n\u0131 kendisi tahsil etme hakk\u0131n\u0131 sakl\u0131 tutar.<\/span><\/p>\n<p><span style=\"font-weight: 400;\">(4) Sat\u0131c\u0131, M\u00fc\u015fterinin talebi \u00fczerine, menkul k\u0131ymetlerin ger\u00e7ekle\u015ftirilebilir de\u011ferinin teminat alt\u0131na al\u0131nacak alaca\u011f\u0131 10%'den fazla a\u015ft\u0131\u011f\u0131 \u00f6l\u00e7\u00fcde, hak sahibi oldu\u011fu menkul k\u0131ymetleri serbest b\u0131rakmay\u0131 taahh\u00fct eder. Serbest b\u0131rak\u0131lacak menkul k\u0131ymetlerin se\u00e7imi Sat\u0131c\u0131n\u0131n sorumlulu\u011fundad\u0131r.<\/span><\/p>\n<h2><b>\u00a7 5 Fiyatlar ve \u00f6deme ko\u015fullar\u0131<\/b><\/h2>\n<p><span style=\"font-weight: 400;\">(1) Belirtilen fiyatlar br\u00fct fiyatlard\u0131r, ba\u011flay\u0131c\u0131d\u0131r ve yasal KDV dahildir ve her t\u00fcrl\u00fc KDV hari\u00e7tir. <a href=\"https:\/\/clone.antcube.shop\/en\/shipping-costs-delivery-restrictions\/\">nakliye masraflar\u0131<\/a> KDV dahil olmak \u00fczere tahakkuk eder. Sipari\u015f s\u0131ras\u0131nda g\u00f6sterilen tutar ge\u00e7erli olacakt\u0131r. KDV ve nakliye masraflar\u0131 dahil fiyat, m\u00fc\u015fteri sipari\u015fi g\u00f6ndermeden \u00f6nce sipari\u015f formunda da g\u00f6sterilecektir. Nakliye masraflar\u0131 ayr\u0131ca \u015fu adreste de bulunabilir <\/span><a href=\"https:\/\/clone.antcube.shop\/en\/shipping-costs-delivery-restrictions\/\"><b>g\u00f6nderi\u0307m mali\u0307yetleri\u0307ne genel baki\u015f.<\/b><\/a><\/p>\n<p><span style=\"font-weight: 400;\">(2) M\u00fc\u015fteri, sipari\u015f onay\u0131n\u0131 e-posta veya fatura ile ald\u0131ktan sonra 14 g\u00fcn i\u00e7inde toplam bedeli \u00f6demeyi taahh\u00fct eder. Bu s\u00fcrenin sona ermesinden sonra m\u00fc\u015fteri \u00f6demede temerr\u00fcde d\u00fc\u015fer. Temerr\u00fct s\u00fcresi boyunca t\u00fcketici, bor\u00e7 i\u00e7in temel faiz oran\u0131n\u0131n y\u00fczde 5 puan \u00fczerinde faiz \u00f6deyecektir. Temerr\u00fct s\u00fcresi boyunca giri\u015fimci, bor\u00e7 i\u00e7in baz faiz oran\u0131n\u0131n y\u00fczde 9 puan \u00fczerinde faiz \u00f6deyecektir. Bir \u00f6deme talebinde temerr\u00fcde d\u00fc\u015f\u00fclmesi durumunda, giri\u015fimci ayr\u0131ca 40 avroluk bir toplu \u00f6deme bor\u00e7lu olacakt\u0131r. Bu, giri\u015fimcinin bir hesap \u00f6demesi veya ba\u015fka bir taksit \u00f6demesini geciktirmesi durumunda da ge\u00e7erlidir. Sat\u0131c\u0131, giri\u015fimciden temerr\u00fct i\u00e7in daha y\u00fcksek tazminat talep etme hakk\u0131n\u0131 sakl\u0131 tutar. C\u00fcmle 5'e g\u00f6re maktu tutar, zarar\u0131n yasal i\u015flem masraflar\u0131na dayand\u0131\u011f\u0131 \u00f6l\u00e7\u00fcde, bor\u00e7lu olunan bir tazminat talebinden mahsup edilecektir.<\/span><\/p>\n<p><span style=\"font-weight: 400;\">(3) M\u00fc\u015fteri sadece kar\u015f\u0131 talepleri yasal olarak belirlenmi\u015f, tan\u0131nm\u0131\u015f veya sat\u0131c\u0131 taraf\u0131ndan itiraz edilmemi\u015fse mahsup hakk\u0131na sahip olacakt\u0131r. M\u00fc\u015fterinin bu s\u00f6zle\u015fme ili\u015fkisinin ba\u015flat\u0131lmas\u0131ndan veya y\u00fcr\u00fct\u00fclmesinden kaynaklanan s\u00f6zle\u015fmeye dayal\u0131 ve di\u011fer taleplere kar\u015f\u0131 mahsup hakk\u0131 bundan etkilenmez. M\u00fc\u015fteri ancak kar\u015f\u0131 talebinin ayn\u0131 s\u00f6zle\u015fme ili\u015fkisine dayanmas\u0131 halinde al\u0131koyma hakk\u0131n\u0131 kullanabilir.<\/span><\/p>\n<p><span style=\"font-weight: 400;\">(4) S\u00f6zle\u015fmenin imzalanmas\u0131ndan sonra sipari\u015fte yap\u0131lacak de\u011fi\u015fiklikler, uzatmalar ve s\u0131n\u0131rlamalar sat\u0131c\u0131 taraf\u0131ndan m\u00fcmk\u00fcn oldu\u011funca dikkate al\u0131nacakt\u0131r. Sat\u0131c\u0131, iptal veya garanti talepleri olmad\u0131\u011f\u0131 s\u00fcrece, bunlar i\u00e7in KDV dahil 10,00 \u20ac i\u015flem \u00fccreti alacakt\u0131r. Online ma\u011faza arac\u0131l\u0131\u011f\u0131yla i\u015flenmeyen, manuel olarak i\u015flenecek sipari\u015fler i\u00e7in 20,00 \u20ac i\u015flem \u00fccreti al\u0131yoruz. Online ma\u011faza \u00fczerinden sipari\u015f edilemeyen \u00fcr\u00fcnlere ili\u015fkin sipari\u015fler (\u00f6rn. \u00f6zelle\u015ftirilmi\u015f \u00fcr\u00fcnler) bunun d\u0131\u015f\u0131ndad\u0131r.<\/span><\/p>\n<p><span style=\"font-weight: 400;\">(5) M\u00fc\u015fterinin talebi \u00fczerine s\u00f6zle\u015fmede kararla\u015ft\u0131r\u0131landan daha ge\u00e7 bir tarihte g\u00f6nderilmek \u00fczere sipari\u015f edilen hayvanlardan, sipari\u015f g\u00fcn\u00fcnden sevk g\u00fcn\u00fcne kadar g\u00fcnl\u00fck ve jinekoloji (bak\u0131m \u00e7abas\u0131) ba\u015f\u0131na KDV dahil 2,00 \u20ac tahsil edilecektir. Maksimum 30 g\u00fcn m\u00fcmk\u00fcnd\u00fcr.<\/span><\/p>\n<h2><b>\u00a7 6 <a href=\"https:\/\/clone.antcube.shop\/en\/payment-methods-and-conditions\/\">\u00d6deme y\u00f6ntemleri<\/a><\/b><\/h2>\n<p><span style=\"font-weight: 400;\">(1) Sat\u0131n alma fiyat\u0131 banka havalesi, kredi kart\u0131 veya PayPal ile pe\u015fin olarak \u00f6denebilir. PayPal ile \u00f6deme yap\u0131ld\u0131\u011f\u0131nda, kullan\u0131m ko\u015fullar\u0131 ge\u00e7erlidir. Daha fazla bilgi gizlilik politikam\u0131zda bulunabilir. <a href=\"https:\/\/clone.antcube.shop\/en\/privacy-policy\/\">G\u0130ZL\u0130L\u0130K POL\u0130T\u0130KASI<\/a>.<\/span><\/p>\n<h2><b>\u00a7 7 Nakliye ve teslimat ko\u015fullar\u0131<\/b><\/h2>\n<p><span style=\"font-weight: 400;\">(1) Avrupa deniza\u015f\u0131r\u0131 b\u00f6lgeleri veya eksklavlar\u0131 ve mali \u00f6zerkli\u011fe sahip b\u00f6lgeler (Avrupa Birli\u011fi taraf\u0131ndan \"en d\u0131\u015f b\u00f6lgeler\" olarak adland\u0131r\u0131l\u0131r) hari\u00e7 olmak \u00fczere yaln\u0131zca Avrupa Birli\u011fi \u00fcye \u00fclkelerine g\u00f6nderim yap\u0131yoruz. Almanya ve di\u011fer \u00fclkeler i\u00e7in tahmini teslimat s\u00fcresi <\/span><a href=\"https:\/\/clone.antcube.shop\/en\/shipping-costs-delivery-restrictions\/\"><b>g\u00f6nderi\u0307m mali\u0307yetleri\u0307ne genel baki\u015f.<\/b><\/a><\/p>\n<p><span style=\"font-weight: 400;\">(2) Teslimat s\u00fcresi, pe\u015fin\/banka havalesi veya PayPal ile \u00f6deme yap\u0131lmas\u0131 durumunda \u00f6demenin onaylanmas\u0131ndan bir g\u00fcn sonra ba\u015flayacakt\u0131r. Di\u011fer \u00f6deme y\u00f6ntemleri i\u00e7in s\u00fcre, sipari\u015fin verilmesinden bir g\u00fcn sonra ba\u015flar.<\/span><\/p>\n<p><span style=\"font-weight: 400;\">(3) Son ba\u015fvuru tarihinin ba\u015flang\u0131c\u0131 veya biti\u015fi Cumartesi, Pazar veya resmi tatil g\u00fcn\u00fcne denk geliyorsa, son ba\u015fvuru tarihinin ba\u015flang\u0131c\u0131 veya biti\u015fi bir sonraki i\u015f g\u00fcn\u00fcne ertelenir.<\/span><\/p>\n<p><span style=\"font-weight: 400;\">(4) Sat\u0131c\u0131, m\u00fc\u015fteri i\u00e7in makul olmas\u0131 halinde k\u0131smi teslimat yapma hakk\u0131na sahiptir. Bu, m\u00fc\u015fteri i\u00e7in herhangi bir ek maliyete yol a\u00e7mayacakt\u0131r.<\/span><\/p>\n<p><span style=\"font-weight: 400;\">(5) M\u00fc\u015fteri sipari\u015fini ma\u011fazam\u0131zdan teslim almay\u0131 se\u00e7erse, sipari\u015fin teslim al\u0131nmaya haz\u0131r oldu\u011fu konusunda e-posta ile bilgilendirilecektir.<\/span><\/p>\n<h2><b>\u00a7 8 Risk transferi<\/b><\/h2>\n<p><span style=\"font-weight: 400;\">(1) T\u00fcketiciler s\u00f6z konusu oldu\u011funda, mallar\u0131n kaza sonucu kaybolma ve bozulma riski, mallar\u0131n teslim edilmesiyle birlikte m\u00fc\u015fteriye ge\u00e7er.<\/span><\/p>\n<p><span style=\"font-weight: 400;\">(2) Giri\u015fimciler s\u00f6z konusu oldu\u011funda, risk ta\u015f\u0131ma \u015firketine teslim edildikten sonra m\u00fc\u015fteriye ge\u00e7er.<\/span><\/p>\n<p><span style=\"font-weight: 400;\">(3) M\u00fc\u015fterinin kabulde temerr\u00fcde d\u00fc\u015fmesi halinde, bu durum teslim ile e\u015fde\u011fer say\u0131l\u0131r.<\/span><\/p>\n<h2><b>\u00a7 9 Garanti<\/b><\/h2>\n<p><span style=\"font-weight: 400;\">(1) Garanti, yasal h\u00fck\u00fcmlere tabi olacakt\u0131r. T\u00fcketiciler i\u00e7in garanti s\u00fcresi mallar\u0131n tesliminden itibaren 2 y\u0131ld\u0131r. Bundan farkl\u0131 olarak, giri\u015fimciler i\u00e7in garanti s\u00fcresi teslimattan itibaren 1 y\u0131ld\u0131r. Kullan\u0131lm\u0131\u015f mallar i\u00e7in garanti s\u00fcresi de mallar\u0131n tesliminden itibaren 1 y\u0131ld\u0131r. Bir y\u0131ll\u0131k garanti s\u00fcresi, sat\u0131c\u0131n\u0131n a\u011f\u0131r ihmalle su\u00e7lanabilece\u011fi durumlarda, sat\u0131c\u0131ya atfedilebilecek fiziksel yaralanma ve sa\u011fl\u0131k hasar\u0131 durumunda ve m\u00fc\u015fterinin hayat\u0131n\u0131 kaybetmesi durumunda, garanti durumunda ve \u00a7\u00a7 478, 479 BGB uyar\u0131nca teslimat r\u00fccusu durumunda ge\u00e7erli de\u011fildir. Sat\u0131c\u0131n\u0131n \u00dcr\u00fcn Sorumlulu\u011fu Yasas\u0131 kapsam\u0131ndaki sorumlulu\u011fu bundan etkilenmez.<\/span><\/p>\n<p><span style=\"font-weight: 400;\">(2) 1. paragrafa bak\u0131lmaks\u0131z\u0131n. 1. paragrafa bak\u0131lmaks\u0131z\u0131n, sat\u0131c\u0131n\u0131n bir kusuru hileli bir \u015fekilde gizlemesi durumunda normal zaman a\u015f\u0131m\u0131 s\u00fcresi ge\u00e7erli olacakt\u0131r<\/span><\/p>\n<p><span style=\"font-weight: 400;\">(3) Sipari\u015f edilen mallar, internette g\u00f6sterilen mallardan makul s\u0131n\u0131rlar dahilinde biraz farkl\u0131 olabilir. Bu G\u015eK'nin 2. maddesinin 2. paragraf\u0131na at\u0131fta bulunulmaktad\u0131r.<\/span><\/p>\n<p><span style=\"font-weight: 400;\">(4) T\u00fcketiciler onar\u0131m veya de\u011fi\u015ftirme aras\u0131nda se\u00e7im yapabilir. Sat\u0131c\u0131, ancak orant\u0131s\u0131z bir maliyetle m\u00fcmk\u00fcn olmas\u0131 halinde, se\u00e7ilen m\u00fcteakip yerine getirme t\u00fcr\u00fcn\u00fc reddedebilir.<\/span><\/p>\n<p><span style=\"font-weight: 400;\">(5) A\u00e7\u0131k kusurlar, mallar\u0131n teslim al\u0131nmas\u0131ndan itibaren iki hafta i\u00e7inde giri\u015fimciler taraf\u0131ndan bildirilmelidir. Aksi takdirde garanti talebinde bulunulamaz. Zaman\u0131nda sevkiyat veya bildirim, son tarihe uymak i\u00e7in yeterli olacakt\u0131r. T\u00fcccarlar i\u00e7in \u00a7 377 HGB ge\u00e7erlidir.<\/span><\/p>\n<p><span style=\"font-weight: 400;\">(6) Garanti, yanl\u0131\u015f kullan\u0131mdan kaynaklanan hasarlar\u0131 kapsamaz. \u00dcretici garantileri bundan etkilenmez.<\/span><\/p>\n<h2><b>\u00a7 10 Sorumluluk s\u0131n\u0131rlamalar\u0131<\/b><\/h2>\n<p><span style=\"font-weight: 400;\">(1) Hafif ihmal durumunda, Sat\u0131c\u0131 yaln\u0131zca s\u00f6zle\u015fmeye \u00f6zg\u00fc \u00f6ng\u00f6r\u00fclebilir zararlardan sorumlu olacakt\u0131r. Bu s\u0131n\u0131rlama Sat\u0131c\u0131n\u0131n vekilleri i\u00e7in de ge\u00e7erlidir.<\/span><\/p>\n<p><span style=\"font-weight: 400;\">(2) Sorumluluk s\u0131n\u0131rlamalar\u0131, hileli niyet, \u00f6nemli s\u00f6zle\u015fme y\u00fck\u00fcml\u00fcl\u00fcklerinin ihlali veya ya\u015fam, uzuv veya sa\u011fl\u0131\u011fa zarar verilmesi durumunda ge\u00e7erli olmayacakt\u0131r.<\/span><\/p>\n<p><span style=\"font-weight: 400;\">(3) M\u00fc\u015fteri, zarar\u0131 \u00f6nlemek ve en aza indirmek i\u00e7in uygun \u00f6nlemleri almakla y\u00fck\u00fcml\u00fcd\u00fcr.<\/span><\/p>\n<p><span style=\"font-weight: 400;\">(4) Sat\u0131c\u0131, \u00e7evrimi\u00e7i ma\u011fazas\u0131n\u0131n web sitesinde yaln\u0131zca kendi i\u00e7eri\u011finden sorumludur. Ba\u011flant\u0131lar di\u011fer web sitelerine eri\u015fim sa\u011flad\u0131\u011f\u0131 s\u00fcrece, sat\u0131c\u0131 burada yer alan \u00fc\u00e7\u00fcnc\u00fc taraf i\u00e7eri\u011finden sorumlu de\u011fildir. \u00dc\u00e7\u00fcnc\u00fc taraf i\u00e7eri\u011fini kendi i\u00e7eri\u011fi olarak benimsemez. Sat\u0131c\u0131, harici web sitelerindeki yasa d\u0131\u015f\u0131 i\u00e7eri\u011fin fark\u0131na var\u0131rsa, bu sayfalara eri\u015fimi derhal engelleyecektir.<\/span><\/p>\n<h2><b>\u00a7 11 Veri koruma<\/b><\/h2>\n<p><span style=\"font-weight: 400;\">Sipari\u015f s\u00fcrecinde toplanan veriler s\u00f6zle\u015fmenin yerine getirilmesi i\u00e7in i\u015flenir. \u00d6zellikle verilerin \u00fc\u00e7\u00fcnc\u00fc taraflara aktar\u0131lmas\u0131 hakk\u0131nda daha fazla bilgi i\u00e7in <a href=\"https:\/\/clone.antcube.shop\/en\/privacy-policy\/\">G\u0130ZL\u0130L\u0130K POL\u0130T\u0130KASI<\/a> web sitemizde.<\/span><\/p>\n<h2><b>\u00a7 12 Nihai h\u00fck\u00fcmler ve uyu\u015fmazl\u0131klar\u0131n \u00e7\u00f6z\u00fcm\u00fc<\/b><\/h2>\n<p><span style=\"font-weight: 400;\">(1) Federal Almanya Cumhuriyeti yasalar\u0131 uygulan\u0131r. T\u00fcketiciler i\u00e7in bu, sadece sa\u011flanan koruman\u0131n t\u00fcketicinin mutat ikametgah\u0131n\u0131n bulundu\u011fu \u00fclkenin emredici h\u00fck\u00fcmleri taraf\u0131ndan k\u0131s\u0131tlanmad\u0131\u011f\u0131 \u00f6l\u00e7\u00fcde ge\u00e7erli olacakt\u0131r. Milletleraras\u0131 Mal Sat\u0131m\u0131na \u0130li\u015fkin S\u00f6zle\u015fmeler Hakk\u0131nda BM Antla\u015fmas\u0131 h\u00fck\u00fcmleri uygulanmayacakt\u0131r. \u00a7 B\u00f6l\u00fcm 16 para. 14 c\u00fcmle 2 no. 6 TDSG etkilenmeden kal\u0131r.<\/span><\/p>\n<p><span style=\"font-weight: 400;\">(2) Avrupa Komisyonu, https:\/\/ec.europa.eu\/consumers\/odr adresinden eri\u015filebilen \u00e7evrimi\u00e7i uyu\u015fmazl\u0131k \u00e7\u00f6z\u00fcm\u00fc (OS) i\u00e7in bir platform sa\u011flamaktad\u0131r. E-posta adresimiz: law@ants.de\u00a0<\/span><\/p>\n<p><a href=\"https:\/\/clone.antcube.shop\/en\/shipping-costs-delivery-restrictions\/\"><b>Nakliye masraflar\u0131\/nakliye ko\u015fullar\u0131<\/b><\/a><\/p>\n<p><a href=\"https:\/\/clone.antcube.shop\/en\/privacy-policy\/\"><b>Gizlilik Politikas\u0131<\/b><\/a><\/p>\n<p><a href=\"https:\/\/clone.antcube.shop\/en\/payment-methods-and-conditions\/\"><b>\u00d6deme se\u00e7enekleri<\/b><\/a><\/p>\n<p><a href=\"https:\/\/clone.antcube.shop\/en\/refund-policy\/\"><b>\u0130ptal hakk\u0131<\/b><\/a><\/p>\n\n\t\t<\/div>\n\t\t\t\t\t<\/div>\n\n\t\n\n<\/div>","protected":false},"excerpt":{"rendered":"","protected":false},"author":1,"featured_media":0,"parent":0,"menu_order":0,"comment_status":"closed","ping_status":"closed","template":"","meta":{"_acf_changed":false,"content-type":"","_monsterinsights_skip_tracking":false,"_monsterinsights_sitenote_active":false,"_monsterinsights_sitenote_note":"","_monsterinsights_sitenote_category":0,"footnotes":""},"class_list":["post-500","page","type-page","status-publish","hentry"],"acf":[],"aioseo_notices":[],"jetpack_sharing_enabled":true,"_links":{"self":[{"href":"https:\/\/clone.antcube.shop\/tr\/wp-json\/wp\/v2\/pages\/500","targetHints":{"allow":["GET"]}}],"collection":[{"href":"https:\/\/clone.antcube.shop\/tr\/wp-json\/wp\/v2\/pages"}],"about":[{"href":"https:\/\/clone.antcube.shop\/tr\/wp-json\/wp\/v2\/types\/page"}],"author":[{"embeddable":true,"href":"https:\/\/clone.antcube.shop\/tr\/wp-json\/wp\/v2\/users\/1"}],"replies":[{"embeddable":true,"href":"https:\/\/clone.antcube.shop\/tr\/wp-json\/wp\/v2\/comments?post=500"}],"version-history":[{"count":10,"href":"https:\/\/clone.antcube.shop\/tr\/wp-json\/wp\/v2\/pages\/500\/revisions"}],"predecessor-version":[{"id":10710,"href":"https:\/\/clone.antcube.shop\/tr\/wp-json\/wp\/v2\/pages\/500\/revisions\/10710"}],"wp:attachment":[{"href":"https:\/\/clone.antcube.shop\/tr\/wp-json\/wp\/v2\/media?parent=500"}],"curies":[{"name":"wp","href":"https:\/\/api.w.org\/{rel}","templated":true}]}}