{"id":630,"date":"2021-07-30T13:32:17","date_gmt":"2021-07-30T11:32:17","guid":{"rendered":"https:\/\/antcube.shop\/?page_id=630"},"modified":"2025-07-23T17:23:54","modified_gmt":"2025-07-23T15:23:54","slug":"yasal-bildirim","status":"publish","type":"page","link":"https:\/\/clone.antcube.shop\/tr\/yasal-bildirim\/","title":{"rendered":"Yasal Uyar\u0131"},"content":{"rendered":"<div id=\"gap-508828275\" class=\"gap-element clearfix\" style=\"display:block; height:auto;\">\n\t\t\n<style>\n#gap-508828275 {\n  padding-top: 199px;\n}\n@media (min-width:850px) {\n  #gap-508828275 {\n    padding-top: 190px;\n  }\n}\n<\/style>\n\t<\/div>\n\t\n\n<div class=\"row\"  id=\"row-1006570285\">\n\n\n\t<div id=\"col-524852287\" class=\"col small-12 large-12\"  >\n\t\t\t\t<div class=\"col-inner\"  >\n\t\t\t\n\t\t\t\n\n<h1>Yasal Uyar\u0131<\/h1>\n<p><strong>ANTCUBE taraf\u0131ndan <\/strong><b>ANTSTORE, Martin Sebesta<\/b><b><br \/><\/b><span style=\"font-weight: 400;\">Selerweg 41<\/span><span style=\"font-weight: 400;\"><br \/><\/span><span style=\"font-weight: 400;\">D-12169 Berlin<\/span><\/p>\n<p><b>\u0130leti\u015fim<\/b><b><br \/><\/b><span style=\"font-weight: 400;\">Telefon numaras\u0131: +49 30 439703870<\/span><span style=\"font-weight: 400;\"><br \/><\/span><span style=\"font-weight: 400;\">E-mail:law@ants.de\u00a0<\/span><\/p>\n<p><b>Sat\u0131\u015f vergisi kimlik numaras\u0131: <\/b><span style=\"font-weight: 400;\">DE215167549 <\/span><span style=\"font-weight: 400;\"><br \/><\/span><b>WEEE kay\u0131t no: <\/b><span style=\"font-weight: 400;\">DE54590387<\/span><\/p>\n<p><b>\u00a7 55 Abs. uyar\u0131nca i\u00e7erikten sorumludur. 2 RStV'ye g\u00f6re sorumludur: <\/b><b><br \/><\/b><span style=\"font-weight: 400;\">Martin Sebesta (adres yukar\u0131daki gibi)<\/span><\/p>\n<p><b>Web sitesinin kullan\u0131m\u0131na ili\u015fkin bilgiler<\/b><b><br \/><\/b><span style=\"font-weight: 400;\">Web sitemizin tek tek sayfalar\u0131n\u0131n veya b\u00f6l\u00fcmlerinin indirilmesine veya yazd\u0131r\u0131lmas\u0131na \u00f6zel kullan\u0131m i\u00e7in izin verilir.<\/span><span style=\"font-weight: 400;\"><br \/><\/span><span style=\"font-weight: 400;\"> Bu web sitesinin tamamen veya k\u0131smen \u00e7o\u011falt\u0131lmas\u0131, da\u011f\u0131t\u0131lmas\u0131, iletilmesi (elektronik veya ba\u015fka \u015fekilde), de\u011fi\u015ftirilmesi veya kamusal veya ticari ama\u00e7larla kullan\u0131lmas\u0131 \u00f6nceden yaz\u0131l\u0131 iznimiz olmadan yasakt\u0131r.<\/span><\/p>\n<p><b>Ticari olmayan ama\u00e7lar i\u00e7in izinli kullan\u0131m: <\/b><b><br \/><\/b><span style=\"font-weight: 400;\">\u00dcr\u00fcn g\u00f6rsellerimizin yerel ma\u011fazalarda reklam ama\u00e7l\u0131 kullan\u0131m\u0131na a\u015fa\u011f\u0131daki ko\u015fullar alt\u0131nda izin verilmektedir:<\/span><\/p>\n<ul>\n<li style=\"font-weight: 400;\" aria-level=\"1\"><span style=\"font-weight: 400;\">T\u00fcm g\u00f6rseller kaynak ve logomuz (ANTSTORE\/ ANTCUBE\/ PLANTCUBE) ile etiketlenmelidir. <\/span><span style=\"font-weight: 400;\"><br \/><\/span><b>Bas\u0131l\u0131 malzeme: <\/b><span style=\"font-weight: 400;\">Kaynak: <\/span><a href=\"https:\/\/www.antstore.de\"><span style=\"font-weight: 400;\">www.antstore.de<\/span><span style=\"font-weight: 400;\"><br \/><\/span><\/a><b> Web siteleri: <\/b><span style=\"font-weight: 400;\">Kaynak: <\/span><a href=\"https:\/\/www.antstore.de\"><span style=\"font-weight: 400;\">www.antstore.de<\/span><\/a><span style=\"font-weight: 400;\"> (www.antstore.net\/shop\/ ba\u011flant\u0131s\u0131yla) veya <\/span><a href=\"https:\/\/www.clone.antcube.shop\"><span style=\"font-weight: 400;\">www.clone.antcube.shop<\/span><\/a><\/li>\n<\/ul>\n<p><span style=\"font-weight: 400;\">Logonun do\u011fru yerle\u015ftirilmesiyle ilgili sorular\u0131n\u0131z varsa ve logoyu dijital bir dosya olarak almak istiyorsan\u0131z, l\u00fctfen marketing@antcube.de adresinden bizimle ileti\u015fime ge\u00e7in.<\/span><\/p>\n<p><b>\u00d6nemli not: <\/b><b><br \/><\/b><span style=\"font-weight: 400;\">G\u00f6rsellerimizin \u00e7evrimi\u00e7i ma\u011fazalarda veya di\u011fer ticari ama\u00e7larla kullan\u0131m\u0131 yaz\u0131l\u0131 izin olmaks\u0131z\u0131n yasakt\u0131r.<\/span><\/p>\n<p><b>Web sitesindeki ba\u011flant\u0131lar hakk\u0131nda not <\/b><b><br \/><\/b><span style=\"font-weight: 400;\">Web sitemiz harici web sitelerine ba\u011flant\u0131lar i\u00e7ermektedir. Tasar\u0131mlar\u0131 ve i\u00e7erikleri \u00fczerinde hi\u00e7bir etkimiz olmad\u0131\u011f\u0131ndan, bu web sitelerinin i\u00e7eri\u011fi i\u00e7in hi\u00e7bir sorumluluk kabul etmiyoruz.<\/span><\/p>\n<p><span style=\"font-weight: 400;\">Harici sitelerin i\u00e7eriklerini kendimize aitmi\u015f gibi benimsemedi\u011fimizi a\u00e7\u0131k\u00e7a beyan ederiz.<\/span><span style=\"font-weight: 400;\"><br \/><\/span><span style=\"font-weight: 400;\"> Web sitemizdeki ba\u011flant\u0131lar \"canl\u0131\" (dinamik) referanslar olarak anla\u015f\u0131lmal\u0131d\u0131r.<\/span><span style=\"font-weight: 400;\"><br \/><\/span><span style=\"font-weight: 400;\"> Ba\u011flant\u0131 verdi\u011fimiz belirli bir teklifin hukuki veya cezai sorumlulu\u011fu tetikledi\u011fini tespit edersek, teknik olarak m\u00fcmk\u00fcn ve makul olmas\u0131 halinde bu ba\u011flant\u0131y\u0131 kald\u0131raca\u011f\u0131z.<\/span><\/p>\n<p>Tasar\u0131m, \u0130\u00e7erik ve teknik uygulama: Janik Wiedemann<\/p>\n\n\t\t<\/div>\n\t\t\t\t\t<\/div>\n\n\t\n\n<\/div>","protected":false},"excerpt":{"rendered":"","protected":false},"author":1,"featured_media":0,"parent":0,"menu_order":0,"comment_status":"closed","ping_status":"closed","template":"","meta":{"_acf_changed":false,"content-type":"","_monsterinsights_skip_tracking":false,"_monsterinsights_sitenote_active":false,"_monsterinsights_sitenote_note":"","_monsterinsights_sitenote_category":0,"footnotes":""},"class_list":["post-630","page","type-page","status-publish","hentry"],"acf":[],"aioseo_notices":[],"jetpack_sharing_enabled":true,"_links":{"self":[{"href":"https:\/\/clone.antcube.shop\/tr\/wp-json\/wp\/v2\/pages\/630","targetHints":{"allow":["GET"]}}],"collection":[{"href":"https:\/\/clone.antcube.shop\/tr\/wp-json\/wp\/v2\/pages"}],"about":[{"href":"https:\/\/clone.antcube.shop\/tr\/wp-json\/wp\/v2\/types\/page"}],"author":[{"embeddable":true,"href":"https:\/\/clone.antcube.shop\/tr\/wp-json\/wp\/v2\/users\/1"}],"replies":[{"embeddable":true,"href":"https:\/\/clone.antcube.shop\/tr\/wp-json\/wp\/v2\/comments?post=630"}],"version-history":[{"count":10,"href":"https:\/\/clone.antcube.shop\/tr\/wp-json\/wp\/v2\/pages\/630\/revisions"}],"predecessor-version":[{"id":12006,"href":"https:\/\/clone.antcube.shop\/tr\/wp-json\/wp\/v2\/pages\/630\/revisions\/12006"}],"wp:attachment":[{"href":"https:\/\/clone.antcube.shop\/tr\/wp-json\/wp\/v2\/media?parent=630"}],"curies":[{"name":"wp","href":"https:\/\/api.w.org\/{rel}","templated":true}]}}