{"id":632,"date":"2021-07-30T13:32:44","date_gmt":"2021-07-30T11:32:44","guid":{"rendered":"https:\/\/antcube.shop\/?page_id=632"},"modified":"2024-11-29T15:27:28","modified_gmt":"2024-11-29T14:27:28","slug":"i%cc%87ade-poli%cc%87ti%cc%87kasi","status":"publish","type":"page","link":"https:\/\/clone.antcube.shop\/tr\/i%cc%87ade-poli%cc%87ti%cc%87kasi\/","title":{"rendered":"\u015eikayetler ve cayma hakk\u0131"},"content":{"rendered":"<div id=\"gap-68076569\" class=\"gap-element clearfix\" style=\"display:block; height:auto;\">\n\t\t\n<style>\n#gap-68076569 {\n  padding-top: 200px;\n}\n@media (min-width:550px) {\n  #gap-68076569 {\n    padding-top: 197px;\n  }\n}\n@media (min-width:850px) {\n  #gap-68076569 {\n    padding-top: 190px;\n  }\n}\n<\/style>\n\t<\/div>\n\t\n\n<div class=\"row\"  id=\"row-1631934557\">\n\n\n\t<div id=\"col-1713592619\" class=\"col small-12 large-12\"  >\n\t\t\t\t<div class=\"col-inner\"  >\n\t\t\t\n\t\t\t\n\n<h3><b>\u015eikayetlerin i\u015fleme al\u0131nmas\u0131 ve iptal hakk\u0131<\/b><\/h3>\n<h4><b>1. \u015eikayetlerin i\u015fleme al\u0131nmas\u0131<\/b><\/h4>\n<p><b>Genel bilgi:<\/b><\/p>\n<ul>\n<li style=\"font-weight: 400;\" aria-level=\"1\"><span style=\"font-weight: 400;\">Teslim edilen mallardan veya canl\u0131 hayvanlardan memnun kalmazsan\u0131z, l\u00fctfen derhal bizi bilgilendirin.<\/span><\/li>\n<li style=\"font-weight: 400;\" aria-level=\"1\"><span style=\"font-weight: 400;\">Sizin yasal <\/span><b>garanti\u0307 haklari <\/b><span style=\"font-weight: 400;\">\u00a7\u00a7 434 ff. uyar\u0131nca BGB (Alman Medeni Kanunu) etkilenmeden kal\u0131r.<\/span><\/li>\n<\/ul>\n<p><b>Bir \u015fikayet bildirin:<\/b><\/p>\n<ul>\n<li style=\"font-weight: 400;\" aria-level=\"1\"><span style=\"font-weight: 400;\">M\u00fc\u015fteri hesab\u0131n\u0131z \u00fczerinden \u015fikayetlerinizi bildirin: <\/span><span style=\"font-weight: 400;\"><br \/><\/span><b>Hesab\u0131n\u0131z \u2192 Sipari\u015fleriniz \u2192 Bildirimler. <\/b><b><br \/><\/b><span style=\"font-weight: 400;\">Sorunlar\u0131 h\u0131zl\u0131 bir \u015fekilde netle\u015ftirmeniz i\u00e7in haz\u0131rlanm\u0131\u015f bir form mevcuttur.<\/span><\/li>\n<\/ul>\n<p><b>\u015eikayetler i\u00e7in \u00f6nemli ad\u0131mlar:<\/b><\/p>\n<ol>\n<li style=\"font-weight: 400;\" aria-level=\"1\"><b>\u00dcr\u00fcnleri iade etmeden \u00f6nce bizimle ileti\u015fime ge\u00e7in:<\/b>\n<ul>\n<li style=\"font-weight: 400;\" aria-level=\"2\"><span style=\"font-weight: 400;\">L\u00fctfen \u00f6nceden onay almadan mallar\u0131 iade etmeyin. Hasar genellikle foto\u011fraflarla belgelenebilir ve e-posta ile a\u00e7\u0131kl\u0131\u011fa kavu\u015fturulabilir.<\/span><\/li>\n<li style=\"font-weight: 400;\" aria-level=\"2\"><span style=\"font-weight: 400;\">\u0130adeler yaln\u0131zca bizim talimatlar\u0131m\u0131z do\u011frultusunda yap\u0131lacakt\u0131r.<\/span><\/li>\n<\/ul>\n<\/li>\n<li style=\"font-weight: 400;\" aria-level=\"1\"><b>Canl\u0131 hayvanlar:<\/b>\n<ul>\n<li style=\"font-weight: 400;\" aria-level=\"2\"><span style=\"font-weight: 400;\">Teslim ald\u0131\u011f\u0131n\u0131zda kovan\u0131n eksiksiz (ana ar\u0131, kulu\u00e7ka, i\u015f\u00e7iler) ve iyi durumda oldu\u011funu (\u00f6rn. yaralanmalar, akar istilas\u0131) kontrol edin.<\/span><\/li>\n<li style=\"font-weight: 400;\" aria-level=\"2\"><span style=\"font-weight: 400;\">Herhangi bir tutars\u0131zl\u0131k veya ar\u0131zay\u0131 foto\u011frafl\u0131 belgelerle birlikte derhal verkauf@antstore.de adresine e-posta ile bildirin.<\/span><\/li>\n<\/ul>\n<\/li>\n<li style=\"font-weight: 400;\" aria-level=\"1\"><b>Nakliye hasar\u0131:<\/b>\n<ul>\n<li style=\"font-weight: 400;\" aria-level=\"2\"><span style=\"font-weight: 400;\">Ambalajdaki d\u0131\u015f hasar\u0131n do\u011frudan teslimat\u00e7\u0131 taraf\u0131ndan not edilmesini sa\u011flay\u0131n. Hasar\u0131 foto\u011frafla belgeleyin ve verkauf@antstore.de adresine e-posta g\u00f6ndererek bizi bilgilendirin.<\/span><\/li>\n<\/ul>\n<\/li>\n<li style=\"font-weight: 400;\" aria-level=\"1\"><b>Teknik kusurlar:<\/b>\n<ul>\n<li style=\"font-weight: 400;\" aria-level=\"2\"><span style=\"font-weight: 400;\">Teknik sorunlar\u0131 bize ya da do\u011frudan \u00fcreticiye bildirin. Sa\u011flanan yard\u0131m hatt\u0131 veya e-posta yoluyla \u00fcreticiyle ileti\u015fime ge\u00e7in.<\/span><\/li>\n<li style=\"font-weight: 400;\" aria-level=\"2\"><span style=\"font-weight: 400;\">Kusur durumunda, a\u015fa\u011f\u0131daki haklara sahipsiniz <\/span><b>d\u00fczeltme<\/b><span style=\"font-weight: 400;\">, <\/span><b>yedek teslimat <\/b><span style=\"font-weight: 400;\">veya d\u00fczeltme ba\u015far\u0131s\u0131z olursa, BGB \u00a7 439 uyar\u0131nca s\u00f6zle\u015fmenin iptali veya sat\u0131n alma fiyat\u0131n\u0131n d\u00fc\u015f\u00fcr\u00fclmesi.<\/span><\/li>\n<\/ul>\n<\/li>\n<li style=\"font-weight: 400;\" aria-level=\"1\"><b>Yanl\u0131\u015f veya eksik maddeler:<\/b>\n<ul>\n<li style=\"font-weight: 400;\" aria-level=\"2\"><span style=\"font-weight: 400;\">Teslimat\u0131 do\u011fruluk ve eksiksizlik a\u00e7\u0131s\u0131ndan hemen kontrol edin.<\/span><\/li>\n<li style=\"font-weight: 400;\" aria-level=\"2\"><span style=\"font-weight: 400;\">\u00dcr\u00fcnler eksikse veya kar\u0131\u015ft\u0131r\u0131lm\u0131\u015fsa, hatay\u0131 derhal d\u00fczeltebilmemiz i\u00e7in l\u00fctfen bize bildirin.<\/span><\/li>\n<\/ul>\n<\/li>\n<\/ol>\n<p><b>De\u011fi\u015fim\/iptal:<\/b><\/p>\n<ul>\n<li style=\"font-weight: 400;\" aria-level=\"1\"><span style=\"font-weight: 400;\">Bir \u00fcr\u00fcn ho\u015funuza gitmezse, a\u015fa\u011f\u0131daki ko\u015fullara tabi olarak iade edilebilir <\/span><b>yasal i\u0307ptal hakki <\/b><span style=\"font-weight: 400;\">(a\u015fa\u011f\u0131ya bak\u0131n\u0131z). \u00d6n ko\u015ful, son tarihlere ve ko\u015fullara uyulmas\u0131d\u0131r.<\/span><\/li>\n<\/ul>\n<h4><b>2. iptal hakk\u0131<\/b><\/h4>\n<ol>\n<li><b> T\u00fcketiciler i\u00e7in iptal politikas\u0131 (\u00a7 355 BGB'ye g\u00f6re):<\/b><\/li>\n<li><b> mesafeli\u0307 s\u00f6zle\u015fmeler i\u0307\u00e7i\u0307n genel i\u0307ptal hakki:<\/b><\/li>\n<\/ol>\n<ul>\n<li style=\"font-weight: 400;\" aria-level=\"1\"><span style=\"font-weight: 400;\">T\u00fcketiciler (\u00a7 13 BGB), yani a\u011f\u0131rl\u0131kl\u0131 olarak ne ticari ne de ba\u011f\u0131ms\u0131z mesleki faaliyetlerine atfedilebilecek ama\u00e7lar i\u00e7in yasal bir i\u015flem yapan herhangi bir ger\u00e7ek ki\u015fi, mal sat\u0131n alma s\u00f6zle\u015fmesini 14 g\u00fcn i\u00e7inde neden belirtmeksizin iptal etme hakk\u0131na sahiptir.<\/span><\/li>\n<\/ul>\n<ol start=\"2\">\n<li><b> iptal s\u00fcresinin ayr\u0131nt\u0131lar\u0131:<\/b><\/li>\n<\/ol>\n<ul>\n<li style=\"font-weight: 400;\" aria-level=\"1\"><b>\u0130ptal s\u00fcresinin ba\u015flang\u0131c\u0131:<\/b>\n<ul>\n<li style=\"font-weight: 400;\" aria-level=\"2\"><span style=\"font-weight: 400;\">Koli postas\u0131 ile g\u00f6nderilebilen mallar i\u00e7in: T\u00fcketicinin veya onun taraf\u0131ndan belirlenen \u00fc\u00e7\u00fcnc\u00fc bir ki\u015finin teslimat\u0131n son mal\u0131n\u0131 teslim ald\u0131\u011f\u0131 g\u00fcnden itibaren.<\/span><\/li>\n<li style=\"font-weight: 400;\" aria-level=\"2\"><span style=\"font-weight: 400;\">Nakliye mallar\u0131 i\u00e7in: Son mallar\u0131n nakliye acentesi taraf\u0131ndan teslim edildi\u011fi g\u00fcnden itibaren.<\/span><\/li>\n<\/ul>\n<\/li>\n<\/ul>\n<ol start=\"3\">\n<li><b> iptal beyan\u0131: <\/b><b><br \/><\/b><span style=\"font-weight: 400;\">\u0130ptal, a\u00e7\u0131k bir yaz\u0131l\u0131 beyanla (mektup, e-posta) yap\u0131l\u0131r:<\/span><\/li>\n<\/ol>\n<p><b>\u0130leti\u015fim: <\/b><b><br \/><\/b><span style=\"font-weight: 400;\">ANTSTORE, Martin Sebesta<\/span><span style=\"font-weight: 400;\"><br \/><\/span><span style=\"font-weight: 400;\">Selerweg 41, <\/span><span style=\"font-weight: 400;\">D-12169 Berlin<\/span><span style=\"font-weight: 400;\"><br \/><\/span><span style=\"font-weight: 400;\">Telefon numaras\u0131: +49 30 439703870<\/span><span style=\"font-weight: 400;\"><br \/><\/span><span style=\"font-weight: 400;\">E-posta: verkauf (at) antstore.de<\/span><\/p>\n<p><span style=\"font-weight: 400;\">A\u015fa\u011f\u0131dakiler <\/span><b>\u00f6rnek i\u0307ptal formu<\/b><span style=\"font-weight: 400;\">kullan\u0131labilir (zorunlu de\u011fildir).<\/span><span style=\"font-weight: 400;\"><br \/><\/span><span style=\"font-weight: 400;\"> Son tarihe uymak i\u00e7in, iptal bildirimini son tarih sona ermeden \u00f6nce g\u00f6ndermek yeterlidir.<\/span><\/p>\n<ol start=\"4\">\n<li><b> iptalin sonu\u00e7lar\u0131:<\/b><\/li>\n<\/ol>\n<ul>\n<li style=\"font-weight: 400;\" aria-level=\"1\"><span style=\"font-weight: 400;\">Yap\u0131lan t\u00fcm \u00f6demelerin iadesi, standart nakliye masraflar\u0131 da dahil olmak \u00fczere (ancak daha pahal\u0131 istenen teslimatlar i\u00e7in de\u011fil), iptalin al\u0131nmas\u0131ndan itibaren en ge\u00e7 14 g\u00fcn i\u00e7inde yap\u0131lacakt\u0131r.<\/span><\/li>\n<li style=\"font-weight: 400;\" aria-level=\"1\"><span style=\"font-weight: 400;\">Aksi kararla\u015ft\u0131r\u0131lmad\u0131k\u00e7a, para iadesi i\u00e7in kullan\u0131lan orijinal \u00f6deme arac\u0131 kullan\u0131lacakt\u0131r. Para iadesi i\u00e7in herhangi bir \u00fccret al\u0131nmaz.<\/span><\/li>\n<li style=\"font-weight: 400;\" aria-level=\"1\"><span style=\"font-weight: 400;\">Mallar iade edilene veya iade kan\u0131t\u0131 sa\u011flanana kadar para iadesi reddedilebilir.<\/span><\/li>\n<\/ul>\n<p><b>Mallar\u0131n iadesi:<\/b><\/p>\n<ul>\n<li style=\"font-weight: 400;\" aria-level=\"1\"><span style=\"font-weight: 400;\">\u0130ade masraflar\u0131 t\u00fcketiciye aittir.<\/span><\/li>\n<li style=\"font-weight: 400;\" aria-level=\"1\"><span style=\"font-weight: 400;\">Mallar, iptal bildiriminden sonra en ge\u00e7 14 g\u00fcn i\u00e7inde iade edilmelidir.<\/span><\/li>\n<li style=\"font-weight: 400;\" aria-level=\"1\"><span style=\"font-weight: 400;\">T\u00fcketici, de\u011fer kay\u0131plar\u0131ndan yaln\u0131zca, durumun ve i\u015flevin gerekli incelemesinin \u00f6tesine ge\u00e7en uygunsuz kullan\u0131mdan kaynaklan\u0131yorsa sorumludur.<\/span><\/li>\n<\/ul>\n<p><b>Not:<\/b><\/p>\n<p><span style=\"font-weight: 400;\">Cam gibi hassas \u00fcr\u00fcnleri iade ederken orijinal ambalaj\u0131 kullanman\u0131z\u0131 \u00f6nemle tavsiye ederiz. Bu, ambalaj\u0131n bu malzemeleri korumak i\u00e7in uygun oldu\u011fundan emin olman\u0131n en kolay yoludur. Orijinal ambalajlar genellikle hassas mallar\u0131n ta\u015f\u0131nmas\u0131 i\u00e7in \u00f6zel olarak tasarlanm\u0131\u015ft\u0131r.<\/span><\/p>\n<p><span style=\"font-weight: 400;\">Orijinal ambalaja art\u0131k sahip de\u011filseniz, \u00fcr\u00fcn\u00fcn iyi paketlenmi\u015f ve dolgulu olmas\u0131 \u00f6nemlidir. Ayr\u0131ca, \u00fcr\u00fcn\u00fcn ta\u015f\u0131ma s\u0131ras\u0131nda hareket etmesini ve zarar g\u00f6rmesini \u00f6nlemek i\u00e7in \u00fcr\u00fcn kutuya dik ve ortalanarak yerle\u015ftirilmeli ve bo\u015f alanlar dolgu malzemesi ile doldurulmal\u0131d\u0131r.<\/span><\/p>\n<p><span style=\"font-weight: 400;\">Herhangi bir sorunuz varsa, l\u00fctfen mallar\u0131n g\u00fcvenli bir \u015fekilde iade edilmesi i\u00e7in do\u011fru ambalaj\u0131 bulman\u0131za yard\u0131mc\u0131 olmaktan mutluluk duyacak olan m\u00fc\u015fteri hizmetleri ekibimizle ileti\u015fime ge\u00e7in.<\/span><\/p>\n<ol>\n<li><b> \u0130ptal hakk\u0131n\u0131n hari\u00e7 tutulmas\u0131 ve k\u0131s\u0131tlanmas\u0131 (\u00a7 312g BGB): <\/b><b><br \/><\/b><span style=\"font-weight: 400;\">\u0130ptal hakk\u0131 a\u015fa\u011f\u0131dakiler i\u00e7in ge\u00e7erli de\u011fildir:<\/span><\/li>\n<\/ol>\n<ul>\n<li style=\"font-weight: 400;\" aria-level=\"1\"><span style=\"font-weight: 400;\">M\u00fc\u015fteri spesifikasyonlar\u0131na g\u00f6re \u00fcretilen veya a\u00e7\u0131k\u00e7a ki\u015fiselle\u015ftirilen \u00fcr\u00fcnler.<\/span><\/li>\n<li style=\"font-weight: 400;\" aria-level=\"1\"><span style=\"font-weight: 400;\">Bozulabilir mallar veya son kullanma tarihi k\u0131sa olan mallar.<\/span><\/li>\n<li style=\"font-weight: 400;\" aria-level=\"1\"><span style=\"font-weight: 400;\">M\u00fch\u00fcrl\u00fc \u00fcr\u00fcnler, m\u00fch\u00fcr s\u00f6k\u00fcld\u00fckten sonra hijyen veya sa\u011fl\u0131\u011f\u0131n korunmas\u0131 nedenleriyle iade edilemez.<\/span><\/li>\n<li style=\"font-weight: 400;\" aria-level=\"1\"><span style=\"font-weight: 400;\">Do\u011fas\u0131 gere\u011fi di\u011fer mallarla ayr\u0131lmaz bir \u015fekilde kar\u0131\u015fm\u0131\u015f olan mallar.<\/span><\/li>\n<li style=\"font-weight: 400;\" aria-level=\"1\"><span style=\"font-weight: 400;\">Gazeteler, dergiler veya s\u00fcreli yay\u0131nlar (abonelikler hari\u00e7).<\/span><\/li>\n<\/ul>\n<ol>\n<li><b> \u0130ptal hakk\u0131n\u0131n erken sona ermesi (\u00a7 356 BGB): <\/b><b><br \/><\/b><span style=\"font-weight: 400;\">A\u015fa\u011f\u0131daki durumlarda iptal hakk\u0131 zaman\u0131ndan \u00f6nce sona erer:<\/span><\/li>\n<\/ol>\n<ul>\n<li style=\"font-weight: 400;\" aria-level=\"1\"><span style=\"font-weight: 400;\">M\u00fch\u00fcrl\u00fc ses\/g\u00f6r\u00fcnt\u00fc kay\u0131tlar\u0131n\u0131n veya m\u00fch\u00fcr s\u00f6k\u00fclm\u00fc\u015fse yaz\u0131l\u0131m\u0131n teslimi.<\/span><\/li>\n<li style=\"font-weight: 400;\" aria-level=\"1\"><span style=\"font-weight: 400;\">T\u00fcketicinin \u00f6nceden a\u00e7\u0131k r\u0131zas\u0131n\u0131 vermi\u015f olmas\u0131 ko\u015fuluyla, eksiksiz olarak sa\u011flanan hizmetler.<\/span><\/li>\n<\/ul>\n<h4><b>\u00d6rnek iptal formu<\/b><\/h4>\n<p><span style=\"font-weight: 400;\">S\u00f6zle\u015fmeyi iptal etmek isterseniz, l\u00fctfen a\u015fa\u011f\u0131daki formu kullan\u0131n:<\/span><\/p>\n<p><b>\u00d6rnek iptal formu:<\/b><\/p>\n<p><b>Kime?<\/b><span style=\"font-weight: 400;\"><br \/><\/span><span style=\"font-weight: 400;\">ANTSTORE, Martin Sebesta<\/span><span style=\"font-weight: 400;\"><br \/><\/span><span style=\"font-weight: 400;\">Selerweg 41, D-12169 Berlin<\/span><span style=\"font-weight: 400;\"><br \/><\/span><span style=\"font-weight: 400;\">Email:verkauf@antstore.de\u00a0<\/span><\/p>\n<p><b>Konu:<\/b><\/p>\n<p><span style=\"font-weight: 400;\">Sipari\u015fin iptali [sipari\u015f numaras\u0131]<\/span><\/p>\n<p>\u00a0<\/p>\n<p><b>\u0130\u00e7indekiler:<\/b><\/p>\n<p><span style=\"font-weight: 400;\">\u0130\u015fbu belge ile a\u015fa\u011f\u0131daki mallar\u0131n sat\u0131n al\u0131nmas\u0131na ili\u015fkin s\u00f6zle\u015fmeyi iptal ediyorum:<\/span><span style=\"font-weight: 400;\"><br \/><\/span><span style=\"font-weight: 400;\"> [mallar\u0131n tan\u0131m\u0131n\u0131 giriniz]<\/span><\/p>\n<p><b>Sipari\u015f verildi:<\/b><span style=\"font-weight: 400;\"> [tarih]<\/span><\/p>\n<p><b>Al\u0131nd\u0131: <\/b><span style=\"font-weight: 400;\">[tarih]<\/span><\/p>\n<p><b>T\u00fcketicinin ad\u0131: <\/b><span style=\"font-weight: 400;\">[\u0130sim]<\/span><\/p>\n<p><b>T\u00fcketicinin adresi: <\/b><span style=\"font-weight: 400;\">[adres]<\/span><\/p>\n<p><span style=\"font-weight: 400;\">Tarih ve imza (sadece posta yoluyla yaz\u0131l\u0131 iptal i\u00e7in)<\/span><\/p>\n<p>\u00a0<\/p>\n<p><strong><span style=\"font-family: Verdana; font-size: small;\">\u0130ptal formunu indirin:<\/span><\/strong><br \/><a href=\"https:\/\/www.antstore.net\/shop\/images\/documents\/Information-Reklamation-de.pdf\" target=\"_blank\" rel=\"noopener\"><span style=\"font-family: verdana,arial,helvetica,sans-serif;\"><img data-recalc-dims=\"1\" decoding=\"async\" src=\"https:\/\/i0.wp.com\/www.antstore.net\/shop\/images\/pdf_logo.gif?w=1020&#038;ssl=1\" alt=\"\" border=\"0\" \/>Bilgi ve geri d\u00f6n\u00fc\u015f<\/span><\/a> (Almanca), (PDF 0,4 MB)<br \/><span style=\"color: #666666; font-family: arial,helvetica,sans-serif; font-size: xx-small;\">(\u015eunlardan olu\u015fur: Bilgi \/ Form\u00fcler)<\/span>\u00a0<\/p>\n<h2>Ticari \u00dcr\u00fcnlerin iadesi\/iptali<\/h2>\n<p>Ticari \u00dcr\u00fcnler kategorisindeki \u00dcr\u00fcnlerin teslimat\u0131 ve \u00fcretimi Orta\u011f\u0131m\u0131z PRINTFUL taraf\u0131ndan ger\u00e7ekle\u015ftirilmektedir. Bu \u00fcr\u00fcnlerden birini sipari\u015f ederek PRINTFUL'un H\u00fck\u00fcm ve Ko\u015fullar\u0131n\u0131, Gizlilik Politikas\u0131n\u0131 ve \u0130ade Politikas\u0131n\u0131 kabul etmi\u015f olursunuz.\u00a0<\/p>\n<p><a href=\"https:\/\/www.printful.com\/policies\/terms-of-service\">PRINTFUL'un H\u00fck\u00fcm ve Ko\u015fullar\u0131n\u0131 burada bulabilirsiniz.<\/a><\/p>\n<p><a href=\"https:\/\/www.printful.com\/policies\/returns\">PRINTFUL'un \u0130ade Politikas\u0131n\u0131 burada bulabilirsiniz.<\/a><\/p>\n<p><a href=\"https:\/\/www.printful.com\/policies\/privacy\">PRINTFUL'un Gizlilik Politikas\u0131n\u0131 burada bulabilirsiniz.<\/a><\/p>\n\n\t\t<\/div>\n\t\t\t\t\t<\/div>\n\n\t\n\n<\/div>","protected":false},"excerpt":{"rendered":"","protected":false},"author":1,"featured_media":0,"parent":0,"menu_order":0,"comment_status":"closed","ping_status":"closed","template":"","meta":{"_acf_changed":false,"content-type":"","_monsterinsights_skip_tracking":false,"_monsterinsights_sitenote_active":false,"_monsterinsights_sitenote_note":"","_monsterinsights_sitenote_category":0,"footnotes":""},"class_list":["post-632","page","type-page","status-publish","hentry"],"acf":[],"aioseo_notices":[],"jetpack_sharing_enabled":true,"_links":{"self":[{"href":"https:\/\/clone.antcube.shop\/tr\/wp-json\/wp\/v2\/pages\/632","targetHints":{"allow":["GET"]}}],"collection":[{"href":"https:\/\/clone.antcube.shop\/tr\/wp-json\/wp\/v2\/pages"}],"about":[{"href":"https:\/\/clone.antcube.shop\/tr\/wp-json\/wp\/v2\/types\/page"}],"author":[{"embeddable":true,"href":"https:\/\/clone.antcube.shop\/tr\/wp-json\/wp\/v2\/users\/1"}],"replies":[{"embeddable":true,"href":"https:\/\/clone.antcube.shop\/tr\/wp-json\/wp\/v2\/comments?post=632"}],"version-history":[{"count":10,"href":"https:\/\/clone.antcube.shop\/tr\/wp-json\/wp\/v2\/pages\/632\/revisions"}],"predecessor-version":[{"id":10639,"href":"https:\/\/clone.antcube.shop\/tr\/wp-json\/wp\/v2\/pages\/632\/revisions\/10639"}],"wp:attachment":[{"href":"https:\/\/clone.antcube.shop\/tr\/wp-json\/wp\/v2\/media?parent=632"}],"curies":[{"name":"wp","href":"https:\/\/api.w.org\/{rel}","templated":true}]}}