{"id":899,"date":"2021-08-22T15:12:45","date_gmt":"2021-08-22T13:12:45","guid":{"rendered":"https:\/\/antcube.shop\/?page_id=899"},"modified":"2023-12-14T13:30:00","modified_gmt":"2023-12-14T12:30:00","slug":"sss-magaza","status":"publish","type":"page","link":"https:\/\/clone.antcube.shop\/tr\/sss-magaza\/","title":{"rendered":"SSS Ma\u011fazas\u0131"},"content":{"rendered":"<div id=\"gap-1082666030\" class=\"gap-element clearfix\" style=\"display:block; height:auto;\">\n\t\t\n<style>\n#gap-1082666030 {\n  padding-top: 200px;\n}\n@media (min-width:850px) {\n  #gap-1082666030 {\n    padding-top: 175px;\n  }\n}\n<\/style>\n\t<\/div>\n\t\n\n\t<div id=\"text-756024533\" class=\"text\">\n\t\t\n\n<h1>SSS Ma\u011fazas\u0131 \u00a0<\/h1>\n<h2>\u00dcr\u00fcnlerimiz veya genel olarak ma\u011fazam\u0131z hakk\u0131nda s\u0131k\u00e7a sorulan sorular<\/h2>\n\t\t\n<style>\n#text-756024533 {\n  text-align: center;\n}\n<\/style>\n\t<\/div>\n\t\n<div class=\"row align-center\"  id=\"row-1348640438\">\n\n\n\t<div id=\"col-1941222904\" class=\"col small-12 large-12\"  >\n\t\t\t\t<div class=\"col-inner\"  >\n\t\t\t\n\t\t\t\n\n<div class=\"accordion\">\n\n\t<div id=\"accordion-1709545817\" class=\"accordion-item\">\n\t\t<a id=\"accordion-1709545817-label\" class=\"accordion-title plain\" href=\"#accordion-item-you-do-not-know-what-ant-species-to-keep-or-which-formicarium-you-should-use?\" aria-expanded=\"false\" aria-controls=\"accordion-1709545817-content\">\n\t\t\t<button class=\"toggle\" aria-label=\"A\u00e7\/Kapat\"><i class=\"icon-angle-down\" aria-hidden=\"true\"><\/i><\/button>\n\t\t\t<span>Hangi kar\u0131nca t\u00fcr\u00fcn\u00fc besleyece\u011finizi veya hangi Formikaryumu kullanman\u0131z gerekti\u011fini bilmiyor musunuz?<\/span>\n\t\t<\/a>\n\t\t<div id=\"accordion-1709545817-content\" class=\"accordion-inner\" aria-labelledby=\"accordion-1709545817-label\">\n\t\t\t\n\n<p>\"Kar\u0131nca Bulucu\" veya \"Formicarium Bulucu \"yu deneyin - \u00c7evrimi\u00e7i m\u00fc\u015fteri hizmetlerimiz<\/p>\n<p><a href=\"https:\/\/clone.antcube.shop\/ant-finder\/\">Kar\u0131nca t\u00fcr\u00fcn\u00fcz\u00fc bulun<\/a><\/p>\n<p><a href=\"https:\/\/clone.antcube.shop\/formicarium-finder\/\">Formikaryumunuzu bulun<\/a><\/p>\n\n\t\t<\/div>\n\t<\/div>\n\t\n\t<div id=\"accordion-348985082\" class=\"accordion-item\">\n\t\t<a id=\"accordion-348985082-label\" class=\"accordion-title plain\" href=\"#accordion-item-what-are-the-delivery-times-and-charges-for-orders-from-the-online-shop?\" aria-expanded=\"false\" aria-controls=\"accordion-348985082-content\">\n\t\t\t<button class=\"toggle\" aria-label=\"A\u00e7\/Kapat\"><i class=\"icon-angle-down\" aria-hidden=\"true\"><\/i><\/button>\n\t\t\t<span>Online Ma\u011fazadan verilen sipari\u015flerin teslimat s\u00fcreleri ve \u00fccretleri nedir?<\/span>\n\t\t<\/a>\n\t\t<div id=\"accordion-348985082-content\" class=\"accordion-inner\" aria-labelledby=\"accordion-348985082-label\">\n\t\t\t\n\n<p>Tahmini teslimat s\u00fcreleri hakk\u0131nda bilgiye buradan ula\u015fabilirsiniz:<\/p>\n<p><a href=\"https:\/\/clone.antcube.shop\/delivery-times\/\">Teslimat s\u00fcreleri<\/a><\/p>\n<p>Tahmini nakliye \u00fccretleri ve teslimat k\u0131s\u0131tlamalar\u0131 hakk\u0131nda bilgi edinmek istiyorsan\u0131z l\u00fctfen buraya bak\u0131n:<\/p>\n<p><a href=\"https:\/\/clone.antcube.shop\/shipping-costs-delivery-restrictions\/\">Nakliye masraflar\u0131\/ teslimat k\u0131s\u0131tlamalar\u0131<\/a><\/p>\n\n\t\t<\/div>\n\t<\/div>\n\t\n\t<div id=\"accordion-3715768375\" class=\"accordion-item\">\n\t\t<a id=\"accordion-3715768375-label\" class=\"accordion-title plain\" href=\"#accordion-item-you-have-questions-about-returns-or-refunds?\" aria-expanded=\"false\" aria-controls=\"accordion-3715768375-content\">\n\t\t\t<button class=\"toggle\" aria-label=\"A\u00e7\/Kapat\"><i class=\"icon-angle-down\" aria-hidden=\"true\"><\/i><\/button>\n\t\t\t<span>\u0130ade veya geri \u00f6deme hakk\u0131nda sorular\u0131n\u0131z m\u0131 var?<\/span>\n\t\t<\/a>\n\t\t<div id=\"accordion-3715768375-content\" class=\"accordion-inner\" aria-labelledby=\"accordion-3715768375-label\">\n\t\t\t\n\n<p><a href=\"https:\/\/clone.antcube.shop\/refund-policy\/\">Para iadesi politikas\u0131<\/a><\/p>\n<p><a href=\"https:\/\/clone.antcube.shop\/terms-and-conditions\/\">\u015eartlar ve ko\u015fullar<\/a><\/p>\n\n\t\t<\/div>\n\t<\/div>\n\t\n\t<div id=\"accordion-3261903763\" class=\"accordion-item\">\n\t\t<a id=\"accordion-3261903763-label\" class=\"accordion-title plain\" href=\"#accordion-item-which-payment-methods-are-accepted-in-the-online-shop?\" aria-expanded=\"false\" aria-controls=\"accordion-3261903763-content\">\n\t\t\t<button class=\"toggle\" aria-label=\"A\u00e7\/Kapat\"><i class=\"icon-angle-down\" aria-hidden=\"true\"><\/i><\/button>\n\t\t\t<span>Online Ma\u011fazada hangi \u00f6deme y\u00f6ntemleri kabul edilmektedir?<\/span>\n\t\t<\/a>\n\t\t<div id=\"accordion-3261903763-content\" class=\"accordion-inner\" aria-labelledby=\"accordion-3261903763-label\">\n\t\t\t\n\n<p>Kabul edilen \u00f6deme y\u00f6ntemlerimize genel bir bak\u0131\u015f\u0131 burada bulabilirsiniz:<\/p>\n<p><a href=\"https:\/\/clone.antcube.shop\/payment-methods\/\">\u00d6deme y\u00f6ntemleri<\/a><\/p>\n\n\t\t<\/div>\n\t<\/div>\n\t\n\t<div id=\"accordion-1644136755\" class=\"accordion-item\">\n\t\t<a id=\"accordion-1644136755-label\" class=\"accordion-title plain\" href=\"#accordion-item-you-are-looking-for-user-manuals-for-your-starter-set?\" aria-expanded=\"false\" aria-controls=\"accordion-1644136755-content\">\n\t\t\t<button class=\"toggle\" aria-label=\"A\u00e7\/Kapat\"><i class=\"icon-angle-down\" aria-hidden=\"true\"><\/i><\/button>\n\t\t\t<span>Ba\u015flang\u0131\u00e7 setiniz i\u00e7in kullan\u0131m k\u0131lavuzlar\u0131 m\u0131 ar\u0131yorsunuz?<\/span>\n\t\t<\/a>\n\t\t<div id=\"accordion-1644136755-content\" class=\"accordion-inner\" aria-labelledby=\"accordion-1644136755-label\">\n\t\t\t\n\n<p>Yazd\u0131rmak veya indirmek i\u00e7in PDF kullan\u0131m k\u0131lavuzlar\u0131n\u0131 burada bulabilirsiniz:<\/p>\n<p><a href=\"https:\/\/clone.antcube.shop\/download\/\">\u0130ndir<\/a><\/p>\n\n\t\t<\/div>\n\t<\/div>\n\t\n\t<div id=\"accordion-1444625269\" class=\"accordion-item\">\n\t\t<a id=\"accordion-1444625269-label\" class=\"accordion-title plain\" href=\"#accordion-item-you-need-more-information-about-certain-ant-species-or-ant-keeping-in-general?\" aria-expanded=\"false\" aria-controls=\"accordion-1444625269-content\">\n\t\t\t<button class=\"toggle\" aria-label=\"A\u00e7\/Kapat\"><i class=\"icon-angle-down\" aria-hidden=\"true\"><\/i><\/button>\n\t\t\t<span>Belirli kar\u0131nca t\u00fcrleri veya genel olarak kar\u0131nca bak\u0131m\u0131 hakk\u0131nda daha fazla bilgiye mi ihtiyac\u0131n\u0131z var?<\/span>\n\t\t<\/a>\n\t\t<div id=\"accordion-1444625269-content\" class=\"accordion-inner\" aria-labelledby=\"accordion-1444625269-label\">\n\t\t\t\n\n<p>Kar\u0131ncalar ve kar\u0131nca bak\u0131m\u0131 hakk\u0131nda s\u0131k\u00e7a sorulan sorular\u0131 burada bulabilirsiniz:<\/p>\n<p><a href=\"https:\/\/clone.antcube.shop\/faq-ants\/\">SSS kar\u0131ncalar<\/a><\/p>\n<p><a href=\"https:\/\/clone.antcube.shop\/catching-queen-ants\/\">Krali\u00e7e kar\u0131nca nas\u0131l yakalan\u0131r?<\/a><\/p>\n<p><a href=\"https:\/\/clone.antcube.shop\/ant-species\/\">Kar\u0131ncalar hakk\u0131nda daha fazla bilgi edinin<\/a><\/p>\n<p><a href=\"https:\/\/clone.antcube.shop\/social-media\/\">YouTube Kanallar\u0131m\u0131z\u0131 kontrol edin, orada yararl\u0131 ipu\u00e7lar\u0131 ve bilgiler bulabilirsiniz.<\/a><\/p>\n\n\t\t<\/div>\n\t<\/div>\n\t\n\t<div id=\"accordion-1816565502\" class=\"accordion-item\">\n\t\t<a id=\"accordion-1816565502-label\" class=\"accordion-title plain\" href=\"#accordion-item-you-have-questions-about-our-products?\" aria-expanded=\"false\" aria-controls=\"accordion-1816565502-content\">\n\t\t\t<button class=\"toggle\" aria-label=\"A\u00e7\/Kapat\"><i class=\"icon-angle-down\" aria-hidden=\"true\"><\/i><\/button>\n\t\t\t<span>\u00dcr\u00fcnlerimiz hakk\u0131nda sorular\u0131n\u0131z m\u0131 var?<\/span>\n\t\t<\/a>\n\t\t<div id=\"accordion-1816565502-content\" class=\"accordion-inner\" aria-labelledby=\"accordion-1816565502-label\">\n\t\t\t\n\n<p>\u00dcr\u00fcnlerimiz hakk\u0131nda sorular\u0131n\u0131z varsa, l\u00fctfen \u00f6nce ma\u011fazam\u0131zdaki ilgili \u00fcr\u00fcn a\u00e7\u0131klamas\u0131na bak\u0131n.<\/p>\n<p>Aksi takdirde daha fazla bilgiyi burada bulabilirsiniz:<\/p>\n<p><a href=\"https:\/\/clone.antcube.shop\/product-information\/\">\u00dcr\u00fcn bilgileri<\/a><\/p>\n\n\t\t<\/div>\n\t<\/div>\n\t\n\n<\/div>\n\n\t\t<\/div>\n\t\t\t\t\t<\/div>\n\n\t\n\n<\/div>","protected":false},"excerpt":{"rendered":"","protected":false},"author":1,"featured_media":0,"parent":0,"menu_order":0,"comment_status":"closed","ping_status":"closed","template":"","meta":{"_acf_changed":false,"content-type":"","_monsterinsights_skip_tracking":false,"_monsterinsights_sitenote_active":false,"_monsterinsights_sitenote_note":"","_monsterinsights_sitenote_category":0,"footnotes":""},"class_list":["post-899","page","type-page","status-publish","hentry"],"acf":[],"aioseo_notices":[],"jetpack_sharing_enabled":true,"_links":{"self":[{"href":"https:\/\/clone.antcube.shop\/tr\/wp-json\/wp\/v2\/pages\/899","targetHints":{"allow":["GET"]}}],"collection":[{"href":"https:\/\/clone.antcube.shop\/tr\/wp-json\/wp\/v2\/pages"}],"about":[{"href":"https:\/\/clone.antcube.shop\/tr\/wp-json\/wp\/v2\/types\/page"}],"author":[{"embeddable":true,"href":"https:\/\/clone.antcube.shop\/tr\/wp-json\/wp\/v2\/users\/1"}],"replies":[{"embeddable":true,"href":"https:\/\/clone.antcube.shop\/tr\/wp-json\/wp\/v2\/comments?post=899"}],"version-history":[{"count":8,"href":"https:\/\/clone.antcube.shop\/tr\/wp-json\/wp\/v2\/pages\/899\/revisions"}],"predecessor-version":[{"id":6791,"href":"https:\/\/clone.antcube.shop\/tr\/wp-json\/wp\/v2\/pages\/899\/revisions\/6791"}],"wp:attachment":[{"href":"https:\/\/clone.antcube.shop\/tr\/wp-json\/wp\/v2\/media?parent=899"}],"curies":[{"name":"wp","href":"https:\/\/api.w.org\/{rel}","templated":true}]}}