{"id":6737,"date":"2023-12-12T15:03:25","date_gmt":"2023-12-12T14:03:25","guid":{"rendered":"https:\/\/antcube.shop\/product\/antcube-starter-set-fur-weberameisen-gros\/"},"modified":"2026-01-12T12:38:07","modified_gmt":"2026-01-12T11:38:07","slug":"dokumaci-karincalar-icin-baslangic-seti-buyuk","status":"publish","type":"product","link":"https:\/\/clone.antcube.shop\/tr\/urun\/dokumaci-karincalar-icin-baslangic-seti-buyuk\/","title":{"rendered":"ANTCUBE - Dokumac\u0131 kar\u0131ncalar i\u00e7in ba\u015flang\u0131\u00e7 seti - b\u00fcy\u00fck"},"content":{"rendered":"<p><span data-text-color=\"alert\"><strong>Nakliye sadece palet \u00fczerinde y\u00f6nlendirme ile m\u00fcmk\u00fcnd\u00fcr.<\/strong><\/span><\/p>\n<p><strong>\u0130\u00e7indekiler:<\/strong><br \/>\n1x Honeydew Mix (HT) - Dolum 10ml<br \/>\n1x B\u00fct\u00fcn beyazlat\u0131lm\u0131\u015f c\u0131rc\u0131r b\u00f6ce\u011fi<\/p>\n<p>1x ANTCUBE Arena 30x30x60, s\u00fcrg\u00fcl\u00fc kap\u0131l\u0131<br \/>\n1x kar\u0131nca arenas\u0131 \u00e7er\u00e7evesi 30\u00d730 - 5cm<br \/>\n1x kar\u0131nca arenas\u0131 \u00f6rt\u00fcs\u00fc 30\u00d730<br \/>\n1x arena kapa\u011f\u0131 i\u00e7in sabitleme noktas\u0131 (4 adet)<\/p>\n<p>1x s\u00fcrg\u00fcl\u00fc kap\u0131 i\u00e7in \u00e7er\u00e7eve<br \/>\nSprey \u015fi\u015fesi p\u00fcsk\u00fcrt\u00fcc\u00fc 0,5 litre - pirin\u00e7 nozul<br \/>\n1x Foto\u011fraf arka duvar\u0131 - ya\u011fmur orman\u0131 - 30\u00d760 - y\u00fcksek<br \/>\n1x Formikaryum taban\u0131 30\u00d730 cm<\/p>\n<p>1x substrat ya\u011fmur orman\u0131 1 kg<br \/>\n50 mm delik i\u00e7in 2x Formikaryum tapas\u0131<br \/>\n3x \u0131zgara ek par\u00e7as\u0131 - 50mm - paslanmaz \u00e7elik<br \/>\nMini termo-higrometre dijital - beyaz - kendinden yap\u0131\u015fkanl\u0131<br \/>\n1x yay \u00e7eli\u011fi c\u0131mb\u0131z geni\u015f - yumu\u015fak<br \/>\n1x Standart plastik c\u0131mb\u0131z<br \/>\n1x Kar\u0131nca salg\u0131n\u0131 koruma ya\u011f\u0131<br \/>\n1x suluk \u015feffaf 20ml - s\u00fcnger<br \/>\n1x suluk 2ml - 360 derece<br \/>\n1x \u015feffaf kase 1\u00d720 - s\u00fcnger<br \/>\n1x el b\u00fcy\u00fcteci - 2x - 30mm<br \/>\n1x k\u00f6p\u00fck silecek 150x18x2,5mm<\/p>\n<p><strong>A\u00e7\u0131klama:<\/strong><br \/>\nBu geni\u015fletilebilir ba\u015flang\u0131\u00e7 seti, \u00f6zellikle Polyrhachis spec. veya Oecophylla spec. gibi \u00e7e\u015fitli dokumac\u0131 kar\u0131nca t\u00fcrleri i\u00e7in sadece optimum \u015fekilde uyarlanm\u0131\u015f formikaryumu de\u011fil, ayn\u0131 zamanda bu kar\u0131nca t\u00fcrlerini tutmak i\u00e7in uygun aksesuarlar\u0131 da i\u00e7erir.<\/p>\n<p>\u00d6ndeki s\u00fcrg\u00fcl\u00fc kap\u0131 (150x200mm a\u00e7\u0131l\u0131r), b\u00fcy\u00fck kolonilerde veya formikaryumun \u00f6rne\u011fin Oecophylla smaragdina gibi bir konak bitki ile dikilmesinde bile formikaryumdaki \u00e7al\u0131\u015fmay\u0131 kolayla\u015ft\u0131r\u0131r. Yan taraftaki iki 50 mm'lik delik arac\u0131l\u0131\u011f\u0131yla ek formikaryumlar ba\u011flanabilir. Paslanmaz \u00e7elik \u0131zgara ekleri iyi havaland\u0131rma sa\u011flar ve mekanik darbelere kar\u015f\u0131 sa\u011flamd\u0131r. Sistemin i\u00e7indeki termo ve higrometre kesinlikle \u00e7ocuklar ve evcil hayvanlar i\u00e7in g\u00fcvenlidir ve iklim de\u011ferlerinin kolayca kontrol edilmesini sa\u011flar. Gerekirse sprey \u015fi\u015fesi ile nem oran\u0131 artt\u0131r\u0131labilir. Suluk \u015feffaf 20ml - s\u00fcnger tatl\u0131 su temini i\u00e7in, suluk 2ml - 360 derece bal veya \u015feker \u00e7\u00f6zeltisi i\u00e7in tasarlanm\u0131\u015ft\u0131r.<\/p>\n<p><strong>\u00d6nemli:<\/strong> L\u00fctfen kullanmadan \u00f6nce alt tabakay\u0131 nemlendirin, b\u00f6ylece kar\u0131\u015f\u0131m kar\u0131nca \u00e7iftli\u011finde birle\u015febilir ve sa\u011flam bir tutu\u015f geli\u015ftirebilir. Ayr\u0131ca, \u00e7ok kuru ve tozlu substrat kar\u0131ncalar\u0131n solunum yollar\u0131n\u0131n t\u0131kanmas\u0131na ve en k\u00f6t\u00fc durumda hayvanlar\u0131n bo\u011fulmas\u0131na neden olabilir.<\/p>\n<p><strong>S\u00fcrg\u00fcl\u00fc kap\u0131 \u00e7er\u00e7evesi hakk\u0131nda \u00f6nemli not:<\/strong><br \/>\n\u00c7er\u00e7eve, s\u00fcrg\u00fcl\u00fc kap\u0131n\u0131n raylar\u0131na tak\u0131l\u0131 vidalara kolayca tak\u0131labilir. Bunu yapmak i\u00e7in, dikkatlice gev\u015fetin <strong>sadece<\/strong> i\u00e7indeki somunlar. K\u00fc\u00e7\u00fck bir y\u0131ld\u0131z tornavida (\u00e7apraz u\u00e7lu tornavida) gereklidir. \u00c7er\u00e7eveyi bir araya getirin ve vidalar\u0131n \u00fczerine as\u0131n. Ard\u0131ndan somunlar\u0131 dikkatlice yeniden tak\u0131n ve <strong>hi\u00e7bir ko\u015fulda \u00e7ok s\u0131k\u0131 d\u00f6nmeyin,<\/strong> aksi takdirde cam hasar g\u00f6rebilir.<\/p>\n<p><strong>\u00dcretim hakk\u0131nda notlar<\/strong><br \/>\nCam DIN 1249'a g\u00f6re +\/- 1 mm toleransla kesilmi\u015ftir. \u00c7ok k\u00fc\u00e7\u00fck kar\u0131nca t\u00fcrleri i\u00e7in ek kopma korumas\u0131 gereklidir.<\/p>\n<p><strong>Honeydew hakk\u0131nda not:<\/strong><br \/>\n\u0130\u00e7erik 10 ml<br \/>\nBu, laboratuvar\u0131m\u0131zda kapsaml\u0131 testlerden sonra rafine etti\u011fimiz ve kar\u0131ncalar taraf\u0131ndan \u00e7ok iyi kabul edilen bir g\u0131da haline getirdi\u011fimiz do\u011fal bir \u00fcr\u00fcnd\u00fcr. Bunun nedeni, i\u015flenmemi\u015f bal \u00f6z\u00fcn\u00fcn konsantre orijinal haliyle kar\u0131ncalar ve metabolizmalar\u0131 taraf\u0131ndan iyi kabul edilmemesidir.<br \/>\nBal \u00f6z\u00fcm\u00fcz Bulgaristan'\u0131n kirlenmemi\u015f vah\u015fi da\u011f ormanlar\u0131ndan toplanm\u0131\u015ft\u0131r. Bal \u00f6z\u00fc sadece yaz aylar\u0131nda yakla\u015f\u0131k iki ay gibi \u00e7ok s\u0131n\u0131rl\u0131 bir d\u00f6nemde \u00fcretilir. Bu nedenle \u00e7ok nadirdir. Ormanlar\u0131n kendine \u00f6zg\u00fc toprak \u00f6zellikleri ve iklim nedeniyle, a\u011fa\u00e7lar\u0131n yapraklar\u0131nda yaprak bitleri taraf\u0131ndan emilen varolu\u015fsal olarak \u00f6nemli besinler depolanm\u0131\u015ft\u0131r. Bu bal \u00f6z\u00fc kar\u0131\u015f\u0131m\u0131n\u0131 kar\u0131ncalar i\u00e7in bu kadar cazip k\u0131lan da budur.<\/p>\n<p><strong>Uygulama:<\/strong><br \/>\nG\u0131da miktar\u0131 yakla\u015f\u0131k 3 g\u00fcn i\u00e7inde t\u00fcketilmelidir.<\/p>\n<p><strong>A\u00e7\u0131klama:<\/strong><br \/>\nBal \u00f6z\u00fc, \u00e7i\u00e7ek bal\u0131ndan farkl\u0131 olarak yaprak bitleri gibi bitki emen b\u00f6ceklerin salg\u0131lar\u0131ndan elde edilir. Bal \u00f6z\u00fc, kar\u0131ncalar, ar\u0131lar ve hatta yaban ar\u0131lar\u0131 gibi bir\u00e7ok b\u00f6ce\u011fin favori besin kayna\u011f\u0131d\u0131r. Ar\u0131lar ve yaban ar\u0131lar\u0131 bal \u00f6z\u00fcn\u00fc farkl\u0131 a\u011fa\u00e7lar\u0131n yapraklar\u0131ndan veya i\u011fnelerinden yalarlar. Lasius niger gibi kar\u0131ncalar yaprak bitlerini d\u00fczenli olarak tutar. Hatta onlar\u0131 y\u0131rt\u0131c\u0131lara kar\u015f\u0131 savunur ve taze filizlere ta\u015f\u0131rlar.<\/p>\n<p>Bal \u00f6z\u00fcn\u00fcn kar\u0131ncalar aras\u0131nda pop\u00fcler olmas\u0131n\u0131n ba\u015fl\u0131ca nedeni biraz farkl\u0131 bile\u015fenleridir. Bal \u00f6z\u00fcndeki ana \u015fekerler sakaroz ve fruktozdur, ancak daha az miktarda maltoz, trehaloz, melezitoz, rafinoz ve di\u011fer oligosakkaritler de mevcuttur. \u015eeker ve suya ek olarak, bal \u00f6z\u00fc ayr\u0131ca varolu\u015fsal olarak \u00f6nemli amino asitler, mineraller, eser elementler, adenozin fosfatlar ve vitaminler gibi di\u011fer bile\u015fenleri de i\u00e7erir.<\/p>\n<p><strong>Kullan\u0131r:<\/strong><br \/>\nBal yiyen kar\u0131nca t\u00fcrleri (Meliphagidae) i\u00e7in.<br \/>\nTamamlay\u0131c\u0131 bir yemdir<br \/>\nHayvanlara teslim edilmi\u015f halde sunulabilir. Nem \u015feker konsantrasyonunu azaltt\u0131\u011f\u0131 ve fermantasyon s\u00fcrecini ba\u015flatt\u0131\u011f\u0131 i\u00e7in mama her 3 g\u00fcnde bir de\u011fi\u015ftirilmelidir. Tekrar kullanmadan \u00f6nce besleme kab\u0131n\u0131\/t\u00fcp\u00fcn\u00fc iyice temizleyin.<br \/>\nA\u00e7\u0131lm\u0131\u015f bir paket, belirtilen tarihe kadar (son kullanma tarihi) s\u0131k\u0131ca kapal\u0131 olarak kullan\u0131lmal\u0131d\u0131r.<\/p>\n<p><strong>Her 100 g i\u00e7in besin de\u011ferleri:<\/strong><br \/>\nyakla\u015f\u0131k 2,7 % ya\u011f<br \/>\ndoymu\u015f yakla\u015f\u0131k 0,45 %<br \/>\nca 95 % karbonhidratlar<br \/>\nbunlar\u0131n \u015fekeri ca. 71%<br \/>\nyakla\u015f\u0131k 2.85% protein<br \/>\nMineraller (potasyum, kalsiyum, bak\u0131r, demir, sodyum, magnezyum, fosfor, \u00e7inko ve di\u011fer eser elementler) Amino asitler (prolin, l\u00f6sin, fenilalanin, alanin, histidin, izol\u00f6sin, glutamik asit, arginin, aspartik asit vb.) Organik asitler Enzimler (fermentler) Aromalar \u0130nhibinler (antibakteriyel maddeler) \u00c7i\u00e7ekler Polen<\/p>\n<p><strong>Depolama:<\/strong><br \/>\nYem kalitesini sa\u011flamak i\u00e7in yemler karanl\u0131k ve kuru bir yerde saklanmal\u0131d\u0131r.<\/p>\n<p><strong>Dikkat edin:<\/strong><br \/>\nBal yiyen kar\u0131ncalar i\u00e7in ek yem.<br \/>\nBile\u015fim, analitik bile\u015fenler, son kullanma tarihi ve lot numaras\u0131 i\u00e7in l\u00fctfen prospekt\u00fcse bak\u0131n\u0131z.<\/p>\n<p>Bilgi hatt\u0131 +49 30 439703870<\/p>\n<p><strong>Sorumlu veterinerlik ve g\u0131da denetim makam\u0131:<\/strong><br \/>\nSteglitz Veterinerlik Ofisi<br \/>\nK\u00f6nigin-Luise-Str. 92<br \/>\n14195 Berlin<\/p>\n<p><strong>Beyazlat\u0131lm\u0131\u015f C\u0131rc\u0131r B\u00f6ce\u011fi Hakk\u0131nda Not:<\/strong><br \/>\nBeyazlat\u0131lm\u0131\u015f C\u0131rc\u0131r B\u00f6ceklerimiz, kar\u0131ncalar\u0131n\u0131za canl\u0131 b\u00f6cek beslemek zorunda kalmadan taze korunmu\u015f proteinli g\u0131da sa\u011flaman\u0131n kolay bir yoludur. \u0130\u00e7erdi\u011fi c\u0131rc\u0131r b\u00f6cekleri (Acheta domesticus) besin de\u011feri, lezzet ve aroman\u0131n korunmas\u0131n\u0131 sa\u011flamak i\u00e7in nazik\u00e7e beyazlat\u0131lm\u0131\u015ft\u0131r. Ayr\u0131ca, b\u00f6ceklerin kitinli kabu\u011fu bu \u015fekilde yumu\u015fat\u0131l\u0131r, b\u00f6ylece daha kolay sindirilebilir. Kolajen proteinlerin bile\u015fikleri, kar\u0131ncalar\u0131n bunlar\u0131 daha iyi kullanabilmesi i\u00e7in par\u00e7alan\u0131r. Konserve Acheta domesticus, canl\u0131 c\u0131rc\u0131r b\u00f6cekleriyle ayn\u0131 besin de\u011ferine sahiptir, ancak sindirimi daha kolayd\u0131r.<\/p>\n<p>Beyazlat\u0131lm\u0131\u015f c\u0131rc\u0131r b\u00f6cekleri, canl\u0131 besin gerektiren kar\u0131nca t\u00fcrlerini (\u00f6rne\u011fin Harpegnathos veya Odontomachus gibi ponerinler (ilkel kar\u0131ncalar)) avlamak i\u00e7in uygun de\u011fildir.<\/p>\n<p><strong>Di\u011fer avantajlar:<\/strong><br \/>\nAkarlardan ar\u0131nd\u0131r\u0131lm\u0131\u015f olma garantisi<br \/>\nPorsiyonlanabilir<br \/>\nSterilize ve vakumlanm\u0131\u015f<br \/>\nKatk\u0131 maddesi olmadan<br \/>\nOrganik at\u0131klarla beslenen, s\u00fcrd\u00fcr\u00fclebilir, tamamen organik yeti\u015ftiricilikten elde edilen c\u0131rc\u0131r b\u00f6cekleri<\/p>\n<p><strong>Dikkat edin:<\/strong><br \/>\nA\u00e7\u0131ld\u0131ktan sonra buzdolab\u0131nda yakla\u015f\u0131k d\u00f6rt g\u00fcn saklan\u0131r. Dondurulursa daha uzun raf \u00f6mr\u00fc.<\/p>","protected":false},"excerpt":{"rendered":"<p>Set 25 par\u00e7adan olu\u015fmaktad\u0131r.<br \/>\nBeden XL<\/p>","protected":false},"featured_media":6710,"comment_status":"open","ping_status":"closed","template":"","meta":{"_acf_changed":false,"content-type":"","_monsterinsights_skip_tracking":false,"_monsterinsights_sitenote_active":false,"_monsterinsights_sitenote_note":"","_monsterinsights_sitenote_category":0},"product_brand":[],"product_cat":[354,73],"product_tag":[],"class_list":{"0":"post-6737","1":"product","2":"type-product","3":"status-publish","4":"has-post-thumbnail","6":"product_cat-starter-sets-for-weaver-ants","7":"product_cat-starter-sets","8":"product_shipping_class-forwarding-on-pallet","10":"first","11":"instock","12":"taxable","13":"shipping-taxable","14":"purchasable","15":"product-type-simple"},"acf":[],"aioseo_notices":[],"jetpack_sharing_enabled":true,"_links":{"self":[{"href":"https:\/\/clone.antcube.shop\/tr\/wp-json\/wp\/v2\/product\/6737","targetHints":{"allow":["GET"]}}],"collection":[{"href":"https:\/\/clone.antcube.shop\/tr\/wp-json\/wp\/v2\/product"}],"about":[{"href":"https:\/\/clone.antcube.shop\/tr\/wp-json\/wp\/v2\/types\/product"}],"replies":[{"embeddable":true,"href":"https:\/\/clone.antcube.shop\/tr\/wp-json\/wp\/v2\/comments?post=6737"}],"wp:featuredmedia":[{"embeddable":true,"href":"https:\/\/clone.antcube.shop\/tr\/wp-json\/wp\/v2\/media\/6710"}],"wp:attachment":[{"href":"https:\/\/clone.antcube.shop\/tr\/wp-json\/wp\/v2\/media?parent=6737"}],"wp:term":[{"taxonomy":"product_brand","embeddable":true,"href":"https:\/\/clone.antcube.shop\/tr\/wp-json\/wp\/v2\/product_brand?post=6737"},{"taxonomy":"product_cat","embeddable":true,"href":"https:\/\/clone.antcube.shop\/tr\/wp-json\/wp\/v2\/product_cat?post=6737"},{"taxonomy":"product_tag","embeddable":true,"href":"https:\/\/clone.antcube.shop\/tr\/wp-json\/wp\/v2\/product_tag?post=6737"}],"curies":[{"name":"wp","href":"https:\/\/api.w.org\/{rel}","templated":true}]}}